{"id":374,"date":"2021-06-09T17:12:28","date_gmt":"2021-06-09T14:12:28","guid":{"rendered":"https:\/\/oxshare.com\/?page_id=374"},"modified":"2023-06-21T11:28:30","modified_gmt":"2023-06-21T08:28:30","slug":"mt5-indicators","status":"publish","type":"page","link":"https:\/\/oxshare.com\/de\/platforms\/mt5-indicators","title":{"rendered":"MT5-Indikatoren"},"content":{"rendered":"<p>mt5-Indikatoren<\/p>\n\n\n\n<p>Gr\u00fcnde, MetaTrader 5 f\u00fcr einen effektiven Handel zu nutzen<br>Zahlreiche H\u00e4ndler nutzen MT5 aufgrund der umfassenden Charting-Funktionen, die Ihnen den Devisenhandel mit bestimmten B\u00f6rsen wie NYSE-, ASX- und Nasdaq-M\u00e4rkten erm\u00f6glichen.<\/p>\n\n\n\n<p>Hier sind sieben wichtige Gr\u00fcnde, warum Sie MetaTrader 5 f\u00fcr Ihre Handelsaktivit\u00e4ten nutzen sollten<\/p>\n\n\n\n<p>Sie k\u00f6nnen an zahlreichen Handelspl\u00e4tzen handeln (z. B. NYSE, ASX und Nasdaq);<br>Es handelt sich um eine kostenlose Austauschplattform, die von Metaquotes Computer Corp. entwickelt wurde<br>Die Diagrammfunktionen sind sowohl auf Desktop- als auch auf tragbaren Exchange-MT5-Indikatoren hervorragend<br>Es gibt eine einfach zu bedienende, nat\u00fcrliche Benutzeroberfl\u00e4che mit erweiterten Anforderungsoptionen und MT5-Anzeigen<br>Sie k\u00f6nnen Ihre Austauschprozesse automatisieren, indem Sie Master-Berater erstellen und diese durch den Methodenanalysator;mt5-Indikatoren laufen lassen<br>Es ist schneller und leistungsf\u00e4higer als MT4 und bietet einen Kontotyp f\u00fcr moderne oder professionelle H\u00e4ndler. Und<br>Die tragbare App eignet sich perfekt f\u00fcr iPhone-, iPad-, Android- und Windows-Frameworks.mt5-Indikatoren<\/p>\n\n\n\n<p><br>Dar\u00fcber hinaus gibt es zahlreiche Ressourcenklassen, mit denen Sie mit MT5 handeln k\u00f6nnen, darunter Aktien-CFDs, ETFs, Devisen, Rohstoffe, Listen, Edelmetalle und Kryptow\u00e4hrungen. Was das letzte betrifft, k\u00f6nnen Sie auf MT5 umtauschen, ben\u00f6tigen aber kein Wallet<\/p>\n\n\n\n<p>Gr\u00fcnde, MetaTrader 5 f\u00fcr einen effektiven Handel zu nutzen<br>Zahlreiche H\u00e4ndler nutzen MT5 aufgrund der umfassenden Charting-Funktionen, die Ihnen den Devisenhandel mit bestimmten B\u00f6rsen wie NYSE-, ASX- und Nasdaq-M\u00e4rkten erm\u00f6glichen.<\/p>\n\n\n\n<p>Hier sind sieben wichtige Gr\u00fcnde, warum Sie MetaTrader 5 f\u00fcr Ihre Handelsaktivit\u00e4ten nutzen sollten<\/p>\n\n\n\n<p>Sie k\u00f6nnen an zahlreichen Handelspl\u00e4tzen handeln (z. B. NYSE, ASX und Nasdaq);<br>Es handelt sich um eine kostenlose Austauschplattform, die von Metaquotes Computer Corp. entwickelt wurde<br>Die Diagrammfunktionen sind sowohl auf Desktop- als auch auf tragbaren Exchange-MT5-Indikatoren hervorragend<br>Es gibt eine einfach zu bedienende, nat\u00fcrliche Benutzeroberfl\u00e4che mit erweiterten Anforderungsoptionen und MT5-Anzeigen<br>Sie k\u00f6nnen Ihre Austauschprozesse automatisieren, indem Sie Master-Berater erstellen und diese durch den Methodenanalysator;mt5-Indikatoren laufen lassen<br>Es ist schneller und leistungsf\u00e4higer als MT4 und bietet einen Kontotyp f\u00fcr moderne oder professionelle H\u00e4ndler. Und<br>Die tragbare App eignet sich perfekt f\u00fcr iPhone-, iPad-, Android- und Windows-Frameworks.mt5-Indikatoren<\/p>\n\n\n\n<p><br>Dar\u00fcber hinaus gibt es zahlreiche Ressourcenklassen, mit denen Sie mit MT5 handeln k\u00f6nnen, darunter Aktien-CFDs, ETFs, Devisen, Rohstoffe, Listen, Edelmetalle und Kryptow\u00e4hrungen. Was das letzte betrifft, k\u00f6nnen Sie auf MT5 umtauschen, ben\u00f6tigen aber kein Wallet<\/p>\n\n\n\n<p>Gr\u00fcnde, MetaTrader 5 f\u00fcr einen effektiven Handel zu nutzen<br>Zahlreiche H\u00e4ndler nutzen MT5 aufgrund der umfassenden Charting-Funktionen, die Ihnen den Devisenhandel mit bestimmten B\u00f6rsen wie NYSE-, ASX- und Nasdaq-M\u00e4rkten erm\u00f6glichen.<\/p>\n\n\n\n<p>Hier sind sieben wichtige Gr\u00fcnde, warum Sie MetaTrader 5 f\u00fcr Ihre Handelsaktivit\u00e4ten nutzen sollten<\/p>\n\n\n\n<p>Sie k\u00f6nnen an zahlreichen Handelspl\u00e4tzen handeln (z. B. NYSE, ASX und Nasdaq);<br>Es handelt sich um eine kostenlose Austauschplattform, die von Metaquotes Computer Corp. entwickelt wurde<br>Die Diagrammfunktionen sind sowohl auf Desktop- als auch auf tragbaren Exchange-MT5-Indikatoren hervorragend<br>Es gibt eine einfach zu bedienende, nat\u00fcrliche Benutzeroberfl\u00e4che mit erweiterten Anforderungsoptionen und MT5-Anzeigen<br>Sie k\u00f6nnen Ihre Austauschprozesse automatisieren, indem Sie Master-Berater erstellen und diese durch den Methodenanalysator;mt5-Indikatoren laufen lassen<br>Es ist schneller und leistungsf\u00e4higer als MT4 und bietet einen Kontotyp f\u00fcr moderne oder professionelle H\u00e4ndler. Und<br>Die tragbare App eignet sich perfekt f\u00fcr iPhone-, iPad-, Android- und Windows-Frameworks.mt5-Indikatoren<\/p>\n\n\n\n<p><br>Dar\u00fcber hinaus gibt es zahlreiche Ressourcenklassen, mit denen Sie mit MT5 handeln k\u00f6nnen, darunter Aktien-CFDs, ETFs, Devisen, Rohstoffe, Listen, Edelmetalle und Kryptow\u00e4hrungen. Was das letzte betrifft, k\u00f6nnen Sie auf MT5 umtauschen, ben\u00f6tigen aber kein Wallet<\/p>\n\n\n\n<p>Gr\u00fcnde, MetaTrader 5 f\u00fcr einen effektiven Handel zu nutzen<br>Zahlreiche H\u00e4ndler nutzen MT5 aufgrund der umfassenden Charting-Funktionen, die Ihnen den Devisenhandel mit bestimmten B\u00f6rsen wie NYSE-, ASX- und Nasdaq-M\u00e4rkten erm\u00f6glichen.<\/p>\n\n\n\n<p>Hier sind sieben wichtige Gr\u00fcnde, warum Sie MetaTrader 5 f\u00fcr Ihre Handelsaktivit\u00e4ten nutzen sollten<\/p>\n\n\n\n<p>Sie k\u00f6nnen an zahlreichen Handelspl\u00e4tzen handeln (z. B. NYSE, ASX und Nasdaq);<br>Es handelt sich um eine kostenlose Austauschplattform, die von Metaquotes Computer Corp. entwickelt wurde<br>Die Diagrammfunktionen sind sowohl auf Desktop- als auch auf tragbaren Exchange-MT5-Indikatoren hervorragend<br>Es gibt eine einfach zu bedienende, nat\u00fcrliche Benutzeroberfl\u00e4che mit erweiterten Anforderungsoptionen und MT5-Anzeigen<br>Sie k\u00f6nnen Ihre Austauschprozesse automatisieren, indem Sie Master-Berater erstellen und diese durch den Methodenanalysator;mt5-Indikatoren laufen lassen<br>Es ist schneller und leistungsf\u00e4higer als MT4 und bietet einen Kontotyp f\u00fcr moderne oder professionelle H\u00e4ndler. Und<br>Die tragbare App eignet sich perfekt f\u00fcr iPhone-, iPad-, Android- und Windows-Frameworks.mt5-Indikatoren<\/p>\n\n\n\n<p><br>Dar\u00fcber hinaus gibt es zahlreiche Ressourcenklassen, mit denen Sie mit MT5 handeln k\u00f6nnen, darunter Aktien-CFDs, ETFs, Devisen, Rohstoffe, Listen, Edelmetalle und Kryptow\u00e4hrungen. Was das letzte betrifft, k\u00f6nnen Sie auf MT5 umtauschen, ben\u00f6tigen aber kein Wallet<\/p>\n\n\n\n<p>Gr\u00fcnde, MetaTrader 5 f\u00fcr einen effektiven Handel zu nutzen<br>Zahlreiche H\u00e4ndler nutzen MT5 aufgrund der umfassenden Charting-Funktionen, die Ihnen den Devisenhandel mit bestimmten B\u00f6rsen wie NYSE-, ASX- und Nasdaq-M\u00e4rkten erm\u00f6glichen.<\/p>\n\n\n\n<p>Hier sind sieben wichtige Gr\u00fcnde, warum Sie MetaTrader 5 f\u00fcr Ihre Handelsaktivit\u00e4ten nutzen sollten<\/p>\n\n\n\n<p>Sie k\u00f6nnen an zahlreichen Handelspl\u00e4tzen handeln (z. B. NYSE, ASX und Nasdaq);<br>Es handelt sich um eine kostenlose Austauschplattform, die von Metaquotes Computer Corp. entwickelt wurde<br>Die Diagrammfunktionen sind sowohl auf Desktop- als auch auf tragbaren Exchange-MT5-Indikatoren hervorragend<br>Es gibt eine einfach zu bedienende, nat\u00fcrliche Benutzeroberfl\u00e4che mit erweiterten Anforderungsoptionen und MT5-Anzeigen<br>Sie k\u00f6nnen Ihre Austauschprozesse automatisieren, indem Sie Master-Berater erstellen und diese durch den Methodenanalysator;mt5-Indikatoren laufen lassen<br>Es ist schneller und leistungsf\u00e4higer als MT4 und bietet einen Kontotyp f\u00fcr moderne oder professionelle H\u00e4ndler. Und<br>Die tragbare App eignet sich perfekt f\u00fcr iPhone-, iPad-, Android- und Windows-Frameworks.mt5-Indikatoren<\/p>\n\n\n\n<p><br>Dar\u00fcber hinaus gibt es zahlreiche Ressourcenklassen, mit denen Sie mit MT5 handeln k\u00f6nnen, darunter Aktien-CFDs, ETFs, Devisen, Rohstoffe, Listen, Edelmetalle und Kryptow\u00e4hrungen. Was das letzte betrifft, k\u00f6nnen Sie auf MT5 umtauschen, ben\u00f6tigen aber kein Wallet<\/p>\n\n\n\n<p>Gr\u00fcnde, MetaTrader 5 f\u00fcr einen effektiven Handel zu nutzen<br>Zahlreiche H\u00e4ndler nutzen MT5 aufgrund der umfassenden Charting-Funktionen, die Ihnen den Devisenhandel mit bestimmten B\u00f6rsen wie NYSE-, ASX- und Nasdaq-M\u00e4rkten erm\u00f6glichen.<\/p>\n\n\n\n<p>Hier sind sieben wichtige Gr\u00fcnde, warum Sie MetaTrader 5 f\u00fcr Ihre Handelsaktivit\u00e4ten nutzen sollten<\/p>\n\n\n\n<p>Sie k\u00f6nnen an zahlreichen Handelspl\u00e4tzen handeln (z. B. NYSE, ASX und Nasdaq);<br>Es handelt sich um eine kostenlose Austauschplattform, die von Metaquotes Computer Corp. entwickelt wurde<br>Die Diagrammfunktionen sind sowohl auf Desktop- als auch auf tragbaren Exchange-MT5-Indikatoren hervorragend<br>Es gibt eine einfach zu bedienende, nat\u00fcrliche Benutzeroberfl\u00e4che mit erweiterten Anforderungsoptionen und MT5-Anzeigen<br>Sie k\u00f6nnen Ihre Austauschprozesse automatisieren, indem Sie Master-Berater erstellen und diese durch den Methodenanalysator;mt5-Indikatoren laufen lassen<br>Es ist schneller und leistungsf\u00e4higer als MT4 und bietet einen Kontotyp f\u00fcr moderne oder professionelle H\u00e4ndler. Und<br>Die tragbare App eignet sich perfekt f\u00fcr iPhone-, iPad-, Android- und Windows-Frameworks.mt5-Indikatoren<\/p>\n\n\n\n<p><br>Dar\u00fcber hinaus gibt es zahlreiche Ressourcenklassen, mit denen Sie mit MT5 handeln k\u00f6nnen, darunter Aktien-CFDs, ETFs, Devisen, Rohstoffe, Listen, Edelmetalle und Kryptow\u00e4hrungen. Was das letzte betrifft, k\u00f6nnen Sie auf MT5 umtauschen, ben\u00f6tigen aber kein Wallet<\/p>\n\n\n\n<p><a href=\"https:\/\/oxshareprime.com\/forex\/\" target=\"_blank\" rel=\"noreferrer noopener\">Forex - OXShare Prime<\/a><\/p>\n\n\n\n<p>MT4- und MT5-Indikatoren\/kostenlose Forex-Indikatoren herunterladen\/Metatrader-Forex-Indikatoren\/MT5-Indikatoren\/MT5-Indikatoren\/Was ist der beste Indikator f\u00fcr MT5?<\/p>","protected":false},"excerpt":{"rendered":"<p>mt5 indicators reasons to utilize MetaTrader 5 for a effective exchangingNumerous dealers utilize MT5 since of the total charting capabilities on offer, which permits you to exchange forex with certain trades such as NYSE, ASX, and Nasdaq markets. Here are seven vital reasons why to utilize MetaTrader 5 for your trading activity You'll be able [&hellip;]<\/p>\n","protected":false},"author":204281813,"featured_media":216,"parent":0,"menu_order":0,"comment_status":"closed","ping_status":"closed","template":"","meta":{"inline_featured_image":false,"footnotes":""},"class_list":["post-374","page","type-page","status-publish","has-post-thumbnail","hentry"],"acf":[],"a3_pvc":{"activated":false,"total_views":0,"today_views":0},"_links":{"self":[{"href":"https:\/\/oxshare.com\/de\/wp-json\/wp\/v2\/pages\/374","targetHints":{"allow":["GET"]}}],"collection":[{"href":"https:\/\/oxshare.com\/de\/wp-json\/wp\/v2\/pages"}],"about":[{"href":"https:\/\/oxshare.com\/de\/wp-json\/wp\/v2\/types\/page"}],"author":[{"embeddable":true,"href":"https:\/\/oxshare.com\/de\/wp-json\/wp\/v2\/users\/204281813"}],"replies":[{"embeddable":true,"href":"https:\/\/oxshare.com\/de\/wp-json\/wp\/v2\/comments?post=374"}],"version-history":[{"count":0,"href":"https:\/\/oxshare.com\/de\/wp-json\/wp\/v2\/pages\/374\/revisions"}],"wp:featuredmedia":[{"embeddable":true,"href":"https:\/\/oxshare.com\/de\/wp-json\/wp\/v2\/media\/216"}],"wp:attachment":[{"href":"https:\/\/oxshare.com\/de\/wp-json\/wp\/v2\/media?parent=374"}],"curies":[{"name":"WP","href":"https:\/\/api.w.org\/{rel}","templated":true}]}}