{"id":431,"date":"2021-06-12T21:06:20","date_gmt":"2021-06-12T18:06:20","guid":{"rendered":"https:\/\/oxshare.com\/?page_id=431"},"modified":"2024-01-29T16:40:38","modified_gmt":"2024-01-29T14:40:38","slug":"multi-account-manager","status":"publish","type":"page","link":"https:\/\/oxshare.com\/de\/multi-account-manager","title":{"rendered":"Multi Trading Account Manager (MAM)"},"content":{"rendered":"<p>beste Trading Account Manager-Plattform<\/p>\n\n\n\n<h1>Handelskontomanager<\/h1>\n<h2>Handelskontomanager<\/h2>\n<h3>Handelskontomanager<\/h3>\n<h4>Handelskontomanager<\/h4>\n\n\n\n<p>Es gibt verschiedene Umtauschphasen f\u00fcr unterschiedliche Haushaltsm\u00e4rkte. Hier sind ein paar bekannte Umtauschphasen:<\/p>\n\n\n\n<p>MetaTrader: Der MetaTrader ist eine weit verbreitete Plattform f\u00fcr den Handel auf dem Devisenmarkt (Forex). Es bietet eine umfassende Reihe von Ger\u00e4ten und Highlights f\u00fcr die technische Analyse, Charting, und robotisierte Austausch.<\/p>\n\n\n\n<p><br>Dies sind nur ein paar Beispiele, und es gibt zahlreiche andere Tauschb\u00f6rsen, jede mit ihren eigenen besonderen Highlights und Schwerpunkten. <\/p>\n\n\n\n<p>Es ist wichtig, Variablen wie Kosten, Sicherheit, zug\u00e4ngliche M\u00e4rkte, Kundenbeteiligung und Kundenunterst\u00fctzung zu untersuchen und zu ber\u00fccksichtigen, wenn Sie sich f\u00fcr eine Wechselplattform entscheiden, die Ihren Bed\u00fcrfnissen am besten entspricht.3<\/p>\n\n\n\n<p>Ein Multi-Account-Manager (MAM) k\u00f6nnte eine B\u00f6rsenstufe oder ein Programm sein, das es einem einzigen H\u00e4ndler oder Cash Chief erlaubt, zahlreiche Handelskonten gleichzeitig zu \u00fcberwachen. Er wird \u00fcblicherweise im Forex-Schaufenster eingesetzt, kann aber auch f\u00fcr andere Geldm\u00e4rkte relevant sein.<\/p>\n\n\n\n<p>So funktioniert ein MAM in der Regel:<\/p>\n\n\n\n<p>Ace-Konto: Der Dealer oder Cash Chief arbeitet mit einem Ass-Konto. Dieses Konto ist mit dem MAM-Computerprogramm oder der B\u00fchne verbunden.<\/p>\n\n\n\n<p>Unterkonten: Das MAM Computerprogramm verbindet verschiedene Unterkonten mit dem ace Konto. Diese Unterkonten haben Platz f\u00fcr Finanzspezialisten oder Kunden, die ihren Geldwechsel \u00fcber das ace Konto abwickeln m\u00fcssen.<\/p>\n\n\n\n<p>Zuteilungs-Strategien: Das MAM-Computerprogramm bietet verschiedene Zuteilungsmethoden an, um den Austausch vom Ass-Konto auf die Unterkonten zu verteilen. Die gebr\u00e4uchlichsten Strategien sind die Ratenzuweisung, die Zuteilung von Paketgr\u00f6\u00dfen oder die Wertzuweisung.<\/p>\n\n\n\n<p>Es gibt verschiedene Umtauschphasen f\u00fcr unterschiedliche Haushaltsm\u00e4rkte. Hier sind ein paar bekannte Umtauschphasen:<\/p>\n\n\n\n<p>MetaTrader: Der MetaTrader ist eine weit verbreitete Plattform f\u00fcr den Handel auf dem Devisenmarkt (Forex). Es bietet eine umfassende Reihe von Ger\u00e4ten und Highlights f\u00fcr die technische Analyse, Charting, und robotisierte Austausch.<\/p>\n\n\n\n<p><br>Dies sind nur ein paar Beispiele, und es gibt zahlreiche andere Tauschb\u00f6rsen, jede mit ihren eigenen besonderen Highlights und Schwerpunkten. <\/p>\n\n\n\n<h2>Handelsplattform<\/h2>\n<h3>Handelsplattform<\/h3>\n<h4>Handelsplattform<\/h4>\n\n\n\n<p>Es ist wichtig, Variablen wie Kosten, Sicherheit, zug\u00e4ngliche M\u00e4rkte, Kundenbeteiligung und Kundenunterst\u00fctzung zu untersuchen und zu ber\u00fccksichtigen, wenn Sie sich f\u00fcr eine Wechselplattform entscheiden, die Ihren Bed\u00fcrfnissen am besten entspricht.3<\/p>\n\n\n\n<p>Ein Multi-Account-Manager (MAM) k\u00f6nnte eine B\u00f6rsenstufe oder ein Programm sein, das es einem einzigen H\u00e4ndler oder Cash Chief erlaubt, zahlreiche Handelskonten gleichzeitig zu \u00fcberwachen. Er wird \u00fcblicherweise im Forex-Schaufenster eingesetzt, kann aber auch f\u00fcr andere Geldm\u00e4rkte relevant sein.<\/p>\n\n\n\n<p>So funktioniert ein MAM in der Regel:<\/p>\n\n\n\n<p>Ace-Konto: Der Dealer oder Cash Chief arbeitet mit einem Ass-Konto. Dieses Konto ist mit dem MAM-Computerprogramm oder der B\u00fchne verbunden.<\/p>\n\n\n\n<p>Unterkonten: Das MAM Computerprogramm verbindet verschiedene Unterkonten mit dem ace Konto. Diese Unterkonten haben Platz f\u00fcr Finanzspezialisten oder Kunden, die ihren Geldwechsel \u00fcber das ace Konto abwickeln m\u00fcssen.<\/p>\n\n\n\n<p>Zuteilungs-Strategien: Das MAM-Computerprogramm bietet verschiedene Zuteilungsmethoden an, um den Austausch vom Ass-Konto auf die Unterkonten zu verteilen. Die gebr\u00e4uchlichsten Strategien sind die Ratenzuweisung, die Zuteilung von Paketgr\u00f6\u00dfen oder die Wertzuweisung.<\/p>\n\n\n\n<p>Ausf\u00fchrung des Austauschs: Wenn das Ace-Konto einen Umtausch durchf\u00fchrt, reproduziert das MAM-Programm den Umtausch nat\u00fcrlich auf allen angeschlossenen Unterkonten auf der Grundlage der gew\u00e4hlten Zuteilungsstrategie. Der Austausch wird zu den gleichen Kosten und mit den gleichen Parametern auf jedem Unterkonto ausgef\u00fchrt.<\/p>\n\n\n\n<p>Es gibt verschiedene Umtauschphasen f\u00fcr unterschiedliche Haushaltsm\u00e4rkte. Hier sind ein paar bekannte Umtauschphasen:<\/p>\n\n\n\n<p>MetaTrader: Der MetaTrader ist eine weit verbreitete Plattform f\u00fcr den Handel auf dem Devisenmarkt (Forex). Es bietet eine umfassende Reihe von Ger\u00e4ten und Highlights f\u00fcr die technische Analyse, Charting, und robotisierte Austausch.<\/p>\n\n\n\n<p><br>Dies sind nur ein paar Beispiele, und es gibt zahlreiche andere Tauschb\u00f6rsen, jede mit ihren eigenen besonderen Highlights und Schwerpunkten. <\/p>\n\n\n\n<p>Es ist wichtig, Variablen wie Kosten, Sicherheit, zug\u00e4ngliche M\u00e4rkte, Kundenbeteiligung und Kundenunterst\u00fctzung zu untersuchen und zu ber\u00fccksichtigen, wenn Sie sich f\u00fcr eine Wechselplattform entscheiden, die Ihren Bed\u00fcrfnissen am besten entspricht.3<\/p>\n\n\n\n<p>Ein Handelskontoverwalter, auch bekannt als Fondsmanager oder Portfoliomanager, ist eine nat\u00fcrliche oder juristische Person, die f\u00fcr die Verwaltung und Beaufsichtigung der Handelsaktivit\u00e4ten innerhalb eines bestimmten Handelskontos verantwortlich ist. Die Hauptaufgabe eines Handelskontoverwalters besteht darin, im Namen des Kontoinhabers oder der Anleger Anlageentscheidungen zu treffen und Handelsgesch\u00e4fte durchzuf\u00fchren.<\/p>\n\n\n\n<p>Hier sind einige wichtige Aufgaben und Funktionen eines Trading Account Managers:<\/p>\n\n\n\n<ol class=\"wp-block-list\">\n<li>Entwicklung einer Anlagestrategie: Der Kundenbetreuer formuliert eine Anlagestrategie, die auf den Zielen des Kontoinhabers, seiner Risikotoleranz und den Marktbedingungen basiert. Er kann verschiedene Strategien anwenden, wie z. B. technische Analyse, Fundamentalanalyse oder eine Kombination aus beidem, um potenzielle Handelsm\u00f6glichkeiten zu ermitteln.<\/li>\n\n\n\n<li>Ausf\u00fchrung des Handels: Der Kontoverwalter f\u00fchrt im Namen des Kontoinhabers Gesch\u00e4fte aus und folgt dabei der festgelegten Anlagestrategie. Er beobachtet die M\u00e4rkte, analysiert die Kursbewegungen und platziert die Trades entsprechend.<\/li>\n\n\n\n<li>Risikomanagement: Die Kundenbetreuer sind f\u00fcr das Risikomanagement innerhalb des Handelskontos verantwortlich. Sie setzen Risikomanagementtechniken ein, wie z. B. das Setzen von Stop-Loss-Auftr\u00e4gen oder die Anwendung von Hedging-Strategien, um potenzielle Verluste zu begrenzen und das Kapital des Kontos zu sch\u00fctzen.<\/li>\n\n\n\n<li>\u00dcberwachung der Leistung: Die Kontoverwalter verfolgen die Performance des Handelskontos und informieren den Kontoinhaber oder die Anleger regelm\u00e4\u00dfig \u00fcber den aktuellen Stand. Sie analysieren die Rentabilit\u00e4t des Kontos, risikobereinigte Renditen und andere Leistungskennzahlen, um die Wirksamkeit der Anlagestrategie zu bewerten.<\/li>\n\n\n\n<li>Berichterstattung und Kommunikation: Die Kundenbetreuer erstellen regelm\u00e4\u00dfig Berichte \u00fcber die Performance des Kontos, einschlie\u00dflich der Handelshistorie, der realisierten und nicht realisierten Gewinne\/Verluste und der Portfoliozusammensetzung. Sie kommunizieren mit dem Kontoinhaber oder den Anlegern, gehen auf Anfragen oder Bedenken ein und geben Einblicke in die Marktbedingungen und Anlageentscheidungen.<\/li>\n\n\n\n<li>Compliance und Regulierung: Kontoverwalter arbeiten innerhalb des rechtlichen und regulatorischen Rahmens der Finanzbranche. Sie sorgen f\u00fcr die Einhaltung der geltenden Vorschriften und ethischen Standards bei der Verwaltung des Handelskontos.<\/li>\n<\/ol>\n\n\n\n<p>F\u00fcr Anleger ist es wichtig, die Qualifikationen, die Erfolgsbilanz und den Ruf eines Handelskontoverwalters sorgf\u00e4ltig zu pr\u00fcfen, bevor sie ihm ihre Gelder anvertrauen. Es sollte eine Due-Diligence-Pr\u00fcfung durchgef\u00fchrt werden, um das Fachwissen des Verwalters, seine Leistungshistorie, seinen Anlageansatz und seine Risikomanagementpraktiken zu bewerten. Die Anleger sollten sich auch \u00fcber etwaige Geb\u00fchren oder Verg\u00fctungsstrukturen im Zusammenhang mit der Inanspruchnahme der Dienste eines Handelskontoverwalters informieren.<\/p>\n\n\n\n<p><\/p>\n\n\n\n<h2>Handelsplattform<\/h2>\n<h3>Handelsplattform<\/h3>\n<h4>Handelsplattform<\/h4>\n\n\n\n<p><a href=\"https:\/\/oxshareprime.com\/forex\/\" target=\"_blank\" rel=\"noreferrer noopener\">Forex - OXShare Prime<\/a> \/ <a href=\"https:\/\/oxshare.com\/de\/about-forex-trade\/\" target=\"_blank\" rel=\"noreferrer noopener\">OXShare (beste umsetzbare Forex-Handelsplattform) \u2013 \u00dcber uns<\/a><\/p>\n\n\n\n<p>die beste Handelsplattform\/beste Plattform f\u00fcr den Papierhandel\/Was ist die beste Plattform f\u00fcr den Handel?<\/p>\n\n\n\n<figure class=\"wp-block-image size-full\"><img loading=\"lazy\" decoding=\"async\" width=\"300\" height=\"300\" src=\"https:\/\/oxshare.com\/wp-content\/uploads\/2023\/06\/cropped-Favicon2@1000px-9-300x300-5.png\" alt=\"\" class=\"wp-image-7072\" srcset=\"https:\/\/oxshare.com\/wp-content\/uploads\/2023\/06\/cropped-Favicon2@1000px-9-300x300-5.png 300w, https:\/\/oxshare.com\/wp-content\/uploads\/2023\/06\/cropped-Favicon2@1000px-9-300x300-5-150x150.png 150w, https:\/\/oxshare.com\/wp-content\/uploads\/2023\/06\/cropped-Favicon2@1000px-9-300x300-5-12x12.png 12w\" sizes=\"auto, (max-width: 300px) 100vw, 300px\" \/><\/figure>","protected":false},"excerpt":{"rendered":"<p>best Trading Account Manager platform Trading Account Manager Trading Account Manager Trading Account Manager Trading Account Manager There are various exchanging stages accessible for different budgetary markets. Here are a few well known exchanging stages: MetaTrader: MetaTrader may be a broadly utilized stage for exchanging within the outside trade (Forex) showcase. It offers a comprehensive [&hellip;]<\/p>\n","protected":false},"author":204281813,"featured_media":6127,"parent":0,"menu_order":0,"comment_status":"closed","ping_status":"closed","template":"","meta":{"inline_featured_image":false,"footnotes":""},"class_list":["post-431","page","type-page","status-publish","has-post-thumbnail","hentry"],"acf":[],"a3_pvc":{"activated":false,"total_views":0,"today_views":0},"_links":{"self":[{"href":"https:\/\/oxshare.com\/de\/wp-json\/wp\/v2\/pages\/431","targetHints":{"allow":["GET"]}}],"collection":[{"href":"https:\/\/oxshare.com\/de\/wp-json\/wp\/v2\/pages"}],"about":[{"href":"https:\/\/oxshare.com\/de\/wp-json\/wp\/v2\/types\/page"}],"author":[{"embeddable":true,"href":"https:\/\/oxshare.com\/de\/wp-json\/wp\/v2\/users\/204281813"}],"replies":[{"embeddable":true,"href":"https:\/\/oxshare.com\/de\/wp-json\/wp\/v2\/comments?post=431"}],"version-history":[{"count":1,"href":"https:\/\/oxshare.com\/de\/wp-json\/wp\/v2\/pages\/431\/revisions"}],"predecessor-version":[{"id":9294,"href":"https:\/\/oxshare.com\/de\/wp-json\/wp\/v2\/pages\/431\/revisions\/9294"}],"wp:featuredmedia":[{"embeddable":true,"href":"https:\/\/oxshare.com\/de\/wp-json\/wp\/v2\/media\/6127"}],"wp:attachment":[{"href":"https:\/\/oxshare.com\/de\/wp-json\/wp\/v2\/media?parent=431"}],"curies":[{"name":"WP","href":"https:\/\/api.w.org\/{rel}","templated":true}]}}