{"id":443,"date":"2021-06-13T09:55:10","date_gmt":"2021-06-13T06:55:10","guid":{"rendered":"https:\/\/oxshare.com\/?page_id=443"},"modified":"2024-01-29T16:38:16","modified_gmt":"2024-01-29T14:38:16","slug":"clients-leverage-ratio-margin","status":"publish","type":"page","link":"https:\/\/oxshare.com\/de\/leverage-margin","title":{"rendered":"Verschuldungsquote und Marge"},"content":{"rendered":"<p>Leverage Ratio und Marge<\/p>\n\n\n\n<p>Ist Margin Ratio dasselbe wie Leverage?<\/p>\n\n\n\n<p>Einsatz und Vorteil sind zwei Konzepte, die im Devisenhandel eng miteinander verbunden sind. Beide spielen eine entscheidende Rolle bei der Entscheidung \u00fcber das Ausma\u00df und das Risiko Ihres Handels. Marge und Hebelwirkung im Handel<\/p>\n\n\n\n<h2>Leverage Ratio und Marge<\/h2>\n<h3>Leverage Ratio und Marge<\/h3>\n\n\n\n<p>Einsatz: Der Einsatz erm\u00f6glicht es den H\u00e4ndlern, mit einem geringeren Kapitaleinsatz gr\u00f6\u00dfere Positionen in der B\u00f6rse zu kontrollieren. Es handelt sich im Grunde um einen Kredit, den der Broker dem H\u00e4ndler gew\u00e4hrt und der es ihm erm\u00f6glicht, seine B\u00f6rsenpositionen zu er\u00f6ffnen. Der Einsatz wird in Form eines Verh\u00e4ltnisses angegeben, z. B. 1:50, 1:100 oder 1:500, das die Summe des Kapitals angibt, das ein H\u00e4ndler im Vergleich zu seinem eigenen Kapitaleinsatz kontrollieren kann.<br>Zum Beispiel, mit einer Verwendung Anteil von 1:100, ein H\u00e4ndler kann $100.000 Wert des Geldes mit einem Kapital Venture von $1.000 zu kontrollieren. Dies bedeutet, dass f\u00fcr jede $1 des Kapitals des H\u00e4ndlers, haben sie die F\u00e4higkeit, $100 innerhalb der Werbung zu tauschen.<\/p>\n\n\n\n<p>Die Nutzung kann den potenziellen Nutzen erh\u00f6hen, denn in der Tat k\u00f6nnen Entwicklungen, die wenig kosten, kritische Renditen f\u00fcr die eingesetzte Summe schaffen. In jedem Fall ist es wichtig zu beachten, dass der Einsatz auch Ungl\u00fccksf\u00e4lle vergr\u00f6\u00dfert. Wenn sich die Werbung gegen Ihre Position bewegt, werden Misserfolge relativ verst\u00e4rkt.<\/p>\n\n\n\n<p>Edge: Edge ist die Summe an Bargeld, die ein H\u00e4ndler auf seinem B\u00f6rsenkonto als Sicherheitsspeicher halten muss, um seine genutzten Positionen zu unterst\u00fctzen. Er wird in der Regel als Prozentsatz des gesamten Wertes der B\u00f6rse ausgedr\u00fcckt.<br>Nachdem Sie eine B\u00f6rse er\u00f6ffnet haben, wird Ihr Broker von Ihnen verlangen, dass Sie einen bestimmten Anteil des gesamten Wertes der B\u00f6rse als Einschuss hinterlegen. Dies wird in der Regel als Margin-Anforderung bezeichnet. Die restlichen Gesch\u00e4fte erforderlich, um den Austausch zu \u00f6ffnen sind durch den Makler als Verwendung gegeben.<\/p>\n\n\n\n<p>Zur Veranschaulichung: Wenn Sie eine B\u00f6rse im Wert von $10.000 mit einem Randbedarf von 1% er\u00f6ffnen m\u00f6chten, m\u00fcssen Sie $100 als Rand aufbewahren, und der Makler w\u00fcrde die verbleibenden $9.900 als Gebrauch geben.<\/p>\n\n\n\n<p>Der Edge dient auch als Puffer, um eventuelle Missgeschicke an der B\u00f6rse aufzufangen. F\u00fcr den Fall, dass sich die B\u00f6rse gegen Sie bewegt und Ihr Pech Ihr Konto auf ein bestimmtes Niveau reduziert (bekannt als Edge-Level oder Edge-Call-Level), kann der Broker einen Edge-Call ausstellen, der Sie verpflichtet, zus\u00e4tzliche Reserven zu speichern, um Ihre Position zu erhalten oder sich der B\u00f6rse zu n\u00e4hern.<\/p>\n\n\n\n<p>Es ist wichtig, sich dar\u00fcber im Klaren zu sein, dass der Einsatz zwar die potenziellen Vorteile erh\u00f6hen kann, aber auch das Risiko steigert, und dass ein Austausch mit hohem Einsatz ein h\u00f6heres Risiko f\u00fcr nennenswerte Missgeschicke birgt. H\u00e4ndler sollten ihre Risikoresistenz sorgf\u00e4ltig abw\u00e4gen, legitime Techniken zur Verwaltung von Risiken anwenden und auf die von ihrem Broker angegebenen Randbedingungen und Nutzungsanteile achten.<\/p>\n\n\n\n<p>Proportion verwenden:<br>Im Rahmen von Beitr\u00e4gen und Tauschgesch\u00e4ften bezieht sich der Verwendungsanteil auf das Ausma\u00df der geliehenen Vorr\u00e4te oder der Kante, die zur Kontrolle einer gr\u00f6\u00dferen Position in einem geldbezogenen Instrument verwendet wird. Er bezieht sich auf das Verh\u00e4ltnis zwischen dem Forderungskapital des H\u00e4ndlers (Wert) und den geliehenen Reserven (Einsatz). Es erlaubt H\u00e4ndlern, ihre potenziellen Vorteile oder Ungl\u00fccke zu erh\u00f6hen, indem sie eine gr\u00f6\u00dfere Position kontrollieren, als es ihr eigenes Kapital sonst erlauben w\u00fcrde.<\/p>\n\n\n\n<p>Wenn ein H\u00e4ndler zum Beispiel eine Einsatzquote von 1:100 hat, bedeutet dies, dass er f\u00fcr je $1 seines eigenen Kapitals eine Position von $100 in der Anzeige kontrollieren kann. Dieser Einsatz erm\u00f6glicht es den H\u00e4ndlern, ihre Gewinnchancen zu erh\u00f6hen, aber er erh\u00f6ht auch die Wahrscheinlichkeit von Misserfolgen, da Misserfolge zus\u00e4tzlich verst\u00e4rkt werden.<\/p>\n\n\n\n<p>Rand:<br>Der Begriff \"Edge\" bezieht sich im Zusammenhang mit Beitr\u00e4gen und B\u00f6rsengesch\u00e4ften auf das anf\u00e4ngliche Lager oder die Sicherheiten, die ein Makler oder H\u00e4ndler ben\u00f6tigt, um eine genutzte Position zu er\u00f6ffnen und aufrechtzuerhalten. Es kann ein Anteil des Gesamtwertes der Position sein und dient als eine Form der Sicherheit oder des Schutzes f\u00fcr den Makler gegen potenzielle Missgeschicke.<\/p>\n\n\n\n<p>Beim Tausch auf dem Rand, sind H\u00e4ndler erforderlich, um einen bestimmten Satz des gesamten Austausch esteem, die als Start Rand bekannt ist zu speichern. Die anf\u00e4ngliche Randvoraussetzung kann sich je nach Haushaltsinstrument, Instabilit\u00e4t und den Vereinbarungen des Brokers verschieben.<\/p>\n\n\n\n<p>Edge wird verwendet, um potenzielle Missgeschicke zu decken, die passieren, wenn sich die Anzeige gegen die Position des H\u00e4ndlers bewegt. Es ist wichtig zu beachten, dass der Austausch auf Rand sowohl das Potenzial f\u00fcr h\u00f6here Gewinne und h\u00f6here Ungl\u00fccke beinhaltet.<\/p>\n\n\n\n<p>Wenn sich das Angebot ung\u00fcnstig bewegt und die Verluste auf der Position den verf\u00fcgbaren Rand \u00fcbersteigen, kann ein Edge Call erfolgen. Bei einem Edge-Call muss der H\u00e4ndler zus\u00e4tzliche Mittel auf das Konto einzahlen, um den Edge wieder auf ein angemessenes Niveau zu bringen. Wird ein Edge-Call nicht erf\u00fcllt, kann die Position vom Broker ausgetauscht werden, um die Verluste zu decken.<\/p>\n\n\n\n<p>Der Austausch von Kanten kann f\u00fcr erfahrene H\u00e4ndler ein geeignetes Instrument sein, birgt aber auch erhebliche Gefahren. Es ist von grundlegender Bedeutung, das Konzept der Nutzung und die Anforderungen an den Rand zu kennen und die Gefahren sorgf\u00e4ltig zu \u00fcberwachen, wenn man den Rand f\u00fcr Tauschgesch\u00e4fte nutzt.<\/p>\n\n\n\n<p>Proportion verwenden:<br>Im Rahmen des Haushaltsumtauschs bezieht sich der Verwendungsanteil auf den Umfang der geliehenen Reserven (oder des Vorteils), den ein H\u00e4ndler nutzen kann, um gr\u00f6\u00dfere Umtauschpositionen zu er\u00f6ffnen als das Kapital, das er auf seinem Konto hat. Er bezieht sich auf das Verh\u00e4ltnis zwischen den eigenen Reserven des H\u00e4ndlers und den vom Broker geliehenen Reserven. Die Verwendung erlaubt es H\u00e4ndlern, eine gr\u00f6\u00dfere Positionssch\u00e4tzung innerhalb der Anzeige mit einer geringeren Summe an Kapital zu kontrollieren.<\/p>\n\n\n\n<p>Der Einsatz wird regelm\u00e4\u00dfig als Verh\u00e4ltniszahl angegeben, z. B. 1:50, 1:100, 1:500 usw. Die erste Zahl bezieht sich auf die Forderungsreserven des H\u00e4ndlers, w\u00e4hrend die zweite Zahl die Summe der Reserven angibt, die der H\u00e4ndler vom Broker leihen kann. Zur Veranschaulichung: Ein Einsatzverh\u00e4ltnis von 1:100 bedeutet, dass der H\u00e4ndler f\u00fcr je $1 seines Kapitals eine Position von $100 kontrollieren kann.<\/p>\n\n\n\n<p>Der Einsatz kann zwar die potenziellen Vorteile erh\u00f6hen, aber er vergr\u00f6\u00dfert auch die Gefahren, die mit dem Umtausch verbunden sind. Wenn sich ein Tausch gegen den H\u00e4ndler wendet, kann das Ungl\u00fcck das anf\u00e4ngliche Wagnis noch \u00fcbertreffen. Es ist von grundlegender Bedeutung, die mit der Nutzung verbundenen Gefahren zu kennen und sie vern\u00fcnftig zu nutzen.<\/p>\n\n\n\n<p>Rand:<br>Edge (engl. \"Rand\") bezieht sich im B\u00f6rsenhandel auf die Summe der Vorr\u00e4te, die ein H\u00e4ndler bei seinem Broker hinterlegen muss, um eine genutzte B\u00f6rsenposition zu er\u00f6ffnen und aufrechtzuerhalten. Dabei kann es sich um einen Rahmen von Sicherheiten oder einen \"gro\u00dfen Vertrauensvorschuss\" handeln, der dem Broker garantiert, dass er bei ung\u00fcnstigen Kostenentwicklungen gegen m\u00f6gliche Verluste abgesichert ist.<\/p>\n\n\n\n<p>Der Rand wird meistens als Anteil des gesamten Positionswertes berechnet. Der angegebene Rand wird durch den Nutzungsanteil und die Gr\u00f6\u00dfe der Position bestimmt. H\u00f6here Nutzungsanteile erfordern einen geringeren Prozentsatz des Randes, wohingegen geringere Nutzungsanteile einen gr\u00f6\u00dferen Randanteil erfordern.<\/p>\n\n\n\n<p>F\u00fcr den Fall, dass ein H\u00e4ndler eine Position von $10.000 mit einem Einsatzverh\u00e4ltnis von 1:100 er\u00f6ffnen muss, w\u00fcrde er $100 (1% der Positionssch\u00e4tzung) als Rand einlagern m\u00fcssen. Die restlichen $9.900 werden vom Broker als Vorschuss gegeben.<\/p>\n\n\n\n<p>Wenn der Kontowert des H\u00e4ndlers (der aktuelle Wert des Kontos) unter eine bestimmte Grenze f\u00e4llt, die als Grenzwert bezeichnet wird, kann der Makler einen Grenzwertaufruf ausgeben und den H\u00e4ndler auffordern, zus\u00e4tzliche Reserven zu halten oder einige Positionen zu schlie\u00dfen, um den gew\u00fcnschten Grenzwert zu erhalten.<\/p>\n\n\n\n<p>F\u00fcr H\u00e4ndler ist es wichtig, die Randbedingungen zu beachten und ihre Positionen und Risiken zu \u00fcberwachen, um Randaufrufe oder eine m\u00f6gliche Liquidierung ihrer Positionen zu vermeiden.<\/p>\n\n\n\n<p><a href=\"https:\/\/oxshareprime.com\/indices\/\" target=\"_blank\" rel=\"noreferrer noopener\">Indizes - OXShare Prime<\/a> \/ <a href=\"https:\/\/oxshare.com\/de\/about-oxshare-forex-trade\/\" target=\"_blank\" rel=\"noreferrer noopener\">OXShare (beste umsetzbare Forex-Handelsplattform) \u2013 \u00dcber uns<\/a><\/p>","protected":false},"excerpt":{"rendered":"<p>leverage ratio and margin Is margin ratio the same as leverage? Use and edge are two concepts that are closely related in forex exchanging. They both play a critical part in deciding the measure and hazard of your exchanges. margin and leverage in trading leverage ratio and margin leverage ratio and margin Use: Use permits [&hellip;]<\/p>\n","protected":false},"author":204281813,"featured_media":6359,"parent":0,"menu_order":0,"comment_status":"closed","ping_status":"closed","template":"","meta":{"inline_featured_image":false,"footnotes":""},"class_list":["post-443","page","type-page","status-publish","has-post-thumbnail","hentry"],"acf":[],"a3_pvc":{"activated":false,"total_views":0,"today_views":0},"_links":{"self":[{"href":"https:\/\/oxshare.com\/de\/wp-json\/wp\/v2\/pages\/443","targetHints":{"allow":["GET"]}}],"collection":[{"href":"https:\/\/oxshare.com\/de\/wp-json\/wp\/v2\/pages"}],"about":[{"href":"https:\/\/oxshare.com\/de\/wp-json\/wp\/v2\/types\/page"}],"author":[{"embeddable":true,"href":"https:\/\/oxshare.com\/de\/wp-json\/wp\/v2\/users\/204281813"}],"replies":[{"embeddable":true,"href":"https:\/\/oxshare.com\/de\/wp-json\/wp\/v2\/comments?post=443"}],"version-history":[{"count":1,"href":"https:\/\/oxshare.com\/de\/wp-json\/wp\/v2\/pages\/443\/revisions"}],"predecessor-version":[{"id":9354,"href":"https:\/\/oxshare.com\/de\/wp-json\/wp\/v2\/pages\/443\/revisions\/9354"}],"wp:featuredmedia":[{"embeddable":true,"href":"https:\/\/oxshare.com\/de\/wp-json\/wp\/v2\/media\/6359"}],"wp:attachment":[{"href":"https:\/\/oxshare.com\/de\/wp-json\/wp\/v2\/media?parent=443"}],"curies":[{"name":"WP","href":"https:\/\/api.w.org\/{rel}","templated":true}]}}