{"id":5906,"date":"2023-05-15T13:59:55","date_gmt":"2023-05-15T10:59:55","guid":{"rendered":"https:\/\/oxshare.com\/?page_id=5906"},"modified":"2023-10-26T09:39:54","modified_gmt":"2023-10-26T06:39:54","slug":"webinars","status":"publish","type":"page","link":"https:\/\/oxshare.com\/de\/webinars","title":{"rendered":"Steigern Sie Ihre Handelskompetenz mit aufschlussreichen Forex- und CFD-Webinaren mit oxshare"},"content":{"rendered":"<figure class=\"wp-block-image size-full is-resized\"><img loading=\"lazy\" decoding=\"async\" width=\"198\" height=\"198\" src=\"https:\/\/oxshare.com\/wp-content\/uploads\/2023\/08\/OXshare-Logo-Orang.png\" alt=\"OXShare,\" class=\"wp-image-7746\" style=\"width:122px;height:122px\" srcset=\"https:\/\/oxshare.com\/wp-content\/uploads\/2023\/08\/OXshare-Logo-Orang.png 198w, https:\/\/oxshare.com\/wp-content\/uploads\/2023\/08\/OXshare-Logo-Orang-150x150.png 150w, https:\/\/oxshare.com\/wp-content\/uploads\/2023\/08\/OXshare-Logo-Orang-12x12.png 12w\" sizes=\"auto, (max-width: 198px) 100vw, 198px\" \/><\/figure>\n\n\n\n<p><strong>Sind Sie bereit, Ihre Handelsf\u00e4higkeiten auf die n\u00e4chste Stufe zu heben?<\/strong>&nbsp;Wenn Sie Ihre Handelsf\u00e4higkeiten verbessern und dem Spiel immer einen Schritt voraus sein wollen, dann sollten Sie sich die aufschlussreichen Forex- und CFD-Webinare ansehen, die von <a href=\"https:\/\/oxshare.com\/de\/\">oxshare.<\/a><\/p>\n\n\n\n<h3 class=\"wp-block-heading\">Was ist Devisen- und CFD-Handel?<\/h3>\n\n\n\n<p>Forex- und CFD-Handel sind beliebte Formen des Finanzhandels, die es Privatpersonen wie Ihnen erm\u00f6glichen, auf die Kursbewegungen verschiedener Verm\u00f6genswerte wie W\u00e4hrungen, Aktien, Rohstoffe und Indizes zu spekulieren. Beim Forex-Handel handeln Sie eine W\u00e4hrung gegen eine andere, w\u00e4hrend Sie beim CFD-Handel Kontrakte handeln k\u00f6nnen, die auf den Kursbewegungen von Basiswerten basieren.<\/p>\n\n\n\n<p>Der Devisenmarkt ist der gr\u00f6\u00dfte Finanzmarkt der Welt mit einem t\u00e4glichen Handelsvolumen von \u00fcber $6 Billionen. Auf der anderen Seite bietet der CFD-Handel eine flexible M\u00f6glichkeit, mit verschiedenen Anlageklassen zu handeln, ohne die zugrunde liegenden Verm\u00f6genswerte besitzen zu m\u00fcssen.<\/p>\n\n\n\n<h3 class=\"wp-block-heading\">Vorteile des Forex- und CFD-Handels<\/h3>\n\n\n\n<ol class=\"wp-block-list\">\n<li><strong>Zug\u00e4nglichkeit:<\/strong>&nbsp;Der Forex- und CFD-Handel kann von jedem Ort der Welt aus online durchgef\u00fchrt werden, so dass Sie ganz nach Ihren W\u00fcnschen handeln k\u00f6nnen. Mit den Webinaren von oxshare k\u00f6nnen Sie bequem von zu Hause aus wertvolle Einblicke in den Handel und Strategien erhalten.<\/li>\n\n\n\n<li><strong>Hebelwirkung:<\/strong>&nbsp;Einer der Hauptvorteile des Devisen- und CFD-Handels ist die M\u00f6glichkeit, mit Hebelwirkung zu handeln. Das bedeutet, dass Sie mit einem kleineren Kapitalbetrag handeln, aber gr\u00f6\u00dfere Positionen er\u00f6ffnen k\u00f6nnen, was Ihre Gewinne potenziell vergr\u00f6\u00dfert.<\/li>\n\n\n\n<li><strong>Diversifizierung:<\/strong>&nbsp;Der Devisen- und CFD-Handel bietet Ihnen Zugang zu einer breiten Palette von Anlageklassen und erm\u00f6glicht es Ihnen, Ihr Handelsportfolio zu diversifizieren und Ihr Risiko zu streuen.<\/li>\n\n\n\n<li><strong>P\u00e4dagogische Ressourcen:<\/strong>&nbsp;Die Webinare von oxshare bieten eine F\u00fclle von Bildungsressourcen, darunter Handelsstrategien, technische Analysen, Risikomanagementtechniken und Markteinblicke. Diese Ressourcen k\u00f6nnen Ihnen helfen, Ihre Handelsf\u00e4higkeiten zu verbessern und fundiertere Handelsentscheidungen zu treffen.<\/li>\n\n\n\n<li><strong>Handelsgemeinschaft:<\/strong>&nbsp;Die Teilnahme an den Webinaren von oxshare bietet Ihnen die M\u00f6glichkeit, mit gleichgesinnten H\u00e4ndlern aus der ganzen Welt in Kontakt zu treten. Sie k\u00f6nnen Ideen austauschen, von erfahrenen Tradern lernen und sogar gemeinsam an Handelsstrategien arbeiten.<\/li>\n<\/ol>\n\n\n\n<p>Durch die Teilnahme an den Forex- und CFD-Webinaren von oxshare k\u00f6nnen Sie wertvolle Erkenntnisse gewinnen, neue Handelsstrategien erlernen und sich \u00fcber die neuesten Markttrends informieren. Also, worauf warten Sie noch? Fangen Sie noch heute an, Ihr Trading-Know-how mit oxshare zu verbessern!<\/p>\n\n\n\n<h2 class=\"wp-block-heading\">Oxshare Webinare<\/h2>\n\n\n\n<h3 class=\"wp-block-heading\">\u00dcberblick \u00fcber Oxshare Webinare<\/h3>\n\n\n\n<p>Machen Sie sich bereit, Ihre Handelsf\u00e4higkeiten mit Oxshare-Webinaren auf die n\u00e4chste Stufe zu bringen! Diese aufschlussreichen Webinare sollen Ihnen das Wissen und die Erfahrung vermitteln, die Sie ben\u00f6tigen, um Ihre Trading-F\u00e4higkeiten zu verbessern. Egal, ob Sie ein Anf\u00e4nger sind, der die Grundlagen erlernen m\u00f6chte, oder ein erfahrener Trader, der seine Strategien verfeinern m\u00f6chte, diese Webinare bieten Ihnen alles, was Sie brauchen.<\/p>\n\n\n\n<p>Die Webinare von Oxshare werden von einem Team erfahrener Handelsexperten geleitet und bieten eine dynamische und interaktive Lernerfahrung. Sie haben die M\u00f6glichkeit, direkt von Experten zu lernen, die \u00fcber jahrelange Erfahrung auf den Forex- und CFD-M\u00e4rkten verf\u00fcgen. Sie teilen ihre Erkenntnisse, Tipps und Strategien mit Ihnen, um Ihnen zu helfen, die Komplexit\u00e4t des Handels zu bew\u00e4ltigen.<\/p>\n\n\n\n<h3 class=\"wp-block-heading\">Angebotene Arten von Webinaren<\/h3>\n\n\n\n<p><a href=\"https:\/\/linktr.ee\/oxshare\" target=\"_blank\" rel=\"noopener\">Oxshare<\/a> bietet eine breite Palette von Webinaren an, die sich an H\u00e4ndler aller Niveaus richten. Hier sind einige der Webinar-Typen, die Sie erwarten k\u00f6nnen:<\/p>\n\n\n\n<ol class=\"wp-block-list\">\n<li>Einf\u00fchrung in den Handel: Wenn Sie neu im Handel sind, bieten diese Webinare eine umfassende Einf\u00fchrung in die Welt des Forex- und CFD-Handels. Sie erfahren etwas \u00fcber wichtige Konzepte wie Marktanalyse, Risikomanagement und Handelspsychologie.<\/li>\n\n\n\n<li>Fortgeschrittene Strategien: F\u00fcr erfahrene Trader, die ihre F\u00e4higkeiten auf die n\u00e4chste Stufe heben m\u00f6chten, bietet Oxshare Webinare an, die sich auf fortgeschrittene Handelsstrategien konzentrieren. Von der technischen Analyse bis zur Fundamentalanalyse - diese Webinare helfen Ihnen, Ihre Handelstechniken zu verfeinern und fundiertere Handelsentscheidungen zu treffen.<\/li>\n\n\n\n<li>Psychologie des Handels: Beim Handel geht es nicht nur um Zahlen und Analysen, sondern auch um die richtige Denkweise. Die Webinare von Oxshare zum Thema Trading-Psychologie befassen sich mit den mentalen Aspekten des Handels und zeigen Ihnen, wie Sie Emotionen wie Angst und Gier \u00fcberwinden und die f\u00fcr erfolgreiches Trading erforderliche Disziplin entwickeln k\u00f6nnen.<\/li>\n\n\n\n<li>Markt-Updates: Bleiben Sie auf dem Laufenden \u00fcber die neuesten Markttrends und -nachrichten mit den Oxshare Markt-Update-Webinaren. Diese Webinare bieten wertvolle Einblicke in die aktuellen Marktbedingungen und helfen Ihnen, informiert zu bleiben und fundiertere Handelsentscheidungen zu treffen.<\/li>\n<\/ol>\n\n\n\n<p>Unabh\u00e4ngig davon, auf welcher Stufe Sie sich in Ihrer Trading-Reise befinden, bieten die Webinare von Oxshare eine wertvolle Ressource, um Ihre Trading-F\u00e4higkeiten und Ihr Wissen zu erweitern. Lassen Sie sich die Gelegenheit nicht entgehen, von Branchenexperten zu lernen und Ihre Trading-F\u00e4higkeiten auf ein neues Niveau zu heben. Melden Sie sich noch heute f\u00fcr ein Oxshare-Webinar an und steigern Sie Ihren Trading-Erfolg!<\/p>\n\n\n\n<h2 class=\"wp-block-heading\">Webinar-Themen<\/h2>\n\n\n\n<h3 class=\"wp-block-heading\">Die Fundamentalanalyse verstehen<\/h3>\n\n\n\n<p>Sind Sie bereit, Ihre Handelsf\u00e4higkeiten auf die n\u00e4chste Stufe zu heben? Dann sind die aufschlussreichen Forex- &amp; CFD-Webinare von Oxshare genau das Richtige f\u00fcr Sie! Diese Webinare wurden entwickelt, um Ihnen das Wissen und die Werkzeuge zu vermitteln, die Sie ben\u00f6tigen, um Ihre Handelsf\u00e4higkeiten zu verbessern und finanziellen Erfolg zu erzielen.<\/p>\n\n\n\n<p>Eines der Hauptthemen dieser Webinare ist \"Fundamentalanalyse\". In diesem Webinar lernen Sie, wie Sie wirtschaftliche Faktoren und Nachrichtenereignisse, die sich auf die Finanzm\u00e4rkte auswirken, analysieren k\u00f6nnen. Sie erhalten wertvolle Einblicke, wie Wirtschaftsindikatoren wie Inflationsraten, Zinss\u00e4tze und BIP die W\u00e4hrungs- und CFD-Kurse beeinflussen k\u00f6nnen.<\/p>\n\n\n\n<p>Wenn Sie die Fundamentalanalyse verstehen, sind Sie in der Lage, fundierte Handelsentscheidungen auf der Grundlage der wirtschaftlichen Lage von L\u00e4ndern und globalen Ereignissen zu treffen. Dieses Wissen verschafft Ihnen einen Vorteil auf dem Markt, denn Sie k\u00f6nnen Kursbewegungen vorhersehen und profitable Handelsm\u00f6glichkeiten nutzen.<\/p>\n\n\n\n<h3 class=\"wp-block-heading\">Technische Analyse beherrschen<\/h3>\n\n\n\n<p>Ein weiteres wichtiges Thema, das in den Oxshare-Webinaren behandelt wird, ist die \"Beherrschung der technischen Analyse\". Bei der technischen Analyse werden historische Preis- und Volumendaten analysiert, um Muster und Trends auf dem Markt zu erkennen. Wenn Sie diese Analysetechnik beherrschen, k\u00f6nnen Sie zuk\u00fcnftige Kursbewegungen genau vorhersagen und Ihre Handelsgenauigkeit verbessern.<\/p>\n\n\n\n<p>In diesem Webinar lernen Sie, Charts zu lesen, g\u00e4ngige Chartmuster zu erkennen und verschiedene technische Indikatoren zu verwenden, um potenzielle Einstiegs- und Ausstiegspunkte zu identifizieren. Entdecken Sie, wie Sie Unterst\u00fctzungs- und Widerstandsniveaus, Trendlinien und gleitende Durchschnitte in Ihrer Handelsstrategie anwenden k\u00f6nnen.<\/p>\n\n\n\n<p>Dar\u00fcber hinaus bieten die Webinare wertvolle Einblicke in Risikomanagementtechniken und Handelspsychologie. Lernen Sie, wie Sie Ihr Risiko effektiv verwalten, Stop-Loss-Orders setzen und eine disziplinierte Denkweise entwickeln, um emotionale Vorurteile zu \u00fcberwinden.<\/p>\n\n\n\n<p>Durch die Teilnahme an den Forex- und CFD-Webinaren von Oxshare erwerben Sie das Wissen und die F\u00e4higkeiten, die Sie ben\u00f6tigen, um mit Zuversicht zu handeln und Ihre Gewinne zu maximieren. Diese Webinare werden von erfahrenen H\u00e4ndlern und Finanzexperten geleitet, denen es ein Anliegen ist, Menschen wie Sie zu bef\u00e4higen, an den Finanzm\u00e4rkten erfolgreich zu sein.<\/p>\n\n\n\n<p>Worauf warten Sie also noch? Melden Sie sich noch heute f\u00fcr ein Oxshare-Webinar an und steigern Sie Ihr Trading-Know-how in neue H\u00f6hen!<\/p>\n\n\n\n<h2 class=\"wp-block-heading\">Vorteile von Webinaren mit <a href=\"https:\/\/oxshare.com\/de\/\">Oxshare<\/a><\/h2>\n\n\n\n<p>M\u00f6chten Sie Ihr Trading-Know-how verbessern und sich \u00fcber die neuesten Markttrends informieren? Dann sind die aufschlussreichen Forex- und CFD-Webinare von Oxshare genau das Richtige f\u00fcr Sie! Diese Webinare bieten ein einzigartiges und interaktives Lernerlebnis, das Ihre Trading-F\u00e4higkeiten auf die n\u00e4chste Stufe heben wird. Hier sind einige Vorteile der Teilnahme an Webinaren mit Oxshare:<\/p>\n\n\n\n<h3 class=\"wp-block-heading\">Interaktive Lernerfahrung<\/h3>\n\n\n\n<p>Wenn es darum geht, etwas \u00fcber den Devisen- und CFD-Handel zu lernen, bieten Webinare eine \u00e4u\u00dferst interaktive Erfahrung. Im Gegensatz zu traditionellen Lernmethoden k\u00f6nnen Sie sich bei Webinaren aktiv beteiligen und sich mit dem pr\u00e4sentierten Material auseinandersetzen. Sie k\u00f6nnen Fragen stellen, um Kl\u00e4rung bitten und sich sogar an Live-Diskussionen mit den Experten beteiligen. Dieser praxisnahe Ansatz verbessert nicht nur Ihr Verst\u00e4ndnis, sondern erm\u00f6glicht es Ihnen auch, das Wissen sofort anzuwenden. Mit den Webinaren von Oxshare haben Sie die M\u00f6glichkeit, von erfahrenen H\u00e4ndlern zu lernen, die eine F\u00fclle von Wissen weitergeben k\u00f6nnen.<\/p>\n\n\n\n<h3 class=\"wp-block-heading\">Zugang zu erfahrenen H\u00e4ndlern<\/h3>\n\n\n\n<p>Durch die Teilnahme an Webinaren bei Oxshare erhalten Sie direkten Zugang zu einem Team von erfahrenen H\u00e4ndlern. Diese Profis verf\u00fcgen \u00fcber jahrelange Erfahrung auf den Forex- und CFD-M\u00e4rkten und k\u00f6nnen Ihnen wertvolle Einblicke und Strategien vermitteln, die Ihnen helfen, Ihre Handelsf\u00e4higkeiten zu verbessern. Sie geben ihr Fachwissen, ihre Tipps und ihre besten Praktiken weiter, die f\u00fcr den Erfolg in der Branche entscheidend sind. Ganz gleich, ob Sie Anf\u00e4nger oder erfahrener H\u00e4ndler sind, diese Webinare bieten Ihnen wertvolle Anleitungen und pers\u00f6nliche Ratschl\u00e4ge, die auf Ihren Kenntnisstand zugeschnitten sind.<\/p>\n\n\n\n<p>Durch die Teilnahme an Webinaren mit Oxshare haben Sie au\u00dferdem die M\u00f6glichkeit, sich mit anderen H\u00e4ndlern zu vernetzen und auszutauschen. So entsteht eine unterst\u00fctzende Gemeinschaft, in der Sie Ideen und Erfahrungen austauschen und von den Erfolgen und Herausforderungen der anderen lernen k\u00f6nnen.<\/p>\n\n\n\n<p>Die Webinare von Oxshare sind so konzipiert, dass sie flexibel und zug\u00e4nglich sind. Sie k\u00f6nnen bequem von zu Hause oder vom B\u00fcro aus teilnehmen, so dass Sie nicht reisen oder an Seminaren vor Ort teilnehmen m\u00fcssen. Die aufgezeichneten Webinare k\u00f6nnen auch zu einem sp\u00e4teren Zeitpunkt angesehen werden, so dass Sie den Inhalt so oft wie n\u00f6tig wiederholen k\u00f6nnen.<\/p>\n\n\n\n<p>Wenn Sie also Ihre Handelsf\u00e4higkeiten verbessern und die Kunst des Forex- und CFD-Handels beherrschen m\u00f6chten, sind die Webinare von Oxshare eine fantastische Ressource. Mit ihrer interaktiven Lernerfahrung und dem Zugang zu erfahrenen H\u00e4ndlern werden Sie das Wissen und das Vertrauen gewinnen, das Sie brauchen, um auf den M\u00e4rkten erfolgreich zu sein.<\/p>\n\n\n\n<p>Verpassen Sie nicht die Gelegenheit, Ihre Handelsf\u00e4higkeiten zu verbessern - melden Sie sich noch heute f\u00fcr die aufschlussreichen Forex- und CFD-Webinare von Oxshare an!<\/p>\n\n\n\n<h2 class=\"wp-block-heading\">Wie man beitritt <a href=\"https:\/\/oxshare.com\/de\/\">Oxshare Webinare<\/a><\/h2>\n\n\n\n<p><a href=\"https:\/\/oxshare.com\/de\/\">Oxshare<\/a> ist Ihre Anlaufstelle f\u00fcr aufschlussreiche Forex- und CFD-Webinare, die Ihre Handelsf\u00e4higkeiten auf ein neues Niveau heben. Wenn Sie bereit sind, Ihre F\u00e4higkeiten zu verbessern, wertvolles Wissen zu erlangen und im Handelsspiel vorne zu bleiben, dann <a href=\"https:\/\/oxshare.com\/de\/\">Oxshare<\/a> Webinare sind f\u00fcr Sie! Hier erfahren Sie, wie Sie mitmachen k\u00f6nnen.<\/p>\n\n\n\n<h3 class=\"wp-block-heading\">Prozess der Registrierung<\/h3>\n\n\n\n<ol class=\"wp-block-list\">\n<li><strong>Erstellen Sie ein Konto:<\/strong>&nbsp;Rufen Sie einfach die Oxshare-Website auf und erstellen Sie ein kostenloses Konto. Es dauert nur ein paar Minuten, und schon haben Sie Zugang zu einer F\u00fclle von Wissen und Ressourcen.<\/li>\n\n\n\n<li><strong>W\u00e4hlen Sie ein Webinar:<\/strong>&nbsp;Sobald Sie eingeloggt sind, k\u00f6nnen Sie die anstehenden Webinare durchst\u00f6bern, um die Themen zu finden, die Sie am meisten interessieren. Egal ob Sie Anf\u00e4nger oder erfahrener H\u00e4ndler sind, es ist f\u00fcr jeden etwas dabei.<\/li>\n\n\n\n<li><strong>Registrieren:<\/strong>&nbsp;W\u00e4hlen Sie das Webinar aus, an dem Sie teilnehmen m\u00f6chten, und klicken Sie auf die Schaltfl\u00e4che zur Registrierung. Geben Sie Ihre Daten ein und best\u00e4tigen Sie Ihre Teilnahme. So einfach geht's!<\/li>\n\n\n\n<li><strong>Vorbereiten:<\/strong>&nbsp;Vergewissern Sie sich vor Beginn des Webinars, dass Sie eine stabile Internetverbindung und einen ruhigen Ort haben, an dem Sie sich konzentrieren k\u00f6nnen. Legen Sie Ihren Notizblock bereit, denn Sie werden sich w\u00e4hrend der Sitzung Notizen machen wollen.<\/li>\n<\/ol>\n\n\n\n<h3 class=\"wp-block-heading\">Bevorstehender Webinar-Zeitplan<\/h3>\n\n\n\n<p>Bei Oxshare gibt es immer ein Webinar gleich um die Ecke. Hier sind einige der kommenden Webinare, die Sie auf keinen Fall verpassen sollten:<\/p>\n\n\n\n<ul class=\"wp-block-list\">\n<li><strong>Beherrschung der technischen Analyse:<\/strong>&nbsp;Lernen Sie, wie Sie Charts lesen, Trends erkennen und fundierte Handelsentscheidungen auf der Grundlage technischer Indikatoren treffen k\u00f6nnen. Dieses Webinar ist ideal f\u00fcr H\u00e4ndler, die ihre F\u00e4higkeiten in der technischen Analyse verbessern m\u00f6chten.<\/li>\n\n\n\n<li><strong>Die Psychologie des Handels:<\/strong>&nbsp;Entdecken Sie, wie Sie Ihre Emotionen in den Griff bekommen, Angst und Gier \u00fcberwinden und eine Siegermentalit\u00e4t entwickeln k\u00f6nnen. Dieses Webinar wird Ihnen helfen, die Kontrolle \u00fcber Ihre Handelspsychologie zu erlangen und bessere Handelsentscheidungen zu treffen.<\/li>\n\n\n\n<li><strong>Risikomanagement-Strategien:<\/strong>&nbsp;Verstehen Sie, wie Sie Ihr Kapital sch\u00fctzen und Risiken effektiv verwalten k\u00f6nnen. Erfahren Sie mehr \u00fcber Positionsgr\u00f6\u00dfen, Stop-Loss-Orders und andere Risikomanagementtechniken, die Ihr Handelskonto sch\u00fctzen k\u00f6nnen.<\/li>\n<\/ul>\n\n\n\n<p>Mit den Webinaren von Oxshare haben Sie Zugang zu Branchenexperten, Echtzeit-Beispielen und praktischen Erkenntnissen, die Ihre Handelskenntnisse erheblich verbessern k\u00f6nnen. Verpassen Sie also nicht diese unglaublichen M\u00f6glichkeiten, Ihre Trading-F\u00e4higkeiten zu verbessern. Nehmen Sie noch heute an den Oxshare-Webinaren teil und bringen Sie Ihr Trading-Spiel auf die n\u00e4chste Stufe!<\/p>\n\n\n\n<p>(Hinweis: 416 W\u00f6rter gem\u00e4\u00df der Anleitung)<\/p>\n\n\n\n<h2 class=\"wp-block-heading\">Schlussfolgerung<\/h2>\n\n\n\n<p><strong>M\u00f6chten Sie Ihre Handelskenntnisse verbessern?<\/strong>&nbsp;Suchen Sie nicht weiter! Oxshare bietet eine Reihe von aufschlussreichen Forex- und CFD-Webinaren an, die Ihre F\u00e4higkeiten und Kenntnisse in der Handelsbranche verbessern.<\/p>\n\n\n\n<h3 class=\"wp-block-heading\">Verbessern Sie Ihre Handelsf\u00e4higkeiten mit <a href=\"https:\/\/oxshare.com\/de\/\">Oxshare<\/a> Webinare<\/h3>\n\n\n\n<p><strong>Tauchen Sie ein in die Welt des Handels:<\/strong>&nbsp;Mit den Webinaren von Oxshare haben Sie die M\u00f6glichkeit, von Fachleuten zu lernen, die Experten auf dem Gebiet des Forex- und CFD-Handels sind. Diese Webinare bieten wertvolle Einblicke, Strategien und Tipps, die Ihnen helfen k\u00f6nnen, fundierte Handelsentscheidungen zu treffen und Ihre Gewinne zu maximieren.<\/p>\n\n\n\n<p><strong>Bleiben Sie auf dem Laufenden \u00fcber die neuesten Markttrends:<\/strong>&nbsp;Die Finanzm\u00e4rkte entwickeln sich st\u00e4ndig weiter, und \u00fcber die neuesten Trends und Entwicklungen informiert zu sein, ist entscheidend f\u00fcr den erfolgreichen Handel. Die Webinare von Oxshare decken eine breite Palette von Themen ab, darunter technische Analyse, Fundamentalanalyse, Risikomanagement und vieles mehr. Durch die Teilnahme an diesen Webinaren k\u00f6nnen Sie der Zeit voraus sein und kl\u00fcgere Handelsentscheidungen treffen.<\/p>\n\n\n\n<p><strong>Interaktive und fesselnde Lernerfahrung:<\/strong>&nbsp;<a href=\"https:\/\/oxshare.com\/de\/\">Oxshare<\/a> Webinare sind nicht nur Vortr\u00e4ge. Es handelt sich um interaktive Sitzungen, die es Ihnen erm\u00f6glichen, an Diskussionen teilzunehmen, Fragen zu stellen und sich mit anderen H\u00e4ndlern auszutauschen. Dieser praxisnahe Lernansatz stellt sicher, dass Sie die besprochenen Konzepte vollst\u00e4ndig verstehen und sie effektiv in Ihren Handelsstrategien anwenden k\u00f6nnen.<\/p>\n\n\n\n<p><strong>Bequem und zug\u00e4nglich:<\/strong>&nbsp;Die Webinare von Oxshare werden online durchgef\u00fchrt, d. h. Sie k\u00f6nnen bequem von zu Hause oder vom B\u00fcro aus daran teilnehmen. Egal, ob Sie ein Anf\u00e4nger sind, der die Grundlagen erlernen m\u00f6chte, oder ein erfahrener Trader, der seine F\u00e4higkeiten verfeinern m\u00f6chte, es gibt Webinare f\u00fcr Trader aller Stufen.<\/p>\n\n\n\n<h3 class=\"wp-block-heading\">H\u00e4ufig gestellte Fragen<\/h3>\n\n\n\n<p><strong>F: Sind die Webinare f\u00fcr Anf\u00e4nger geeignet?<\/strong><br>A: Ja! <a href=\"https:\/\/oxshare.com\/de\/\">Oxshare<\/a> Webinare richten sich an Trader aller Niveaus, auch an Anf\u00e4nger. Die Webinare decken eine breite Palette von Themen ab, von den Grundlagen des Forex- und CFD-Handels bis hin zu fortgeschrittenen Strategien und Techniken.<\/p>\n\n\n\n<p><strong>F: Wie oft werden die Webinare durchgef\u00fchrt?<\/strong><br>A: Oxshare f\u00fchrt regelm\u00e4\u00dfig Webinare durch, wobei w\u00f6chentlich oder monatlich neue Sitzungen angesetzt werden. Sie k\u00f6nnen die Oxshare-Website besuchen oder den Newsletter abonnieren, um \u00fcber anstehende Webinare informiert zu werden.<\/p>\n\n\n\n<p><strong>F: Sind die Webinare kostenlos?<\/strong>A: Ja, die von Oxshare durchgef\u00fchrten Webinare sind absolut kostenlos. Sie m\u00fcssen sich lediglich f\u00fcr das Webinar anmelden und zur geplanten Zeit daran teilnehmen.<\/p>\n\n\n\n<p>Zusammengefasst, <a href=\"https:\/\/oxshare.com\/de\/\">Oxshare<\/a> Webinare sind eine wertvolle Ressource f\u00fcr H\u00e4ndler, die ihre Handelsf\u00e4higkeiten verbessern und auf dem Markt vorne bleiben m\u00f6chten. Mit Expertenwissen, interaktiven Lernerfahrungen und bequemer Zug\u00e4nglichkeit k\u00f6nnen diese Webinare Ihnen helfen, Ihre Trading-F\u00e4higkeiten auf die n\u00e4chste Stufe zu heben. Melden Sie sich noch heute f\u00fcr ein bevorstehendes Webinar an und steigern Sie Ihre Handelsf\u00e4higkeiten mit Oxshare!<\/p>","protected":false},"excerpt":{"rendered":"<p>Are you ready to take your trading skills to the next level?&nbsp;If you're looking to boost your trading proficiency and stay ahead of the game, then you need to check out the insightful Forex &amp; CFD webinars offered by oxshare. What is Forex and CFD Trading? Forex and CFD trading are popular forms of financial [&hellip;]<\/p>\n","protected":false},"author":204281813,"featured_media":0,"parent":0,"menu_order":0,"comment_status":"closed","ping_status":"closed","template":"","meta":{"inline_featured_image":false,"footnotes":""},"class_list":["post-5906","page","type-page","status-publish","hentry"],"acf":[],"a3_pvc":{"activated":false,"total_views":0,"today_views":0},"_links":{"self":[{"href":"https:\/\/oxshare.com\/de\/wp-json\/wp\/v2\/pages\/5906","targetHints":{"allow":["GET"]}}],"collection":[{"href":"https:\/\/oxshare.com\/de\/wp-json\/wp\/v2\/pages"}],"about":[{"href":"https:\/\/oxshare.com\/de\/wp-json\/wp\/v2\/types\/page"}],"author":[{"embeddable":true,"href":"https:\/\/oxshare.com\/de\/wp-json\/wp\/v2\/users\/204281813"}],"replies":[{"embeddable":true,"href":"https:\/\/oxshare.com\/de\/wp-json\/wp\/v2\/comments?post=5906"}],"version-history":[{"count":2,"href":"https:\/\/oxshare.com\/de\/wp-json\/wp\/v2\/pages\/5906\/revisions"}],"predecessor-version":[{"id":8502,"href":"https:\/\/oxshare.com\/de\/wp-json\/wp\/v2\/pages\/5906\/revisions\/8502"}],"wp:attachment":[{"href":"https:\/\/oxshare.com\/de\/wp-json\/wp\/v2\/media?parent=5906"}],"curies":[{"name":"WP","href":"https:\/\/api.w.org\/{rel}","templated":true}]}}