{"id":8831,"date":"2023-11-25T19:07:21","date_gmt":"2023-11-25T17:07:21","guid":{"rendered":"https:\/\/oxshare.com\/?page_id=8831"},"modified":"2024-01-29T16:32:10","modified_gmt":"2024-01-29T14:32:10","slug":"deposit-bonus","status":"publish","type":"page","link":"https:\/\/oxshare.com\/de\/deposit-bonus","title":{"rendered":"Einzahlungsbonus"},"content":{"rendered":"<p>Wie wird der Forex-Kommissionsbonus berechnet?<\/p>\n\n\n\n<h1>Forex-Kommission<\/h1>\n<h2>Forex-Kommission<\/h2>\n<h3>Forex-Kommission<\/h3>\n\n\n\n<p><a href=\"https:\/\/oxshareprime.com\/indices\/\" target=\"_blank\" rel=\"noreferrer noopener\">Indizes - OXShare Prime<\/a> \/ <a href=\"https:\/\/oxshare.com\/de\/careers\/\" target=\"_blank\" rel=\"noreferrer noopener\">Karriere - OXShare<\/a><\/p>\n\n\n\n<p>Die Devisenprovision ist eine Geb\u00fchr, die von einem Devisenmakler f\u00fcr die F\u00f6rderung des Devisenhandels erhoben wird. Es kann \u00fcblich sein, dass Makler f\u00fcr bestimmte Arten von Devisenhandelskonten, die regelm\u00e4\u00dfig als \"kommissionsbasierte\" oder \"ECN\"-Konten (Electronic Communication Organize) bezeichnet werden, eine Provision erheben.<\/p>\n\n\n\n<p>Die Provision ist in der Regel ein kleiner Anteil des gesamten B\u00f6rsenwertes oder eine festgelegte Geb\u00fchr pro getauschtem Teil. Die jeweilige Provisionsstruktur kann sich je nach Makler und Kontotyp \u00e4ndern. Zur Veranschaulichung kann ein Makler $5 pro umgetauschtem Teil berechnen, was bedeutet, dass der H\u00e4ndler f\u00fcr jeden gekauften oder verkauften Standardteil (der 100.000 Einheiten des Basisbargelds entspricht) eine Geb\u00fchr als Kommissionsgeb\u00fchr zahlen w\u00fcrde.<\/p>\n\n\n\n<p>Es ist wichtig zu wissen, dass nicht alle Forex-Broker Provisionen verlangen. Einige Broker bieten \"kommissionsfreie\" Konten an, bei denen sie ihren Gewinn aus dem Spread, dem Unterschied zwischen den Kauf- und Verkaufskosten einer Geldkombination, erzielen.<\/p>\n\n\n\n<p>Bei der Betrachtung der Devisenprovision ist es wichtig, auch andere Komponenten zu ber\u00fccksichtigen, wie z.B. die Spreads, die Highlights der Handelsstufe, die Kundenunterst\u00fctzung, die Einhaltung der Verwaltungsvorschriften und die allgemeinen Handelsbedingungen, die der Broker anbietet. H\u00e4ndler sollten diese Komponenten sorgf\u00e4ltig abw\u00e4gen, um einen Broker auszuw\u00e4hlen, der ihren Bed\u00fcrfnissen und Neigungen am besten entspricht.<\/p>\n\n\n\n<p>Die Devisenprovision ist eine Geb\u00fchr, die von einem Devisenmakler f\u00fcr die F\u00f6rderung des Devisenhandels erhoben wird. Es kann \u00fcblich sein, dass Makler f\u00fcr bestimmte Arten von Devisenhandelskonten, die regelm\u00e4\u00dfig als \"kommissionsbasierte\" oder \"ECN\"-Konten (Electronic Communication Organize) bezeichnet werden, eine Provision erheben.<\/p>\n\n\n\n<p>Die Provision ist in der Regel ein kleiner Anteil des gesamten B\u00f6rsenwertes oder eine festgelegte Geb\u00fchr pro getauschtem Teil. Die jeweilige Provisionsstruktur kann sich je nach Makler und Kontotyp \u00e4ndern. Zur Veranschaulichung kann ein Makler $5 pro umgetauschtem Teil berechnen, was bedeutet, dass der H\u00e4ndler f\u00fcr jeden gekauften oder verkauften Standardteil (der 100.000 Einheiten des Basisbargelds entspricht) eine Geb\u00fchr als Kommissionsgeb\u00fchr zahlen w\u00fcrde.<\/p>\n\n\n\n<p>Es ist wichtig zu wissen, dass nicht alle Forex-Broker Provisionen verlangen. Einige Broker bieten \"kommissionsfreie\" Konten an, bei denen sie ihren Gewinn aus dem Spread, dem Unterschied zwischen den Kauf- und Verkaufskosten einer Geldkombination, erzielen.<\/p>\n\n\n\n<p>Bei der Betrachtung der Devisenprovision ist es wichtig, auch andere Komponenten zu ber\u00fccksichtigen, wie z.B. die Spreads, die Highlights der Handelsstufe, die Kundenunterst\u00fctzung, die Einhaltung der Verwaltungsvorschriften und die allgemeinen Handelsbedingungen, die der Broker anbietet. H\u00e4ndler sollten diese Komponenten sorgf\u00e4ltig abw\u00e4gen, um einen Broker auszuw\u00e4hlen, der ihren Bed\u00fcrfnissen und Neigungen am besten entspricht.<\/p>\n\n\n\n<p>Die Devisenprovision ist eine Geb\u00fchr, die von einem Devisenmakler f\u00fcr die F\u00f6rderung des Devisenhandels erhoben wird. Es kann \u00fcblich sein, dass Makler f\u00fcr bestimmte Arten von Devisenhandelskonten, die regelm\u00e4\u00dfig als \"kommissionsbasierte\" oder \"ECN\"-Konten (Electronic Communication Organize) bezeichnet werden, eine Provision erheben.<\/p>\n\n\n\n<p>Die Provision ist in der Regel ein kleiner Anteil des gesamten B\u00f6rsenwertes oder eine festgelegte Geb\u00fchr pro getauschtem Teil. Die jeweilige Provisionsstruktur kann sich je nach Makler und Kontotyp \u00e4ndern. Zur Veranschaulichung kann ein Makler $5 pro umgetauschtem Teil berechnen, was bedeutet, dass der H\u00e4ndler f\u00fcr jeden gekauften oder verkauften Standardteil (der 100.000 Einheiten des Basisbargelds entspricht) eine Geb\u00fchr als Kommissionsgeb\u00fchr zahlen w\u00fcrde.<\/p>\n\n\n\n<p>Es ist wichtig zu wissen, dass nicht alle Forex-Broker Provisionen verlangen. Einige Broker bieten \"kommissionsfreie\" Konten an, bei denen sie ihren Gewinn aus dem Spread, dem Unterschied zwischen den Kauf- und Verkaufskosten einer Geldkombination, erzielen.<\/p>\n\n\n\n<p>Bei der Betrachtung der Devisenprovision ist es wichtig, auch andere Komponenten zu ber\u00fccksichtigen, wie z.B. die Spreads, die Highlights der Handelsstufe, die Kundenunterst\u00fctzung, die Einhaltung der Verwaltungsvorschriften und die allgemeinen Handelsbedingungen, die der Broker anbietet. H\u00e4ndler sollten diese Komponenten sorgf\u00e4ltig abw\u00e4gen, um einen Broker auszuw\u00e4hlen, der ihren Bed\u00fcrfnissen und Neigungen am besten entspricht.<\/p>\n\n\n\n<p>Die Devisenprovision ist eine Geb\u00fchr, die von einem Devisenmakler f\u00fcr die F\u00f6rderung des Devisenhandels erhoben wird. Es kann \u00fcblich sein, dass Makler f\u00fcr bestimmte Arten von Devisenhandelskonten, die regelm\u00e4\u00dfig als \"kommissionsbasierte\" oder \"ECN\"-Konten (Electronic Communication Organize) bezeichnet werden, eine Provision erheben.<\/p>\n\n\n\n<p>Die Provision ist in der Regel ein kleiner Anteil des gesamten B\u00f6rsenwertes oder eine festgelegte Geb\u00fchr pro getauschtem Teil. Die jeweilige Provisionsstruktur kann sich je nach Makler und Kontotyp \u00e4ndern. Zur Veranschaulichung kann ein Makler $5 pro umgetauschtem Teil berechnen, was bedeutet, dass der H\u00e4ndler f\u00fcr jeden gekauften oder verkauften Standardteil (der 100.000 Einheiten des Basisbargelds entspricht) eine Geb\u00fchr als Kommissionsgeb\u00fchr zahlen w\u00fcrde.<\/p>\n\n\n\n<p>Es ist wichtig zu wissen, dass nicht alle Forex-Broker Provisionen verlangen. Einige Broker bieten \"kommissionsfreie\" Konten an, bei denen sie ihren Gewinn aus dem Spread, dem Unterschied zwischen den Kauf- und Verkaufskosten einer Geldkombination, erzielen.<\/p>\n\n\n\n<p>Bei der Betrachtung der Devisenprovision ist es wichtig, auch andere Komponenten zu ber\u00fccksichtigen, wie z.B. die Spreads, die Highlights der Handelsstufe, die Kundenunterst\u00fctzung, die Einhaltung der Verwaltungsvorschriften und die allgemeinen Handelsbedingungen, die der Broker anbietet. H\u00e4ndler sollten diese Komponenten sorgf\u00e4ltig abw\u00e4gen, um einen Broker auszuw\u00e4hlen, der ihren Bed\u00fcrfnissen und Neigungen am besten entspricht.<\/p>\n\n\n\n<p>Die Devisenprovision ist eine Geb\u00fchr, die von einem Devisenmakler f\u00fcr die F\u00f6rderung des Devisenhandels erhoben wird. Es kann \u00fcblich sein, dass Makler f\u00fcr bestimmte Arten von Devisenhandelskonten, die regelm\u00e4\u00dfig als \"kommissionsbasierte\" oder \"ECN\"-Konten (Electronic Communication Organize) bezeichnet werden, eine Provision erheben.<\/p>\n\n\n\n<p>Die Provision ist in der Regel ein kleiner Anteil des gesamten B\u00f6rsenwertes oder eine festgelegte Geb\u00fchr pro getauschtem Teil. Die jeweilige Provisionsstruktur kann sich je nach Makler und Kontotyp \u00e4ndern. Zur Veranschaulichung kann ein Makler $5 pro umgetauschtem Teil berechnen, was bedeutet, dass der H\u00e4ndler f\u00fcr jeden gekauften oder verkauften Standardteil (der 100.000 Einheiten des Basisbargelds entspricht) eine Geb\u00fchr als Kommissionsgeb\u00fchr zahlen w\u00fcrde.<\/p>\n\n\n\n<p>Es ist wichtig zu wissen, dass nicht alle Forex-Broker Provisionen verlangen. Einige Broker bieten \"kommissionsfreie\" Konten an, bei denen sie ihren Gewinn aus dem Spread, dem Unterschied zwischen den Kauf- und Verkaufskosten einer Geldkombination, erzielen.<\/p>\n\n\n\n<p>Bei der Betrachtung der Devisenprovision ist es wichtig, auch andere Komponenten zu ber\u00fccksichtigen, wie z.B. die Spreads, die Highlights der Handelsstufe, die Kundenunterst\u00fctzung, die Einhaltung der Verwaltungsvorschriften und die allgemeinen Handelsbedingungen, die der Broker anbietet. H\u00e4ndler sollten diese Komponenten sorgf\u00e4ltig abw\u00e4gen, um einen Broker auszuw\u00e4hlen, der ihren Bed\u00fcrfnissen und Neigungen am besten entspricht.<\/p>\n\n\n\n<p>Die Devisenprovision ist eine Geb\u00fchr, die von einem Devisenmakler f\u00fcr die F\u00f6rderung des Devisenhandels erhoben wird. Es kann \u00fcblich sein, dass Makler f\u00fcr bestimmte Arten von Devisenhandelskonten, die regelm\u00e4\u00dfig als \"kommissionsbasierte\" oder \"ECN\"-Konten (Electronic Communication Organize) bezeichnet werden, eine Provision erheben.<\/p>\n\n\n\n<p>Die Provision ist in der Regel ein kleiner Anteil des gesamten B\u00f6rsenwertes oder eine festgelegte Geb\u00fchr pro getauschtem Teil. Die jeweilige Provisionsstruktur kann sich je nach Makler und Kontotyp \u00e4ndern. Zur Veranschaulichung kann ein Makler $5 pro umgetauschtem Teil berechnen, was bedeutet, dass der H\u00e4ndler f\u00fcr jeden gekauften oder verkauften Standardteil (der 100.000 Einheiten des Basisbargelds entspricht) eine Geb\u00fchr als Kommissionsgeb\u00fchr zahlen w\u00fcrde.<\/p>\n\n\n\n<p>Es ist wichtig zu wissen, dass nicht alle Forex-Broker Provisionen verlangen. Einige Broker bieten \"kommissionsfreie\" Konten an, bei denen sie ihren Gewinn aus dem Spread, dem Unterschied zwischen den Kauf- und Verkaufskosten einer Geldkombination, erzielen.<\/p>\n\n\n\n<p>Bei der Betrachtung der Devisenprovision ist es wichtig, auch andere Komponenten zu ber\u00fccksichtigen, wie z.B. die Spreads, die Highlights der Handelsstufe, die Kundenunterst\u00fctzung, die Einhaltung der Verwaltungsvorschriften und die allgemeinen Handelsbedingungen, die der Broker anbietet. H\u00e4ndler sollten diese Komponenten sorgf\u00e4ltig abw\u00e4gen, um einen Broker auszuw\u00e4hlen, der ihren Bed\u00fcrfnissen und Neigungen am besten entspricht.<\/p>\n\n\n\n<p>Die Devisenprovision ist eine Geb\u00fchr, die von einem Devisenmakler f\u00fcr die F\u00f6rderung des Devisenhandels erhoben wird. Es kann \u00fcblich sein, dass Makler f\u00fcr bestimmte Arten von Devisenhandelskonten, die regelm\u00e4\u00dfig als \"kommissionsbasierte\" oder \"ECN\"-Konten (Electronic Communication Organize) bezeichnet werden, eine Provision erheben.<\/p>\n\n\n\n<p>Die Provision ist in der Regel ein kleiner Anteil des gesamten B\u00f6rsenwertes oder eine festgelegte Geb\u00fchr pro getauschtem Teil. Die jeweilige Provisionsstruktur kann sich je nach Makler und Kontotyp \u00e4ndern. Zur Veranschaulichung kann ein Makler $5 pro umgetauschtem Teil berechnen, was bedeutet, dass der H\u00e4ndler f\u00fcr jeden gekauften oder verkauften Standardteil (der 100.000 Einheiten des Basisbargelds entspricht) eine Geb\u00fchr als Kommissionsgeb\u00fchr zahlen w\u00fcrde.<\/p>\n\n\n\n<p>Es ist wichtig zu wissen, dass nicht alle Forex-Broker Provisionen verlangen. Einige Broker bieten \"kommissionsfreie\" Konten an, bei denen sie ihren Gewinn aus dem Spread, dem Unterschied zwischen den Kauf- und Verkaufskosten einer Geldkombination, erzielen.<\/p>\n\n\n\n<p>Bei der Betrachtung der Devisenprovision ist es wichtig, auch andere Komponenten zu ber\u00fccksichtigen, wie z.B. die Spreads, die Highlights der Handelsstufe, die Kundenunterst\u00fctzung, die Einhaltung der Verwaltungsvorschriften und die allgemeinen Handelsbedingungen, die der Broker anbietet. H\u00e4ndler sollten diese Komponenten sorgf\u00e4ltig abw\u00e4gen, um einen Broker auszuw\u00e4hlen, der ihren Bed\u00fcrfnissen und Neigungen am besten entspricht.<\/p>\n\n\n\n<p>Die Devisenprovision ist eine Geb\u00fchr, die von einem Devisenmakler f\u00fcr die F\u00f6rderung des Devisenhandels erhoben wird. Es kann \u00fcblich sein, dass Makler f\u00fcr bestimmte Arten von Devisenhandelskonten, die regelm\u00e4\u00dfig als \"kommissionsbasierte\" oder \"ECN\"-Konten (Electronic Communication Organize) bezeichnet werden, eine Provision erheben.<\/p>\n\n\n\n<p>Die Provision ist in der Regel ein kleiner Anteil des gesamten B\u00f6rsenwertes oder eine festgelegte Geb\u00fchr pro getauschtem Teil. Die jeweilige Provisionsstruktur kann sich je nach Makler und Kontotyp \u00e4ndern. Zur Veranschaulichung kann ein Makler $5 pro umgetauschtem Teil berechnen, was bedeutet, dass der H\u00e4ndler f\u00fcr jeden gekauften oder verkauften Standardteil (der 100.000 Einheiten des Basisbargelds entspricht) eine Geb\u00fchr als Kommissionsgeb\u00fchr zahlen w\u00fcrde.<\/p>\n\n\n\n<p>Es ist wichtig zu wissen, dass nicht alle Forex-Broker Provisionen verlangen. Einige Broker bieten \"kommissionsfreie\" Konten an, bei denen sie ihren Gewinn aus dem Spread, dem Unterschied zwischen den Kauf- und Verkaufskosten einer Geldkombination, erzielen.<\/p>\n\n\n\n<p>Bei der Betrachtung der Devisenprovision ist es wichtig, auch andere Komponenten zu ber\u00fccksichtigen, wie z.B. die Spreads, die Highlights der Handelsstufe, die Kundenunterst\u00fctzung, die Einhaltung der Verwaltungsvorschriften und die allgemeinen Handelsbedingungen, die der Broker anbietet. H\u00e4ndler sollten diese Komponenten sorgf\u00e4ltig abw\u00e4gen, um einen Broker auszuw\u00e4hlen, der ihren Bed\u00fcrfnissen und Neigungen am besten entspricht.<\/p>\n\n\n\n<p>Die Devisenprovision ist eine Geb\u00fchr, die von einem Devisenmakler f\u00fcr die F\u00f6rderung des Devisenhandels erhoben wird. Es kann \u00fcblich sein, dass Makler f\u00fcr bestimmte Arten von Devisenhandelskonten, die regelm\u00e4\u00dfig als \"kommissionsbasierte\" oder \"ECN\"-Konten (Electronic Communication Organize) bezeichnet werden, eine Provision erheben.<\/p>\n\n\n\n<p>Die Provision ist in der Regel ein kleiner Anteil des gesamten B\u00f6rsenwertes oder eine festgelegte Geb\u00fchr pro getauschtem Teil. Die jeweilige Provisionsstruktur kann sich je nach Makler und Kontotyp \u00e4ndern. Zur Veranschaulichung kann ein Makler $5 pro umgetauschtem Teil berechnen, was bedeutet, dass der H\u00e4ndler f\u00fcr jeden gekauften oder verkauften Standardteil (der 100.000 Einheiten des Basisbargelds entspricht) eine Geb\u00fchr als Kommissionsgeb\u00fchr zahlen w\u00fcrde.<\/p>\n\n\n\n<p>Es ist wichtig zu wissen, dass nicht alle Forex-Broker Provisionen verlangen. Einige Broker bieten \"kommissionsfreie\" Konten an, bei denen sie ihren Gewinn aus dem Spread, dem Unterschied zwischen den Kauf- und Verkaufskosten einer Geldkombination, erzielen.<\/p>\n\n\n\n<p>Bei der Betrachtung der Devisenprovision ist es wichtig, auch andere Komponenten zu ber\u00fccksichtigen, wie z.B. die Spreads, die Highlights der Handelsstufe, die Kundenunterst\u00fctzung, die Einhaltung der Verwaltungsvorschriften und die allgemeinen Handelsbedingungen, die der Broker anbietet. H\u00e4ndler sollten diese Komponenten sorgf\u00e4ltig abw\u00e4gen, um einen Broker auszuw\u00e4hlen, der ihren Bed\u00fcrfnissen und Neigungen am besten entspricht.<\/p>\n\n\n\n<p>Die Devisenprovision ist eine Geb\u00fchr, die von einem Devisenmakler f\u00fcr die F\u00f6rderung des Devisenhandels erhoben wird. Es kann \u00fcblich sein, dass Makler f\u00fcr bestimmte Arten von Devisenhandelskonten, die regelm\u00e4\u00dfig als \"kommissionsbasierte\" oder \"ECN\"-Konten (Electronic Communication Organize) bezeichnet werden, eine Provision erheben.<\/p>\n\n\n\n<p>Die Provision ist in der Regel ein kleiner Anteil des gesamten B\u00f6rsenwertes oder eine festgelegte Geb\u00fchr pro getauschtem Teil. Die jeweilige Provisionsstruktur kann sich je nach Makler und Kontotyp \u00e4ndern. Zur Veranschaulichung kann ein Makler $5 pro umgetauschtem Teil berechnen, was bedeutet, dass der H\u00e4ndler f\u00fcr jeden gekauften oder verkauften Standardteil (der 100.000 Einheiten des Basisbargelds entspricht) eine Geb\u00fchr als Kommissionsgeb\u00fchr zahlen w\u00fcrde.<\/p>\n\n\n\n<p>Es ist wichtig zu wissen, dass nicht alle Forex-Broker Provisionen verlangen. Einige Broker bieten \"kommissionsfreie\" Konten an, bei denen sie ihren Gewinn aus dem Spread, dem Unterschied zwischen den Kauf- und Verkaufskosten einer Geldkombination, erzielen.<\/p>\n\n\n\n<p>Bei der Betrachtung der Devisenprovision ist es wichtig, auch andere Komponenten zu ber\u00fccksichtigen, wie z.B. die Spreads, die Highlights der Handelsstufe, die Kundenunterst\u00fctzung, die Einhaltung der Verwaltungsvorschriften und die allgemeinen Handelsbedingungen, die der Broker anbietet. H\u00e4ndler sollten diese Komponenten sorgf\u00e4ltig abw\u00e4gen, um einen Broker auszuw\u00e4hlen, der ihren Bed\u00fcrfnissen und Neigungen am besten entspricht.<\/p>\n\n\n\n<p>Die Devisenprovision ist eine Geb\u00fchr, die von einem Devisenmakler f\u00fcr die F\u00f6rderung des Devisenhandels erhoben wird. Es kann \u00fcblich sein, dass Makler f\u00fcr bestimmte Arten von Devisenhandelskonten, die regelm\u00e4\u00dfig als \"kommissionsbasierte\" oder \"ECN\"-Konten (Electronic Communication Organize) bezeichnet werden, eine Provision erheben.<\/p>\n\n\n\n<p>Die Provision ist in der Regel ein kleiner Anteil des gesamten B\u00f6rsenwertes oder eine festgelegte Geb\u00fchr pro getauschtem Teil. Die jeweilige Provisionsstruktur kann sich je nach Makler und Kontotyp \u00e4ndern. Zur Veranschaulichung kann ein Makler $5 pro umgetauschtem Teil berechnen, was bedeutet, dass der H\u00e4ndler f\u00fcr jeden gekauften oder verkauften Standardteil (der 100.000 Einheiten des Basisbargelds entspricht) eine Geb\u00fchr als Kommissionsgeb\u00fchr zahlen w\u00fcrde.<\/p>\n\n\n\n<p>Es ist wichtig zu wissen, dass nicht alle Forex-Broker Provisionen verlangen. Einige Broker bieten \"kommissionsfreie\" Konten an, bei denen sie ihren Gewinn aus dem Spread, dem Unterschied zwischen den Kauf- und Verkaufskosten einer Geldkombination, erzielen.<\/p>\n\n\n\n<p>Bei der Betrachtung der Devisenprovision ist es wichtig, auch andere Komponenten zu ber\u00fccksichtigen, wie z.B. die Spreads, die Highlights der Handelsstufe, die Kundenunterst\u00fctzung, die Einhaltung der Verwaltungsvorschriften und die allgemeinen Handelsbedingungen, die der Broker anbietet. H\u00e4ndler sollten diese Komponenten sorgf\u00e4ltig abw\u00e4gen, um einen Broker auszuw\u00e4hlen, der ihren Bed\u00fcrfnissen und Neigungen am besten entspricht.<\/p>\n\n\n\n<p>forex.com R\u00fccknahmegeb\u00fchren<\/p>","protected":false},"excerpt":{"rendered":"<p>How is forex commission bonus calculated? forex commission forex commission forex commission Indices - OXShare Prime \/ Careers - OXShare Forex commission alludes to a charge charged by a forex broker for encouraging exchanges within the foreign exchange market. It may be a common hone for brokers to charge a commission on certain sorts of [&hellip;]<\/p>\n","protected":false},"author":204281813,"featured_media":6351,"parent":0,"menu_order":0,"comment_status":"closed","ping_status":"closed","template":"","meta":{"inline_featured_image":false,"footnotes":""},"class_list":["post-8831","page","type-page","status-publish","has-post-thumbnail","hentry"],"acf":[],"a3_pvc":{"activated":false,"total_views":0,"today_views":0},"_links":{"self":[{"href":"https:\/\/oxshare.com\/de\/wp-json\/wp\/v2\/pages\/8831","targetHints":{"allow":["GET"]}}],"collection":[{"href":"https:\/\/oxshare.com\/de\/wp-json\/wp\/v2\/pages"}],"about":[{"href":"https:\/\/oxshare.com\/de\/wp-json\/wp\/v2\/types\/page"}],"author":[{"embeddable":true,"href":"https:\/\/oxshare.com\/de\/wp-json\/wp\/v2\/users\/204281813"}],"replies":[{"embeddable":true,"href":"https:\/\/oxshare.com\/de\/wp-json\/wp\/v2\/comments?post=8831"}],"version-history":[{"count":2,"href":"https:\/\/oxshare.com\/de\/wp-json\/wp\/v2\/pages\/8831\/revisions"}],"predecessor-version":[{"id":9351,"href":"https:\/\/oxshare.com\/de\/wp-json\/wp\/v2\/pages\/8831\/revisions\/9351"}],"wp:featuredmedia":[{"embeddable":true,"href":"https:\/\/oxshare.com\/de\/wp-json\/wp\/v2\/media\/6351"}],"wp:attachment":[{"href":"https:\/\/oxshare.com\/de\/wp-json\/wp\/v2\/media?parent=8831"}],"curies":[{"name":"wp","href":"https:\/\/api.w.org\/{rel}","templated":true}]}}