{"id":9034,"date":"2023-12-29T18:08:44","date_gmt":"2023-12-29T16:08:44","guid":{"rendered":"https:\/\/oxshare.com\/?page_id=9034"},"modified":"2024-01-29T16:28:55","modified_gmt":"2024-01-29T14:28:55","slug":"demo-account-2","status":"publish","type":"page","link":"https:\/\/oxshare.com\/de\/demo-account","title":{"rendered":"Demokonto"},"content":{"rendered":"<p>Beginnen Sie mit dem Devisenhandel<\/p>\n\n\n\n<h1>Beginnen Sie mit dem Devisenhandel<\/h1>\n<h2>Beginnen Sie mit dem Devisenhandel<\/h2>\n<h3>Beginnen Sie mit dem Devisenhandel<\/h3>\n\n\n\n\n\n\n\n<p><a href=\"https:\/\/oxshareprime.com\/forex\/\" target=\"_blank\" rel=\"noreferrer noopener\">Forex - OXShare Prime<\/a> wie viel Geld brauchen Sie, um mit dem Devisenhandel zu beginnen\/ wie viel Geld brauchen Sie, um mit dem Devisenhandel zu beginnen\/ wie beginnen Sie mit dem Devisenhandel <\/p>\n\n\n\n<p>Der Einstieg in den Devisenhandel kann eine anregende Reise sein, aber es ist unerl\u00e4sslich, mit den richtigen Informationen und der richtigen Einstellung an die Sache heranzugehen. Hier sind ein paar Schritte, um Ihnen den Einstieg zu erleichtern:<\/p>\n\n\n\n<p>Informieren Sie sich: Der Devisenhandel umfasst den Kauf und das Anbieten von Geldstandards innerhalb des weltweiten Fernhandels. Nehmen Sie sich die Zeit, um die Grundlagen des Devisenhandels zu erlernen, wie z.B. die Funktionsweise des Marktes, verschiedene Handelsmethoden, Risikomanagement und spezielle Untersuchungen.<\/p>\n\n\n\n<p>Setzen Sie sich klare Ziele: Entscheiden Sie, was Sie mit dem Devisenhandel erreichen wollen. Setzen Sie sich vern\u00fcnftige und bestimmte Ziele, wie z. B. eine Zielgewinnrate oder eine bestimmte Anzahl von Pips pro Monat. Dies wird Ihnen helfen, zentriert zu bleiben und Ihren Fortschritt zu messen.<\/p>\n\n\n\n<p>W\u00e4hlen Sie einen soliden Broker: Die Auswahl eines vertrauensw\u00fcrdigen Forex-Brokers ist wichtig. Suchen Sie nach Brokern, die von seri\u00f6sen Haushaltsexperten kontrolliert werden und eine benutzerfreundliche Handelsplattform, wettbewerbsf\u00e4hige Spreads, eine zuverl\u00e4ssige Ausf\u00fchrung und eine hervorragende Kundenbetreuung bieten.<\/p>\n\n\n\n<p>Er\u00f6ffnen Sie ein B\u00f6rsenkonto: Sobald Sie sich f\u00fcr einen Broker entschieden haben, sollten Sie ein Wechselkonto er\u00f6ffnen. Geben Sie die erforderlichen Unterlagen ab, f\u00fcllen Sie den Kontoantrag aus und finanzieren Sie Ihr Konto mit einem Betrag, den Sie gerne einsetzen m\u00f6chten.<\/p>\n\n\n\n<p>Probieren Sie es mit einem Demokonto: Die meisten Broker bieten Demokonten an, die es Ihnen erm\u00f6glichen, mit virtuellem Geld zu handeln. Nutzen Sie diese Gelegenheit, um sich mit der B\u00f6rsenphase vertraut zu machen, verschiedene Methoden zu testen und sich zu engagieren, ohne echte R\u00fccklagen zu riskieren. Forex-Handel beginnen<\/p>\n\n\n\n<p>Erstellen Sie eine Umtauschvereinbarung: Eine Umtauschvereinbarung stellt Ihre Vorgehensweise dar und enth\u00e4lt Ein- und Ausstiegsregeln, Regeln f\u00fcr die Verwaltung von Chancen und die Art der Analyse, die Sie verwenden werden. Ein gut definierter Plan macht einen Unterschied, Sie bleiben gelehrt und macht es weniger anspruchsvoll, besonnene Entscheidungen zu treffen. Forex-Handel beginnen<\/p>\n\n\n\n<p>Beginnen Sie klein: Beginnen Sie mit kleinen Betr\u00e4gen und erh\u00f6hen Sie diese langsam, wenn Sie an Erfahrung und Sicherheit gewonnen haben. Riskieren Sie nicht mehr, als Sie zu verlieren bereit sind. Es ist von grundlegender Bedeutung, dass Sie Ihr Risiko gut im Auge behalten und geeignete Verfahren zur Positionsmessung einsetzen. Forex-Handel beginnen<\/p>\n\n\n\n<p>\u00dcberpr\u00fcfen Sie die M\u00e4rkte: Bleiben Sie auf dem Laufenden \u00fcber weltweite Finanznachrichten, monet\u00e4re Anhaltspunkte und Schaufenstermuster, die sich auf die Bargeldkosten auswirken k\u00f6nnten. Nutzen Sie spezialisierte Untersuchungsinstrumente, um potenzielle B\u00f6rsen-Setups zu erkennen und Ihre B\u00f6rsentechniken zu entwickeln. Forex-Handel beginnen<\/p>\n\n\n\n<p>F\u00fchren Sie ein Tauschtagebuch: Notieren Sie Ihre Umtauschaktionen, wobei Sie die Gr\u00fcnde f\u00fcr jeden Umtausch, Ihre Abschnitts- und Ausstiegsschwerpunkte und das Ergebnis festhalten. Die Analyse Ihres Umtauschtagebuchs kann Ihnen wertvolle Erkenntnisse \u00fcber Ihre Ausf\u00fchrung, Ihre Qualit\u00e4ten und Ihre Ver\u00e4nderungsbereiche liefern.<\/p>\n\n\n\n<p>Unaufh\u00f6rlich lernen und anpassen: Der Devisenhandel kann ein st\u00e4ndiger Lernprozess sein. Bleiben Sie neugierig, suchen Sie nach lehrreichen Ressourcen, besuchen Sie Webinare oder Workshops und lernen Sie von erfahrenen H\u00e4ndlern. Passen Sie Ihre Vorgehensweisen an die Marktbedingungen und Ihre Erfahrungen mit dem Devisenhandel an. start forex trading<\/p>\n\n\n\n<p>Denken Sie daran, dass der Forex-Handel mit Chancen verbunden ist und dass es keine Garantien f\u00fcr Gewinne gibt. Es ist wichtig, mit einer zur\u00fcckhaltenden Mentalit\u00e4t an die Sache heranzugehen, die Chancen richtig einzusch\u00e4tzen und bereit zu sein, sich an Triumphe und Entt\u00e4uschungen zu erinnern. Forex-Handel beginnen<\/p>\n\n\n\n<p>Der Einstieg in den Devisenhandel kann ein spannendes Unterfangen sein, aber es ist wichtig, mit den richtigen Informationen und der richtigen Einstellung an die Sache heranzugehen. Hier sind ein paar Schritte, die Ihnen den Einstieg erleichtern: Forex-Handel beginnen<\/p>\n\n\n\n<p>Informieren Sie sich: Der Devisenhandel umfasst den Kauf und das Anbieten von Geldstandards innerhalb der weltweiten Fernhandelswerbung. Nehmen Sie sich die Zeit, sich die Grundlagen des Devisenhandels einzupr\u00e4gen, wie z.B. die Funktionsweise des Marktes, verschiedene Handelsmethoden, Risikoverwaltung und spezielle Nachforschungen. forex trading starten<\/p>\n\n\n\n<p>Setzen Sie sich klare Ziele: Entscheiden Sie, was Sie mit dem Devisenhandel erreichen wollen. Setzen Sie sich vern\u00fcnftige und bestimmte Ziele, wie z. B. eine Zielgewinnrate oder eine bestimmte Anzahl von Pips pro Monat. Dies wird Ihnen helfen, zentriert zu bleiben und Ihren Fortschritt zu messen.<\/p>\n\n\n\n<p>W\u00e4hlen Sie einen soliden Broker: Die Auswahl eines vertrauensw\u00fcrdigen Forex-Brokers ist wichtig. Suchen Sie nach Brokern, die von seri\u00f6sen Haushaltsexperten kontrolliert werden und eine benutzerfreundliche Handelsplattform, wettbewerbsf\u00e4hige Spreads, eine zuverl\u00e4ssige Ausf\u00fchrung und eine hervorragende Kundenbetreuung bieten.<\/p>\n\n\n\n<p>Er\u00f6ffnen Sie ein B\u00f6rsenkonto: Sobald Sie sich f\u00fcr einen Broker entschieden haben, sollten Sie ein Wechselkonto er\u00f6ffnen. Geben Sie die erforderlichen Unterlagen ab, f\u00fcllen Sie den Kontoantrag aus und finanzieren Sie Ihr Konto mit einem Betrag, den Sie gerne einsetzen m\u00f6chten.<\/p>\n\n\n\n<p>Probieren Sie es mit einem Demokonto: Die meisten Broker bieten Demokonten an, mit denen Sie mit virtuellem Geld handeln k\u00f6nnen. Nutzen Sie diese Gelegenheit, um sich mit der B\u00f6rsenphase vertraut zu machen, verschiedene Methoden zu testen und sich zu engagieren, ohne echte R\u00fccklagen zu riskieren.<\/p>\n\n\n\n<p>Erstellen Sie eine Umtauschvereinbarung: Ein Umtauschplan stellt Ihr Verfahren dar und enth\u00e4lt Regeln f\u00fcr den Ein- und Ausstieg, Regeln f\u00fcr die Verwaltung der Chancen und die Art der Analyse, die Sie verwenden werden. Ein gut definierter Plan hilft Ihnen, den \u00dcberblick zu behalten und macht es weniger schwierig, besonnene Entscheidungen zu treffen.<\/p>\n\n\n\n<p>Beginnen Sie klein: Beginnen Sie mit kleinen Betr\u00e4gen und erh\u00f6hen Sie diese langsam, wenn Sie an Erfahrung und Sicherheit gewonnen haben. Riskieren Sie nicht mehr, als Sie zu verlieren bereit sind. Es ist wichtig, dass Sie Ihr Risiko gut im Auge behalten und geeignete Verfahren zur Positionsmessung anwenden.<\/p>\n\n\n\n<p>\u00dcberpr\u00fcfen Sie die M\u00e4rkte: Bleiben Sie auf dem Laufenden \u00fcber weltweite Finanznachrichten, monet\u00e4re Hinweise und Schaufenstermuster, die die Bargeldkosten beeinflussen k\u00f6nnten. Nutzen Sie spezialisierte Rechercheinstrumente, um potenzielle B\u00f6rsen-Setups zu erkennen und Ihre B\u00f6rsentechniken zu entwickeln.<\/p>\n\n\n\n<p>F\u00fchren Sie ein Tauschtagebuch: Notieren Sie Ihre Umtauschaktionen, wobei Sie die Gr\u00fcnde f\u00fcr jeden Umtausch, Ihre Abschnitts- und Ausstiegsschwerpunkte und das Ergebnis festhalten. Die Analyse Ihres Umtauschtagebuchs kann Ihnen wertvolle Erkenntnisse \u00fcber Ihre Ausf\u00fchrung, Ihre Qualit\u00e4ten und Ihre Ver\u00e4nderungsbereiche liefern.<\/p>\n\n\n\n<p>Unaufh\u00f6rlich lernen und anpassen: Der Devisenhandel kann ein st\u00e4ndiger Lernprozess sein. Bleiben Sie neugierig, suchen Sie nach lehrreichen Ressourcen, gehen Sie zu Webinaren oder Workshops und lernen Sie von erfahrenen H\u00e4ndlern. Passen Sie Ihre Verfahren auf der Grundlage von Werbebedingungen und Ihre Anspr\u00fcche Austausch Begegnungen.<\/p>\n\n\n\n<p>Denken Sie daran, dass der Devisenhandel mit Chancen verbunden ist, und dass es keine Garantien f\u00fcr Gewinne gibt. Es ist wichtig, mit einer zur\u00fcckhaltenden Mentalit\u00e4t an die Sache heranzugehen, die Chancen richtig einzusch\u00e4tzen und bereit zu sein, aus Erfolgen und Entt\u00e4uschungen zu lernen.<\/p>\n\n\n\n<p>Der Einstieg in den Devisenhandel kann eine anregende Reise sein, aber es ist unerl\u00e4sslich, mit den richtigen Informationen und der richtigen Einstellung an die Sache heranzugehen. Hier sind ein paar Schritte, um Ihnen den Einstieg zu erleichtern:<\/p>\n\n\n\n<p>Informieren Sie sich: Der Devisenhandel umfasst den Kauf und das Anbieten von Geldstandards innerhalb des weltweiten Fernhandels. Nehmen Sie sich die Zeit, um die Grundlagen des Devisenhandels zu erlernen, wie z.B. die Funktionsweise des Marktes, verschiedene Handelsmethoden, Risikomanagement und spezielle Untersuchungen.<\/p>\n\n\n\n<p>Setzen Sie sich klare Ziele: Entscheiden Sie, was Sie mit dem Devisenhandel erreichen wollen. Setzen Sie sich vern\u00fcnftige und bestimmte Ziele, wie z. B. eine Zielgewinnrate oder eine bestimmte Anzahl von Pips pro Monat. Dies wird Ihnen helfen, zentriert zu bleiben und Ihren Fortschritt zu messen.<\/p>\n\n\n\n<p>W\u00e4hlen Sie einen soliden Broker: Die Auswahl eines vertrauensw\u00fcrdigen Forex-Brokers ist wichtig. Suchen Sie nach Brokern, die von seri\u00f6sen Haushaltsexperten kontrolliert werden und eine benutzerfreundliche Handelsplattform, wettbewerbsf\u00e4hige Spreads, eine zuverl\u00e4ssige Ausf\u00fchrung und eine hervorragende Kundenbetreuung bieten.<\/p>\n\n\n\n<p>Er\u00f6ffnen Sie ein B\u00f6rsenkonto: Sobald Sie sich f\u00fcr einen Broker entschieden haben, sollten Sie ein Wechselkonto er\u00f6ffnen. Geben Sie die erforderlichen Unterlagen ab, f\u00fcllen Sie den Kontoantrag aus und finanzieren Sie Ihr Konto mit einem Betrag, den Sie gerne einsetzen m\u00f6chten.<\/p>\n\n\n\n<p>Probieren Sie es mit einem Demokonto: Die meisten Broker bieten Demokonten an, mit denen Sie mit virtuellem Geld handeln k\u00f6nnen. Nutzen Sie diese Gelegenheit, um sich mit der B\u00f6rsenphase vertraut zu machen, verschiedene Methoden zu testen und sich zu engagieren, ohne echte R\u00fccklagen zu riskieren.<\/p>\n\n\n\n<p>Erstellen Sie eine Umtauschvereinbarung: Ein Umtauschplan stellt Ihr Verfahren dar und enth\u00e4lt Regeln f\u00fcr den Ein- und Ausstieg, Regeln f\u00fcr die Verwaltung der Chancen und die Art der Analyse, die Sie verwenden werden. Ein gut definierter Plan hilft Ihnen, den \u00dcberblick zu behalten und macht es weniger schwierig, besonnene Entscheidungen zu treffen.<\/p>\n\n\n\n<p>Beginnen Sie klein: Beginnen Sie mit kleinen Betr\u00e4gen und erh\u00f6hen Sie diese langsam, wenn Sie an Erfahrung und Sicherheit gewonnen haben. Riskieren Sie nicht mehr, als Sie zu verlieren bereit sind. Es ist wichtig, dass Sie Ihr Risiko gut im Auge behalten und geeignete Verfahren zur Positionsmessung anwenden.<\/p>\n\n\n\n<p>\u00dcberpr\u00fcfen Sie die M\u00e4rkte: Bleiben Sie auf dem Laufenden \u00fcber weltweite Finanznachrichten, monet\u00e4re Hinweise und Schaufenstermuster, die die Bargeldkosten beeinflussen k\u00f6nnten. Nutzen Sie spezialisierte Rechercheinstrumente, um potenzielle B\u00f6rsen-Setups zu erkennen und Ihre B\u00f6rsentechniken zu entwickeln.<\/p>\n\n\n\n<p>F\u00fchren Sie ein Tauschtagebuch: Notieren Sie Ihre Umtauschaktionen, wobei Sie die Gr\u00fcnde f\u00fcr jeden Umtausch, Ihre Abschnitts- und Ausstiegsschwerpunkte und das Ergebnis festhalten. Die Analyse Ihres Umtauschtagebuchs kann Ihnen wertvolle Erkenntnisse \u00fcber Ihre Ausf\u00fchrung, Ihre Qualit\u00e4ten und Ihre Ver\u00e4nderungsbereiche liefern.<\/p>\n\n\n\n<p>Unaufh\u00f6rlich lernen und anpassen: Der Devisenhandel kann ein st\u00e4ndiger Lernprozess sein. Bleiben Sie neugierig, suchen Sie nach lehrreichen Ressourcen, gehen Sie zu Webinaren oder Workshops und lernen Sie von erfahrenen H\u00e4ndlern. Passen Sie Ihre Verfahren auf der Grundlage von Werbebedingungen und Ihre Anspr\u00fcche Austausch Begegnungen.<\/p>\n\n\n\n<p>Denken Sie daran, dass der Devisenhandel mit Chancen verbunden ist, und dass es keine Garantien f\u00fcr Gewinne gibt. Es ist wichtig, mit einer zur\u00fcckhaltenden Mentalit\u00e4t an die Sache heranzugehen, die Chancen richtig einzusch\u00e4tzen und bereit zu sein, aus Erfolgen und Entt\u00e4uschungen zu lernen.<\/p>\n\n\n\n<p>Der Einstieg in den Devisenhandel kann eine anregende Reise sein, aber es ist unerl\u00e4sslich, mit den richtigen Informationen und der richtigen Einstellung an die Sache heranzugehen. Hier sind ein paar Schritte, um Ihnen den Einstieg zu erleichtern:<\/p>\n\n\n\n<p>Informieren Sie sich: Der Devisenhandel umfasst den Kauf und das Anbieten von Geldstandards innerhalb des weltweiten Fernhandels. Nehmen Sie sich die Zeit, um die Grundlagen des Devisenhandels zu erlernen, wie z.B. die Funktionsweise des Marktes, verschiedene Handelsmethoden, Risikomanagement und spezielle Untersuchungen.<\/p>\n\n\n\n<p>Setzen Sie sich klare Ziele: Entscheiden Sie, was Sie mit dem Devisenhandel erreichen wollen. Setzen Sie sich vern\u00fcnftige und bestimmte Ziele, wie z. B. eine Zielgewinnrate oder eine bestimmte Anzahl von Pips pro Monat. Dies wird Ihnen helfen, zentriert zu bleiben und Ihren Fortschritt zu messen.<\/p>\n\n\n\n<p>W\u00e4hlen Sie einen soliden Broker: Die Auswahl eines vertrauensw\u00fcrdigen Forex-Brokers ist wichtig. Suchen Sie nach Brokern, die von seri\u00f6sen Haushaltsexperten kontrolliert werden und eine benutzerfreundliche Handelsplattform, wettbewerbsf\u00e4hige Spreads, eine zuverl\u00e4ssige Ausf\u00fchrung und eine hervorragende Kundenbetreuung bieten.<\/p>\n\n\n\n<p>Er\u00f6ffnen Sie ein B\u00f6rsenkonto: Sobald Sie sich f\u00fcr einen Broker entschieden haben, sollten Sie ein Wechselkonto er\u00f6ffnen. Geben Sie die erforderlichen Unterlagen ab, f\u00fcllen Sie den Kontoantrag aus und finanzieren Sie Ihr Konto mit einem Betrag, den Sie gerne einsetzen m\u00f6chten.<\/p>\n\n\n\n<p>Probieren Sie es mit einem Demokonto: Die meisten Broker bieten Demokonten an, mit denen Sie mit virtuellem Geld handeln k\u00f6nnen. Nutzen Sie diese Gelegenheit, um sich mit der B\u00f6rsenphase vertraut zu machen, verschiedene Methoden zu testen und sich zu engagieren, ohne echte R\u00fccklagen zu riskieren.<\/p>\n\n\n\n<p>Erstellen Sie eine Umtauschvereinbarung: Ein Umtauschplan stellt Ihr Verfahren dar und enth\u00e4lt Regeln f\u00fcr den Ein- und Ausstieg, Regeln f\u00fcr die Verwaltung der Chancen und die Art der Analyse, die Sie verwenden werden. Ein gut definierter Plan hilft Ihnen, den \u00dcberblick zu behalten und macht es weniger schwierig, besonnene Entscheidungen zu treffen.<\/p>\n\n\n\n<p>Beginnen Sie klein: Beginnen Sie mit kleinen Betr\u00e4gen und erh\u00f6hen Sie diese langsam, wenn Sie an Erfahrung und Sicherheit gewonnen haben. Riskieren Sie nicht mehr, als Sie zu verlieren bereit sind. Es ist wichtig, dass Sie Ihr Risiko gut im Auge behalten und geeignete Verfahren zur Positionsmessung anwenden.<\/p>\n\n\n\n<p>\u00dcberpr\u00fcfen Sie die M\u00e4rkte: Bleiben Sie auf dem Laufenden \u00fcber weltweite Finanznachrichten, monet\u00e4re Hinweise und Schaufenstermuster, die die Bargeldkosten beeinflussen k\u00f6nnten. Nutzen Sie spezialisierte Rechercheinstrumente, um potenzielle B\u00f6rsen-Setups zu erkennen und Ihre B\u00f6rsentechniken zu entwickeln.<\/p>\n\n\n\n<p>F\u00fchren Sie ein Tauschtagebuch: Notieren Sie Ihre Umtauschaktionen, wobei Sie die Gr\u00fcnde f\u00fcr jeden Umtausch, Ihre Abschnitts- und Ausstiegsschwerpunkte und das Ergebnis festhalten. Die Analyse Ihres Umtauschtagebuchs kann Ihnen wertvolle Erkenntnisse \u00fcber Ihre Ausf\u00fchrung, Ihre Qualit\u00e4ten und Ihre Ver\u00e4nderungsbereiche liefern.<\/p>\n\n\n\n<p>Unaufh\u00f6rlich lernen und anpassen: Der Devisenhandel kann ein st\u00e4ndiger Lernprozess sein. Bleiben Sie neugierig, suchen Sie nach lehrreichen Ressourcen, gehen Sie zu Webinaren oder Workshops und lernen Sie von erfahrenen H\u00e4ndlern. Passen Sie Ihre Verfahren auf der Grundlage von Werbebedingungen und Ihre Anspr\u00fcche Austausch Begegnungen.<\/p>\n\n\n\n<p>Denken Sie daran, dass der Devisenhandel mit Chancen verbunden ist, und dass es keine Garantien f\u00fcr Gewinne gibt. Es ist wichtig, mit einer zur\u00fcckhaltenden Mentalit\u00e4t an die Sache heranzugehen, die Chancen richtig einzusch\u00e4tzen und bereit zu sein, aus Erfolgen und Entt\u00e4uschungen zu lernen.<\/p>","protected":false},"excerpt":{"rendered":"<p>start forex trading start forex trading start forex trading start forex trading Forex - OXShare Prime how much money do you need to start trading forex\/ how much money do you need to start forex trading\/ how do you start forex trading Beginning forex exchanging can be an energizing wander, but it's imperative to approach [&hellip;]<\/p>\n","protected":false},"author":204281813,"featured_media":6454,"parent":0,"menu_order":0,"comment_status":"closed","ping_status":"closed","template":"","meta":{"inline_featured_image":false,"footnotes":""},"class_list":["post-9034","page","type-page","status-publish","has-post-thumbnail","hentry"],"acf":[],"a3_pvc":{"activated":false,"total_views":0,"today_views":0},"_links":{"self":[{"href":"https:\/\/oxshare.com\/de\/wp-json\/wp\/v2\/pages\/9034","targetHints":{"allow":["GET"]}}],"collection":[{"href":"https:\/\/oxshare.com\/de\/wp-json\/wp\/v2\/pages"}],"about":[{"href":"https:\/\/oxshare.com\/de\/wp-json\/wp\/v2\/types\/page"}],"author":[{"embeddable":true,"href":"https:\/\/oxshare.com\/de\/wp-json\/wp\/v2\/users\/204281813"}],"replies":[{"embeddable":true,"href":"https:\/\/oxshare.com\/de\/wp-json\/wp\/v2\/comments?post=9034"}],"version-history":[{"count":1,"href":"https:\/\/oxshare.com\/de\/wp-json\/wp\/v2\/pages\/9034\/revisions"}],"predecessor-version":[{"id":9035,"href":"https:\/\/oxshare.com\/de\/wp-json\/wp\/v2\/pages\/9034\/revisions\/9035"}],"wp:featuredmedia":[{"embeddable":true,"href":"https:\/\/oxshare.com\/de\/wp-json\/wp\/v2\/media\/6454"}],"wp:attachment":[{"href":"https:\/\/oxshare.com\/de\/wp-json\/wp\/v2\/media?parent=9034"}],"curies":[{"name":"WP","href":"https:\/\/api.w.org\/{rel}","templated":true}]}}