{"id":15561,"date":"2026-03-16T09:14:25","date_gmt":"2026-03-16T07:14:25","guid":{"rendered":"https:\/\/oxshare.com\/?page_id=15561"},"modified":"2026-03-16T09:16:23","modified_gmt":"2026-03-16T07:16:23","slug":"careers-v2","status":"publish","type":"page","link":"https:\/\/oxshare.com\/fr\/v2\/careers","title":{"rendered":"Careers v2"},"content":{"rendered":"<p>carri\u00e8res et offres d&#039;emploi chez OXShare<\/p>\n\n\n\n<p><\/p>\n\n\n\n<h1>carri\u00e8res<\/h1>\n<h2>carri\u00e8res<\/h2>\n<h3>carri\u00e8res<\/h3>\n\n\n\n<p>liste des carri\u00e8res a-z\/ google careers remote\/block stats<\/p>\n\n\n\n<p><a href=\"https:\/\/oxshareprime.com\/\" target=\"_blank\" rel=\"noreferrer noopener\">Accueil - OXShare Prime<\/a><\/p>\n\n\n\n<p><a href=\"https:\/\/oxshare.com\/fr\/\" target=\"_blank\" rel=\"noreferrer noopener\">Accueil-trading forex - OXShare - Le pont vers votre avenir - Forex Trading<\/a><\/p>\n\n\n\n<p><\/p>\n\n\n\n<p><a href=\"https:\/\/oxshareprime.com\/forex\/\" target=\"_blank\" rel=\"noopener\">carri\u00e8res<\/a><\/p>","protected":false},"excerpt":{"rendered":"<p>carri\u00e8res et offres d&#039;emploi dans OXShare carri\u00e8res carri\u00e8res carri\u00e8res liste des carri\u00e8res az \/ google carri\u00e8res stats \u00e0 distance \/ bloc<\/p>","protected":false},"author":204281813,"featured_media":6450,"parent":0,"menu_order":0,"comment_status":"closed","ping_status":"closed","template":"","meta":{"inline_featured_image":false,"footnotes":""},"class_list":["post-15561","page","type-page","status-publish","has-post-thumbnail","hentry"],"acf":[],"a3_pvc":{"activated":false,"total_views":0,"today_views":0},"_links":{"self":[{"href":"https:\/\/oxshare.com\/fr\/wp-json\/wp\/v2\/pages\/15561","targetHints":{"allow":["GET"]}}],"collection":[{"href":"https:\/\/oxshare.com\/fr\/wp-json\/wp\/v2\/pages"}],"about":[{"href":"https:\/\/oxshare.com\/fr\/wp-json\/wp\/v2\/types\/page"}],"author":[{"embeddable":true,"href":"https:\/\/oxshare.com\/fr\/wp-json\/wp\/v2\/users\/204281813"}],"replies":[{"embeddable":true,"href":"https:\/\/oxshare.com\/fr\/wp-json\/wp\/v2\/comments?post=15561"}],"version-history":[{"count":1,"href":"https:\/\/oxshare.com\/fr\/wp-json\/wp\/v2\/pages\/15561\/revisions"}],"predecessor-version":[{"id":15562,"href":"https:\/\/oxshare.com\/fr\/wp-json\/wp\/v2\/pages\/15561\/revisions\/15562"}],"wp:featuredmedia":[{"embeddable":true,"href":"https:\/\/oxshare.com\/fr\/wp-json\/wp\/v2\/media\/6450"}],"wp:attachment":[{"href":"https:\/\/oxshare.com\/fr\/wp-json\/wp\/v2\/media?parent=15561"}],"curies":[{"name":"wp","href":"https:\/\/api.w.org\/{rel}","templated":true}]}}