{"id":15576,"date":"2026-03-16T11:12:37","date_gmt":"2026-03-16T09:12:37","guid":{"rendered":"https:\/\/oxshare.com\/?page_id=15576"},"modified":"2026-03-16T11:12:59","modified_gmt":"2026-03-16T09:12:59","slug":"metatrader-5-v2","status":"publish","type":"page","link":"https:\/\/oxshare.com\/fr\/v2\/metatrader","title":{"rendered":"MetaTrader 5 v2"},"content":{"rendered":"<p>compte metatrader 5\/indicateurs pour metatrader 5<\/p>\n\n\n\n<h1>m\u00e9tatrader 5<\/h1>\n<h2>m\u00e9tatrader 5<\/h2>\n<h3>m\u00e9tatrader 5<\/h3>\n\n\n\n<p>MetaTrader 5 (MT5) est une plate-forme de n\u00e9gociation bien connue, utilis\u00e9e par les courtiers et les sp\u00e9culateurs sur les march\u00e9s budg\u00e9taires. Elle est cr\u00e9\u00e9e par MetaQuotes Computer Program et succ\u00e8de \u00e0 MetaTrader 4 (MT4). MT5 est pr\u00e9vu pour fournir une utilit\u00e9 am\u00e9lior\u00e9e et un plus grand nombre d'\u00e9changes rebelles par rapport \u00e0 son pr\u00e9d\u00e9cesseur.<\/p>\n\n\n\n<p>Voici quelques points forts de MetaTrader 5 :<\/p>\n\n\n\n<p>Une plateforme multi-actifs : MT5 permet d'\u00e9changer sur diff\u00e9rents march\u00e9s mon\u00e9taires, notamment le Forex, les actions, les contrats \u00e0 terme et les mati\u00e8res premi\u00e8res. Il permet aux courtiers d'acc\u00e9der \u00e0 diff\u00e9rentes transactions et d'\u00e9changer des titres diff\u00e9rents au sein d'une m\u00eame plateforme.<\/p>\n\n\n\n<p>Instruments graphiques avanc\u00e9s : MT5 offre un large \u00e9ventail d'appareils d'examen sp\u00e9cialis\u00e9s et d'indicateurs pour aider les n\u00e9gociants \u00e0 analyser l'\u00e9volution des co\u00fbts et \u00e0 faire des choix \u00e9clair\u00e9s en mati\u00e8re d'\u00e9change. L'\u00e9tape offre diff\u00e9rents d\u00e9lais, des formats de graphiques personnalisables et la capacit\u00e9 d'appliquer diff\u00e9rents objets graphiques sur les graphiques.<\/p>\n\n\n\n<p>L'\u00e9change algorithmique : MT5 soutient l'\u00e9change informatis\u00e9 gr\u00e2ce \u00e0 l'utilisation de conseillers ma\u00eetres (EA). Les n\u00e9gociants peuvent cr\u00e9er ou acheter des EA, qui sont des structures d'\u00e9change informatis\u00e9es capables d'ex\u00e9cuter des \u00e9changes sur la base de r\u00e8gles pr\u00e9d\u00e9finies. MT5 utilise le dialecte de programmation MQL5 pour l'am\u00e9lioration des EA.<\/p>\n\n\n\n<p>Annoncez la profondeur, le temps et les ventes : MT5 permet d'acc\u00e9der aux donn\u00e9es relatives \u00e0 la profondeur des annonces, ce qui permet aux n\u00e9gociants de voir les co\u00fbts actuels offerts et demand\u00e9s au-del\u00e0 des informations essentielles sur les co\u00fbts. Les donn\u00e9es relatives \u00e0 l'heure et \u00e0 la date des transactions affichent l'historique des \u00e9changes, ce qui permet d'obtenir des informations sur le volume et la date des \u00e9changes.<\/p>\n\n\n\n<p>Adaptations polyvalentes et web : MetaTrader 5 est accessible sous forme d'application de bureau t\u00e9l\u00e9chargeable pour Windows et Mac, ainsi que sous forme d'applications polyvalentes pour les gadgets iOS et Android. Il existe \u00e9galement une adaptation web qui peut \u00eatre consult\u00e9e \u00e0 partir de n'importe quel navigateur web.<\/p>\n\n\n\n<p>\u00c9change en double et \u00e9change social : MT5 int\u00e8gre des \u00e9l\u00e9ments qui permettent aux n\u00e9gociants de s'engager dans un \u00e9change en double, o\u00f9 ils peuvent reproduire les \u00e9changes de n\u00e9gociants plus exp\u00e9riment\u00e9s. Il encourage \u00e9galement l'\u00e9change social, en permettant aux clients de partager leurs id\u00e9es et leurs m\u00e9thodes d'\u00e9change avec la communaut\u00e9.<\/p>\n\n\n\n<p>Publicit\u00e9 et administration des drapeaux : MT5 donne acc\u00e8s \u00e0 la publicit\u00e9 MetaTrader, o\u00f9 les clients peuvent d\u00e9couvrir et acheter des pointeurs suppl\u00e9mentaires, des EA et d'autres appareils d'\u00e9change. L'\u00e9tape offre en outre un service de drapeau, qui permet aux courtiers de s'abonner aux signaux donn\u00e9s par des courtiers exp\u00e9riment\u00e9s.<\/p>\n\n\n\n<p>Ce ne sont l\u00e0 que quelques-uns des points forts de MetaTrader 5. Il est largement utilis\u00e9 par les d\u00e9taillants, les courtiers et les \u00e9ducateurs mon\u00e9taires dans le monde entier en raison de sa grande utilit\u00e9 et de sa flexibilit\u00e9.<\/p>\n\n\n\n<p>MetaTrader 5 (MT5) est une plate-forme de n\u00e9gociation bien connue, utilis\u00e9e par les courtiers et les sp\u00e9culateurs sur les march\u00e9s budg\u00e9taires. Elle est cr\u00e9\u00e9e par MetaQuotes Computer Program et succ\u00e8de \u00e0 MetaTrader 4 (MT4). MT5 est pr\u00e9vu pour fournir une utilit\u00e9 am\u00e9lior\u00e9e et un plus grand nombre d'\u00e9changes rebelles par rapport \u00e0 son pr\u00e9d\u00e9cesseur.<\/p>\n\n\n\n<p>Voici quelques points forts de MetaTrader 5 :<\/p>\n\n\n\n<p>Une plateforme multi-actifs : MT5 permet d'\u00e9changer sur diff\u00e9rents march\u00e9s mon\u00e9taires, notamment le Forex, les actions, les contrats \u00e0 terme et les mati\u00e8res premi\u00e8res. Il permet aux courtiers d'acc\u00e9der \u00e0 diff\u00e9rentes transactions et d'\u00e9changer des titres diff\u00e9rents au sein d'une m\u00eame plateforme.<\/p>\n\n\n\n<p>Instruments graphiques avanc\u00e9s : MT5 offre un large \u00e9ventail d'appareils d'examen sp\u00e9cialis\u00e9s et d'indicateurs pour aider les n\u00e9gociants \u00e0 analyser l'\u00e9volution des co\u00fbts et \u00e0 faire des choix \u00e9clair\u00e9s en mati\u00e8re d'\u00e9change. L'\u00e9tape offre diff\u00e9rents d\u00e9lais, des formats de graphiques personnalisables et la capacit\u00e9 d'appliquer diff\u00e9rents objets graphiques sur les graphiques.<\/p>\n\n\n\n<p>L'\u00e9change algorithmique : MT5 soutient l'\u00e9change informatis\u00e9 gr\u00e2ce \u00e0 l'utilisation de conseillers ma\u00eetres (EA). Les n\u00e9gociants peuvent cr\u00e9er ou acheter des EA, qui sont des structures d'\u00e9change informatis\u00e9es capables d'ex\u00e9cuter des \u00e9changes sur la base de r\u00e8gles pr\u00e9d\u00e9finies. MT5 utilise le dialecte de programmation MQL5 pour l'am\u00e9lioration des EA.<\/p>\n\n\n\n<p>Annoncez la profondeur, le temps et les ventes : MT5 permet d'acc\u00e9der aux donn\u00e9es relatives \u00e0 la profondeur des annonces, ce qui permet aux n\u00e9gociants de voir les co\u00fbts actuels offerts et demand\u00e9s au-del\u00e0 des informations essentielles sur les co\u00fbts. Les donn\u00e9es relatives \u00e0 l'heure et \u00e0 la date des transactions affichent l'historique des \u00e9changes, ce qui permet d'obtenir des informations sur le volume et la date des \u00e9changes.<\/p>\n\n\n\n<p>Adaptations polyvalentes et web : MetaTrader 5 est accessible sous forme d'application de bureau t\u00e9l\u00e9chargeable pour Windows et Mac, ainsi que sous forme d'applications polyvalentes pour les gadgets iOS et Android. Il existe \u00e9galement une adaptation web qui peut \u00eatre consult\u00e9e \u00e0 partir de n'importe quel navigateur web.<\/p>\n\n\n\n<p>\u00c9change en double et \u00e9change social : MT5 int\u00e8gre des \u00e9l\u00e9ments qui permettent aux n\u00e9gociants de s'engager dans un \u00e9change en double, o\u00f9 ils peuvent reproduire les \u00e9changes de n\u00e9gociants plus exp\u00e9riment\u00e9s. Il encourage \u00e9galement l'\u00e9change social, en permettant aux clients de partager leurs id\u00e9es et leurs m\u00e9thodes d'\u00e9change avec la communaut\u00e9.<\/p>\n\n\n\n<p>Publicit\u00e9 et administration des drapeaux : MT5 donne acc\u00e8s \u00e0 la publicit\u00e9 MetaTrader, o\u00f9 les clients peuvent d\u00e9couvrir et acheter des pointeurs suppl\u00e9mentaires, des EA et d'autres appareils d'\u00e9change. L'\u00e9tape offre en outre un service de drapeau, qui permet aux courtiers de s'abonner aux signaux donn\u00e9s par des courtiers exp\u00e9riment\u00e9s.<\/p>\n\n\n\n<p>Ce ne sont l\u00e0 que quelques-uns des points forts de MetaTrader 5. Il est largement utilis\u00e9 par les d\u00e9taillants, les courtiers et les \u00e9ducateurs mon\u00e9taires dans le monde entier en raison de sa grande utilit\u00e9 et de sa flexibilit\u00e9.<\/p>\n\n\n\n<p>MetaTrader 5 (MT5) est une plate-forme de n\u00e9gociation bien connue, utilis\u00e9e par les courtiers et les sp\u00e9culateurs sur les march\u00e9s budg\u00e9taires. Elle est cr\u00e9\u00e9e par MetaQuotes Computer Program et succ\u00e8de \u00e0 MetaTrader 4 (MT4). MT5 est pr\u00e9vu pour fournir une utilit\u00e9 am\u00e9lior\u00e9e et un plus grand nombre d'\u00e9changes rebelles par rapport \u00e0 son pr\u00e9d\u00e9cesseur.<\/p>\n\n\n\n<p>Voici quelques points forts de MetaTrader 5 :<\/p>\n\n\n\n<p>Une plateforme multi-actifs : MT5 permet d'\u00e9changer sur diff\u00e9rents march\u00e9s mon\u00e9taires, notamment le Forex, les actions, les contrats \u00e0 terme et les mati\u00e8res premi\u00e8res. Il permet aux courtiers d'acc\u00e9der \u00e0 diff\u00e9rentes transactions et d'\u00e9changer des titres diff\u00e9rents au sein d'une m\u00eame plateforme.<\/p>\n\n\n\n<p>Instruments graphiques avanc\u00e9s : MT5 offre un large \u00e9ventail d'appareils d'examen sp\u00e9cialis\u00e9s et d'indicateurs pour aider les n\u00e9gociants \u00e0 analyser l'\u00e9volution des co\u00fbts et \u00e0 faire des choix \u00e9clair\u00e9s en mati\u00e8re d'\u00e9change. L'\u00e9tape offre diff\u00e9rents d\u00e9lais, des formats de graphiques personnalisables et la capacit\u00e9 d'appliquer diff\u00e9rents objets graphiques sur les graphiques.<\/p>\n\n\n\n<p>L'\u00e9change algorithmique : MT5 soutient l'\u00e9change informatis\u00e9 gr\u00e2ce \u00e0 l'utilisation de conseillers ma\u00eetres (EA). Les n\u00e9gociants peuvent cr\u00e9er ou acheter des EA, qui sont des structures d'\u00e9change informatis\u00e9es capables d'ex\u00e9cuter des \u00e9changes sur la base de r\u00e8gles pr\u00e9d\u00e9finies. MT5 utilise le dialecte de programmation MQL5 pour l'am\u00e9lioration des EA.<\/p>\n\n\n\n<p>Annoncez la profondeur, le temps et les ventes : MT5 permet d'acc\u00e9der aux donn\u00e9es relatives \u00e0 la profondeur des annonces, ce qui permet aux n\u00e9gociants de voir les co\u00fbts actuels offerts et demand\u00e9s au-del\u00e0 des informations essentielles sur les co\u00fbts. Les donn\u00e9es relatives \u00e0 l'heure et \u00e0 la date des transactions affichent l'historique des \u00e9changes, ce qui permet d'obtenir des informations sur le volume et la date des \u00e9changes.<\/p>\n\n\n\n<p>Adaptations polyvalentes et web : MetaTrader 5 est accessible sous forme d'application de bureau t\u00e9l\u00e9chargeable pour Windows et Mac, ainsi que sous forme d'applications polyvalentes pour les gadgets iOS et Android. Il existe \u00e9galement une adaptation web qui peut \u00eatre consult\u00e9e \u00e0 partir de n'importe quel navigateur web.<\/p>\n\n\n\n<p>\u00c9change en double et \u00e9change social : MT5 int\u00e8gre des \u00e9l\u00e9ments qui permettent aux n\u00e9gociants de s'engager dans un \u00e9change en double, o\u00f9 ils peuvent reproduire les \u00e9changes de n\u00e9gociants plus exp\u00e9riment\u00e9s. Il encourage \u00e9galement l'\u00e9change social, en permettant aux clients de partager leurs id\u00e9es et leurs m\u00e9thodes d'\u00e9change avec la communaut\u00e9.<\/p>\n\n\n\n<p>Publicit\u00e9 et administration des drapeaux : MT5 donne acc\u00e8s \u00e0 la publicit\u00e9 MetaTrader, o\u00f9 les clients peuvent d\u00e9couvrir et acheter des pointeurs suppl\u00e9mentaires, des EA et d'autres appareils d'\u00e9change. L'\u00e9tape offre en outre un service de drapeau, qui permet aux courtiers de s'abonner aux signaux donn\u00e9s par des courtiers exp\u00e9riment\u00e9s.<\/p>\n\n\n\n<p>Ce ne sont l\u00e0 que quelques-uns des points forts de MetaTrader 5. Il est largement utilis\u00e9 par les d\u00e9taillants, les courtiers et les \u00e9ducateurs mon\u00e9taires dans le monde entier en raison de sa grande utilit\u00e9 et de sa flexibilit\u00e9.<\/p>\n\n\n\n<p>MetaTrader 5 (MT5) est une plate-forme de n\u00e9gociation bien connue, utilis\u00e9e par les courtiers et les sp\u00e9culateurs sur les march\u00e9s budg\u00e9taires. Elle est cr\u00e9\u00e9e par MetaQuotes Computer Program et succ\u00e8de \u00e0 MetaTrader 4 (MT4). MT5 est pr\u00e9vu pour fournir une utilit\u00e9 am\u00e9lior\u00e9e et un plus grand nombre d'\u00e9changes rebelles par rapport \u00e0 son pr\u00e9d\u00e9cesseur.<\/p>\n\n\n\n<p>Voici quelques points forts de MetaTrader 5 :<\/p>\n\n\n\n<p>Une plateforme multi-actifs : MT5 permet d'\u00e9changer sur diff\u00e9rents march\u00e9s mon\u00e9taires, notamment le Forex, les actions, les contrats \u00e0 terme et les mati\u00e8res premi\u00e8res. Il permet aux courtiers d'acc\u00e9der \u00e0 diff\u00e9rentes transactions et d'\u00e9changer des titres diff\u00e9rents au sein d'une m\u00eame plateforme.<\/p>\n\n\n\n<p>Instruments graphiques avanc\u00e9s : MT5 offre un large \u00e9ventail d'appareils d'examen sp\u00e9cialis\u00e9s et d'indicateurs pour aider les n\u00e9gociants \u00e0 analyser l'\u00e9volution des co\u00fbts et \u00e0 faire des choix \u00e9clair\u00e9s en mati\u00e8re d'\u00e9change. L'\u00e9tape offre diff\u00e9rents d\u00e9lais, des formats de graphiques personnalisables et la capacit\u00e9 d'appliquer diff\u00e9rents objets graphiques sur les graphiques.<\/p>\n\n\n\n<p>L'\u00e9change algorithmique : MT5 soutient l'\u00e9change informatis\u00e9 gr\u00e2ce \u00e0 l'utilisation de conseillers ma\u00eetres (EA). Les n\u00e9gociants peuvent cr\u00e9er ou acheter des EA, qui sont des structures d'\u00e9change informatis\u00e9es capables d'ex\u00e9cuter des \u00e9changes sur la base de r\u00e8gles pr\u00e9d\u00e9finies. MT5 utilise le dialecte de programmation MQL5 pour l'am\u00e9lioration des EA.<\/p>\n\n\n\n<p>Annoncez la profondeur, le temps et les ventes : MT5 permet d'acc\u00e9der aux donn\u00e9es relatives \u00e0 la profondeur des annonces, ce qui permet aux n\u00e9gociants de voir les co\u00fbts actuels offerts et demand\u00e9s au-del\u00e0 des informations essentielles sur les co\u00fbts. Les donn\u00e9es relatives \u00e0 l'heure et \u00e0 la date des transactions affichent l'historique des \u00e9changes, ce qui permet d'obtenir des informations sur le volume et la date des \u00e9changes.<\/p>\n\n\n\n<p>Adaptations polyvalentes et web : MetaTrader 5 est accessible sous forme d'application de bureau t\u00e9l\u00e9chargeable pour Windows et Mac, ainsi que sous forme d'applications polyvalentes pour les gadgets iOS et Android. Il existe \u00e9galement une adaptation web qui peut \u00eatre consult\u00e9e \u00e0 partir de n'importe quel navigateur web.<\/p>\n\n\n\n<p>\u00c9change en double et \u00e9change social : MT5 int\u00e8gre des \u00e9l\u00e9ments qui permettent aux n\u00e9gociants de s'engager dans un \u00e9change en double, o\u00f9 ils peuvent reproduire les \u00e9changes de n\u00e9gociants plus exp\u00e9riment\u00e9s. Il encourage \u00e9galement l'\u00e9change social, en permettant aux clients de partager leurs id\u00e9es et leurs m\u00e9thodes d'\u00e9change avec la communaut\u00e9.<\/p>\n\n\n\n<p>Publicit\u00e9 et administration des drapeaux : MT5 donne acc\u00e8s \u00e0 la publicit\u00e9 MetaTrader, o\u00f9 les clients peuvent d\u00e9couvrir et acheter des pointeurs suppl\u00e9mentaires, des EA et d'autres appareils d'\u00e9change. L'\u00e9tape offre en outre un service de drapeau, qui permet aux courtiers de s'abonner aux signaux donn\u00e9s par des courtiers exp\u00e9riment\u00e9s.<\/p>\n\n\n\n<p>Ce ne sont l\u00e0 que quelques-uns des points forts de MetaTrader 5. Il est largement utilis\u00e9 par les d\u00e9taillants, les courtiers et les \u00e9ducateurs mon\u00e9taires dans le monde entier en raison de sa grande utilit\u00e9 et de sa flexibilit\u00e9.<\/p>\n\n\n\n<p>MetaTrader 5 (MT5) est une plate-forme de n\u00e9gociation bien connue, utilis\u00e9e par les courtiers et les sp\u00e9culateurs sur les march\u00e9s budg\u00e9taires. Elle est cr\u00e9\u00e9e par MetaQuotes Computer Program et succ\u00e8de \u00e0 MetaTrader 4 (MT4). MT5 est pr\u00e9vu pour fournir une utilit\u00e9 am\u00e9lior\u00e9e et un plus grand nombre d'\u00e9changes rebelles par rapport \u00e0 son pr\u00e9d\u00e9cesseur.<\/p>\n\n\n\n<p>Voici quelques points forts de MetaTrader 5 :<\/p>\n\n\n\n<p>Une plateforme multi-actifs : MT5 permet d'\u00e9changer sur diff\u00e9rents march\u00e9s mon\u00e9taires, notamment le Forex, les actions, les contrats \u00e0 terme et les mati\u00e8res premi\u00e8res. Il permet aux courtiers d'acc\u00e9der \u00e0 diff\u00e9rentes transactions et d'\u00e9changer des titres diff\u00e9rents au sein d'une m\u00eame plateforme.<\/p>\n\n\n\n<p>Instruments graphiques avanc\u00e9s : MT5 offre un large \u00e9ventail d'appareils d'examen sp\u00e9cialis\u00e9s et d'indicateurs pour aider les n\u00e9gociants \u00e0 analyser l'\u00e9volution des co\u00fbts et \u00e0 faire des choix \u00e9clair\u00e9s en mati\u00e8re d'\u00e9change. L'\u00e9tape offre diff\u00e9rents d\u00e9lais, des formats de graphiques personnalisables et la capacit\u00e9 d'appliquer diff\u00e9rents objets graphiques sur les graphiques.<\/p>\n\n\n\n<p>L'\u00e9change algorithmique : MT5 soutient l'\u00e9change informatis\u00e9 gr\u00e2ce \u00e0 l'utilisation de conseillers ma\u00eetres (EA). Les n\u00e9gociants peuvent cr\u00e9er ou acheter des EA, qui sont des structures d'\u00e9change informatis\u00e9es capables d'ex\u00e9cuter des \u00e9changes sur la base de r\u00e8gles pr\u00e9d\u00e9finies. MT5 utilise le dialecte de programmation MQL5 pour l'am\u00e9lioration des EA.<\/p>\n\n\n\n<p>Annoncez la profondeur, le temps et les ventes : MT5 permet d'acc\u00e9der aux donn\u00e9es relatives \u00e0 la profondeur des annonces, ce qui permet aux n\u00e9gociants de voir les co\u00fbts actuels offerts et demand\u00e9s au-del\u00e0 des informations essentielles sur les co\u00fbts. Les donn\u00e9es relatives \u00e0 l'heure et \u00e0 la date des transactions affichent l'historique des \u00e9changes, ce qui permet d'obtenir des informations sur le volume et la date des \u00e9changes.<\/p>\n\n\n\n<p>Adaptations polyvalentes et web : MetaTrader 5 est accessible sous forme d'application de bureau t\u00e9l\u00e9chargeable pour Windows et Mac, ainsi que sous forme d'applications polyvalentes pour les gadgets iOS et Android. Il existe \u00e9galement une adaptation web qui peut \u00eatre consult\u00e9e \u00e0 partir de n'importe quel navigateur web.<\/p>\n\n\n\n<p>\u00c9change en double et \u00e9change social : MT5 int\u00e8gre des \u00e9l\u00e9ments qui permettent aux n\u00e9gociants de s'engager dans un \u00e9change en double, o\u00f9 ils peuvent reproduire les \u00e9changes de n\u00e9gociants plus exp\u00e9riment\u00e9s. Il encourage \u00e9galement l'\u00e9change social, en permettant aux clients de partager leurs id\u00e9es et leurs m\u00e9thodes d'\u00e9change avec la communaut\u00e9.<\/p>\n\n\n\n<p>Publicit\u00e9 et administration des drapeaux : MT5 donne acc\u00e8s \u00e0 la publicit\u00e9 MetaTrader, o\u00f9 les clients peuvent d\u00e9couvrir et acheter des pointeurs suppl\u00e9mentaires, des EA et d'autres appareils d'\u00e9change. L'\u00e9tape offre en outre un service de drapeau, qui permet aux courtiers de s'abonner aux signaux donn\u00e9s par des courtiers exp\u00e9riment\u00e9s.<\/p>\n\n\n\n<p>Ce ne sont l\u00e0 que quelques-uns des points forts de MetaTrader 5. Il est largement utilis\u00e9 par les d\u00e9taillants, les courtiers et les \u00e9ducateurs mon\u00e9taires dans le monde entier en raison de sa grande utilit\u00e9 et de sa flexibilit\u00e9.<\/p>\n\n\n\n<p>MetaTrader 5 (MT5) est une plate-forme de n\u00e9gociation bien connue, utilis\u00e9e par les courtiers et les sp\u00e9culateurs sur les march\u00e9s budg\u00e9taires. Elle est cr\u00e9\u00e9e par MetaQuotes Computer Program et succ\u00e8de \u00e0 MetaTrader 4 (MT4). MT5 est pr\u00e9vu pour fournir une utilit\u00e9 am\u00e9lior\u00e9e et un plus grand nombre d'\u00e9changes rebelles par rapport \u00e0 son pr\u00e9d\u00e9cesseur.<\/p>\n\n\n\n<p>Voici quelques points forts de MetaTrader 5 :<\/p>\n\n\n\n<p>Une plateforme multi-actifs : MT5 permet d'\u00e9changer sur diff\u00e9rents march\u00e9s mon\u00e9taires, notamment le Forex, les actions, les contrats \u00e0 terme et les mati\u00e8res premi\u00e8res. Il permet aux courtiers d'acc\u00e9der \u00e0 diff\u00e9rentes transactions et d'\u00e9changer des titres diff\u00e9rents au sein d'une m\u00eame plateforme.<\/p>\n\n\n\n<p>Instruments graphiques avanc\u00e9s : MT5 offre un large \u00e9ventail d'appareils d'examen sp\u00e9cialis\u00e9s et d'indicateurs pour aider les n\u00e9gociants \u00e0 analyser l'\u00e9volution des co\u00fbts et \u00e0 faire des choix \u00e9clair\u00e9s en mati\u00e8re d'\u00e9change. L'\u00e9tape offre diff\u00e9rents d\u00e9lais, des formats de graphiques personnalisables et la capacit\u00e9 d'appliquer diff\u00e9rents objets graphiques sur les graphiques.<\/p>\n\n\n\n<p>L'\u00e9change algorithmique : MT5 soutient l'\u00e9change informatis\u00e9 gr\u00e2ce \u00e0 l'utilisation de conseillers ma\u00eetres (EA). Les n\u00e9gociants peuvent cr\u00e9er ou acheter des EA, qui sont des structures d'\u00e9change informatis\u00e9es capables d'ex\u00e9cuter des \u00e9changes sur la base de r\u00e8gles pr\u00e9d\u00e9finies. MT5 utilise le dialecte de programmation MQL5 pour l'am\u00e9lioration des EA.<\/p>\n\n\n\n<p>Annoncez la profondeur, le temps et les ventes : MT5 permet d'acc\u00e9der aux donn\u00e9es relatives \u00e0 la profondeur des annonces, ce qui permet aux n\u00e9gociants de voir les co\u00fbts actuels offerts et demand\u00e9s au-del\u00e0 des informations essentielles sur les co\u00fbts. Les donn\u00e9es relatives \u00e0 l'heure et \u00e0 la date des transactions affichent l'historique des \u00e9changes, ce qui permet d'obtenir des informations sur le volume et la date des \u00e9changes.<\/p>\n\n\n\n<p>Adaptations polyvalentes et web : MetaTrader 5 est accessible sous forme d'application de bureau t\u00e9l\u00e9chargeable pour Windows et Mac, ainsi que sous forme d'applications polyvalentes pour les gadgets iOS et Android. Il existe \u00e9galement une adaptation web qui peut \u00eatre consult\u00e9e \u00e0 partir de n'importe quel navigateur web.<\/p>\n\n\n\n<p>\u00c9change en double et \u00e9change social : MT5 int\u00e8gre des \u00e9l\u00e9ments qui permettent aux n\u00e9gociants de s'engager dans un \u00e9change en double, o\u00f9 ils peuvent reproduire les \u00e9changes de n\u00e9gociants plus exp\u00e9riment\u00e9s. Il encourage \u00e9galement l'\u00e9change social, en permettant aux clients de partager leurs id\u00e9es et leurs m\u00e9thodes d'\u00e9change avec la communaut\u00e9.<\/p>\n\n\n\n<p>Publicit\u00e9 et administration des drapeaux : MT5 donne acc\u00e8s \u00e0 la publicit\u00e9 MetaTrader, o\u00f9 les clients peuvent d\u00e9couvrir et acheter des pointeurs suppl\u00e9mentaires, des EA et d'autres appareils d'\u00e9change. L'\u00e9tape offre en outre un service de drapeau, qui permet aux courtiers de s'abonner aux signaux donn\u00e9s par des courtiers exp\u00e9riment\u00e9s.<\/p>\n\n\n\n<p>Ce ne sont l\u00e0 que quelques-uns des points forts de MetaTrader 5. Il est largement utilis\u00e9 par les d\u00e9taillants, les courtiers et les \u00e9ducateurs mon\u00e9taires dans le monde entier en raison de sa grande utilit\u00e9 et de sa flexibilit\u00e9.<\/p>","protected":false},"excerpt":{"rendered":"<p>metatrader 5 account\/indicators for metatrader 5 metatrader 5 metatrader 5 metatrader 5 MetaTrader 5 (MT5)&nbsp;could be a&nbsp;well known&nbsp;trading platform&nbsp;utilized&nbsp;by&nbsp;dealers&nbsp;and&nbsp;speculators&nbsp;within the&nbsp;budgetary&nbsp;markets. It is&nbsp;created&nbsp;by MetaQuotes&nbsp;Computer program&nbsp;and is the successor to MetaTrader 4 (MT4). MT5 is&nbsp;planned&nbsp;to supply&nbsp;upgraded&nbsp;usefulness&nbsp;and a broader&nbsp;run&nbsp;of&nbsp;exchanging&nbsp;rebellious&nbsp;compared to its&nbsp;forerunner. Here are&nbsp;a few&nbsp;key&nbsp;highlights&nbsp;of MetaTrader 5: Multi-asset&nbsp;stage: MT5&nbsp;bolsters&nbsp;exchanging&nbsp;in&nbsp;different&nbsp;monetary&nbsp;markets,&nbsp;counting&nbsp;Forex, stocks,&nbsp;prospects, and commodities. It&nbsp;permits&nbsp;dealers&nbsp;to&nbsp;get to&nbsp;different&nbsp;trades&nbsp;and&nbsp;exchange&nbsp;distinctive&nbsp;rebellious&nbsp;inside&nbsp;a single&nbsp;stage. Advanced charting&nbsp;instruments: MT5 offers [&hellip;]<\/p>\n","protected":false},"author":204281813,"featured_media":6316,"parent":0,"menu_order":0,"comment_status":"closed","ping_status":"closed","template":"","meta":{"inline_featured_image":false,"footnotes":""},"class_list":["post-15576","page","type-page","status-publish","has-post-thumbnail","hentry"],"acf":[],"a3_pvc":{"activated":false,"total_views":0,"today_views":0},"_links":{"self":[{"href":"https:\/\/oxshare.com\/fr\/wp-json\/wp\/v2\/pages\/15576","targetHints":{"allow":["GET"]}}],"collection":[{"href":"https:\/\/oxshare.com\/fr\/wp-json\/wp\/v2\/pages"}],"about":[{"href":"https:\/\/oxshare.com\/fr\/wp-json\/wp\/v2\/types\/page"}],"author":[{"embeddable":true,"href":"https:\/\/oxshare.com\/fr\/wp-json\/wp\/v2\/users\/204281813"}],"replies":[{"embeddable":true,"href":"https:\/\/oxshare.com\/fr\/wp-json\/wp\/v2\/comments?post=15576"}],"version-history":[{"count":1,"href":"https:\/\/oxshare.com\/fr\/wp-json\/wp\/v2\/pages\/15576\/revisions"}],"predecessor-version":[{"id":15577,"href":"https:\/\/oxshare.com\/fr\/wp-json\/wp\/v2\/pages\/15576\/revisions\/15577"}],"wp:featuredmedia":[{"embeddable":true,"href":"https:\/\/oxshare.com\/fr\/wp-json\/wp\/v2\/media\/6316"}],"wp:attachment":[{"href":"https:\/\/oxshare.com\/fr\/wp-json\/wp\/v2\/media?parent=15576"}],"curies":[{"name":"wp","href":"https:\/\/api.w.org\/{rel}","templated":true}]}}