{"id":15596,"date":"2026-03-16T20:14:17","date_gmt":"2026-03-16T18:14:17","guid":{"rendered":"https:\/\/oxshare.com\/?page_id=15596"},"modified":"2026-03-16T20:15:19","modified_gmt":"2026-03-16T18:15:19","slug":"pamm-master-v2","status":"publish","type":"page","link":"https:\/\/oxshare.com\/fr\/v2\/paam-master","title":{"rendered":"PAMM (Ma\u00eetre) v2"},"content":{"rendered":"<p>meilleure plateforme de gestionnaire de compte de trading<\/p>\n\n\n\n<h1>Gestionnaire de compte commercial<\/h1>\n<h2>Gestionnaire de compte commercial<\/h2>\n<h3>Gestionnaire de compte commercial<\/h3>\n<h4>Gestionnaire de compte commercial<\/h4>\n\n\n\n<p>Il existe diff\u00e9rentes \u00e9tapes d'\u00e9change accessibles pour diff\u00e9rents march\u00e9s budg\u00e9taires. Voici quelques \u00e9tapes d'\u00e9change bien connues :<\/p>\n\n\n\n<p>MetaTrader : MetaTrader peut \u00eatre une plateforme largement utilis\u00e9e pour les \u00e9changes dans le cadre du commerce ext\u00e9rieur (Forex). Il offre un ensemble complet de dispositifs et de points forts pour l'analyse technique, les graphiques et l'\u00e9change robotis\u00e9.<\/p>\n\n\n\n<p><br>Ce ne sont l\u00e0 que quelques cas, et il existe de nombreuses autres \u00e9tapes d'\u00e9change, chacune ayant ses propres caract\u00e9ristiques et son propre centre. <\/p>\n\n\n\n<p>Il est essentiel d'\u00e9tudier et de prendre en compte des variables telles que les d\u00e9penses, la s\u00e9curit\u00e9, les march\u00e9s accessibles, l'implication des clients et le soutien apport\u00e9 \u00e0 ces derniers..3<\/p>\n\n\n\n<p>Un gestionnaire de comptes multiples (MAM) peut \u00eatre une \u00e9tape ou un programme d'\u00e9change qui permet \u00e0 un seul courtier ou chef de la tr\u00e9sorerie de superviser plusieurs comptes de n\u00e9gociation en m\u00eame temps. Il est couramment utilis\u00e9 sur le march\u00e9 des changes, mais il peut \u00e9galement s'appliquer \u00e0 d'autres march\u00e9s mon\u00e9taires.<\/p>\n\n\n\n<p>Voici comment fonctionne normalement une MAM :<\/p>\n\n\n\n<p>Compte d'as : Le croupier ou le chef de caisse travaille \u00e0 partir d'un compte d'as. Ce compte est associ\u00e9 au programme informatique ou \u00e0 l'\u00e9tape MAM.<\/p>\n\n\n\n<p>Sous-comptes : Le programme informatique MAM relie diff\u00e9rents sous-comptes au compte as. Ces sous-comptes sont destin\u00e9s \u00e0 accueillir des sp\u00e9cialistes financiers ou des clients dont les op\u00e9rations de change doivent \u00eatre supervis\u00e9es par le compte as.<\/p>\n\n\n\n<p>Strat\u00e9gies d'affectation : Le programme informatique MAM propose diff\u00e9rentes m\u00e9thodes d'affectation pour diffuser les \u00e9changes du compte de l'as vers les sous-comptes. Les strat\u00e9gies les plus courantes sont l'attribution de taux, l'attribution de mesures parcellaires ou l'attribution de valeurs.<\/p>\n\n\n\n<p>Il existe diff\u00e9rentes \u00e9tapes d'\u00e9change accessibles pour diff\u00e9rents march\u00e9s budg\u00e9taires. Voici quelques \u00e9tapes d'\u00e9change bien connues :<\/p>\n\n\n\n<p>MetaTrader : MetaTrader peut \u00eatre une plateforme largement utilis\u00e9e pour les \u00e9changes dans le cadre du commerce ext\u00e9rieur (Forex). Il offre un ensemble complet de dispositifs et de points forts pour l'analyse technique, les graphiques et l'\u00e9change robotis\u00e9.<\/p>\n\n\n\n<p><br>Ce ne sont l\u00e0 que quelques cas, et il existe de nombreuses autres \u00e9tapes d'\u00e9change, chacune ayant ses propres caract\u00e9ristiques et son propre centre. <\/p>\n\n\n\n<h2>Plateforme d&#039;\u00e9changes<\/h2>\n<h3>Plateforme d&#039;\u00e9changes<\/h3>\n<h4>Plateforme d&#039;\u00e9changes<\/h4>\n\n\n\n<p>Il est essentiel d'\u00e9tudier et de prendre en compte des variables telles que les d\u00e9penses, la s\u00e9curit\u00e9, les march\u00e9s accessibles, l'implication des clients et le soutien apport\u00e9 \u00e0 ces derniers..3<\/p>\n\n\n\n<p>Un gestionnaire de comptes multiples (MAM) peut \u00eatre une \u00e9tape ou un programme d'\u00e9change qui permet \u00e0 un seul courtier ou chef de la tr\u00e9sorerie de superviser plusieurs comptes de n\u00e9gociation en m\u00eame temps. Il est couramment utilis\u00e9 sur le march\u00e9 des changes, mais il peut \u00e9galement s'appliquer \u00e0 d'autres march\u00e9s mon\u00e9taires.<\/p>\n\n\n\n<p>Voici comment fonctionne normalement une MAM :<\/p>\n\n\n\n<p>Compte d'as : Le croupier ou le chef de caisse travaille \u00e0 partir d'un compte d'as. Ce compte est associ\u00e9 au programme informatique ou \u00e0 l'\u00e9tape MAM.<\/p>\n\n\n\n<p>Sous-comptes : Le programme informatique MAM relie diff\u00e9rents sous-comptes au compte as. Ces sous-comptes sont destin\u00e9s \u00e0 accueillir des sp\u00e9cialistes financiers ou des clients dont les op\u00e9rations de change doivent \u00eatre supervis\u00e9es par le compte as.<\/p>\n\n\n\n<p>Strat\u00e9gies d'affectation : Le programme informatique MAM propose diff\u00e9rentes m\u00e9thodes d'affectation pour diffuser les \u00e9changes du compte de l'as vers les sous-comptes. Les strat\u00e9gies les plus courantes sont l'attribution de taux, l'attribution de mesures parcellaires ou l'attribution de valeurs.<\/p>\n\n\n\n<p>Ex\u00e9cution de l'\u00e9change : Lorsque le compte as ex\u00e9cute un \u00e9change, le programme MAM reproduit naturellement l'\u00e9change sur tous les sous-comptes connect\u00e9s en fonction de la strat\u00e9gie d'allotissement choisie. L'\u00e9change est ex\u00e9cut\u00e9 au m\u00eame co\u00fbt et avec les m\u00eames param\u00e8tres sur chaque sous-compte.<\/p>\n\n\n\n<p>Il existe diff\u00e9rentes \u00e9tapes d'\u00e9change accessibles pour diff\u00e9rents march\u00e9s budg\u00e9taires. Voici quelques \u00e9tapes d'\u00e9change bien connues :<\/p>\n\n\n\n<p>MetaTrader : MetaTrader peut \u00eatre une plateforme largement utilis\u00e9e pour les \u00e9changes dans le cadre du commerce ext\u00e9rieur (Forex). Il offre un ensemble complet de dispositifs et de points forts pour l'analyse technique, les graphiques et l'\u00e9change robotis\u00e9.<\/p>\n\n\n\n<p><br>Ce ne sont l\u00e0 que quelques cas, et il existe de nombreuses autres \u00e9tapes d'\u00e9change, chacune ayant ses propres caract\u00e9ristiques et son propre centre. <\/p>\n\n\n\n<p>Il est essentiel d'\u00e9tudier et de prendre en compte des variables telles que les d\u00e9penses, la s\u00e9curit\u00e9, les march\u00e9s accessibles, l'implication des clients et le soutien apport\u00e9 \u00e0 ces derniers..3<\/p>\n\n\n\n<p>Un gestionnaire de compte de n\u00e9gociation, \u00e9galement appel\u00e9 gestionnaire de fonds ou gestionnaire de portefeuille, est une personne ou une entit\u00e9 charg\u00e9e de g\u00e9rer et de superviser les activit\u00e9s de n\u00e9gociation au sein d'un compte de n\u00e9gociation d\u00e9sign\u00e9. Le r\u00f4le principal d'un gestionnaire de compte de n\u00e9gociation est de prendre des d\u00e9cisions d'investissement et d'ex\u00e9cuter des transactions pour le compte du propri\u00e9taire du compte ou des investisseurs.<\/p>\n\n\n\n<p>Voici quelques-unes des principales responsabilit\u00e9s et fonctions d'un gestionnaire de comptes commerciaux :<\/p>\n\n\n\n<ol class=\"wp-block-list\">\n<li>D\u00e9veloppement de la strat\u00e9gie d'investissement : Le gestionnaire de compte \u00e9labore une strat\u00e9gie d'investissement en fonction des objectifs du titulaire du compte, de sa tol\u00e9rance au risque et des conditions du march\u00e9. Il peut utiliser diverses strat\u00e9gies, telles que l'analyse technique, l'analyse fondamentale ou une combinaison des deux, pour identifier les opportunit\u00e9s de n\u00e9gociation potentielles.<\/li>\n\n\n\n<li>Ex\u00e9cution des transactions : Le gestionnaire de compte ex\u00e9cute les transactions pour le compte du titulaire du compte, en suivant la strat\u00e9gie d'investissement pr\u00e9d\u00e9termin\u00e9e. Il surveille les march\u00e9s, analyse les mouvements de prix et place les transactions en cons\u00e9quence.<\/li>\n\n\n\n<li>Gestion des risques : Les gestionnaires de compte sont responsables de la gestion des risques au sein du compte de n\u00e9gociation. Ils mettent en \u0153uvre des techniques de gestion des risques, telles que l'\u00e9tablissement d'ordres stop-loss ou l'utilisation de strat\u00e9gies de couverture, afin d'att\u00e9nuer les pertes potentielles et de prot\u00e9ger le capital du compte.<\/li>\n\n\n\n<li>Suivi des performances : Les gestionnaires de compte suivent les performances du compte de n\u00e9gociation et fournissent des mises \u00e0 jour r\u00e9guli\u00e8res au propri\u00e9taire du compte ou aux investisseurs. Ils analysent la rentabilit\u00e9 du compte, les rendements ajust\u00e9s au risque et d'autres indicateurs de performance afin d'\u00e9valuer l'efficacit\u00e9 de la strat\u00e9gie d'investissement.<\/li>\n\n\n\n<li>Rapports et communication : Les gestionnaires de compte produisent des rapports p\u00e9riodiques d\u00e9taillant les performances du compte, y compris l'historique des transactions, les gains\/pertes r\u00e9alis\u00e9s et non r\u00e9alis\u00e9s, et la composition du portefeuille. Ils communiquent avec le titulaire du compte ou les investisseurs, r\u00e9pondent \u00e0 toute question ou pr\u00e9occupation et fournissent des informations sur les conditions du march\u00e9 et les d\u00e9cisions d'investissement.<\/li>\n\n\n\n<li>Conformit\u00e9 et r\u00e9glementation : Les gestionnaires de compte op\u00e8rent dans le cadre juridique et r\u00e9glementaire du secteur financier. Ils veillent au respect des r\u00e9glementations applicables et des normes \u00e9thiques dans la gestion du compte de n\u00e9gociation.<\/li>\n<\/ol>\n\n\n\n<p>Il est important que les investisseurs \u00e9valuent soigneusement les qualifications, les ant\u00e9c\u00e9dents et la r\u00e9putation d'un gestionnaire de compte de n\u00e9gociation avant de lui confier leurs fonds. Il convient de faire preuve de diligence raisonnable pour \u00e9valuer l'expertise du gestionnaire, l'historique de ses performances, son approche de l'investissement et ses pratiques en mati\u00e8re de gestion des risques. Les investisseurs doivent \u00e9galement \u00eatre conscients des frais ou des structures de r\u00e9mun\u00e9ration associ\u00e9s \u00e0 l'utilisation des services d'un gestionnaire de compte de n\u00e9gociation.<\/p>\n\n\n\n<p><\/p>\n\n\n\n<h2>Plateforme d&#039;\u00e9changes<\/h2>\n<h3>Plateforme d&#039;\u00e9changes<\/h3>\n<h4>Plateforme d&#039;\u00e9changes<\/h4>\n\n\n\n<p><a href=\"https:\/\/oxshareprime.com\/forex\/\" target=\"_blank\" rel=\"noreferrer noopener\">Forex - OXShare Premier<\/a> \/ <a href=\"https:\/\/oxshare.com\/fr\/about-forex-trade\/\" target=\"_blank\" rel=\"noreferrer noopener\">OXShare (meilleure plateforme de trading forex exploitable) - \u00c0 propos de nous<\/a><\/p>\n\n\n\n<p>la meilleure plateforme de trading\/la meilleure plateforme de paper trading\/quelle est la meilleure plateforme pour trader ?<\/p>\n\n\n\n<figure class=\"wp-block-image size-full\"><img loading=\"lazy\" decoding=\"async\" width=\"300\" height=\"300\" src=\"https:\/\/oxshare.com\/wp-content\/uploads\/2023\/06\/cropped-Favicon2@1000px-9-300x300-5.png\" alt=\"\" class=\"wp-image-7072\" srcset=\"https:\/\/oxshare.com\/wp-content\/uploads\/2023\/06\/cropped-Favicon2@1000px-9-300x300-5.png 300w, https:\/\/oxshare.com\/wp-content\/uploads\/2023\/06\/cropped-Favicon2@1000px-9-300x300-5-150x150.png 150w, https:\/\/oxshare.com\/wp-content\/uploads\/2023\/06\/cropped-Favicon2@1000px-9-300x300-5-12x12.png 12w\" sizes=\"auto, (max-width: 300px) 100vw, 300px\" \/><\/figure>","protected":false},"excerpt":{"rendered":"<p>best Trading Account Manager platform Trading Account Manager Trading Account Manager Trading Account Manager Trading Account Manager There are various exchanging stages accessible for different budgetary markets. Here are a few well known exchanging stages: MetaTrader: MetaTrader may be a broadly utilized stage for exchanging within the outside trade (Forex) showcase. It offers a comprehensive [&hellip;]<\/p>\n","protected":false},"author":204281813,"featured_media":6127,"parent":0,"menu_order":0,"comment_status":"closed","ping_status":"closed","template":"","meta":{"inline_featured_image":false,"footnotes":""},"class_list":["post-15596","page","type-page","status-publish","has-post-thumbnail","hentry"],"acf":[],"a3_pvc":{"activated":false,"total_views":0,"today_views":0},"_links":{"self":[{"href":"https:\/\/oxshare.com\/fr\/wp-json\/wp\/v2\/pages\/15596","targetHints":{"allow":["GET"]}}],"collection":[{"href":"https:\/\/oxshare.com\/fr\/wp-json\/wp\/v2\/pages"}],"about":[{"href":"https:\/\/oxshare.com\/fr\/wp-json\/wp\/v2\/types\/page"}],"author":[{"embeddable":true,"href":"https:\/\/oxshare.com\/fr\/wp-json\/wp\/v2\/users\/204281813"}],"replies":[{"embeddable":true,"href":"https:\/\/oxshare.com\/fr\/wp-json\/wp\/v2\/comments?post=15596"}],"version-history":[{"count":1,"href":"https:\/\/oxshare.com\/fr\/wp-json\/wp\/v2\/pages\/15596\/revisions"}],"predecessor-version":[{"id":15597,"href":"https:\/\/oxshare.com\/fr\/wp-json\/wp\/v2\/pages\/15596\/revisions\/15597"}],"wp:featuredmedia":[{"embeddable":true,"href":"https:\/\/oxshare.com\/fr\/wp-json\/wp\/v2\/media\/6127"}],"wp:attachment":[{"href":"https:\/\/oxshare.com\/fr\/wp-json\/wp\/v2\/media?parent=15596"}],"curies":[{"name":"wp","href":"https:\/\/api.w.org\/{rel}","templated":true}]}}