{"id":367,"date":"2021-06-09T14:56:53","date_gmt":"2021-06-09T11:56:53","guid":{"rendered":"https:\/\/oxshare.com\/?page_id=367"},"modified":"2024-01-29T16:48:21","modified_gmt":"2024-01-29T14:48:21","slug":"standard-account","status":"publish","type":"page","link":"https:\/\/oxshare.com\/fr\/standard-account","title":{"rendered":"Compte standard"},"content":{"rendered":"<p>commencer le trading forex<\/p>\n\n\n\n<h1>commencer le trading forex<\/h1>\n<h2>commencer le trading forex<\/h2>\n<h3>commencer le trading forex<\/h3>\n\n\n\n\n\n\n\n<p><a href=\"https:\/\/oxshareprime.com\/forex\/\" target=\"_blank\" rel=\"noreferrer noopener\">Forex - OXShare Premier<\/a> Comment faire pour commencer \u00e0 trader sur le forex ? Comment faire pour commencer \u00e0 trader sur le forex ? <\/p>\n\n\n\n<p>Commencer \u00e0 \u00e9changer sur le march\u00e9 des changes peut \u00eatre une exp\u00e9rience stimulante, mais il est imp\u00e9ratif de l'aborder avec les informations et l'\u00e9tat d'esprit ad\u00e9quats. Voici quelques \u00e9tapes pour vous aider \u00e0 d\u00e9marrer :<\/p>\n\n\n\n<p>Renseignez-vous : L'\u00e9change de devises comprend l'achat et l'offre de normes mon\u00e9taires sur le march\u00e9 mondial du commerce \u00e0 distance. Prenez le temps de vous familiariser avec les \u00e9l\u00e9ments essentiels de l'\u00e9change sur le march\u00e9 des changes, notamment le fonctionnement de la bourse, les diff\u00e9rentes m\u00e9thodes de n\u00e9gociation, la gestion des risques et les \u00e9tudes sp\u00e9cialis\u00e9es.<\/p>\n\n\n\n<p>Fixez des objectifs clairs : D\u00e9terminez ce que vous voulez atteindre gr\u00e2ce au trading sur le march\u00e9 des changes. Fixez des objectifs raisonnables et pr\u00e9cis, tels qu'un taux de b\u00e9n\u00e9fice cible ou un certain nombre de pips par mois. Cela vous aidera \u00e0 rester concentr\u00e9 et \u00e0 progresser.<\/p>\n\n\n\n<p>Choisir un courtier solide : Il est important de choisir un courtier en devises digne de confiance. Recherchez des courtiers qui sont contr\u00f4l\u00e9s par des sp\u00e9cialistes du budget l\u00e9gitimes et qui offrent une plateforme d'\u00e9change conviviale, des spreads comp\u00e9titifs, une ex\u00e9cution fiable et un grand soutien \u00e0 la client\u00e8le.<\/p>\n\n\n\n<p>Ouvrir un compte d'\u00e9change : Une fois que vous avez choisi un courtier, vous devez ouvrir un compte d'\u00e9change. Fournissez les documents n\u00e9cessaires, remplissez la demande d'ouverture de compte et financez votre compte avec une somme que vous \u00eates pr\u00eat \u00e0 mettre en jeu.<\/p>\n\n\n\n<p>Se perfectionner avec un compte de d\u00e9monstration : La plupart des courtiers proposent des comptes de d\u00e9monstration qui vous permettent d'\u00e9changer en utilisant de l'argent virtuel. Profitez-en pour vous familiariser avec l'\u00e9tape de l'\u00e9change, tester diverses m\u00e9thodologies et vous impliquer de mani\u00e8re viable sans risquer de vraies r\u00e9serves. commencer le trading forex<\/p>\n\n\n\n<p>Cr\u00e9ez un plan d'\u00e9change : Un plan d'\u00e9change sch\u00e9matise votre proc\u00e9dure, les r\u00e8gles de passage et de sortie, les r\u00e8gles d'administration des chances et les types d'analyse que vous utiliserez. Le fait de disposer d'un plan bien d\u00e9fini vous permet de rester instruit et rend moins difficile la prise de d\u00e9cisions r\u00e9fl\u00e9chies.<\/p>\n\n\n\n<p>Commencez petit : Commencez par des \u00e9changes de petite taille et augmentez-les lentement au fur et \u00e0 mesure que vous gagnez en exp\u00e9rience et en certitude. Ne risquez pas plus que ce que vous pouvez supporter de perdre. Il est fondamental de surveiller votre risque de mani\u00e8re viable et d'utiliser des proc\u00e9dures de mesure de position appropri\u00e9es. commencer le trading forex<\/p>\n\n\n\n<p>Passez les march\u00e9s au crible : Restez au courant des nouvelles financi\u00e8res mondiales, des indicateurs mon\u00e9taires et des mod\u00e8les de vitrine qui pourraient affecter les co\u00fbts de l'argent. Utilisez des instruments d'investigation sp\u00e9cialis\u00e9s pour reconna\u00eetre les configurations d'\u00e9change potentielles et d\u00e9velopper vos techniques d'\u00e9change. commencer le trading forex<\/p>\n\n\n\n<p>Tenez un journal des \u00e9changes : Enregistrez vos \u00e9changes, en comptant les raisons de chaque \u00e9change, vos objectifs de section et de sortie, et le r\u00e9sultat. L'analyse de votre journal d'\u00e9change peut vous fournir des informations utiles sur votre ex\u00e9cution, vos qualit\u00e9s et vos possibilit\u00e9s de changement.<\/p>\n\n\n\n<p>Apprendre et s'adapter en permanence : L'\u00e9change sur le march\u00e9 des changes peut \u00eatre un processus d'apprentissage permanent. Restez curieux, recherchez des documents instructifs, assistez \u00e0 des webinaires ou \u00e0 des ateliers et apprenez aupr\u00e8s de n\u00e9gociants exp\u00e9riment\u00e9s. Ajustez vos proc\u00e9dures en fonction des conditions de la publicit\u00e9 et de vos exp\u00e9riences en mati\u00e8re d'\u00e9change de cr\u00e9ances. commencer le trading du forex<\/p>\n\n\n\n<p>Il faut garder \u00e0 l'esprit que le trading sur le march\u00e9 des changes comporte une part de hasard et qu'il n'y a pas de garantie de b\u00e9n\u00e9fices. Il est essentiel de l'aborder avec une mentalit\u00e9 mod\u00e9r\u00e9e, une gestion l\u00e9gitime des risques et une volont\u00e9 de tirer des le\u00e7ons des succ\u00e8s et des d\u00e9ceptions. commencer le trading forex<\/p>\n\n\n\n<p>Commencer \u00e0 \u00e9changer sur le march\u00e9 des changes peut \u00eatre une exp\u00e9rience stimulante, mais il est imp\u00e9ratif de l'aborder avec les informations et l'\u00e9tat d'esprit ad\u00e9quats. Voici quelques \u00e9tapes pour vous aider \u00e0 d\u00e9marrer : start forex trading<\/p>\n\n\n\n<p>Renseignez-vous : L'\u00e9change de devises comprend l'achat et l'offre d'\u00e9talons mon\u00e9taires sur le march\u00e9 mondial du commerce \u00e0 distance. Prenez le temps de vous familiariser avec les \u00e9l\u00e9ments essentiels de l'\u00e9change sur le march\u00e9 des changes, notamment le fonctionnement de la publicit\u00e9, les diff\u00e9rentes m\u00e9thodes de n\u00e9gociation, la gestion des risques et les enqu\u00eates sp\u00e9cialis\u00e9es.<\/p>\n\n\n\n<p>Fixez des objectifs clairs : D\u00e9terminez ce que vous voulez atteindre gr\u00e2ce au trading sur le march\u00e9 des changes. Fixez des objectifs raisonnables et pr\u00e9cis, tels qu'un taux de b\u00e9n\u00e9fice cible ou un certain nombre de pips par mois. Cela vous aidera \u00e0 rester concentr\u00e9 et \u00e0 progresser.<\/p>\n\n\n\n<p>Choisir un courtier solide : Il est important de choisir un courtier en devises digne de confiance. Recherchez des courtiers qui sont contr\u00f4l\u00e9s par des sp\u00e9cialistes du budget l\u00e9gitimes et qui offrent une plateforme d'\u00e9change conviviale, des spreads comp\u00e9titifs, une ex\u00e9cution fiable et un grand soutien \u00e0 la client\u00e8le.<\/p>\n\n\n\n<p>Ouvrir un compte d'\u00e9change : Une fois que vous avez choisi un courtier, vous devez ouvrir un compte d'\u00e9change. Fournissez les documents n\u00e9cessaires, remplissez la demande d'ouverture de compte et financez votre compte avec une somme que vous \u00eates pr\u00eat \u00e0 mettre en jeu.<\/p>\n\n\n\n<p>Se perfectionner avec un compte de d\u00e9monstration : La plupart des courtiers proposent des comptes de d\u00e9monstration qui vous permettent d'effectuer des \u00e9changes en utilisant de l'argent virtuel. Profitez-en pour vous familiariser avec l'\u00e9tape de l'\u00e9change, tester diverses m\u00e9thodologies et vous impliquer de mani\u00e8re viable sans risquer des r\u00e9serves r\u00e9elles.<\/p>\n\n\n\n<p>Cr\u00e9ez un plan d'\u00e9change : Un plan d'\u00e9change sch\u00e9matise votre proc\u00e9dure, les r\u00e8gles de passage et de sortie, les r\u00e8gles d'administration des chances et les types d'analyse que vous utiliserez. Le fait de disposer d'un plan bien d\u00e9fini vous permet de rester instruit et rend moins difficile la prise de d\u00e9cisions r\u00e9fl\u00e9chies.<\/p>\n\n\n\n<p>Commencez petit : Commencez par des \u00e9changes de petite taille et augmentez-les lentement au fur et \u00e0 mesure que vous gagnez en exp\u00e9rience et en certitude. Ne risquez pas plus que ce que vous pouvez supporter de perdre. Il est essentiel de surveiller votre risque de mani\u00e8re viable et d'utiliser des proc\u00e9dures de mesure de position appropri\u00e9es.<\/p>\n\n\n\n<p>Passez les march\u00e9s au crible : Restez au courant des nouvelles financi\u00e8res mondiales, des indicateurs mon\u00e9taires et des mod\u00e8les de vitrine qui pourraient affecter les co\u00fbts de l'argent. Utilisez des instruments d'investigation sp\u00e9cialis\u00e9s pour identifier les configurations de change potentielles et d\u00e9velopper vos techniques d'\u00e9change.<\/p>\n\n\n\n<p>Tenez un journal des \u00e9changes : Enregistrez vos \u00e9changes, en comptant les raisons de chaque \u00e9change, vos objectifs de section et de sortie, et le r\u00e9sultat. L'analyse de votre journal d'\u00e9change peut vous fournir des informations utiles sur votre ex\u00e9cution, vos qualit\u00e9s et vos possibilit\u00e9s de changement.<\/p>\n\n\n\n<p>Apprendre et s'adapter en permanence : L'\u00e9change sur le march\u00e9 des changes peut \u00eatre un processus d'apprentissage permanent. Restez curieux, recherchez des documents instructifs, assistez \u00e0 des webinaires ou \u00e0 des ateliers et apprenez aupr\u00e8s de n\u00e9gociants exp\u00e9riment\u00e9s. Ajustez vos proc\u00e9dures en fonction des conditions de la publicit\u00e9 et de vos exp\u00e9riences en mati\u00e8re d'\u00e9change de cr\u00e9ances.<\/p>\n\n\n\n<p>Il faut garder \u00e0 l'esprit que les op\u00e9rations de change sont al\u00e9atoires et qu'il n'y a pas de garantie de b\u00e9n\u00e9fices. Il est essentiel de l'aborder avec une mentalit\u00e9 mod\u00e9r\u00e9e, une gestion l\u00e9gitime des risques et une volont\u00e9 de tirer des le\u00e7ons des succ\u00e8s et des d\u00e9ceptions.<\/p>\n\n\n\n<p>Commencer \u00e0 \u00e9changer sur le march\u00e9 des changes peut \u00eatre une exp\u00e9rience stimulante, mais il est imp\u00e9ratif de l'aborder avec les informations et l'\u00e9tat d'esprit ad\u00e9quats. Voici quelques \u00e9tapes pour vous aider \u00e0 d\u00e9marrer :<\/p>\n\n\n\n<p>Renseignez-vous : L'\u00e9change de devises comprend l'achat et l'offre de normes mon\u00e9taires sur le march\u00e9 mondial du commerce \u00e0 distance. Prenez le temps de vous familiariser avec les \u00e9l\u00e9ments essentiels de l'\u00e9change sur le march\u00e9 des changes, notamment le fonctionnement de la bourse, les diff\u00e9rentes m\u00e9thodes de n\u00e9gociation, la gestion des risques et les \u00e9tudes sp\u00e9cialis\u00e9es.<\/p>\n\n\n\n<p>Fixez des objectifs clairs : D\u00e9terminez ce que vous voulez atteindre gr\u00e2ce au trading sur le march\u00e9 des changes. Fixez des objectifs raisonnables et pr\u00e9cis, tels qu'un taux de b\u00e9n\u00e9fice cible ou un certain nombre de pips par mois. Cela vous aidera \u00e0 rester concentr\u00e9 et \u00e0 progresser.<\/p>\n\n\n\n<p>Choisir un courtier solide : Il est important de choisir un courtier en devises digne de confiance. Recherchez des courtiers qui sont contr\u00f4l\u00e9s par des sp\u00e9cialistes du budget l\u00e9gitimes et qui offrent une plateforme d'\u00e9change conviviale, des spreads comp\u00e9titifs, une ex\u00e9cution fiable et un grand soutien \u00e0 la client\u00e8le.<\/p>\n\n\n\n<p>Ouvrir un compte d'\u00e9change : Une fois que vous avez choisi un courtier, vous devez ouvrir un compte d'\u00e9change. Fournissez les documents n\u00e9cessaires, remplissez la demande d'ouverture de compte et financez votre compte avec une somme que vous \u00eates pr\u00eat \u00e0 mettre en jeu.<\/p>\n\n\n\n<p>Se perfectionner avec un compte de d\u00e9monstration : La plupart des courtiers proposent des comptes de d\u00e9monstration qui vous permettent d'effectuer des \u00e9changes en utilisant de l'argent virtuel. Profitez-en pour vous familiariser avec l'\u00e9tape de l'\u00e9change, tester diverses m\u00e9thodologies et vous impliquer de mani\u00e8re viable sans risquer des r\u00e9serves r\u00e9elles.<\/p>\n\n\n\n<p>Cr\u00e9ez un plan d'\u00e9change : Un plan d'\u00e9change sch\u00e9matise votre proc\u00e9dure, les r\u00e8gles de passage et de sortie, les r\u00e8gles d'administration des chances et les types d'analyse que vous utiliserez. Le fait de disposer d'un plan bien d\u00e9fini vous permet de rester instruit et rend moins difficile la prise de d\u00e9cisions r\u00e9fl\u00e9chies.<\/p>\n\n\n\n<p>Commencez petit : Commencez par des \u00e9changes de petite taille et augmentez-les lentement au fur et \u00e0 mesure que vous gagnez en exp\u00e9rience et en certitude. Ne risquez pas plus que ce que vous pouvez supporter de perdre. Il est essentiel de surveiller votre risque de mani\u00e8re viable et d'utiliser des proc\u00e9dures de mesure de position appropri\u00e9es.<\/p>\n\n\n\n<p>Passez les march\u00e9s au crible : Restez au courant des nouvelles financi\u00e8res mondiales, des indicateurs mon\u00e9taires et des mod\u00e8les de vitrine qui pourraient affecter les co\u00fbts de l'argent. Utilisez des instruments d'investigation sp\u00e9cialis\u00e9s pour identifier les configurations de change potentielles et d\u00e9velopper vos techniques d'\u00e9change.<\/p>\n\n\n\n<p>Tenez un journal des \u00e9changes : Enregistrez vos \u00e9changes, en comptant les raisons de chaque \u00e9change, vos objectifs de section et de sortie, et le r\u00e9sultat. L'analyse de votre journal d'\u00e9change peut vous fournir des informations utiles sur votre ex\u00e9cution, vos qualit\u00e9s et vos possibilit\u00e9s de changement.<\/p>\n\n\n\n<p>Apprendre et s'adapter en permanence : L'\u00e9change sur le march\u00e9 des changes peut \u00eatre un processus d'apprentissage permanent. Restez curieux, recherchez des documents instructifs, assistez \u00e0 des webinaires ou \u00e0 des ateliers et apprenez aupr\u00e8s de n\u00e9gociants exp\u00e9riment\u00e9s. Ajustez vos proc\u00e9dures en fonction des conditions de la publicit\u00e9 et de vos exp\u00e9riences en mati\u00e8re d'\u00e9change de cr\u00e9ances.<\/p>\n\n\n\n<p>Il faut garder \u00e0 l'esprit que les op\u00e9rations de change sont al\u00e9atoires et qu'il n'y a pas de garantie de b\u00e9n\u00e9fices. Il est essentiel de l'aborder avec une mentalit\u00e9 mod\u00e9r\u00e9e, une gestion l\u00e9gitime des risques et une volont\u00e9 de tirer des le\u00e7ons des succ\u00e8s et des d\u00e9ceptions.<\/p>\n\n\n\n<p>Commencer \u00e0 \u00e9changer sur le march\u00e9 des changes peut \u00eatre une exp\u00e9rience stimulante, mais il est imp\u00e9ratif de l'aborder avec les informations et l'\u00e9tat d'esprit ad\u00e9quats. Voici quelques \u00e9tapes pour vous aider \u00e0 d\u00e9marrer :<\/p>\n\n\n\n<p>Renseignez-vous : L'\u00e9change de devises comprend l'achat et l'offre de normes mon\u00e9taires sur le march\u00e9 mondial du commerce \u00e0 distance. Prenez le temps de vous familiariser avec les \u00e9l\u00e9ments essentiels de l'\u00e9change sur le march\u00e9 des changes, notamment le fonctionnement de la bourse, les diff\u00e9rentes m\u00e9thodes de n\u00e9gociation, la gestion des risques et les \u00e9tudes sp\u00e9cialis\u00e9es.<\/p>\n\n\n\n<p>Fixez des objectifs clairs : D\u00e9terminez ce que vous voulez atteindre gr\u00e2ce au trading sur le march\u00e9 des changes. Fixez des objectifs raisonnables et pr\u00e9cis, tels qu'un taux de b\u00e9n\u00e9fice cible ou un certain nombre de pips par mois. Cela vous aidera \u00e0 rester concentr\u00e9 et \u00e0 progresser.<\/p>\n\n\n\n<p>Choisir un courtier solide : Il est important de choisir un courtier en devises digne de confiance. Recherchez des courtiers qui sont contr\u00f4l\u00e9s par des sp\u00e9cialistes du budget l\u00e9gitimes et qui offrent une plateforme d'\u00e9change conviviale, des spreads comp\u00e9titifs, une ex\u00e9cution fiable et un grand soutien \u00e0 la client\u00e8le.<\/p>\n\n\n\n<p>Ouvrir un compte d'\u00e9change : Une fois que vous avez choisi un courtier, vous devez ouvrir un compte d'\u00e9change. Fournissez les documents n\u00e9cessaires, remplissez la demande d'ouverture de compte et financez votre compte avec une somme que vous \u00eates pr\u00eat \u00e0 mettre en jeu.<\/p>\n\n\n\n<p>Se perfectionner avec un compte de d\u00e9monstration : La plupart des courtiers proposent des comptes de d\u00e9monstration qui vous permettent d'effectuer des \u00e9changes en utilisant de l'argent virtuel. Profitez-en pour vous familiariser avec l'\u00e9tape de l'\u00e9change, tester diverses m\u00e9thodologies et vous impliquer de mani\u00e8re viable sans risquer des r\u00e9serves r\u00e9elles.<\/p>\n\n\n\n<p>Cr\u00e9ez un plan d'\u00e9change : Un plan d'\u00e9change sch\u00e9matise votre proc\u00e9dure, les r\u00e8gles de passage et de sortie, les r\u00e8gles d'administration des chances et les types d'analyse que vous utiliserez. Le fait de disposer d'un plan bien d\u00e9fini vous permet de rester instruit et rend moins difficile la prise de d\u00e9cisions r\u00e9fl\u00e9chies.<\/p>\n\n\n\n<p>Commencez petit : Commencez par des \u00e9changes de petite taille et augmentez-les lentement au fur et \u00e0 mesure que vous gagnez en exp\u00e9rience et en certitude. Ne risquez pas plus que ce que vous pouvez supporter de perdre. Il est essentiel de surveiller votre risque de mani\u00e8re viable et d'utiliser des proc\u00e9dures de mesure de position appropri\u00e9es.<\/p>\n\n\n\n<p>Passez les march\u00e9s au crible : Restez au courant des nouvelles financi\u00e8res mondiales, des indicateurs mon\u00e9taires et des mod\u00e8les de vitrine qui pourraient affecter les co\u00fbts de l'argent. Utilisez des instruments d'investigation sp\u00e9cialis\u00e9s pour identifier les configurations de change potentielles et d\u00e9velopper vos techniques d'\u00e9change.<\/p>\n\n\n\n<p>Tenez un journal des \u00e9changes : Enregistrez vos \u00e9changes, en comptant les raisons de chaque \u00e9change, vos objectifs de section et de sortie, et le r\u00e9sultat. L'analyse de votre journal d'\u00e9change peut vous fournir des informations utiles sur votre ex\u00e9cution, vos qualit\u00e9s et vos possibilit\u00e9s de changement.<\/p>\n\n\n\n<p>Apprendre et s'adapter en permanence : L'\u00e9change sur le march\u00e9 des changes peut \u00eatre un processus d'apprentissage permanent. Restez curieux, recherchez des documents instructifs, assistez \u00e0 des webinaires ou \u00e0 des ateliers et apprenez aupr\u00e8s de n\u00e9gociants exp\u00e9riment\u00e9s. Ajustez vos proc\u00e9dures en fonction des conditions de la publicit\u00e9 et de vos exp\u00e9riences en mati\u00e8re d'\u00e9change de cr\u00e9ances.<\/p>\n\n\n\n<p>Il faut garder \u00e0 l'esprit que les op\u00e9rations de change sont al\u00e9atoires et qu'il n'y a pas de garantie de b\u00e9n\u00e9fices. Il est essentiel de l'aborder avec une mentalit\u00e9 mod\u00e9r\u00e9e, une gestion l\u00e9gitime des risques et une volont\u00e9 de tirer des le\u00e7ons des succ\u00e8s et des d\u00e9ceptions.<\/p>","protected":false},"excerpt":{"rendered":"<p>start forex trading start forex trading start forex trading start forex trading Forex - OXShare Prime how much money do you need to start trading forex\/ how much money do you need to start forex trading\/ how do you start forex trading Beginning forex exchanging can be an energizing wander, but it's imperative to approach [&hellip;]<\/p>\n","protected":false},"author":204281813,"featured_media":6454,"parent":0,"menu_order":0,"comment_status":"closed","ping_status":"closed","template":"","meta":{"inline_featured_image":false,"footnotes":""},"class_list":["post-367","page","type-page","status-publish","has-post-thumbnail","hentry"],"acf":[],"a3_pvc":{"activated":false,"total_views":0,"today_views":0},"_links":{"self":[{"href":"https:\/\/oxshare.com\/fr\/wp-json\/wp\/v2\/pages\/367","targetHints":{"allow":["GET"]}}],"collection":[{"href":"https:\/\/oxshare.com\/fr\/wp-json\/wp\/v2\/pages"}],"about":[{"href":"https:\/\/oxshare.com\/fr\/wp-json\/wp\/v2\/types\/page"}],"author":[{"embeddable":true,"href":"https:\/\/oxshare.com\/fr\/wp-json\/wp\/v2\/users\/204281813"}],"replies":[{"embeddable":true,"href":"https:\/\/oxshare.com\/fr\/wp-json\/wp\/v2\/comments?post=367"}],"version-history":[{"count":2,"href":"https:\/\/oxshare.com\/fr\/wp-json\/wp\/v2\/pages\/367\/revisions"}],"predecessor-version":[{"id":9342,"href":"https:\/\/oxshare.com\/fr\/wp-json\/wp\/v2\/pages\/367\/revisions\/9342"}],"wp:featuredmedia":[{"embeddable":true,"href":"https:\/\/oxshare.com\/fr\/wp-json\/wp\/v2\/media\/6454"}],"wp:attachment":[{"href":"https:\/\/oxshare.com\/fr\/wp-json\/wp\/v2\/media?parent=367"}],"curies":[{"name":"wp","href":"https:\/\/api.w.org\/{rel}","templated":true}]}}