{"id":443,"date":"2021-06-13T09:55:10","date_gmt":"2021-06-13T06:55:10","guid":{"rendered":"https:\/\/oxshare.com\/?page_id=443"},"modified":"2024-01-29T16:38:16","modified_gmt":"2024-01-29T14:38:16","slug":"clients-leverage-ratio-margin","status":"publish","type":"page","link":"https:\/\/oxshare.com\/fr\/leverage-margin","title":{"rendered":"Ratio de levier et marge"},"content":{"rendered":"<p>ratio de levier et marge<\/p>\n\n\n\n<p>Le taux de marge est-il identique \u00e0 l'effet de levier ?<\/p>\n\n\n\n<p>L'utilisation et la marge sont deux concepts \u00e9troitement li\u00e9s dans le domaine des op\u00e9rations de change. Ils jouent tous deux un r\u00f4le essentiel dans la mesure et l'al\u00e9a de vos \u00e9changes. marge et effet de levier dans le trading<\/p>\n\n\n\n<h2>ratio de levier et marge<\/h2>\n<h3>ratio de levier et marge<\/h3>\n\n\n\n<p>Utilisation : l'utilisation permet aux courtiers de contr\u00f4ler des positions plus importantes au sein de la publicit\u00e9 avec un montant de capital plus faible. Il s'agit essentiellement d'un cr\u00e9dit accord\u00e9 par le courtier au n\u00e9gociant, lui permettant d'ouvrir ses positions d'\u00e9change. L'utilisation est communiqu\u00e9e sous la forme d'une proportion, telle que 1:50, 1:100 ou 1:500, indiquant la somme de capital qu'un courtier peut contr\u00f4ler par rapport \u00e0 son propre capital apport\u00e9.<br>Par exemple, avec une proportion d'utilisation de 1:100, un n\u00e9gociant peut contr\u00f4ler $100.000 d'argent avec un capital de $1.000. Cela signifie que pour chaque $1 du capital du n\u00e9gociant, il a la possibilit\u00e9 d'\u00e9changer $100 dans le cadre de la publicit\u00e9.<\/p>\n\n\n\n<p>L'utilisation peut accro\u00eetre les avantages potentiels, car des d\u00e9veloppements peu co\u00fbteux peuvent g\u00e9n\u00e9rer des retours critiques sur la somme utilis\u00e9e. Quoi qu'il en soit, il est essentiel de noter que l'utilisation amplifie \u00e9galement les malheurs. Si la publicit\u00e9 va \u00e0 l'encontre de votre position, les malheurs seront relativement amplifi\u00e9s.<\/p>\n\n\n\n<p>Bord : Le bord est la somme d'argent qu'un courtier doit conserver sur son compte d'\u00e9change comme r\u00e9serve de s\u00e9curit\u00e9 pour soutenir ses positions utilis\u00e9es. Il est g\u00e9n\u00e9ralement exprim\u00e9 comme un taux de la valeur totale de l'\u00e9change.<br>Apr\u00e8s avoir ouvert une bourse, votre courtier vous demandera de stocker un certain taux de la valeur totale de la bourse en tant que marge. C'est ce que l'on appelle g\u00e9n\u00e9ralement l'exigence de marge. Le reste des r\u00e9serves n\u00e9cessaires \u00e0 l'ouverture de la bourse est donn\u00e9 par le courtier en tant qu'utilisation.<\/p>\n\n\n\n<p>Par exemple, si vous souhaitez ouvrir une bourse d'une valeur de 10 000 euros avec un besoin de marge de 11 000 euros, vous devrez stocker 100 euros de marge et le courtier vous donnera les 9 900 euros restants \u00e0 utiliser.<\/p>\n\n\n\n<p>La marge agit \u00e9galement comme un tampon pour couvrir les \u00e9ventuels malheurs de la bourse. Si la bourse \u00e9volue en votre d\u00e9faveur et que vos malheurs diminuent l'ajustement de votre compte jusqu'\u00e0 un certain niveau (appel\u00e9 \"edge level\" ou \"edge call level\"), le courtier peut \u00e9mettre un \"edge call\", vous obligeant \u00e0 stocker des r\u00e9serves suppl\u00e9mentaires pour pr\u00e9server votre position ou pour vous rapprocher de la bourse.<\/p>\n\n\n\n<p>Il est essentiel de comprendre que si l'utilisation peut accro\u00eetre les avantages potentiels, elle intensifie \u00e9galement les risques, et que l'\u00e9change avec une utilisation importante comporte un plus grand risque de malheurs notables. Les courtiers doivent examiner attentivement leur r\u00e9sistance aux risques, utiliser des techniques l\u00e9gitimes de gestion des risques et \u00eatre attentifs aux conditions de bord et aux proportions d'utilisation annonc\u00e9es par leur courtier.<\/p>\n\n\n\n<p>Utiliser la proportion :<br>Dans le cadre de la contribution et de l'\u00e9change, la proportion d'utilisation fait r\u00e9f\u00e9rence \u00e0 l'\u00e9tendue des r\u00e9serves emprunt\u00e9es ou du bord utilis\u00e9 pour contr\u00f4ler une position plus importante dans un instrument li\u00e9 \u00e0 l'argent. Il s'agit de la relation entre le capital revendiqu\u00e9 par l'op\u00e9rateur (valeur) et les r\u00e9serves emprunt\u00e9es (utilisation). Elle permet aux n\u00e9gociants d'augmenter leurs b\u00e9n\u00e9fices ou leurs malheurs potentiels en contr\u00f4lant une position plus importante que ce que leur capital ne leur permettrait pas.<\/p>\n\n\n\n<p>Par exemple, si un courtier pr\u00e9sente une proportion d'utilisation de 1:100, cela signifie que pour chaque $1 du capital d\u00e9tenu par le n\u00e9gociant, il peut contr\u00f4ler une position de $100 dans la publicit\u00e9. Cette utilisation permet aux courtiers d'amplifier \u00e9ventuellement leurs gains, mais elle augmente \u00e9galement les risques de malchance, car les malchances sont en outre amplifi\u00e9es.<\/p>\n\n\n\n<p>Bord :<br>Dans le cadre de la contribution et de l'\u00e9change, la marge fait r\u00e9f\u00e9rence \u00e0 la r\u00e9serve initiale ou \u00e0 la garantie requise par un courtier ou un n\u00e9gociant pour ouvrir et maintenir une position utilis\u00e9e. Il peut s'agir d'un taux de la valeur globale de la position et agit comme une forme de s\u00e9curit\u00e9 ou de protection pour le courtier contre des malheurs potentiels.<\/p>\n\n\n\n<p>Lorsqu'ils \u00e9changent sur la tranche, les courtiers sont tenus de stocker un certain taux de la valeur totale de l'\u00e9change, connu sous le nom de tranche initiale. Cette condition peut varier en fonction de l'instrument budg\u00e9taire, de l'instabilit\u00e9 et des dispositions prises par le courtier.<\/p>\n\n\n\n<p>L'avantage est utilis\u00e9 pour couvrir les malheurs potentiels qui se produiront dans le cas o\u00f9 la publicit\u00e9 \u00e9volue \u00e0 l'encontre de la position du trader. Il est essentiel de noter que l'\u00e9change sur l'edge comporte \u00e0 la fois un potentiel de gains et de pertes plus \u00e9lev\u00e9s.<\/p>\n\n\n\n<p>Si la publicit\u00e9 \u00e9volue de mani\u00e8re d\u00e9favorable et que les malheurs de la position d\u00e9passent la marge accessible, un appel de marge peut \u00eatre lanc\u00e9. Un appel de bord exige du croupier qu'il stocke des r\u00e9serves suppl\u00e9mentaires sur le compte afin de ramener le bord \u00e0 un niveau acceptable. Si un appel de marge n'est pas respect\u00e9, la position peut \u00eatre \u00e9chang\u00e9e par le courtier pour couvrir les pertes.<\/p>\n\n\n\n<p>L'\u00e9change de bordures peut \u00eatre un instrument efficace pour les n\u00e9gociants exp\u00e9riment\u00e9s, mais il comporte \u00e9galement des risques importants. Il est essentiel d'assimiler le concept d'utilisation, les n\u00e9cessit\u00e9s de l'ar\u00eate et de surveiller attentivement les risques lors de l'utilisation de l'ar\u00eate dans les exercices d'\u00e9change.<\/p>\n\n\n\n<p>Utiliser la proportion :<br>Dans le cadre de l'\u00e9change budg\u00e9taire, la proportion d'utilisation fait r\u00e9f\u00e9rence \u00e0 l'ampleur des r\u00e9serves emprunt\u00e9es (ou edge) qu'un courtier peut utiliser pour ouvrir des positions d'\u00e9change plus importantes que le capital dont il dispose sur son compte. Il s'agit de la relation entre les r\u00e9serves d\u00e9tenues par le n\u00e9gociant et les r\u00e9serves emprunt\u00e9es au courtier. L'utilisation permet aux courtiers de contr\u00f4ler une plus grande estimation de position dans la publicit\u00e9 avec une plus petite somme de capital.<\/p>\n\n\n\n<p>L'utilisation est r\u00e9guli\u00e8rement communiqu\u00e9e sous la forme d'un ratio, tel que 1:50, 1:100, 1:500, etc. Le premier chiffre correspond aux r\u00e9serves de cr\u00e9ances du n\u00e9gociant, tandis que le second correspond \u00e0 la somme des r\u00e9serves que le n\u00e9gociant peut emprunter au courtier. Par exemple, une proportion d'utilisation de 1:100 implique que pour chaque $1 du capital du n\u00e9gociant, il peut contr\u00f4ler une position de $100.<\/p>\n\n\n\n<p>Si l'utilisation peut accro\u00eetre les b\u00e9n\u00e9fices potentiels, elle amplifie \u00e9galement les dangers li\u00e9s \u00e0 l'\u00e9change. Si un \u00e9change se fait contre le croupier, des malheurs peuvent surpasser l'entreprise initiale. Il est fondamental de prendre conscience des dangers li\u00e9s \u00e0 l'utilisation et d'en faire un usage raisonnable.<\/p>\n\n\n\n<p>Bord :<br>Dans le domaine des \u00e9changes, la marge fait r\u00e9f\u00e9rence \u00e0 la somme des r\u00e9serves qu'un courtier doit conserver aupr\u00e8s de son courtier pour ouvrir et maintenir une position d'\u00e9change utilis\u00e9e. Il peut s'agir d'un cadre de garantie ou d'un d\u00e9p\u00f4t de \"grande confiance\" qui garantit au courtier qu'il est assur\u00e9 contre les pertes potentielles en cas d'\u00e9volution d\u00e9favorable des co\u00fbts.<\/p>\n\n\n\n<p>L'ar\u00eate est le plus souvent calcul\u00e9e comme un taux de la valeur totale de la position. L'avantage sp\u00e9cifi\u00e9 est d\u00e9termin\u00e9 par la proportion d'utilisation et la mesure de la position. Les proportions d'utilisation plus \u00e9lev\u00e9es n\u00e9cessitent un pourcentage d'avantage plus faible, tandis que les proportions d'utilisation plus faibles requi\u00e8rent un taux d'avantage plus \u00e9lev\u00e9.<\/p>\n\n\n\n<p>Par exemple, si un courtier doit ouvrir une position de $10 000 avec une proportion d'utilisation de 1:100, il devra stocker $100 (1% de l'estimation de la position) en tant que marge. Les $9.900 restants sont donn\u00e9s par le courtier en tant qu'avance.<\/p>\n\n\n\n<p>Les niveaux de marge sont observ\u00e9s par le courtier et, dans le cas o\u00f9 la valeur du compte du n\u00e9gociant (la valeur actuelle du compte) tombe en dessous d'un certain niveau, appel\u00e9 niveau de marge n\u00e9cessaire, le courtier peut \u00e9mettre un appel de marge, ce qui oblige le n\u00e9gociant \u00e0 stocker des r\u00e9serves suppl\u00e9mentaires ou \u00e0 rapprocher quelques positions afin de pr\u00e9server la marge souhait\u00e9e.<\/p>\n\n\n\n<p>Il est essentiel que les courtiers soient conscients des exigences en mati\u00e8re de marge et qu'ils surveillent leurs positions et leurs risques de la m\u00eame mani\u00e8re afin d'\u00e9viter les appels de marge ou la liquidation potentielle de leurs positions.<\/p>\n\n\n\n<p><a href=\"https:\/\/oxshareprime.com\/indices\/\" target=\"_blank\" rel=\"noreferrer noopener\">Indices - OXShare Prime<\/a> \/ <a href=\"https:\/\/oxshare.com\/fr\/about-oxshare-forex-trade\/\" target=\"_blank\" rel=\"noreferrer noopener\">OXShare (meilleure plateforme de trading forex exploitable) - \u00c0 propos de nous<\/a><\/p>","protected":false},"excerpt":{"rendered":"<p>leverage ratio and margin Is margin ratio the same as leverage? Use and edge are two concepts that are closely related in forex exchanging. They both play a critical part in deciding the measure and hazard of your exchanges. margin and leverage in trading leverage ratio and margin leverage ratio and margin Use: Use permits [&hellip;]<\/p>\n","protected":false},"author":204281813,"featured_media":6359,"parent":0,"menu_order":0,"comment_status":"closed","ping_status":"closed","template":"","meta":{"inline_featured_image":false,"footnotes":""},"class_list":["post-443","page","type-page","status-publish","has-post-thumbnail","hentry"],"acf":[],"a3_pvc":{"activated":false,"total_views":0,"today_views":0},"_links":{"self":[{"href":"https:\/\/oxshare.com\/fr\/wp-json\/wp\/v2\/pages\/443","targetHints":{"allow":["GET"]}}],"collection":[{"href":"https:\/\/oxshare.com\/fr\/wp-json\/wp\/v2\/pages"}],"about":[{"href":"https:\/\/oxshare.com\/fr\/wp-json\/wp\/v2\/types\/page"}],"author":[{"embeddable":true,"href":"https:\/\/oxshare.com\/fr\/wp-json\/wp\/v2\/users\/204281813"}],"replies":[{"embeddable":true,"href":"https:\/\/oxshare.com\/fr\/wp-json\/wp\/v2\/comments?post=443"}],"version-history":[{"count":1,"href":"https:\/\/oxshare.com\/fr\/wp-json\/wp\/v2\/pages\/443\/revisions"}],"predecessor-version":[{"id":9354,"href":"https:\/\/oxshare.com\/fr\/wp-json\/wp\/v2\/pages\/443\/revisions\/9354"}],"wp:featuredmedia":[{"embeddable":true,"href":"https:\/\/oxshare.com\/fr\/wp-json\/wp\/v2\/media\/6359"}],"wp:attachment":[{"href":"https:\/\/oxshare.com\/fr\/wp-json\/wp\/v2\/media?parent=443"}],"curies":[{"name":"wp","href":"https:\/\/api.w.org\/{rel}","templated":true}]}}