{"id":5906,"date":"2023-05-15T13:59:55","date_gmt":"2023-05-15T10:59:55","guid":{"rendered":"https:\/\/oxshare.com\/?page_id=5906"},"modified":"2023-10-26T09:39:54","modified_gmt":"2023-10-26T06:39:54","slug":"webinars","status":"publish","type":"page","link":"https:\/\/oxshare.com\/fr\/webinars","title":{"rendered":"Am\u00e9liorez vos comp\u00e9tences en trading avec des webinaires perspicaces sur le Forex et les CFD avec oxshare"},"content":{"rendered":"<figure class=\"wp-block-image size-full is-resized\"><img loading=\"lazy\" decoding=\"async\" width=\"198\" height=\"198\" src=\"https:\/\/oxshare.com\/wp-content\/uploads\/2023\/08\/OXshare-Logo-Orang.png\" alt=\"OXShare,\" class=\"wp-image-7746\" style=\"width:122px;height:122px\" srcset=\"https:\/\/oxshare.com\/wp-content\/uploads\/2023\/08\/OXshare-Logo-Orang.png 198w, https:\/\/oxshare.com\/wp-content\/uploads\/2023\/08\/OXshare-Logo-Orang-150x150.png 150w, https:\/\/oxshare.com\/wp-content\/uploads\/2023\/08\/OXshare-Logo-Orang-12x12.png 12w\" sizes=\"auto, (max-width: 198px) 100vw, 198px\" \/><\/figure>\n\n\n\n<p><strong>\u00cates-vous pr\u00eat \u00e0 passer \u00e0 la vitesse sup\u00e9rieure en mati\u00e8re de n\u00e9gociation ?<\/strong>&nbsp;Si vous souhaitez am\u00e9liorer vos comp\u00e9tences en mati\u00e8re de trading et garder une longueur d'avance, vous devez assister aux webinaires sur le Forex et les CFD propos\u00e9s par <a href=\"https:\/\/oxshare.com\/fr\/\">oxshare.<\/a><\/p>\n\n\n\n<h3 class=\"wp-block-heading\">Qu'est-ce que le Forex et les CFD ?<\/h3>\n\n\n\n<p>Le Forex et les CFD sont des formes populaires d'op\u00e9rations financi\u00e8res qui permettent \u00e0 des personnes comme vous de sp\u00e9culer sur les mouvements de prix de divers actifs, tels que les devises, les actions, les mati\u00e8res premi\u00e8res et les indices. Avec le Forex, vous n\u00e9gociez une devise contre une autre, tandis que les CFD vous permettent de n\u00e9gocier des contrats bas\u00e9s sur les mouvements de prix des actifs sous-jacents.<\/p>\n\n\n\n<p>Le march\u00e9 du Forex est le plus grand march\u00e9 financier du monde, avec un volume d'\u00e9change quotidien qui d\u00e9passe les $6 trillions. D'autre part, la n\u00e9gociation de CFD offre un moyen flexible de n\u00e9gocier plusieurs classes d'actifs sans avoir besoin de poss\u00e9der les actifs sous-jacents.<\/p>\n\n\n\n<h3 class=\"wp-block-heading\">Avantages des op\u00e9rations de change et des CFD<\/h3>\n\n\n\n<ol class=\"wp-block-list\">\n<li><strong>Accessibilit\u00e9 :<\/strong>&nbsp;Les transactions sur le Forex et les CFD sont accessibles en ligne depuis n'importe o\u00f9 dans le monde, ce qui vous permet de n\u00e9gocier \u00e0 votre convenance. Gr\u00e2ce aux webinaires d'oxshare, vous pouvez acc\u00e9der \u00e0 de pr\u00e9cieuses informations et strat\u00e9gies de trading depuis le confort de votre domicile.<\/li>\n\n\n\n<li><strong>L'effet de levier :<\/strong>&nbsp;L'un des principaux avantages du Forex et des CFD est la possibilit\u00e9 de n\u00e9gocier avec un effet de levier. Cela signifie que vous pouvez n\u00e9gocier avec un montant de capital plus faible mais ouvrir des positions plus importantes, ce qui peut amplifier vos b\u00e9n\u00e9fices.<\/li>\n\n\n\n<li><strong>La diversification :<\/strong>&nbsp;Le Forex et les CFD donnent acc\u00e8s \u00e0 un large \u00e9ventail de classes d'actifs, ce qui vous permet de diversifier votre portefeuille et de r\u00e9partir les risques.<\/li>\n\n\n\n<li><strong>Ressources p\u00e9dagogiques :<\/strong>&nbsp;Les webinaires d'oxshare offrent une multitude de ressources \u00e9ducatives, notamment des strat\u00e9gies de trading, des analyses techniques, des techniques de gestion du risque et des informations sur les march\u00e9s. Ces ressources peuvent vous aider \u00e0 am\u00e9liorer vos comp\u00e9tences en mati\u00e8re de trading et \u00e0 prendre des d\u00e9cisions plus \u00e9clair\u00e9es.<\/li>\n\n\n\n<li><strong>Communaut\u00e9 commerciale :<\/strong>&nbsp;En participant aux webinaires d'oxshare, vous avez la possibilit\u00e9 de vous connecter avec des traders du monde entier partageant les m\u00eames id\u00e9es. Vous pouvez partager des id\u00e9es, apprendre des traders exp\u00e9riment\u00e9s et m\u00eame collaborer sur des strat\u00e9gies de trading.<\/li>\n<\/ol>\n\n\n\n<p>En participant aux webinaires d'oxshare sur le Forex et les CFD, vous pouvez obtenir des informations pr\u00e9cieuses, acqu\u00e9rir de nouvelles strat\u00e9gies de trading et vous tenir au courant des derni\u00e8res tendances du march\u00e9. Alors, qu'attendez-vous ? Commencez d\u00e8s aujourd'hui \u00e0 am\u00e9liorer vos comp\u00e9tences en trading avec oxshare !<\/p>\n\n\n\n<h2 class=\"wp-block-heading\">Webinaires Oxshare<\/h2>\n\n\n\n<h3 class=\"wp-block-heading\">Aper\u00e7u des webinaires Oxshare<\/h3>\n\n\n\n<p>Pr\u00e9parez-vous \u00e0 passer \u00e0 la vitesse sup\u00e9rieure avec les webinaires Oxshare ! Ces webinaires sont con\u00e7us pour vous apporter les connaissances et l'expertise dont vous avez besoin pour am\u00e9liorer vos comp\u00e9tences en trading. Que vous soyez un d\u00e9butant cherchant \u00e0 apprendre les bases ou un trader exp\u00e9riment\u00e9 cherchant \u00e0 affiner ses strat\u00e9gies, ces webinaires vous couvrent.<\/p>\n\n\n\n<p>Anim\u00e9s par une \u00e9quipe de professionnels chevronn\u00e9s du trading, les webinaires Oxshare offrent une exp\u00e9rience d'apprentissage dynamique et interactive. Vous aurez l'occasion d'apprendre directement aupr\u00e8s d'experts qui ont des ann\u00e9es d'exp\u00e9rience sur les march\u00e9s du forex et des CFD. Ils partageront leurs id\u00e9es, leurs conseils et leurs strat\u00e9gies pour vous aider \u00e0 naviguer dans les complexit\u00e9s du trading.<\/p>\n\n\n\n<h3 class=\"wp-block-heading\">Types de webinaires propos\u00e9s<\/h3>\n\n\n\n<p><a href=\"https:\/\/linktr.ee\/oxshare\" target=\"_blank\" rel=\"noopener\">Part de boeuf<\/a> propose un large \u00e9ventail de webinaires destin\u00e9s aux traders de tous niveaux. Voici quelques-uns des types de webinaires auxquels vous pouvez vous attendre :<\/p>\n\n\n\n<ol class=\"wp-block-list\">\n<li>Introduction au trading : Si vous \u00eates novice en mati\u00e8re de trading, ces webinaires constituent une introduction compl\u00e8te au monde du trading sur le march\u00e9 des changes et des CFD. Vous apprendrez des concepts importants tels que l'analyse de march\u00e9, la gestion des risques et la psychologie du trading.<\/li>\n\n\n\n<li>Strat\u00e9gies avanc\u00e9es : Pour les traders exp\u00e9riment\u00e9s qui souhaitent passer au niveau sup\u00e9rieur, Oxshare propose des webinaires ax\u00e9s sur les strat\u00e9gies de trading avanc\u00e9es. De l'analyse technique \u00e0 l'analyse fondamentale, ces webinaires vous aideront \u00e0 affiner vos techniques de trading et \u00e0 prendre des d\u00e9cisions plus \u00e9clair\u00e9es.<\/li>\n\n\n\n<li>Psychologie du trading : Le trading n'est pas qu'une question de chiffres et d'analyse, il n\u00e9cessite \u00e9galement un bon \u00e9tat d'esprit. Les webinaires Oxshare sur la psychologie du trading se penchent sur les aspects mentaux du trading, vous apprenant \u00e0 surmonter les \u00e9motions telles que la peur et l'avidit\u00e9, et \u00e0 d\u00e9velopper la discipline n\u00e9cessaire pour un trading r\u00e9ussi.<\/li>\n\n\n\n<li>Mises \u00e0 jour du march\u00e9 : Restez au courant des derni\u00e8res tendances et nouvelles du march\u00e9 gr\u00e2ce aux webinaires de mise \u00e0 jour du march\u00e9 d'Oxshare. Ces webinaires fournissent des informations pr\u00e9cieuses sur les conditions actuelles du march\u00e9, ce qui vous permet de rester inform\u00e9 et de prendre des d\u00e9cisions commerciales plus avis\u00e9es.<\/li>\n<\/ol>\n\n\n\n<p>Quel que soit le niveau auquel vous vous trouvez dans votre parcours commercial, les webinaires Oxshare constituent une ressource pr\u00e9cieuse pour am\u00e9liorer vos comp\u00e9tences et vos connaissances en mati\u00e8re de n\u00e9gociation. Ne manquez pas l'occasion d'apprendre des experts de l'industrie et d'\u00e9lever vos comp\u00e9tences en trading \u00e0 de nouveaux sommets. Inscrivez-vous d\u00e8s aujourd'hui \u00e0 un webinaire Oxshare et commencez \u00e0 booster votre succ\u00e8s commercial !<\/p>\n\n\n\n<h2 class=\"wp-block-heading\">Th\u00e8mes du webinaire<\/h2>\n\n\n\n<h3 class=\"wp-block-heading\">Comprendre l'analyse fondamentale<\/h3>\n\n\n\n<p>Vous \u00eates pr\u00eat \u00e0 passer \u00e0 la vitesse sup\u00e9rieure en mati\u00e8re de n\u00e9gociation ? Ne cherchez pas plus loin que les webinaires sur le Forex et les CFD propos\u00e9s par Oxshare ! Ces webinaires sont con\u00e7us pour vous fournir les connaissances et les outils dont vous avez besoin pour am\u00e9liorer vos comp\u00e9tences en trading et atteindre le succ\u00e8s financier.<\/p>\n\n\n\n<p>L'un des principaux th\u00e8mes abord\u00e9s dans ces webinaires est \"Comprendre l'analyse fondamentale\". Dans ce webinaire, vous apprendrez \u00e0 analyser les facteurs \u00e9conomiques et les \u00e9v\u00e9nements d'actualit\u00e9 qui ont un impact sur les march\u00e9s financiers. Vous d\u00e9couvrirez comment les indicateurs \u00e9conomiques, tels que les taux d'inflation, les taux d'int\u00e9r\u00eat et le PIB, peuvent influencer les prix des devises et des CFD.<\/p>\n\n\n\n<p>En comprenant l'analyse fondamentale, vous serez en mesure de prendre des d\u00e9cisions commerciales \u00e9clair\u00e9es en fonction de la sant\u00e9 \u00e9conomique des pays et des \u00e9v\u00e9nements mondiaux. Ces connaissances vous donneront un avantage sur le march\u00e9, en vous permettant d'anticiper les mouvements de prix et de tirer parti d'opportunit\u00e9s commerciales rentables.<\/p>\n\n\n\n<h3 class=\"wp-block-heading\">Ma\u00eetriser l'analyse technique<\/h3>\n\n\n\n<p>Un autre sujet important abord\u00e9 dans les webinaires Oxshare est la \"ma\u00eetrise de l'analyse technique\". L'analyse technique consiste \u00e0 analyser les donn\u00e9es historiques sur les prix et les volumes afin d'identifier les mod\u00e8les et les tendances du march\u00e9. En ma\u00eetrisant cette technique d'analyse, vous pouvez pr\u00e9dire avec pr\u00e9cision les mouvements de prix futurs et am\u00e9liorer la pr\u00e9cision de vos transactions.<\/p>\n\n\n\n<p>Dans ce webinaire, vous apprendrez \u00e0 lire les graphiques, \u00e0 reconna\u00eetre les sch\u00e9mas graphiques courants et \u00e0 utiliser divers indicateurs techniques pour identifier les points d'entr\u00e9e et de sortie potentiels. D\u00e9couvrez comment appliquer les niveaux de support et de r\u00e9sistance, les lignes de tendance et les moyennes mobiles dans votre strat\u00e9gie de trading.<\/p>\n\n\n\n<p>En outre, les webinaires fournissent des informations pr\u00e9cieuses sur les techniques de gestion des risques et la psychologie du trading. Apprenez \u00e0 g\u00e9rer efficacement vos risques, \u00e0 d\u00e9finir des ordres stop-loss et \u00e0 d\u00e9velopper un \u00e9tat d'esprit disciplin\u00e9 pour surmonter les biais \u00e9motionnels.<\/p>\n\n\n\n<p>En participant aux webinaires sur le Forex et les CFD avec Oxshare, vous acquerrez les connaissances et les comp\u00e9tences dont vous avez besoin pour n\u00e9gocier en toute confiance et maximiser vos profits. Ces webinaires sont anim\u00e9s par des traders exp\u00e9riment\u00e9s et des experts financiers qui ont \u00e0 c\u0153ur de permettre \u00e0 des personnes comme vous de r\u00e9ussir sur les march\u00e9s financiers.<\/p>\n\n\n\n<p>Alors, qu'attendez-vous ? Inscrivez-vous d\u00e8s aujourd'hui \u00e0 un webinaire Oxshare et augmentez vos comp\u00e9tences en trading !<\/p>\n\n\n\n<h2 class=\"wp-block-heading\">Avantages des webinaires avec <a href=\"https:\/\/oxshare.com\/fr\/\">Part de boeuf<\/a><\/h2>\n\n\n\n<p>Vous cherchez \u00e0 am\u00e9liorer vos comp\u00e9tences en mati\u00e8re de n\u00e9gociation et \u00e0 vous tenir au courant des derni\u00e8res tendances du march\u00e9 ? Ne cherchez pas plus loin que les webinaires d'Oxshare sur le Forex et les CFD ! Ces webinaires offrent une exp\u00e9rience d'apprentissage unique et interactive qui vous permettra d'am\u00e9liorer vos comp\u00e9tences en mati\u00e8re de trading. Voici quelques avantages de participer aux webinaires d'Oxshare :<\/p>\n\n\n\n<h3 class=\"wp-block-heading\">Exp\u00e9rience d'apprentissage interactive<\/h3>\n\n\n\n<p>Lorsqu'il s'agit d'apprendre \u00e0 n\u00e9gocier sur le Forex et les CFD, les webinaires offrent une exp\u00e9rience hautement interactive. Contrairement aux m\u00e9thodes d'apprentissage traditionnelles, les webinaires vous permettent de participer activement et de vous impliquer dans le mat\u00e9riel pr\u00e9sent\u00e9. Vous pouvez poser des questions, demander des \u00e9claircissements et m\u00eame engager des discussions en direct avec les experts. Cette approche pratique vous permet non seulement d'am\u00e9liorer votre compr\u00e9hension, mais aussi d'appliquer imm\u00e9diatement les connaissances acquises. Avec les webinaires d'Oxshare, vous aurez l'occasion d'apprendre des traders exp\u00e9riment\u00e9s qui ont une mine de connaissances \u00e0 partager.<\/p>\n\n\n\n<h3 class=\"wp-block-heading\">Acc\u00e8s \u00e0 des traders experts<\/h3>\n\n\n\n<p>En participant aux webinaires d'Oxshare, vous b\u00e9n\u00e9ficiez d'un acc\u00e8s direct \u00e0 une \u00e9quipe de traders experts. Ces professionnels ont des ann\u00e9es d'exp\u00e9rience sur les march\u00e9s du Forex et des CFD et peuvent vous fournir des informations et des strat\u00e9gies pr\u00e9cieuses pour vous aider \u00e0 am\u00e9liorer vos comp\u00e9tences en mati\u00e8re de trading. Ils partageront leur expertise, leurs conseils et les meilleures pratiques qui sont essentielles pour r\u00e9ussir dans l'industrie. Que vous soyez un d\u00e9butant ou un trader exp\u00e9riment\u00e9, ces webinaires vous offrent une orientation pr\u00e9cieuse et des conseils personnalis\u00e9s adapt\u00e9s \u00e0 votre niveau d'expertise.<\/p>\n\n\n\n<p>En participant aux webinaires d'Oxshare, vous aurez \u00e9galement l'occasion de nouer des contacts avec d'autres traders. Cela cr\u00e9e une communaut\u00e9 de soutien o\u00f9 vous pouvez partager des id\u00e9es, des exp\u00e9riences et apprendre des succ\u00e8s et des d\u00e9fis de chacun.<\/p>\n\n\n\n<p>Les webinaires d'Oxshare sont con\u00e7us pour \u00eatre flexibles et accessibles. Vous pouvez facilement y participer depuis le confort de votre domicile ou de votre bureau, ce qui vous \u00e9vite de vous d\u00e9placer ou d'assister \u00e0 des s\u00e9minaires physiques. Les webinaires enregistr\u00e9s sont \u00e9galement disponibles pour un visionnage ult\u00e9rieur, ce qui vous permet de revoir le contenu autant de fois que vous le souhaitez.<\/p>\n\n\n\n<p>Si vous souhaitez am\u00e9liorer vos comp\u00e9tences en mati\u00e8re de trading et ma\u00eetriser l'art du trading sur le Forex et les CFD, les webinaires d'Oxshare sont une ressource fantastique. Gr\u00e2ce \u00e0 leur exp\u00e9rience d'apprentissage interactive et \u00e0 l'acc\u00e8s \u00e0 des traders experts, vous acquerrez les connaissances et la confiance dont vous avez besoin pour r\u00e9ussir sur les march\u00e9s.<\/p>\n\n\n\n<p>Ne manquez pas cette occasion d'am\u00e9liorer vos comp\u00e9tences en trading - inscrivez-vous d\u00e8s aujourd'hui aux webinaires d'Oxshare sur le Forex et les CFD !<\/p>\n\n\n\n<h2 class=\"wp-block-heading\">Comment s'inscrire <a href=\"https:\/\/oxshare.com\/fr\/\">Webinaires Oxshare<\/a><\/h2>\n\n\n\n<p><a href=\"https:\/\/oxshare.com\/fr\/\">Part de boeuf<\/a> est votre plateforme de r\u00e9f\u00e9rence pour les webinaires sur le Forex et les CFD qui vous permettront d'atteindre de nouveaux sommets en mati\u00e8re de trading. Si vous \u00eates pr\u00eat \u00e0 am\u00e9liorer vos comp\u00e9tences, \u00e0 acqu\u00e9rir des connaissances pr\u00e9cieuses et \u00e0 garder une longueur d'avance dans le jeu du trading, alors <a href=\"https:\/\/oxshare.com\/fr\/\">Part de boeuf<\/a> sont faits pour vous ! Voici comment vous pouvez participer \u00e0 l'action.<\/p>\n\n\n\n<h3 class=\"wp-block-heading\">Processus d'enregistrement<\/h3>\n\n\n\n<ol class=\"wp-block-list\">\n<li><strong>Cr\u00e9er un compte :<\/strong>&nbsp;Pour commencer, rendez-vous sur le site web d'Oxshare et cr\u00e9ez un compte gratuit. Cela ne prend que quelques minutes et vous aurez acc\u00e8s \u00e0 une mine de connaissances et de ressources.<\/li>\n\n\n\n<li><strong>Choisissez un webinaire :<\/strong>&nbsp;Une fois connect\u00e9, parcourez les webinaires \u00e0 venir pour trouver les sujets qui vous int\u00e9ressent le plus. Que vous soyez un d\u00e9butant ou un trader exp\u00e9riment\u00e9, il y en a pour tous les go\u00fbts.<\/li>\n\n\n\n<li><strong>S'inscrire :<\/strong>&nbsp;S\u00e9lectionnez le webinaire auquel vous souhaitez participer et cliquez sur le bouton d'inscription. Remplissez vos coordonn\u00e9es et confirmez votre participation. C'est aussi simple que cela !<\/li>\n\n\n\n<li><strong>Pr\u00e9parer :<\/strong>&nbsp;Avant le d\u00e9but du webinaire, assurez-vous de disposer d'une connexion internet stable et d'un espace calme o\u00f9 vous pourrez vous concentrer. Pr\u00e9parez votre bloc-notes, car vous voudrez prendre des notes pendant la session.<\/li>\n<\/ol>\n\n\n\n<h3 class=\"wp-block-heading\">Calendrier des prochains webinaires<\/h3>\n\n\n\n<p>Chez Oxshare, il y a toujours un webinaire au coin de la rue. Voici quelques-uns des prochains webinaires \u00e0 ne pas manquer :<\/p>\n\n\n\n<ul class=\"wp-block-list\">\n<li><strong>Ma\u00eetriser l'analyse technique :<\/strong>&nbsp;Apprenez \u00e0 lire les graphiques, \u00e0 identifier les tendances et \u00e0 prendre des d\u00e9cisions \u00e9clair\u00e9es sur la base d'indicateurs techniques. Ce webinaire est id\u00e9al pour les traders qui souhaitent am\u00e9liorer leurs comp\u00e9tences en mati\u00e8re d'analyse technique.<\/li>\n\n\n\n<li><strong>La psychologie du trading :<\/strong>&nbsp;D\u00e9couvrez comment g\u00e9rer vos \u00e9motions, surmonter la peur et la cupidit\u00e9, et d\u00e9velopper un \u00e9tat d'esprit gagnant. Ce webinaire vous aidera \u00e0 contr\u00f4ler votre psychologie de trading et \u00e0 prendre de meilleures d\u00e9cisions.<\/li>\n\n\n\n<li><strong>Strat\u00e9gies de gestion des risques :<\/strong>&nbsp;Comprendre comment prot\u00e9ger son capital et g\u00e9rer le risque de mani\u00e8re efficace. D\u00e9couvrez le dimensionnement des positions, les ordres stop-loss et d'autres techniques de gestion du risque qui peuvent vous aider \u00e0 prot\u00e9ger votre compte de trading.<\/li>\n<\/ul>\n\n\n\n<p>Avec les webinaires Oxshare, vous aurez acc\u00e8s \u00e0 des experts du secteur, \u00e0 des exemples en temps r\u00e9el et \u00e0 des informations pratiques qui peuvent consid\u00e9rablement am\u00e9liorer vos comp\u00e9tences en mati\u00e8re de trading. Ne manquez pas ces occasions incroyables d'am\u00e9liorer vos comp\u00e9tences en mati\u00e8re de n\u00e9gociation. Rejoignez les webinaires Oxshare d\u00e8s aujourd'hui et faites passer votre jeu de trading au niveau sup\u00e9rieur !<\/p>\n\n\n\n<p>(Note : 416 mots selon les instructions)<\/p>\n\n\n\n<h2 class=\"wp-block-heading\">Conclusion<\/h2>\n\n\n\n<p><strong>Vous souhaitez am\u00e9liorer vos comp\u00e9tences en mati\u00e8re de n\u00e9gociation ?<\/strong>&nbsp;Ne cherchez pas plus loin ! Oxshare propose une gamme de webinaires sur le Forex et les CFD con\u00e7us pour am\u00e9liorer vos comp\u00e9tences et vos connaissances dans le secteur du trading.<\/p>\n\n\n\n<h3 class=\"wp-block-heading\">Am\u00e9liorez vos comp\u00e9tences en mati\u00e8re de n\u00e9gociation avec <a href=\"https:\/\/oxshare.com\/fr\/\">Part de boeuf<\/a> Webinaires<\/h3>\n\n\n\n<p><strong>Plongez dans le monde de la n\u00e9gociation :<\/strong>&nbsp;Avec les webinaires Oxshare, vous avez l'opportunit\u00e9 d'apprendre des professionnels du secteur qui sont des experts dans le domaine du trading Forex et CFD. Ces webinaires fournissent des informations, des strat\u00e9gies et des conseils pr\u00e9cieux qui peuvent vous aider \u00e0 prendre des d\u00e9cisions \u00e9clair\u00e9es en mati\u00e8re de trading et \u00e0 maximiser vos profits.<\/p>\n\n\n\n<p><strong>Restez au courant des derni\u00e8res tendances du march\u00e9 :<\/strong>&nbsp;Les march\u00e9s financiers sont en constante \u00e9volution et il est essentiel de se tenir au courant des derni\u00e8res tendances et \u00e9volutions pour r\u00e9ussir ses transactions. Les webinaires Oxshare couvrent un large \u00e9ventail de sujets, notamment l'analyse technique, l'analyse fondamentale, la gestion des risques, etc. En participant \u00e0 ces webinaires, vous pouvez garder une longueur d'avance et prendre des d\u00e9cisions de trading plus judicieuses.<\/p>\n\n\n\n<p><strong>Exp\u00e9rience d'apprentissage interactive et engageante :<\/strong>&nbsp;<a href=\"https:\/\/oxshare.com\/fr\/\">Part de boeuf<\/a> Les webinaires ne sont pas de simples conf\u00e9rences. Ce sont des sessions interactives qui vous permettent de participer aux discussions, de poser des questions et d'interagir avec d'autres traders. Cette approche pratique de l'apprentissage garantit que vous comprenez parfaitement les concepts abord\u00e9s et que vous pouvez les appliquer efficacement dans vos strat\u00e9gies de trading.<\/p>\n\n\n\n<p><strong>Pratique et accessible :<\/strong>&nbsp;Les webinaires Oxshare sont organis\u00e9s en ligne, ce qui signifie que vous pouvez y assister depuis le confort de votre domicile ou de votre bureau. Que vous soyez un d\u00e9butant cherchant \u00e0 apprendre les bases ou un trader exp\u00e9riment\u00e9 cherchant \u00e0 affiner ses comp\u00e9tences, il y a des webinaires disponibles pour les traders de tous niveaux.<\/p>\n\n\n\n<h3 class=\"wp-block-heading\">Questions fr\u00e9quemment pos\u00e9es<\/h3>\n\n\n\n<p><strong>Q : Les webinaires sont-ils adapt\u00e9s aux d\u00e9butants ?<\/strong><br>R : Oui ! <a href=\"https:\/\/oxshare.com\/fr\/\">Part de boeuf<\/a> s'adressent aux traders de tous niveaux, y compris les d\u00e9butants. Les webinaires couvrent un large \u00e9ventail de sujets, depuis les bases du trading sur le Forex et les CFD jusqu'aux strat\u00e9gies et techniques avanc\u00e9es.<\/p>\n\n\n\n<p><strong>Q : Quelle est la fr\u00e9quence des webinaires ?<\/strong><br>R : Oxshare organise r\u00e9guli\u00e8rement des webinaires, de nouvelles sessions \u00e9tant programm\u00e9es chaque semaine ou chaque mois. Vous pouvez consulter le site Web d'Oxshare ou vous abonner \u00e0 leur bulletin d'information pour vous tenir au courant des prochains webinaires.<\/p>\n\n\n\n<p><strong>Q : Les webinaires sont-ils gratuits ?<\/strong>R : Oui, les webinaires organis\u00e9s par Oxshare sont totalement gratuits. Il suffit de s'inscrire au webinaire et d'y assister \u00e0 l'heure pr\u00e9vue.<\/p>\n\n\n\n<p>En conclusion, <a href=\"https:\/\/oxshare.com\/fr\/\">Part de boeuf<\/a> sont une ressource pr\u00e9cieuse pour les traders qui cherchent \u00e0 am\u00e9liorer leurs comp\u00e9tences en mati\u00e8re de trading et \u00e0 garder une longueur d'avance sur le march\u00e9. Gr\u00e2ce \u00e0 des experts, des exp\u00e9riences d'apprentissage interactives et une accessibilit\u00e9 pratique, ces webinaires peuvent vous aider \u00e0 passer \u00e0 la vitesse sup\u00e9rieure en mati\u00e8re de n\u00e9gociation. Inscrivez-vous d\u00e8s aujourd'hui \u00e0 l'un des prochains webinaires et commencez \u00e0 am\u00e9liorer vos comp\u00e9tences en trading avec Oxshare !<\/p>","protected":false},"excerpt":{"rendered":"<p>Are you ready to take your trading skills to the next level?&nbsp;If you're looking to boost your trading proficiency and stay ahead of the game, then you need to check out the insightful Forex &amp; CFD webinars offered by oxshare. What is Forex and CFD Trading? Forex and CFD trading are popular forms of financial [&hellip;]<\/p>\n","protected":false},"author":204281813,"featured_media":0,"parent":0,"menu_order":0,"comment_status":"closed","ping_status":"closed","template":"","meta":{"inline_featured_image":false,"footnotes":""},"class_list":["post-5906","page","type-page","status-publish","hentry"],"acf":[],"a3_pvc":{"activated":false,"total_views":0,"today_views":0},"_links":{"self":[{"href":"https:\/\/oxshare.com\/fr\/wp-json\/wp\/v2\/pages\/5906","targetHints":{"allow":["GET"]}}],"collection":[{"href":"https:\/\/oxshare.com\/fr\/wp-json\/wp\/v2\/pages"}],"about":[{"href":"https:\/\/oxshare.com\/fr\/wp-json\/wp\/v2\/types\/page"}],"author":[{"embeddable":true,"href":"https:\/\/oxshare.com\/fr\/wp-json\/wp\/v2\/users\/204281813"}],"replies":[{"embeddable":true,"href":"https:\/\/oxshare.com\/fr\/wp-json\/wp\/v2\/comments?post=5906"}],"version-history":[{"count":2,"href":"https:\/\/oxshare.com\/fr\/wp-json\/wp\/v2\/pages\/5906\/revisions"}],"predecessor-version":[{"id":8502,"href":"https:\/\/oxshare.com\/fr\/wp-json\/wp\/v2\/pages\/5906\/revisions\/8502"}],"wp:attachment":[{"href":"https:\/\/oxshare.com\/fr\/wp-json\/wp\/v2\/media?parent=5906"}],"curies":[{"name":"wp","href":"https:\/\/api.w.org\/{rel}","templated":true}]}}