{"id":7618,"date":"2023-08-08T10:44:51","date_gmt":"2023-08-08T07:44:51","guid":{"rendered":"https:\/\/oxshare.com\/?page_id=7618"},"modified":"2024-01-29T16:40:10","modified_gmt":"2024-01-29T14:40:10","slug":"mobile-app","status":"publish","type":"page","link":"https:\/\/oxshare.com\/fr\/mobile-app","title":{"rendered":"Application mobile"},"content":{"rendered":"<p>Vous en avez assez d'\u00eatre attach\u00e9 \u00e0 votre bureau lorsqu'il s'agit de <a href=\"https:\/\/www.forex.com\/en\/\" target=\"_blank\" rel=\"noopener\">commerce<\/a>? Eh bien, nous avons des nouvelles passionnantes pour vous ! Nous vous pr\u00e9sentons l'application mobile OXShare - la solution ultime pour trader en d\u00e9placement. Gr\u00e2ce \u00e0 cette application innovante, vous pouvez d\u00e9sormais trader \u00e0 tout moment, o\u00f9 que vous soyez, et prendre le contr\u00f4le de vos investissements comme jamais auparavant.<\/p>\n\n\n\n<h3 class=\"wp-block-heading\">Vue d'ensemble de la <a href=\"https:\/\/oxshare.com\/fr\/mobile-app\/\">Application mobile OXShare<\/a><\/h3>\n\n\n\n<p>L'application mobile OXShare change la donne dans le monde du trading. C'est un outil puissant qui vous permet d'acc\u00e9der aux donn\u00e9es du march\u00e9 en temps r\u00e9el, d'ex\u00e9cuter des transactions et de g\u00e9rer votre portefeuille directement depuis votre smartphone ou votre tablette. Plus besoin d'\u00eatre confin\u00e9 \u00e0 votre bureau ou de transporter un ordinateur portable encombrant - avec l'application mobile OXShare, le march\u00e9 boursier est au bout de vos doigts.<\/p>\n\n\n\n<p>Cette application conviviale offre une s\u00e9rie de fonctionnalit\u00e9s con\u00e7ues pour faire du trading en d\u00e9placement une exp\u00e9rience transparente. Vous pouvez facilement surveiller les cours des actions, suivre les tendances du march\u00e9 et recevoir des notifications instantan\u00e9es sur les nouvelles et les \u00e9v\u00e9nements importants susceptibles d'avoir un impact sur vos investissements. L'application fournit \u00e9galement des outils de recherche et d'analyse complets, vous permettant de prendre des d\u00e9cisions de trading \u00e9clair\u00e9es o\u00f9 que vous soyez.<\/p>\n\n\n\n<h3 class=\"wp-block-heading\">Avantages de l'utilisation <a href=\"https:\/\/oxshare.com\/fr\/mobile-app\/\" data-type=\"link\" data-id=\"https:\/\/oxshare.com\/mobile-app\">Application mobile OXShare<\/a> pour le commerce<\/h3>\n\n\n\n<p>L'utilisation de l'application mobile OXShare s'accompagne d'une multitude d'avantages qui r\u00e9volutionneront votre exp\u00e9rience de trading. En voici quelques-uns :<\/p>\n\n\n\n<p>1.<strong>Commodit\u00e9 :<\/strong>&nbsp;La possibilit\u00e9 d'effectuer des transactions \u00e0 tout moment et en tout lieu vous donne la libert\u00e9 et la flexibilit\u00e9 de profiter des opportunit\u00e9s du march\u00e9 d\u00e8s qu'elles se pr\u00e9sentent. Vous ne manquerez plus de profits potentiels parce que vous n'\u00eates pas \u00e0 votre bureau.<\/p>\n\n\n\n<ol class=\"wp-block-list\" start=\"2\">\n<li><strong>Donn\u00e9es en temps r\u00e9el :<\/strong>&nbsp;Avec l'application mobile OXShare, vous pouvez acc\u00e9der aux donn\u00e9es de march\u00e9 les plus r\u00e9centes, ce qui vous permet de rester inform\u00e9 et de prendre des d\u00e9cisions rapides et \u00e9clair\u00e9es. Vous pouvez facilement suivre les cours des actions, surveiller les tendances du march\u00e9 et analyser les graphiques, le tout en temps r\u00e9el.<\/li>\n\n\n\n<li><strong>Notifications instantan\u00e9es :<\/strong>&nbsp;Restez inform\u00e9 gr\u00e2ce \u00e0 des notifications instantan\u00e9es sur les nouvelles du march\u00e9, les rapports sur les b\u00e9n\u00e9fices et d'autres \u00e9v\u00e9nements susceptibles d'avoir un impact sur vos investissements. Cela vous permet de r\u00e9agir rapidement aux changements du march\u00e9 et d'adapter votre strat\u00e9gie commerciale en cons\u00e9quence.<\/li>\n\n\n\n<li><strong>S\u00e9curis\u00e9 et fiable :<\/strong>&nbsp;L'application mobile OXShare est dot\u00e9e de fonctions de s\u00e9curit\u00e9 robustes qui garantissent la s\u00e9curit\u00e9 de vos informations personnelles et financi\u00e8res. Vous pouvez n\u00e9gocier en toute confiance, sachant que vos donn\u00e9es sensibles sont prot\u00e9g\u00e9es.<\/li>\n<\/ol>\n\n\n\n<p>Alors, qu'attendez-vous ? T\u00e9l\u00e9chargez l'application mobile OXShare d\u00e8s aujourd'hui et commencez \u00e0 trader en d\u00e9placement. Il est temps de prendre le contr\u00f4le de vos investissements et de saisir chaque opportunit\u00e9 de trading, o\u00f9 que vous soyez. Bon trading !<\/p>\n\n\n\n<h2 class=\"wp-block-heading\">D\u00e9marrer avec OXShare<\/h2>\n\n\n\n<h3 class=\"wp-block-heading\">T\u00e9l\u00e9chargement et installation de l'application <a href=\"https:\/\/oxshare.com\/fr\/mobile-app\/\" data-type=\"link\" data-id=\"https:\/\/oxshare.com\/mobile-app\">Application mobile OXShare<\/a><\/h3>\n\n\n\n<p>Bienvenue dans le monde passionnant d'OXShare, l'application mobile ultime pour trader n'importe o\u00f9 ! Avec OXShare, vous avez la possibilit\u00e9 d'acc\u00e9der aux march\u00e9s mondiaux, de g\u00e9rer vos investissements et de rester inform\u00e9 des derni\u00e8res tendances du march\u00e9, le tout dans le creux de votre main.<\/p>\n\n\n\n<p>Pour commencer, la premi\u00e8re chose \u00e0 faire est de t\u00e9l\u00e9charger et d'installer l'application mobile OXShare. Il vous suffit de vous rendre sur l'App Store ou le Google Play Store de votre smartphone, de rechercher OXShare et de cliquer sur le bouton de t\u00e9l\u00e9chargement. Le t\u00e9l\u00e9chargement et l'installation sont enti\u00e8rement gratuits, vous n'aurez donc pas \u00e0 vous soucier de co\u00fbts suppl\u00e9mentaires.<\/p>\n\n\n\n<p>Une fois l'application t\u00e9l\u00e9charg\u00e9e, il suffit de cliquer sur le fichier d'installation et de suivre les instructions \u00e0 l'\u00e9cran. Cela ne prend que quelques minutes et vous serez op\u00e9rationnel en un rien de temps.<\/p>\n\n\n\n<h3 class=\"wp-block-heading\">Cr\u00e9ation d'un compte et d'un profil<\/h3>\n\n\n\n<p>F\u00e9licitations pour l'installation de l'application mobile OXShare ! Il est maintenant temps de cr\u00e9er votre compte et de configurer votre profil. Cela vous permettra de personnaliser votre exp\u00e9rience et de tirer le meilleur parti des fonctionnalit\u00e9s de l'application.<\/p>\n\n\n\n<p>Pour cr\u00e9er un compte, il suffit d'ouvrir l'application mobile OXShare et de cliquer sur le bouton \"S'inscrire\". Remplissez les informations requises, y compris votre adresse e-mail et un mot de passe s\u00e9curis\u00e9. Veillez \u00e0 choisir un mot de passe unique et fort pour prot\u00e9ger votre compte.<\/p>\n\n\n\n<p>Une fois que vous avez cr\u00e9\u00e9 votre compte, vous \u00eates invit\u00e9 \u00e0 configurer votre profil. C'est l\u00e0 que vous pouvez ajouter une photo de profil, fournir quelques informations de base vous concernant et personnaliser vos pr\u00e9f\u00e9rences de trading. Plus votre profil est complet et pr\u00e9cis, plus OXShare peut adapter ses recommandations et ses informations \u00e0 vos besoins sp\u00e9cifiques.<\/p>\n\n\n\n<p>Et c'est tout ! Vous \u00eates pr\u00eat \u00e0 commencer \u00e0 trader n'importe o\u00f9 avec OXShare. L'interface \u00e9l\u00e9gante et conviviale de l'application permet aux d\u00e9butants et aux traders exp\u00e9riment\u00e9s de naviguer et d'ex\u00e9cuter des transactions en toute confiance. Que vous soyez \u00e0 la maison, au travail ou en d\u00e9placement, OXShare vous assure de ne jamais manquer une opportunit\u00e9 de trading.<\/p>\n\n\n\n<p>Alors qu'attendez-vous ? T\u00e9l\u00e9chargez l'application mobile OXShare d\u00e8s maintenant et faites passer votre trading \u00e0 la vitesse sup\u00e9rieure !<\/p>\n\n\n\n<h2 class=\"wp-block-heading\">Caract\u00e9ristiques <a href=\"https:\/\/oxshare.com\/fr\/mobile-app\/\" data-type=\"link\" data-id=\"https:\/\/oxshare.com\/mobile-app\">Application mobile OXShare<\/a><\/h2>\n\n\n\n<h3 class=\"wp-block-heading\">Donn\u00e9es de march\u00e9 et cotations en temps r\u00e9el<\/h3>\n\n\n\n<p>Pr\u00eat \u00e0 trader \u00e0 tout moment et n'importe o\u00f9 ? Ne cherchez pas plus loin que l'application mobile OXShare ! Gr\u00e2ce \u00e0 ses donn\u00e9es de march\u00e9 en temps r\u00e9el et \u00e0 sa fonction de cotation, vous pouvez rester inform\u00e9 des derni\u00e8res tendances du march\u00e9 et prendre des d\u00e9cisions de trading \u00e9clair\u00e9es en d\u00e9placement. Plus besoin d'attendre de retourner \u00e0 votre bureau ou de manquer des opportunit\u00e9s potentielles.<\/p>\n\n\n\n<p>L'application vous fournit des donn\u00e9es de derni\u00e8re minute sur les actions, les indices, les devises et les mati\u00e8res premi\u00e8res, ce qui vous permet de disposer de toutes les informations n\u00e9cessaires \u00e0 l'ex\u00e9cution de vos transactions. Que vous soyez un day trader ou un investisseur \u00e0 long terme, cette fonctionnalit\u00e9 vous permet de r\u00e9agir rapidement aux mouvements du march\u00e9 et de maximiser vos chances de r\u00e9ussite.<\/p>\n\n\n\n<h3 class=\"wp-block-heading\">Outils graphiques et options d'analyse technique<\/h3>\n\n\n\n<p>Faites passer votre trading au niveau sup\u00e9rieur gr\u00e2ce aux outils graphiques complets et aux options d'analyse technique de l'application mobile OXShare. Avec un large \u00e9ventail de types de graphiques, y compris les lignes, les barres et les chandeliers, vous pouvez visualiser les mouvements de prix et identifier les mod\u00e8les et les tendances cl\u00e9s.<\/p>\n\n\n\n<p>Vous souhaitez superposer des indicateurs tels que des moyennes mobiles ou des bandes de Bollinger ? Pas de probl\u00e8me ! L'application offre une vari\u00e9t\u00e9 d'outils d'analyse technique pour vous aider \u00e0 analyser l'action des prix et \u00e0 prendre des d\u00e9cisions plus \u00e9clair\u00e9es. Que vous soyez un trader chevronn\u00e9 ou que vous d\u00e9butiez, ces fonctionnalit\u00e9s fournissent des informations pr\u00e9cieuses sur le comportement du march\u00e9 et peuvent grandement am\u00e9liorer vos strat\u00e9gies de trading.<\/p>\n\n\n\n<p>En outre, l'application vous permet de d\u00e9finir des alertes personnalis\u00e9es bas\u00e9es sur des conditions de march\u00e9 ou des niveaux de prix sp\u00e9cifiques. Vous \u00eates ainsi assur\u00e9 de ne jamais manquer une opportunit\u00e9 ou d'\u00eatre pris au d\u00e9pourvu par les mouvements soudains du march\u00e9. Gardez le contr\u00f4le de vos transactions gr\u00e2ce \u00e0 des notifications en temps r\u00e9el qui vous tiennent inform\u00e9 et pr\u00eat \u00e0 passer \u00e0 l'action.<\/p>\n\n\n\n<p>En conclusion, l'application mobile OXShare est votre compagnon de trading ultime. Avec ses donn\u00e9es de march\u00e9 en temps r\u00e9el, ses cotations, ses outils graphiques et ses options d'analyse technique, vous pouvez trader en toute confiance, \u00e0 tout moment et en tout lieu. Que vous soyez un trader professionnel ou un d\u00e9butant enthousiaste, cette application poss\u00e8de les fonctionnalit\u00e9s dont vous avez besoin pour r\u00e9ussir dans le monde dynamique du trading. Alors n'attendez pas - t\u00e9l\u00e9chargez l'application mobile OXShare d\u00e8s maintenant et commencez \u00e0 trader comme un pro !<\/p>\n\n\n\n<h2 class=\"wp-block-heading\">N\u00e9gocier sur OXShare<\/h2>\n\n\n\n<p>Vous \u00eates en d\u00e9placement, toujours \u00e0 la recherche d'opportunit\u00e9s pour trader et faire des profits. Ne cherchez plus, OXShare vous couvre avec son incroyable application mobile qui vous permet de n\u00e9gocier n'importe o\u00f9, n'importe quand. Imaginez la libert\u00e9 d'acheter et de vendre des actions en quelques clics sur votre smartphone. Excitant, n'est-ce pas ? Plongeons dans le vif du sujet et explorons comment vous pouvez tirer le meilleur parti de l'application mobile d'OXShare.<\/p>\n\n\n\n<h3 class=\"wp-block-heading\">Comment acheter et vendre des actions \u00e0 l'aide de l'application mobile OXShare ?<\/h3>\n\n\n\n<p>Avec l'application mobile OXShare, acheter et vendre des actions n'a jamais \u00e9t\u00e9 aussi facile. Voici un guide simple, \u00e9tape par \u00e9tape, pour vous aider \u00e0 d\u00e9marrer :<\/p>\n\n\n\n<ol class=\"wp-block-list\">\n<li>T\u00e9l\u00e9chargez et installez le <a href=\"https:\/\/oxshare.com\/fr\/mobile-app\/\" data-type=\"link\" data-id=\"https:\/\/oxshare.com\/mobile-app\">Application mobile OXShare<\/a> \u00e0 partir de votre magasin d'applications.<\/li>\n\n\n\n<li>Inscrivez-vous ou connectez-vous \u00e0 votre compte OXShare. Si vous n'avez pas encore de compte, ne vous inqui\u00e9tez pas ! Vous pouvez en cr\u00e9er un directement depuis l'application.<\/li>\n\n\n\n<li>Une fois connect\u00e9, acc\u00e9dez \u00e0 la section \"trading\". Vous y trouverez un large \u00e9ventail d'actions disponibles pour la n\u00e9gociation. Utilisez la fonction de recherche pour trouver des actions sp\u00e9cifiques ou explorez les diff\u00e9rentes cat\u00e9gories pour vous inspirer.<\/li>\n\n\n\n<li>Lorsque vous trouvez une action qui vous int\u00e9resse, appuyez dessus pour en afficher les d\u00e9tails. Vous y trouverez des informations essentielles telles que des donn\u00e9es de march\u00e9 en temps r\u00e9el, des graphiques historiques et la possibilit\u00e9 de passer un ordre.<\/li>\n\n\n\n<li>Pour acheter ou vendre une action, il vous suffit de saisir la quantit\u00e9 souhait\u00e9e et le prix auquel vous voulez ex\u00e9cuter la transaction. Vous pouvez choisir entre des ordres de march\u00e9, des ordres \u00e0 cours limit\u00e9 et des ordres stop pour personnaliser votre strat\u00e9gie de n\u00e9gociation.<\/li>\n\n\n\n<li>Passez en revue les d\u00e9tails de votre commande et, lorsque vous \u00eates pr\u00eat, cliquez sur le bouton \"Soumettre\". Nous vous f\u00e9licitons ! Vous venez d'ex\u00e9cuter une transaction sur OXShare Mobile App.<\/li>\n<\/ol>\n\n\n\n<h3 class=\"wp-block-heading\">Utilisation d'options de n\u00e9gociation et de types d'ordres avanc\u00e9s<\/h3>\n\n\n\n<p>Si vous souhaitez passer au niveau sup\u00e9rieur, l'application mobile OXShare offre une gamme d'options avanc\u00e9es et de types d'ordres pour am\u00e9liorer votre exp\u00e9rience de trading. En voici quelques exemples :<\/p>\n\n\n\n<ul class=\"wp-block-list\">\n<li>Types d'ordres avanc\u00e9s : Tirez parti de fonctions telles que les ordres stop suiveurs, les ordres en fourchette et les ordres \" une annulation l'autre \" (OCO) pour automatiser vos strat\u00e9gies de trading et g\u00e9rer le risque plus efficacement.<\/li>\n\n\n\n<li>Donn\u00e9es du march\u00e9 en temps r\u00e9el : Restez au courant des derni\u00e8res tendances et actualit\u00e9s du march\u00e9. L'application mobile OXShare fournit des donn\u00e9es en temps r\u00e9el, y compris les cours, les graphiques et les nouvelles financi\u00e8res, pour vous aider \u00e0 prendre des d\u00e9cisions de trading \u00e9clair\u00e9es.<\/li>\n\n\n\n<li>Liste de surveillance personnalisable : Cr\u00e9ez une liste de surveillance personnalis\u00e9e de vos actions pr\u00e9f\u00e9r\u00e9es afin de suivre de pr\u00e8s leurs performances et de recevoir des notifications en temps utile lorsque des \u00e9v\u00e9nements importants se produisent.<\/li>\n\n\n\n<li>Le trading social : Connectez-vous avec d'autres traders gr\u00e2ce \u00e0 la fonction de trading social d'OXShare. Partagez vos id\u00e9es, suivez les traders qui ont r\u00e9ussi, et m\u00eame copiez leurs trades pour apprendre de leurs strat\u00e9gies.<\/li>\n<\/ul>\n\n\n\n<p>Avec l'application mobile OXShare, le trading n'est plus confin\u00e9 \u00e0 l'ordinateur de bureau. Profitez de la libert\u00e9 et de la commodit\u00e9 de trader n'importe o\u00f9 avec OXShare. T\u00e9l\u00e9chargez l'application d\u00e8s maintenant et pr\u00e9parez-vous \u00e0 saisir les opportunit\u00e9s de trading d\u00e8s qu'elles se pr\u00e9sentent. Bon trading !<\/p>\n\n\n\n<h2 class=\"wp-block-heading\">G\u00e9rer votre portefeuille<\/h2>\n\n\n\n<p>Vous avez entendu parler d'OXShare, l'application mobile r\u00e9volutionnaire qui vous permet de n\u00e9gocier n'importe o\u00f9 et n'importe quand ? Pr\u00e9parez-vous \u00e0 passer \u00e0 la vitesse sup\u00e9rieure en mati\u00e8re de gestion de portefeuille gr\u00e2ce \u00e0 cette application exceptionnelle !<\/p>\n\n\n\n<h3 class=\"wp-block-heading\">Outils de gestion de portefeuille sur OXShare<\/h3>\n\n\n\n<p>Avec OXShare, vous aurez acc\u00e8s \u00e0 une large gamme d'outils de gestion de portefeuille qui vous aideront \u00e0 prendre des d\u00e9cisions \u00e9clair\u00e9es et \u00e0 suivre vos investissements plus efficacement. L'application offre une interface conviviale qui vous permet de visualiser facilement tous vos avoirs, de suivre la performance et d'analyser la sant\u00e9 de votre portefeuille.<\/p>\n\n\n\n<h3 class=\"wp-block-heading\">Suivi et analyse de vos investissements<\/h3>\n\n\n\n<p>L'\u00e9poque o\u00f9 vous deviez saisir manuellement vos donn\u00e9es d'investissement dans des feuilles de calcul ou vous fier \u00e0 des plateformes en ligne obsol\u00e8tes est r\u00e9volue. OXShare porte le suivi de portefeuille \u00e0 un tout autre niveau. Gr\u00e2ce aux mises \u00e0 jour en temps r\u00e9el et aux graphiques interactifs, vous pouvez rapidement \u00e9valuer la performance de vos investissements et proc\u00e9der \u00e0 des ajustements en cours de route.<\/p>\n\n\n\n<p>Mais ce n'est pas tout. OXShare propose \u00e9galement des outils d'analyse avanc\u00e9s qui permettent de mieux comprendre les risques et les performances de votre portefeuille. Vous pouvez comparer vos investissements \u00e0 des indices de r\u00e9f\u00e9rence, \u00e9valuer les strat\u00e9gies d'allocation d'actifs et m\u00eame d\u00e9couvrir de nouvelles opportunit\u00e9s d'investissement.<\/p>\n\n\n\n<p>Que vous soyez un investisseur chevronn\u00e9 ou que vous d\u00e9butiez, OXShare poss\u00e8de les outils dont vous avez besoin pour garder le contr\u00f4le de votre portefeuille. L'interface intuitive de l'application et ses fonctionnalit\u00e9s compl\u00e8tes facilitent la navigation et la gestion efficace de vos investissements.<\/p>\n\n\n\n<p>Alors, qu'attendez-vous ? T\u00e9l\u00e9chargez OXShare d\u00e8s aujourd'hui et faites l'exp\u00e9rience de la commodit\u00e9 et de la puissance du trading n'importe o\u00f9. Avec ses outils de gestion de portefeuille et ses analyses avanc\u00e9es, vous aurez l'avantage dont vous avez besoin pour r\u00e9ussir dans le monde en constante \u00e9volution de l'investissement.<\/p>\n\n\n\n<figure class=\"wp-block-image size-large is-resized\"><img loading=\"lazy\" decoding=\"async\" width=\"576\" height=\"1024\" src=\"https:\/\/oxshare.com\/wp-content\/uploads\/2023\/10\/2f89997ae5ab62e1e767b429c4bb7a82-576x1024.jpg\" alt=\"OXShare Mobile App\" class=\"wp-image-8303\" style=\"aspect-ratio:0.5625;width:140px;height:auto\" srcset=\"https:\/\/oxshare.com\/wp-content\/uploads\/2023\/10\/2f89997ae5ab62e1e767b429c4bb7a82-576x1024.jpg 576w, https:\/\/oxshare.com\/wp-content\/uploads\/2023\/10\/2f89997ae5ab62e1e767b429c4bb7a82-169x300.jpg 169w, https:\/\/oxshare.com\/wp-content\/uploads\/2023\/10\/2f89997ae5ab62e1e767b429c4bb7a82-7x12.jpg 7w, https:\/\/oxshare.com\/wp-content\/uploads\/2023\/10\/2f89997ae5ab62e1e767b429c4bb7a82.jpg 675w\" sizes=\"auto, (max-width: 576px) 100vw, 576px\" \/><\/figure>\n\n\n\n<h2 class=\"wp-block-heading\">S\u00e9curit\u00e9 et soutien<\/h2>\n\n\n\n<h3 class=\"wp-block-heading\">Mesures de s\u00e9curit\u00e9 et dispositifs d'authentification<\/h3>\n\n\n\n<p>Bonjour, trader extraordinaire ! Es-tu fatigu\u00e9 d'\u00eatre attach\u00e9 \u00e0 ton bureau lorsque tu fais du trading ? Alors pr\u00e9pare-toi \u00e0 am\u00e9liorer ton jeu de trading avec l'incroyable application mobile OXShare - la solution ultime pour trader n'importe o\u00f9, n'importe quand !<\/p>\n\n\n\n<p>Tout d'abord, parlons de la s\u00e9curit\u00e9. Nous comprenons que lorsqu'il s'agit de trading, la s\u00e9curit\u00e9 de vos informations personnelles et financi\u00e8res est de la plus haute importance. C'est pourquoi l'application mobile OXShare prend la s\u00e9curit\u00e9 au s\u00e9rieux et met en \u0153uvre des mesures de premier ordre pour assurer la s\u00e9curit\u00e9 de vos donn\u00e9es.<\/p>\n\n\n\n<p>Des protocoles de cryptage robustes \u00e0 l'authentification multi-facteurs, OXShare s'assure que seules les personnes autoris\u00e9es ont acc\u00e8s \u00e0 votre compte. Gr\u00e2ce \u00e0 ces mesures de s\u00e9curit\u00e9, vous pouvez n\u00e9gocier en toute s\u00e9r\u00e9nit\u00e9, sachant que vos informations sensibles sont prot\u00e9g\u00e9es.<\/p>\n\n\n\n<p>Mais la s\u00e9curit\u00e9 n'est qu'un d\u00e9but. OXShare offre \u00e9galement un support complet pour rendre votre exp\u00e9rience de trading fluide et sans tracas. Son \u00e9quipe d'assistance \u00e0 la client\u00e8le est disponible 24 heures sur 24 pour vous aider \u00e0 r\u00e9pondre \u00e0 toutes les questions ou probl\u00e8mes que vous pourriez rencontrer. Que vous ayez une question sur une transaction ou que vous ayez besoin d'une assistance technique, leur personnel d'assistance comp\u00e9tent et amical est \u00e0 port\u00e9e de clic.<\/p>\n\n\n\n<p>L'application mobile OXShare est con\u00e7ue pour vous offrir la libert\u00e9 et la flexibilit\u00e9 de n\u00e9gocier \u00e0 tout moment et en tout lieu. Vous n'\u00eates plus confin\u00e9 \u00e0 votre bureau ou \u00e0 votre ordinateur - avec l'application install\u00e9e sur votre smartphone ou votre tablette, vous pouvez n\u00e9gocier en d\u00e9placement, que vous fassiez la navette, que vous preniez un caf\u00e9 ou que vous vous pr\u00e9lassiez sur la plage.<\/p>\n\n\n\n<p>Imaginez la commodit\u00e9 de pouvoir suivre votre portefeuille, ex\u00e9cuter des transactions et profiter des opportunit\u00e9s du march\u00e9 \u00e0 tout moment et o\u00f9 qu'elles se pr\u00e9sentent. Avec l'application mobile OXShare, vous pouvez faire tout cela et plus encore !<\/p>\n\n\n\n<p>Alors, qu'attendez-vous ? Prenez le contr\u00f4le de votre parcours de trading et t\u00e9l\u00e9chargez l'application mobile OXShare d\u00e8s aujourd'hui. Exp\u00e9rimentez le plaisir de trader n'importe o\u00f9, n'importe quand, et regardez vos profits s'envoler. Pr\u00e9parez-vous \u00e0 vous lib\u00e9rer des cha\u00eenes de votre bureau et \u00e0 embrasser la puissance du trading mobile avec OXShare. Bon trading !<\/p>","protected":false},"excerpt":{"rendered":"<p>Are you tired of being tied to your desk when it comes to trading? Well, we have some exciting news for you! Introducing the OXShare Mobile App - the ultimate solution for trading on the go. With this innovative app, you can now trade anytime, anywhere, and take control of your investments like never before. [&hellip;]<\/p>\n","protected":false},"author":204281813,"featured_media":0,"parent":0,"menu_order":0,"comment_status":"closed","ping_status":"closed","template":"","meta":{"inline_featured_image":false,"footnotes":""},"class_list":["post-7618","page","type-page","status-publish","hentry"],"acf":[],"a3_pvc":{"activated":false,"total_views":0,"today_views":0},"_links":{"self":[{"href":"https:\/\/oxshare.com\/fr\/wp-json\/wp\/v2\/pages\/7618","targetHints":{"allow":["GET"]}}],"collection":[{"href":"https:\/\/oxshare.com\/fr\/wp-json\/wp\/v2\/pages"}],"about":[{"href":"https:\/\/oxshare.com\/fr\/wp-json\/wp\/v2\/types\/page"}],"author":[{"embeddable":true,"href":"https:\/\/oxshare.com\/fr\/wp-json\/wp\/v2\/users\/204281813"}],"replies":[{"embeddable":true,"href":"https:\/\/oxshare.com\/fr\/wp-json\/wp\/v2\/comments?post=7618"}],"version-history":[{"count":3,"href":"https:\/\/oxshare.com\/fr\/wp-json\/wp\/v2\/pages\/7618\/revisions"}],"predecessor-version":[{"id":14170,"href":"https:\/\/oxshare.com\/fr\/wp-json\/wp\/v2\/pages\/7618\/revisions\/14170"}],"wp:attachment":[{"href":"https:\/\/oxshare.com\/fr\/wp-json\/wp\/v2\/media?parent=7618"}],"curies":[{"name":"wp","href":"https:\/\/api.w.org\/{rel}","templated":true}]}}