{"id":8831,"date":"2023-11-25T19:07:21","date_gmt":"2023-11-25T17:07:21","guid":{"rendered":"https:\/\/oxshare.com\/?page_id=8831"},"modified":"2024-01-29T16:32:10","modified_gmt":"2024-01-29T14:32:10","slug":"deposit-bonus","status":"publish","type":"page","link":"https:\/\/oxshare.com\/fr\/deposit-bonus","title":{"rendered":"Bonus de d\u00e9p\u00f4t"},"content":{"rendered":"<p>Comment est calcul\u00e9 le bonus de la commission forex ?<\/p>\n\n\n\n<h1>commission forex<\/h1>\n<h2>commission forex<\/h2>\n<h3>commission forex<\/h3>\n\n\n\n<p><a href=\"https:\/\/oxshareprime.com\/indices\/\" target=\"_blank\" rel=\"noreferrer noopener\">Indices - OXShare Prime<\/a> \/ <a href=\"https:\/\/oxshare.com\/fr\/careers\/\" target=\"_blank\" rel=\"noreferrer noopener\">Carri\u00e8res - OXShare<\/a><\/p>\n\n\n\n<p>La commission Forex fait r\u00e9f\u00e9rence aux frais factur\u00e9s par un courtier en devises pour encourager les \u00e9changes sur le march\u00e9 des changes. Il est courant que les courtiers pr\u00e9l\u00e8vent une commission sur certains types de comptes de change, r\u00e9guli\u00e8rement appel\u00e9s comptes \"\u00e0 commission\" ou \"ECN\" (Electronic Communication Organize).<\/p>\n\n\n\n<p>La commission est en g\u00e9n\u00e9ral un petit taux de la valeur totale de l'\u00e9change ou une d\u00e9pense r\u00e9gl\u00e9e par partie \u00e9chang\u00e9e. La structure particuli\u00e8re de la commission peut varier d'un courtier \u00e0 l'autre et d'un type de compte \u00e0 l'autre. Par exemple, un courtier peut facturer $5 par pi\u00e8ce \u00e9chang\u00e9e, ce qui signifie que pour chaque pi\u00e8ce standard (qui repr\u00e9sente 100 000 unit\u00e9s de la monnaie de base) achet\u00e9e ou vendue, le courtier paiera un co\u00fbt en tant que frais de commission.<\/p>\n\n\n\n<p>Il est essentiel de noter que tous les courtiers en devises ne pr\u00e9l\u00e8vent pas de commissions. Quelques courtiers proposent des comptes de change \"sans commission\", o\u00f9 ils tirent leur b\u00e9n\u00e9fice du spread, qui est la distinction entre le co\u00fbt d'achat et le co\u00fbt de vente d'une combinaison mon\u00e9taire.<\/p>\n\n\n\n<p>Lorsque l'on consid\u00e8re la commission forex, il est fondamental de prendre \u00e9galement en consid\u00e9ration d'autres \u00e9l\u00e9ments tels que les spreads, les points forts de l'\u00e9tape d'\u00e9change, le soutien aux clients, la conformit\u00e9 administrative et, en g\u00e9n\u00e9ral, les conditions d'\u00e9change annonc\u00e9es par le courtier. Les cambistes doivent \u00e9valuer soigneusement ces \u00e9l\u00e9ments afin de choisir le courtier qui r\u00e9pond le mieux \u00e0 leurs besoins et \u00e0 leurs pr\u00e9f\u00e9rences en mati\u00e8re d'\u00e9change.<\/p>\n\n\n\n<p>La commission Forex fait r\u00e9f\u00e9rence aux frais factur\u00e9s par un courtier en devises pour encourager les \u00e9changes sur le march\u00e9 des changes. Il est courant que les courtiers pr\u00e9l\u00e8vent une commission sur certains types de comptes de change, r\u00e9guli\u00e8rement appel\u00e9s comptes \"\u00e0 commission\" ou \"ECN\" (Electronic Communication Organize).<\/p>\n\n\n\n<p>La commission est en g\u00e9n\u00e9ral un petit taux de la valeur totale de l'\u00e9change ou une d\u00e9pense r\u00e9gl\u00e9e par partie \u00e9chang\u00e9e. La structure particuli\u00e8re de la commission peut varier d'un courtier \u00e0 l'autre et d'un type de compte \u00e0 l'autre. Par exemple, un courtier peut facturer $5 par pi\u00e8ce \u00e9chang\u00e9e, ce qui signifie que pour chaque pi\u00e8ce standard (qui repr\u00e9sente 100 000 unit\u00e9s de la monnaie de base) achet\u00e9e ou vendue, le courtier paiera un co\u00fbt en tant que frais de commission.<\/p>\n\n\n\n<p>Il est essentiel de noter que tous les courtiers en devises ne pr\u00e9l\u00e8vent pas de commissions. Quelques courtiers proposent des comptes de change \"sans commission\", o\u00f9 ils tirent leur b\u00e9n\u00e9fice du spread, qui est la distinction entre le co\u00fbt d'achat et le co\u00fbt de vente d'une combinaison mon\u00e9taire.<\/p>\n\n\n\n<p>Lorsque l'on consid\u00e8re la commission forex, il est fondamental de prendre \u00e9galement en consid\u00e9ration d'autres \u00e9l\u00e9ments tels que les spreads, les points forts de l'\u00e9tape d'\u00e9change, le soutien aux clients, la conformit\u00e9 administrative et, en g\u00e9n\u00e9ral, les conditions d'\u00e9change annonc\u00e9es par le courtier. Les cambistes doivent \u00e9valuer soigneusement ces \u00e9l\u00e9ments afin de choisir le courtier qui r\u00e9pond le mieux \u00e0 leurs besoins et \u00e0 leurs pr\u00e9f\u00e9rences en mati\u00e8re d'\u00e9change.<\/p>\n\n\n\n<p>La commission Forex fait r\u00e9f\u00e9rence aux frais factur\u00e9s par un courtier en devises pour encourager les \u00e9changes sur le march\u00e9 des changes. Il est courant que les courtiers pr\u00e9l\u00e8vent une commission sur certains types de comptes de change, r\u00e9guli\u00e8rement appel\u00e9s comptes \"\u00e0 commission\" ou \"ECN\" (Electronic Communication Organize).<\/p>\n\n\n\n<p>La commission est en g\u00e9n\u00e9ral un petit taux de la valeur totale de l'\u00e9change ou une d\u00e9pense r\u00e9gl\u00e9e par partie \u00e9chang\u00e9e. La structure particuli\u00e8re de la commission peut varier d'un courtier \u00e0 l'autre et d'un type de compte \u00e0 l'autre. Par exemple, un courtier peut facturer $5 par pi\u00e8ce \u00e9chang\u00e9e, ce qui signifie que pour chaque pi\u00e8ce standard (qui repr\u00e9sente 100 000 unit\u00e9s de la monnaie de base) achet\u00e9e ou vendue, le courtier paiera un co\u00fbt en tant que frais de commission.<\/p>\n\n\n\n<p>Il est essentiel de noter que tous les courtiers en devises ne pr\u00e9l\u00e8vent pas de commissions. Quelques courtiers proposent des comptes de change \"sans commission\", o\u00f9 ils tirent leur b\u00e9n\u00e9fice du spread, qui est la distinction entre le co\u00fbt d'achat et le co\u00fbt de vente d'une combinaison mon\u00e9taire.<\/p>\n\n\n\n<p>Lorsque l'on consid\u00e8re la commission forex, il est fondamental de prendre \u00e9galement en consid\u00e9ration d'autres \u00e9l\u00e9ments tels que les spreads, les points forts de l'\u00e9tape d'\u00e9change, le soutien aux clients, la conformit\u00e9 administrative et, en g\u00e9n\u00e9ral, les conditions d'\u00e9change annonc\u00e9es par le courtier. Les cambistes doivent \u00e9valuer soigneusement ces \u00e9l\u00e9ments afin de choisir le courtier qui r\u00e9pond le mieux \u00e0 leurs besoins et \u00e0 leurs pr\u00e9f\u00e9rences en mati\u00e8re d'\u00e9change.<\/p>\n\n\n\n<p>La commission Forex fait r\u00e9f\u00e9rence aux frais factur\u00e9s par un courtier en devises pour encourager les \u00e9changes sur le march\u00e9 des changes. Il est courant que les courtiers pr\u00e9l\u00e8vent une commission sur certains types de comptes de change, r\u00e9guli\u00e8rement appel\u00e9s comptes \"\u00e0 commission\" ou \"ECN\" (Electronic Communication Organize).<\/p>\n\n\n\n<p>La commission est en g\u00e9n\u00e9ral un petit taux de la valeur totale de l'\u00e9change ou une d\u00e9pense r\u00e9gl\u00e9e par partie \u00e9chang\u00e9e. La structure particuli\u00e8re de la commission peut varier d'un courtier \u00e0 l'autre et d'un type de compte \u00e0 l'autre. Par exemple, un courtier peut facturer $5 par pi\u00e8ce \u00e9chang\u00e9e, ce qui signifie que pour chaque pi\u00e8ce standard (qui repr\u00e9sente 100 000 unit\u00e9s de la monnaie de base) achet\u00e9e ou vendue, le courtier paiera un co\u00fbt en tant que frais de commission.<\/p>\n\n\n\n<p>Il est essentiel de noter que tous les courtiers en devises ne pr\u00e9l\u00e8vent pas de commissions. Quelques courtiers proposent des comptes de change \"sans commission\", o\u00f9 ils tirent leur b\u00e9n\u00e9fice du spread, qui est la distinction entre le co\u00fbt d'achat et le co\u00fbt de vente d'une combinaison mon\u00e9taire.<\/p>\n\n\n\n<p>Lorsque l'on consid\u00e8re la commission forex, il est fondamental de prendre \u00e9galement en consid\u00e9ration d'autres \u00e9l\u00e9ments tels que les spreads, les points forts de l'\u00e9tape d'\u00e9change, le soutien aux clients, la conformit\u00e9 administrative et, en g\u00e9n\u00e9ral, les conditions d'\u00e9change annonc\u00e9es par le courtier. Les cambistes doivent \u00e9valuer soigneusement ces \u00e9l\u00e9ments afin de choisir le courtier qui r\u00e9pond le mieux \u00e0 leurs besoins et \u00e0 leurs pr\u00e9f\u00e9rences en mati\u00e8re d'\u00e9change.<\/p>\n\n\n\n<p>La commission Forex fait r\u00e9f\u00e9rence aux frais factur\u00e9s par un courtier en devises pour encourager les \u00e9changes sur le march\u00e9 des changes. Il est courant que les courtiers pr\u00e9l\u00e8vent une commission sur certains types de comptes de change, r\u00e9guli\u00e8rement appel\u00e9s comptes \"\u00e0 commission\" ou \"ECN\" (Electronic Communication Organize).<\/p>\n\n\n\n<p>La commission est en g\u00e9n\u00e9ral un petit taux de la valeur totale de l'\u00e9change ou une d\u00e9pense r\u00e9gl\u00e9e par partie \u00e9chang\u00e9e. La structure particuli\u00e8re de la commission peut varier d'un courtier \u00e0 l'autre et d'un type de compte \u00e0 l'autre. Par exemple, un courtier peut facturer $5 par pi\u00e8ce \u00e9chang\u00e9e, ce qui signifie que pour chaque pi\u00e8ce standard (qui repr\u00e9sente 100 000 unit\u00e9s de la monnaie de base) achet\u00e9e ou vendue, le courtier paiera un co\u00fbt en tant que frais de commission.<\/p>\n\n\n\n<p>Il est essentiel de noter que tous les courtiers en devises ne pr\u00e9l\u00e8vent pas de commissions. Quelques courtiers proposent des comptes de change \"sans commission\", o\u00f9 ils tirent leur b\u00e9n\u00e9fice du spread, qui est la distinction entre le co\u00fbt d'achat et le co\u00fbt de vente d'une combinaison mon\u00e9taire.<\/p>\n\n\n\n<p>Lorsque l'on consid\u00e8re la commission forex, il est fondamental de prendre \u00e9galement en consid\u00e9ration d'autres \u00e9l\u00e9ments tels que les spreads, les points forts de l'\u00e9tape d'\u00e9change, le soutien aux clients, la conformit\u00e9 administrative et, en g\u00e9n\u00e9ral, les conditions d'\u00e9change annonc\u00e9es par le courtier. Les cambistes doivent \u00e9valuer soigneusement ces \u00e9l\u00e9ments afin de choisir le courtier qui r\u00e9pond le mieux \u00e0 leurs besoins et \u00e0 leurs pr\u00e9f\u00e9rences en mati\u00e8re d'\u00e9change.<\/p>\n\n\n\n<p>La commission Forex fait r\u00e9f\u00e9rence aux frais factur\u00e9s par un courtier en devises pour encourager les \u00e9changes sur le march\u00e9 des changes. Il est courant que les courtiers pr\u00e9l\u00e8vent une commission sur certains types de comptes de change, r\u00e9guli\u00e8rement appel\u00e9s comptes \"\u00e0 commission\" ou \"ECN\" (Electronic Communication Organize).<\/p>\n\n\n\n<p>La commission est en g\u00e9n\u00e9ral un petit taux de la valeur totale de l'\u00e9change ou une d\u00e9pense r\u00e9gl\u00e9e par partie \u00e9chang\u00e9e. La structure particuli\u00e8re de la commission peut varier d'un courtier \u00e0 l'autre et d'un type de compte \u00e0 l'autre. Par exemple, un courtier peut facturer $5 par pi\u00e8ce \u00e9chang\u00e9e, ce qui signifie que pour chaque pi\u00e8ce standard (qui repr\u00e9sente 100 000 unit\u00e9s de la monnaie de base) achet\u00e9e ou vendue, le courtier paiera un co\u00fbt en tant que frais de commission.<\/p>\n\n\n\n<p>Il est essentiel de noter que tous les courtiers en devises ne pr\u00e9l\u00e8vent pas de commissions. Quelques courtiers proposent des comptes de change \"sans commission\", o\u00f9 ils tirent leur b\u00e9n\u00e9fice du spread, qui est la distinction entre le co\u00fbt d'achat et le co\u00fbt de vente d'une combinaison mon\u00e9taire.<\/p>\n\n\n\n<p>Lorsque l'on consid\u00e8re la commission forex, il est fondamental de prendre \u00e9galement en consid\u00e9ration d'autres \u00e9l\u00e9ments tels que les spreads, les points forts de l'\u00e9tape d'\u00e9change, le soutien aux clients, la conformit\u00e9 administrative et, en g\u00e9n\u00e9ral, les conditions d'\u00e9change annonc\u00e9es par le courtier. Les cambistes doivent \u00e9valuer soigneusement ces \u00e9l\u00e9ments afin de choisir le courtier qui r\u00e9pond le mieux \u00e0 leurs besoins et \u00e0 leurs pr\u00e9f\u00e9rences en mati\u00e8re d'\u00e9change.<\/p>\n\n\n\n<p>La commission Forex fait r\u00e9f\u00e9rence aux frais factur\u00e9s par un courtier en devises pour encourager les \u00e9changes sur le march\u00e9 des changes. Il est courant que les courtiers pr\u00e9l\u00e8vent une commission sur certains types de comptes de change, r\u00e9guli\u00e8rement appel\u00e9s comptes \"\u00e0 commission\" ou \"ECN\" (Electronic Communication Organize).<\/p>\n\n\n\n<p>La commission est en g\u00e9n\u00e9ral un petit taux de la valeur totale de l'\u00e9change ou une d\u00e9pense r\u00e9gl\u00e9e par partie \u00e9chang\u00e9e. La structure particuli\u00e8re de la commission peut varier d'un courtier \u00e0 l'autre et d'un type de compte \u00e0 l'autre. Par exemple, un courtier peut facturer $5 par pi\u00e8ce \u00e9chang\u00e9e, ce qui signifie que pour chaque pi\u00e8ce standard (qui repr\u00e9sente 100 000 unit\u00e9s de la monnaie de base) achet\u00e9e ou vendue, le courtier paiera un co\u00fbt en tant que frais de commission.<\/p>\n\n\n\n<p>Il est essentiel de noter que tous les courtiers en devises ne pr\u00e9l\u00e8vent pas de commissions. Quelques courtiers proposent des comptes de change \"sans commission\", o\u00f9 ils tirent leur b\u00e9n\u00e9fice du spread, qui est la distinction entre le co\u00fbt d'achat et le co\u00fbt de vente d'une combinaison mon\u00e9taire.<\/p>\n\n\n\n<p>Lorsque l'on consid\u00e8re la commission forex, il est fondamental de prendre \u00e9galement en consid\u00e9ration d'autres \u00e9l\u00e9ments tels que les spreads, les points forts de l'\u00e9tape d'\u00e9change, le soutien aux clients, la conformit\u00e9 administrative et, en g\u00e9n\u00e9ral, les conditions d'\u00e9change annonc\u00e9es par le courtier. Les cambistes doivent \u00e9valuer soigneusement ces \u00e9l\u00e9ments afin de choisir le courtier qui r\u00e9pond le mieux \u00e0 leurs besoins et \u00e0 leurs pr\u00e9f\u00e9rences en mati\u00e8re d'\u00e9change.<\/p>\n\n\n\n<p>La commission Forex fait r\u00e9f\u00e9rence aux frais factur\u00e9s par un courtier en devises pour encourager les \u00e9changes sur le march\u00e9 des changes. Il est courant que les courtiers pr\u00e9l\u00e8vent une commission sur certains types de comptes de change, r\u00e9guli\u00e8rement appel\u00e9s comptes \"\u00e0 commission\" ou \"ECN\" (Electronic Communication Organize).<\/p>\n\n\n\n<p>La commission est en g\u00e9n\u00e9ral un petit taux de la valeur totale de l'\u00e9change ou une d\u00e9pense r\u00e9gl\u00e9e par partie \u00e9chang\u00e9e. La structure particuli\u00e8re de la commission peut varier d'un courtier \u00e0 l'autre et d'un type de compte \u00e0 l'autre. Par exemple, un courtier peut facturer $5 par pi\u00e8ce \u00e9chang\u00e9e, ce qui signifie que pour chaque pi\u00e8ce standard (qui repr\u00e9sente 100 000 unit\u00e9s de la monnaie de base) achet\u00e9e ou vendue, le courtier paiera un co\u00fbt en tant que frais de commission.<\/p>\n\n\n\n<p>Il est essentiel de noter que tous les courtiers en devises ne pr\u00e9l\u00e8vent pas de commissions. Quelques courtiers proposent des comptes de change \"sans commission\", o\u00f9 ils tirent leur b\u00e9n\u00e9fice du spread, qui est la distinction entre le co\u00fbt d'achat et le co\u00fbt de vente d'une combinaison mon\u00e9taire.<\/p>\n\n\n\n<p>Lorsque l'on consid\u00e8re la commission forex, il est fondamental de prendre \u00e9galement en consid\u00e9ration d'autres \u00e9l\u00e9ments tels que les spreads, les points forts de l'\u00e9tape d'\u00e9change, le soutien aux clients, la conformit\u00e9 administrative et, en g\u00e9n\u00e9ral, les conditions d'\u00e9change annonc\u00e9es par le courtier. Les cambistes doivent \u00e9valuer soigneusement ces \u00e9l\u00e9ments afin de choisir le courtier qui r\u00e9pond le mieux \u00e0 leurs besoins et \u00e0 leurs pr\u00e9f\u00e9rences en mati\u00e8re d'\u00e9change.<\/p>\n\n\n\n<p>La commission Forex fait r\u00e9f\u00e9rence aux frais factur\u00e9s par un courtier en devises pour encourager les \u00e9changes sur le march\u00e9 des changes. Il est courant que les courtiers pr\u00e9l\u00e8vent une commission sur certains types de comptes de change, r\u00e9guli\u00e8rement appel\u00e9s comptes \"\u00e0 commission\" ou \"ECN\" (Electronic Communication Organize).<\/p>\n\n\n\n<p>La commission est en g\u00e9n\u00e9ral un petit taux de la valeur totale de l'\u00e9change ou une d\u00e9pense r\u00e9gl\u00e9e par partie \u00e9chang\u00e9e. La structure particuli\u00e8re de la commission peut varier d'un courtier \u00e0 l'autre et d'un type de compte \u00e0 l'autre. Par exemple, un courtier peut facturer $5 par pi\u00e8ce \u00e9chang\u00e9e, ce qui signifie que pour chaque pi\u00e8ce standard (qui repr\u00e9sente 100 000 unit\u00e9s de la monnaie de base) achet\u00e9e ou vendue, le courtier paiera un co\u00fbt en tant que frais de commission.<\/p>\n\n\n\n<p>Il est essentiel de noter que tous les courtiers en devises ne pr\u00e9l\u00e8vent pas de commissions. Quelques courtiers proposent des comptes de change \"sans commission\", o\u00f9 ils tirent leur b\u00e9n\u00e9fice du spread, qui est la distinction entre le co\u00fbt d'achat et le co\u00fbt de vente d'une combinaison mon\u00e9taire.<\/p>\n\n\n\n<p>Lorsque l'on consid\u00e8re la commission forex, il est fondamental de prendre \u00e9galement en consid\u00e9ration d'autres \u00e9l\u00e9ments tels que les spreads, les points forts de l'\u00e9tape d'\u00e9change, le soutien aux clients, la conformit\u00e9 administrative et, en g\u00e9n\u00e9ral, les conditions d'\u00e9change annonc\u00e9es par le courtier. Les cambistes doivent \u00e9valuer soigneusement ces \u00e9l\u00e9ments afin de choisir le courtier qui r\u00e9pond le mieux \u00e0 leurs besoins et \u00e0 leurs pr\u00e9f\u00e9rences en mati\u00e8re d'\u00e9change.<\/p>\n\n\n\n<p>La commission Forex fait r\u00e9f\u00e9rence aux frais factur\u00e9s par un courtier en devises pour encourager les \u00e9changes sur le march\u00e9 des changes. Il est courant que les courtiers pr\u00e9l\u00e8vent une commission sur certains types de comptes de change, r\u00e9guli\u00e8rement appel\u00e9s comptes \"\u00e0 commission\" ou \"ECN\" (Electronic Communication Organize).<\/p>\n\n\n\n<p>La commission est en g\u00e9n\u00e9ral un petit taux de la valeur totale de l'\u00e9change ou une d\u00e9pense r\u00e9gl\u00e9e par partie \u00e9chang\u00e9e. La structure particuli\u00e8re de la commission peut varier d'un courtier \u00e0 l'autre et d'un type de compte \u00e0 l'autre. Par exemple, un courtier peut facturer $5 par pi\u00e8ce \u00e9chang\u00e9e, ce qui signifie que pour chaque pi\u00e8ce standard (qui repr\u00e9sente 100 000 unit\u00e9s de la monnaie de base) achet\u00e9e ou vendue, le courtier paiera un co\u00fbt en tant que frais de commission.<\/p>\n\n\n\n<p>Il est essentiel de noter que tous les courtiers en devises ne pr\u00e9l\u00e8vent pas de commissions. Quelques courtiers proposent des comptes de change \"sans commission\", o\u00f9 ils tirent leur b\u00e9n\u00e9fice du spread, qui est la distinction entre le co\u00fbt d'achat et le co\u00fbt de vente d'une combinaison mon\u00e9taire.<\/p>\n\n\n\n<p>Lorsque l'on consid\u00e8re la commission forex, il est fondamental de prendre \u00e9galement en consid\u00e9ration d'autres \u00e9l\u00e9ments tels que les spreads, les points forts de l'\u00e9tape d'\u00e9change, le soutien aux clients, la conformit\u00e9 administrative et, en g\u00e9n\u00e9ral, les conditions d'\u00e9change annonc\u00e9es par le courtier. Les cambistes doivent \u00e9valuer soigneusement ces \u00e9l\u00e9ments afin de choisir le courtier qui r\u00e9pond le mieux \u00e0 leurs besoins et \u00e0 leurs pr\u00e9f\u00e9rences en mati\u00e8re d'\u00e9change.<\/p>\n\n\n\n<p>La commission Forex fait r\u00e9f\u00e9rence aux frais factur\u00e9s par un courtier en devises pour encourager les \u00e9changes sur le march\u00e9 des changes. Il est courant que les courtiers pr\u00e9l\u00e8vent une commission sur certains types de comptes de change, r\u00e9guli\u00e8rement appel\u00e9s comptes \"\u00e0 commission\" ou \"ECN\" (Electronic Communication Organize).<\/p>\n\n\n\n<p>La commission est en g\u00e9n\u00e9ral un petit taux de la valeur totale de l'\u00e9change ou une d\u00e9pense r\u00e9gl\u00e9e par partie \u00e9chang\u00e9e. La structure particuli\u00e8re de la commission peut varier d'un courtier \u00e0 l'autre et d'un type de compte \u00e0 l'autre. Par exemple, un courtier peut facturer $5 par pi\u00e8ce \u00e9chang\u00e9e, ce qui signifie que pour chaque pi\u00e8ce standard (qui repr\u00e9sente 100 000 unit\u00e9s de la monnaie de base) achet\u00e9e ou vendue, le courtier paiera un co\u00fbt en tant que frais de commission.<\/p>\n\n\n\n<p>Il est essentiel de noter que tous les courtiers en devises ne pr\u00e9l\u00e8vent pas de commissions. Quelques courtiers proposent des comptes de change \"sans commission\", o\u00f9 ils tirent leur b\u00e9n\u00e9fice du spread, qui est la distinction entre le co\u00fbt d'achat et le co\u00fbt de vente d'une combinaison mon\u00e9taire.<\/p>\n\n\n\n<p>Lorsque l'on consid\u00e8re la commission forex, il est fondamental de prendre \u00e9galement en consid\u00e9ration d'autres \u00e9l\u00e9ments tels que les spreads, les points forts de l'\u00e9tape d'\u00e9change, le soutien aux clients, la conformit\u00e9 administrative et, en g\u00e9n\u00e9ral, les conditions d'\u00e9change annonc\u00e9es par le courtier. Les cambistes doivent \u00e9valuer soigneusement ces \u00e9l\u00e9ments afin de choisir le courtier qui r\u00e9pond le mieux \u00e0 leurs besoins et \u00e0 leurs pr\u00e9f\u00e9rences en mati\u00e8re d'\u00e9change.<\/p>\n\n\n\n<p>Frais de retrait de forex.com<\/p>","protected":false},"excerpt":{"rendered":"<p>How is forex commission bonus calculated? forex commission forex commission forex commission Indices - OXShare Prime \/ Careers - OXShare Forex commission alludes to a charge charged by a forex broker for encouraging exchanges within the foreign exchange market. It may be a common hone for brokers to charge a commission on certain sorts of [&hellip;]<\/p>\n","protected":false},"author":204281813,"featured_media":6351,"parent":0,"menu_order":0,"comment_status":"closed","ping_status":"closed","template":"","meta":{"inline_featured_image":false,"footnotes":""},"class_list":["post-8831","page","type-page","status-publish","has-post-thumbnail","hentry"],"acf":[],"a3_pvc":{"activated":false,"total_views":0,"today_views":0},"_links":{"self":[{"href":"https:\/\/oxshare.com\/fr\/wp-json\/wp\/v2\/pages\/8831","targetHints":{"allow":["GET"]}}],"collection":[{"href":"https:\/\/oxshare.com\/fr\/wp-json\/wp\/v2\/pages"}],"about":[{"href":"https:\/\/oxshare.com\/fr\/wp-json\/wp\/v2\/types\/page"}],"author":[{"embeddable":true,"href":"https:\/\/oxshare.com\/fr\/wp-json\/wp\/v2\/users\/204281813"}],"replies":[{"embeddable":true,"href":"https:\/\/oxshare.com\/fr\/wp-json\/wp\/v2\/comments?post=8831"}],"version-history":[{"count":2,"href":"https:\/\/oxshare.com\/fr\/wp-json\/wp\/v2\/pages\/8831\/revisions"}],"predecessor-version":[{"id":9351,"href":"https:\/\/oxshare.com\/fr\/wp-json\/wp\/v2\/pages\/8831\/revisions\/9351"}],"wp:featuredmedia":[{"embeddable":true,"href":"https:\/\/oxshare.com\/fr\/wp-json\/wp\/v2\/media\/6351"}],"wp:attachment":[{"href":"https:\/\/oxshare.com\/fr\/wp-json\/wp\/v2\/media?parent=8831"}],"curies":[{"name":"wp","href":"https:\/\/api.w.org\/{rel}","templated":true}]}}