{"id":15576,"date":"2026-03-16T11:12:37","date_gmt":"2026-03-16T09:12:37","guid":{"rendered":"https:\/\/oxshare.com\/?page_id=15576"},"modified":"2026-03-16T11:12:59","modified_gmt":"2026-03-16T09:12:59","slug":"metatrader-5-v2","status":"publish","type":"page","link":"https:\/\/oxshare.com\/it\/v2\/metatrader","title":{"rendered":"MetaTrader 5 v2"},"content":{"rendered":"<p>metatrader 5 conto\/indicatori per metatrader 5<\/p>\n\n\n\n<h1>metatrader 5<\/h1>\n<h2>metatrader 5<\/h2>\n<h3>metatrader 5<\/h3>\n\n\n\n<p>MetaTrader 5 (MT5) \u00e8 una nota piattaforma di trading utilizzata da operatori e speculatori nei mercati finanziari. \u00c8 stata creata dal programma informatico MetaQuotes ed \u00e8 il successore di MetaTrader 4 (MT4). La MT5 \u00e8 stata progettata per fornire un'utilit\u00e0 migliorata e una pi\u00f9 ampia gamma di scambi ribelli rispetto al suo predecessore.<\/p>\n\n\n\n<p>Ecco alcuni punti salienti di MetaTrader 5:<\/p>\n\n\n\n<p>Fase multi-asset: MT5 supporta lo scambio in diversi mercati monetari, tra cui Forex, azioni, prospettive e materie prime. Permette ai dealer di accedere a diverse operazioni e di scambiare ribelli distinti all'interno di un unico stage.<\/p>\n\n\n\n<p>Strumenti grafici avanzati: MT5 offre un'ampia gamma di strumenti di analisi specializzati e di indicatori per aiutare i commercianti ad analizzare l'andamento dei costi e a fare scelte di scambio consapevoli. Lo stage offre diversi timeframe, formati grafici personalizzabili e la capacit\u00e0 di applicare diversi oggetti grafici ai grafici.<\/p>\n\n\n\n<p>Scambi algoritmici: La MT5 si basa sullo scambio computerizzato attraverso l'utilizzo di Master Advisor (EA). I commercianti possono creare o acquistare gli EA, che sono strutture di scambio computerizzate in grado di eseguire scambi basati su regole predefinite. MT5 utilizza il dialetto di programmazione MQL5 per il miglioramento degli EA.<\/p>\n\n\n\n<p>Pubblicizzare la profondit\u00e0 e il tempo e le vendite: MT5 consente di accedere ai dati sulla profondit\u00e0 della pubblicit\u00e0, permettendo ai commercianti di vedere i costi attuali offerti e richiesti oltre alle informazioni essenziali sui costi. I dati di Time &amp; Deals visualizzano la cronologia degli scambi, fornendo esperienze sul volume e sulla tempistica degli scambi.<\/p>\n\n\n\n<p>Adattamenti versatili e web: MetaTrader 5 \u00e8 accessibile come applicazione desktop scaricabile per Windows e Mac, nonch\u00e9 come applicazione versatile per gadget iOS e Android. Offre inoltre un adattamento web che pu\u00f2 essere raggiunto da qualsiasi browser web coerente.<\/p>\n\n\n\n<p>Scambi duplicati e scambi sociali: La MT5 incorpora elementi che consentono ai dealer di partecipare a scambi duplicati, dove possono di conseguenza riprodurre gli scambi di dealer pi\u00f9 esperti. Incoraggia inoltre lo scambio sociale, consentendo ai clienti di condividere pensieri e metodologie di scambio con la comunit\u00e0.<\/p>\n\n\n\n<p>Pubblicit\u00e0 e amministrazioni di bandiera: MT5 d\u00e0 accesso alla pubblicit\u00e0 di MetaTrader, dove i clienti possono scoprire e acquistare altri puntatori, EA e altri strumenti di scambio. La fase offre inoltre un vantaggio di bandiera, che consente ai commercianti di sottoscrivere i segnali forniti da commercianti esperti.<\/p>\n\n\n\n<p>Questi sono solo alcuni dei punti salienti di MetaTrader 5. \u00c8 ampiamente utilizzato dai commercianti al dettaglio, dai broker e dagli educatori monetari di tutto il mondo grazie alla sua ampia utilit\u00e0 e flessibilit\u00e0.<\/p>\n\n\n\n<p>MetaTrader 5 (MT5) \u00e8 una nota piattaforma di trading utilizzata da operatori e speculatori nei mercati finanziari. \u00c8 stata creata dal programma informatico MetaQuotes ed \u00e8 il successore di MetaTrader 4 (MT4). La MT5 \u00e8 stata progettata per fornire un'utilit\u00e0 migliorata e una pi\u00f9 ampia gamma di scambi ribelli rispetto al suo predecessore.<\/p>\n\n\n\n<p>Ecco alcuni punti salienti di MetaTrader 5:<\/p>\n\n\n\n<p>Fase multi-asset: MT5 supporta lo scambio in diversi mercati monetari, tra cui Forex, azioni, prospettive e materie prime. Permette ai dealer di accedere a diverse operazioni e di scambiare ribelli distinti all'interno di un unico stage.<\/p>\n\n\n\n<p>Strumenti grafici avanzati: MT5 offre un'ampia gamma di strumenti di analisi specializzati e di indicatori per aiutare i commercianti ad analizzare l'andamento dei costi e a fare scelte di scambio consapevoli. Lo stage offre diversi timeframe, formati grafici personalizzabili e la capacit\u00e0 di applicare diversi oggetti grafici ai grafici.<\/p>\n\n\n\n<p>Scambi algoritmici: La MT5 si basa sullo scambio computerizzato attraverso l'utilizzo di Master Advisor (EA). I commercianti possono creare o acquistare gli EA, che sono strutture di scambio computerizzate in grado di eseguire scambi basati su regole predefinite. MT5 utilizza il dialetto di programmazione MQL5 per il miglioramento degli EA.<\/p>\n\n\n\n<p>Pubblicizzare la profondit\u00e0 e il tempo e le vendite: MT5 consente di accedere ai dati sulla profondit\u00e0 della pubblicit\u00e0, permettendo ai commercianti di vedere i costi attuali offerti e richiesti oltre alle informazioni essenziali sui costi. I dati di Time &amp; Deals visualizzano la cronologia degli scambi, fornendo esperienze sul volume e sulla tempistica degli scambi.<\/p>\n\n\n\n<p>Adattamenti versatili e web: MetaTrader 5 \u00e8 accessibile come applicazione desktop scaricabile per Windows e Mac, nonch\u00e9 come applicazione versatile per gadget iOS e Android. Offre inoltre un adattamento web che pu\u00f2 essere raggiunto da qualsiasi browser web coerente.<\/p>\n\n\n\n<p>Scambi duplicati e scambi sociali: La MT5 incorpora elementi che consentono ai dealer di partecipare a scambi duplicati, dove possono di conseguenza riprodurre gli scambi di dealer pi\u00f9 esperti. Incoraggia inoltre lo scambio sociale, consentendo ai clienti di condividere pensieri e metodologie di scambio con la comunit\u00e0.<\/p>\n\n\n\n<p>Pubblicit\u00e0 e amministrazioni di bandiera: MT5 d\u00e0 accesso alla pubblicit\u00e0 di MetaTrader, dove i clienti possono scoprire e acquistare altri puntatori, EA e altri strumenti di scambio. La fase offre inoltre un vantaggio di bandiera, che consente ai commercianti di sottoscrivere i segnali forniti da commercianti esperti.<\/p>\n\n\n\n<p>Questi sono solo alcuni dei punti salienti di MetaTrader 5. \u00c8 ampiamente utilizzato dai commercianti al dettaglio, dai broker e dagli educatori monetari di tutto il mondo grazie alla sua ampia utilit\u00e0 e flessibilit\u00e0.<\/p>\n\n\n\n<p>MetaTrader 5 (MT5) \u00e8 una nota piattaforma di trading utilizzata da operatori e speculatori nei mercati finanziari. \u00c8 stata creata dal programma informatico MetaQuotes ed \u00e8 il successore di MetaTrader 4 (MT4). La MT5 \u00e8 stata progettata per fornire un'utilit\u00e0 migliorata e una pi\u00f9 ampia gamma di scambi ribelli rispetto al suo predecessore.<\/p>\n\n\n\n<p>Ecco alcuni punti salienti di MetaTrader 5:<\/p>\n\n\n\n<p>Fase multi-asset: MT5 supporta lo scambio in diversi mercati monetari, tra cui Forex, azioni, prospettive e materie prime. Permette ai dealer di accedere a diverse operazioni e di scambiare ribelli distinti all'interno di un unico stage.<\/p>\n\n\n\n<p>Strumenti grafici avanzati: MT5 offre un'ampia gamma di strumenti di analisi specializzati e di indicatori per aiutare i commercianti ad analizzare l'andamento dei costi e a fare scelte di scambio consapevoli. Lo stage offre diversi timeframe, formati grafici personalizzabili e la capacit\u00e0 di applicare diversi oggetti grafici ai grafici.<\/p>\n\n\n\n<p>Scambi algoritmici: La MT5 si basa sullo scambio computerizzato attraverso l'utilizzo di Master Advisor (EA). I commercianti possono creare o acquistare gli EA, che sono strutture di scambio computerizzate in grado di eseguire scambi basati su regole predefinite. MT5 utilizza il dialetto di programmazione MQL5 per il miglioramento degli EA.<\/p>\n\n\n\n<p>Pubblicizzare la profondit\u00e0 e il tempo e le vendite: MT5 consente di accedere ai dati sulla profondit\u00e0 della pubblicit\u00e0, permettendo ai commercianti di vedere i costi attuali offerti e richiesti oltre alle informazioni essenziali sui costi. I dati di Time &amp; Deals visualizzano la cronologia degli scambi, fornendo esperienze sul volume e sulla tempistica degli scambi.<\/p>\n\n\n\n<p>Adattamenti versatili e web: MetaTrader 5 \u00e8 accessibile come applicazione desktop scaricabile per Windows e Mac, nonch\u00e9 come applicazione versatile per gadget iOS e Android. Offre inoltre un adattamento web che pu\u00f2 essere raggiunto da qualsiasi browser web coerente.<\/p>\n\n\n\n<p>Scambi duplicati e scambi sociali: La MT5 incorpora elementi che consentono ai dealer di partecipare a scambi duplicati, dove possono di conseguenza riprodurre gli scambi di dealer pi\u00f9 esperti. Incoraggia inoltre lo scambio sociale, consentendo ai clienti di condividere pensieri e metodologie di scambio con la comunit\u00e0.<\/p>\n\n\n\n<p>Pubblicit\u00e0 e amministrazioni di bandiera: MT5 d\u00e0 accesso alla pubblicit\u00e0 di MetaTrader, dove i clienti possono scoprire e acquistare altri puntatori, EA e altri strumenti di scambio. La fase offre inoltre un vantaggio di bandiera, che consente ai commercianti di sottoscrivere i segnali forniti da commercianti esperti.<\/p>\n\n\n\n<p>Questi sono solo alcuni dei punti salienti di MetaTrader 5. \u00c8 ampiamente utilizzato dai commercianti al dettaglio, dai broker e dagli educatori monetari di tutto il mondo grazie alla sua ampia utilit\u00e0 e flessibilit\u00e0.<\/p>\n\n\n\n<p>MetaTrader 5 (MT5) \u00e8 una nota piattaforma di trading utilizzata da operatori e speculatori nei mercati finanziari. \u00c8 stata creata dal programma informatico MetaQuotes ed \u00e8 il successore di MetaTrader 4 (MT4). La MT5 \u00e8 stata progettata per fornire un'utilit\u00e0 migliorata e una pi\u00f9 ampia gamma di scambi ribelli rispetto al suo predecessore.<\/p>\n\n\n\n<p>Ecco alcuni punti salienti di MetaTrader 5:<\/p>\n\n\n\n<p>Fase multi-asset: MT5 supporta lo scambio in diversi mercati monetari, tra cui Forex, azioni, prospettive e materie prime. Permette ai dealer di accedere a diverse operazioni e di scambiare ribelli distinti all'interno di un unico stage.<\/p>\n\n\n\n<p>Strumenti grafici avanzati: MT5 offre un'ampia gamma di strumenti di analisi specializzati e di indicatori per aiutare i commercianti ad analizzare l'andamento dei costi e a fare scelte di scambio consapevoli. Lo stage offre diversi timeframe, formati grafici personalizzabili e la capacit\u00e0 di applicare diversi oggetti grafici ai grafici.<\/p>\n\n\n\n<p>Scambi algoritmici: La MT5 si basa sullo scambio computerizzato attraverso l'utilizzo di Master Advisor (EA). I commercianti possono creare o acquistare gli EA, che sono strutture di scambio computerizzate in grado di eseguire scambi basati su regole predefinite. MT5 utilizza il dialetto di programmazione MQL5 per il miglioramento degli EA.<\/p>\n\n\n\n<p>Pubblicizzare la profondit\u00e0 e il tempo e le vendite: MT5 consente di accedere ai dati sulla profondit\u00e0 della pubblicit\u00e0, permettendo ai commercianti di vedere i costi attuali offerti e richiesti oltre alle informazioni essenziali sui costi. I dati di Time &amp; Deals visualizzano la cronologia degli scambi, fornendo esperienze sul volume e sulla tempistica degli scambi.<\/p>\n\n\n\n<p>Adattamenti versatili e web: MetaTrader 5 \u00e8 accessibile come applicazione desktop scaricabile per Windows e Mac, nonch\u00e9 come applicazione versatile per gadget iOS e Android. Offre inoltre un adattamento web che pu\u00f2 essere raggiunto da qualsiasi browser web coerente.<\/p>\n\n\n\n<p>Scambi duplicati e scambi sociali: La MT5 incorpora elementi che consentono ai dealer di partecipare a scambi duplicati, dove possono di conseguenza riprodurre gli scambi di dealer pi\u00f9 esperti. Incoraggia inoltre lo scambio sociale, consentendo ai clienti di condividere pensieri e metodologie di scambio con la comunit\u00e0.<\/p>\n\n\n\n<p>Pubblicit\u00e0 e amministrazioni di bandiera: MT5 d\u00e0 accesso alla pubblicit\u00e0 di MetaTrader, dove i clienti possono scoprire e acquistare altri puntatori, EA e altri strumenti di scambio. La fase offre inoltre un vantaggio di bandiera, che consente ai commercianti di sottoscrivere i segnali forniti da commercianti esperti.<\/p>\n\n\n\n<p>Questi sono solo alcuni dei punti salienti di MetaTrader 5. \u00c8 ampiamente utilizzato dai commercianti al dettaglio, dai broker e dagli educatori monetari di tutto il mondo grazie alla sua ampia utilit\u00e0 e flessibilit\u00e0.<\/p>\n\n\n\n<p>MetaTrader 5 (MT5) \u00e8 una nota piattaforma di trading utilizzata da operatori e speculatori nei mercati finanziari. \u00c8 stata creata dal programma informatico MetaQuotes ed \u00e8 il successore di MetaTrader 4 (MT4). La MT5 \u00e8 stata progettata per fornire un'utilit\u00e0 migliorata e una pi\u00f9 ampia gamma di scambi ribelli rispetto al suo predecessore.<\/p>\n\n\n\n<p>Ecco alcuni punti salienti di MetaTrader 5:<\/p>\n\n\n\n<p>Fase multi-asset: MT5 supporta lo scambio in diversi mercati monetari, tra cui Forex, azioni, prospettive e materie prime. Permette ai dealer di accedere a diverse operazioni e di scambiare ribelli distinti all'interno di un unico stage.<\/p>\n\n\n\n<p>Strumenti grafici avanzati: MT5 offre un'ampia gamma di strumenti di analisi specializzati e di indicatori per aiutare i commercianti ad analizzare l'andamento dei costi e a fare scelte di scambio consapevoli. Lo stage offre diversi timeframe, formati grafici personalizzabili e la capacit\u00e0 di applicare diversi oggetti grafici ai grafici.<\/p>\n\n\n\n<p>Scambi algoritmici: La MT5 si basa sullo scambio computerizzato attraverso l'utilizzo di Master Advisor (EA). I commercianti possono creare o acquistare gli EA, che sono strutture di scambio computerizzate in grado di eseguire scambi basati su regole predefinite. MT5 utilizza il dialetto di programmazione MQL5 per il miglioramento degli EA.<\/p>\n\n\n\n<p>Pubblicizzare la profondit\u00e0 e il tempo e le vendite: MT5 consente di accedere ai dati sulla profondit\u00e0 della pubblicit\u00e0, permettendo ai commercianti di vedere i costi attuali offerti e richiesti oltre alle informazioni essenziali sui costi. I dati di Time &amp; Deals visualizzano la cronologia degli scambi, fornendo esperienze sul volume e sulla tempistica degli scambi.<\/p>\n\n\n\n<p>Adattamenti versatili e web: MetaTrader 5 \u00e8 accessibile come applicazione desktop scaricabile per Windows e Mac, nonch\u00e9 come applicazione versatile per gadget iOS e Android. Offre inoltre un adattamento web che pu\u00f2 essere raggiunto da qualsiasi browser web coerente.<\/p>\n\n\n\n<p>Scambi duplicati e scambi sociali: La MT5 incorpora elementi che consentono ai dealer di partecipare a scambi duplicati, dove possono di conseguenza riprodurre gli scambi di dealer pi\u00f9 esperti. Incoraggia inoltre lo scambio sociale, consentendo ai clienti di condividere pensieri e metodologie di scambio con la comunit\u00e0.<\/p>\n\n\n\n<p>Pubblicit\u00e0 e amministrazioni di bandiera: MT5 d\u00e0 accesso alla pubblicit\u00e0 di MetaTrader, dove i clienti possono scoprire e acquistare altri puntatori, EA e altri strumenti di scambio. La fase offre inoltre un vantaggio di bandiera, che consente ai commercianti di sottoscrivere i segnali forniti da commercianti esperti.<\/p>\n\n\n\n<p>Questi sono solo alcuni dei punti salienti di MetaTrader 5. \u00c8 ampiamente utilizzato dai commercianti al dettaglio, dai broker e dagli educatori monetari di tutto il mondo grazie alla sua ampia utilit\u00e0 e flessibilit\u00e0.<\/p>\n\n\n\n<p>MetaTrader 5 (MT5) \u00e8 una nota piattaforma di trading utilizzata da operatori e speculatori nei mercati finanziari. \u00c8 stata creata dal programma informatico MetaQuotes ed \u00e8 il successore di MetaTrader 4 (MT4). La MT5 \u00e8 stata progettata per fornire un'utilit\u00e0 migliorata e una pi\u00f9 ampia gamma di scambi ribelli rispetto al suo predecessore.<\/p>\n\n\n\n<p>Ecco alcuni punti salienti di MetaTrader 5:<\/p>\n\n\n\n<p>Fase multi-asset: MT5 supporta lo scambio in diversi mercati monetari, tra cui Forex, azioni, prospettive e materie prime. Permette ai dealer di accedere a diverse operazioni e di scambiare ribelli distinti all'interno di un unico stage.<\/p>\n\n\n\n<p>Strumenti grafici avanzati: MT5 offre un'ampia gamma di strumenti di analisi specializzati e di indicatori per aiutare i commercianti ad analizzare l'andamento dei costi e a fare scelte di scambio consapevoli. Lo stage offre diversi timeframe, formati grafici personalizzabili e la capacit\u00e0 di applicare diversi oggetti grafici ai grafici.<\/p>\n\n\n\n<p>Scambi algoritmici: La MT5 si basa sullo scambio computerizzato attraverso l'utilizzo di Master Advisor (EA). I commercianti possono creare o acquistare gli EA, che sono strutture di scambio computerizzate in grado di eseguire scambi basati su regole predefinite. MT5 utilizza il dialetto di programmazione MQL5 per il miglioramento degli EA.<\/p>\n\n\n\n<p>Pubblicizzare la profondit\u00e0 e il tempo e le vendite: MT5 consente di accedere ai dati sulla profondit\u00e0 della pubblicit\u00e0, permettendo ai commercianti di vedere i costi attuali offerti e richiesti oltre alle informazioni essenziali sui costi. I dati di Time &amp; Deals visualizzano la cronologia degli scambi, fornendo esperienze sul volume e sulla tempistica degli scambi.<\/p>\n\n\n\n<p>Adattamenti versatili e web: MetaTrader 5 \u00e8 accessibile come applicazione desktop scaricabile per Windows e Mac, nonch\u00e9 come applicazione versatile per gadget iOS e Android. Offre inoltre un adattamento web che pu\u00f2 essere raggiunto da qualsiasi browser web coerente.<\/p>\n\n\n\n<p>Scambi duplicati e scambi sociali: La MT5 incorpora elementi che consentono ai dealer di partecipare a scambi duplicati, dove possono di conseguenza riprodurre gli scambi di dealer pi\u00f9 esperti. Incoraggia inoltre lo scambio sociale, consentendo ai clienti di condividere pensieri e metodologie di scambio con la comunit\u00e0.<\/p>\n\n\n\n<p>Pubblicit\u00e0 e amministrazioni di bandiera: MT5 d\u00e0 accesso alla pubblicit\u00e0 di MetaTrader, dove i clienti possono scoprire e acquistare altri puntatori, EA e altri strumenti di scambio. La fase offre inoltre un vantaggio di bandiera, che consente ai commercianti di sottoscrivere i segnali forniti da commercianti esperti.<\/p>\n\n\n\n<p>Questi sono solo alcuni dei punti salienti di MetaTrader 5. \u00c8 ampiamente utilizzato dai commercianti al dettaglio, dai broker e dagli educatori monetari di tutto il mondo grazie alla sua ampia utilit\u00e0 e flessibilit\u00e0.<\/p>","protected":false},"excerpt":{"rendered":"<p>metatrader 5 account\/indicators for metatrader 5 metatrader 5 metatrader 5 metatrader 5 MetaTrader 5 (MT5)&nbsp;could be a&nbsp;well known&nbsp;trading platform&nbsp;utilized&nbsp;by&nbsp;dealers&nbsp;and&nbsp;speculators&nbsp;within the&nbsp;budgetary&nbsp;markets. It is&nbsp;created&nbsp;by MetaQuotes&nbsp;Computer program&nbsp;and is the successor to MetaTrader 4 (MT4). MT5 is&nbsp;planned&nbsp;to supply&nbsp;upgraded&nbsp;usefulness&nbsp;and a broader&nbsp;run&nbsp;of&nbsp;exchanging&nbsp;rebellious&nbsp;compared to its&nbsp;forerunner. Here are&nbsp;a few&nbsp;key&nbsp;highlights&nbsp;of MetaTrader 5: Multi-asset&nbsp;stage: MT5&nbsp;bolsters&nbsp;exchanging&nbsp;in&nbsp;different&nbsp;monetary&nbsp;markets,&nbsp;counting&nbsp;Forex, stocks,&nbsp;prospects, and commodities. It&nbsp;permits&nbsp;dealers&nbsp;to&nbsp;get to&nbsp;different&nbsp;trades&nbsp;and&nbsp;exchange&nbsp;distinctive&nbsp;rebellious&nbsp;inside&nbsp;a single&nbsp;stage. Advanced charting&nbsp;instruments: MT5 offers [&hellip;]<\/p>\n","protected":false},"author":204281813,"featured_media":6316,"parent":0,"menu_order":0,"comment_status":"closed","ping_status":"closed","template":"","meta":{"inline_featured_image":false,"footnotes":""},"class_list":["post-15576","page","type-page","status-publish","has-post-thumbnail","hentry"],"acf":[],"a3_pvc":{"activated":false,"total_views":0,"today_views":0},"_links":{"self":[{"href":"https:\/\/oxshare.com\/it\/wp-json\/wp\/v2\/pages\/15576","targetHints":{"allow":["GET"]}}],"collection":[{"href":"https:\/\/oxshare.com\/it\/wp-json\/wp\/v2\/pages"}],"about":[{"href":"https:\/\/oxshare.com\/it\/wp-json\/wp\/v2\/types\/page"}],"author":[{"embeddable":true,"href":"https:\/\/oxshare.com\/it\/wp-json\/wp\/v2\/users\/204281813"}],"replies":[{"embeddable":true,"href":"https:\/\/oxshare.com\/it\/wp-json\/wp\/v2\/comments?post=15576"}],"version-history":[{"count":1,"href":"https:\/\/oxshare.com\/it\/wp-json\/wp\/v2\/pages\/15576\/revisions"}],"predecessor-version":[{"id":15577,"href":"https:\/\/oxshare.com\/it\/wp-json\/wp\/v2\/pages\/15576\/revisions\/15577"}],"wp:featuredmedia":[{"embeddable":true,"href":"https:\/\/oxshare.com\/it\/wp-json\/wp\/v2\/media\/6316"}],"wp:attachment":[{"href":"https:\/\/oxshare.com\/it\/wp-json\/wp\/v2\/media?parent=15576"}],"curies":[{"name":"wp","href":"https:\/\/api.w.org\/{rel}","templated":true}]}}