{"id":374,"date":"2021-06-09T17:12:28","date_gmt":"2021-06-09T14:12:28","guid":{"rendered":"https:\/\/oxshare.com\/?page_id=374"},"modified":"2023-06-21T11:28:30","modified_gmt":"2023-06-21T08:28:30","slug":"mt5-indicators","status":"publish","type":"page","link":"https:\/\/oxshare.com\/it\/platforms\/mt5-indicators","title":{"rendered":"Indicatori MT5"},"content":{"rendered":"<p>indicatori mt5<\/p>\n\n\n\n<p>motivi per utilizzare MetaTrader 5 per uno scambio efficace<br>Numerosi rivenditori utilizzano MT5 a causa delle capacit\u00e0 di creazione di grafici totali offerte, che ti consentono di scambiare forex con determinate operazioni come i mercati NYSE, ASX e Nasdaq.<\/p>\n\n\n\n<p>Ecco sette motivi fondamentali per utilizzare MetaTrader 5 per la tua attivit\u00e0 di trading<\/p>\n\n\n\n<p>Potrai scambiare su numerose operazioni (come NYSE, ASX e Nasdaq);<br>\u00c8 una fase di scambio gratuita costruita da Metaquotes Computer program Corp; indicatori mt5<br>Le capacit\u00e0 di creazione di grafici sono eccellenti sia sullo scambio desktop che su quello portatile; indicatori mt5<br>C&#039;\u00e8 un&#039;interfaccia semplice da utilizzare, naturale, con scelte di richiesta avanzate; indicatori mt5<br>Sarai in grado di robotizzare le tue procedure di scambio creando Master Advisors ed eseguendoli attraverso l&#039;analizzatore di metodologia; indicatori mt5<br>\u00c8 pi\u00f9 veloce e pi\u00f9 capace di MT4, con un tipo di account per trader moderni o professionisti; E<br>L&#039;app portatile \u00e8 perfetta per gli indicatori frameworks.mt5 di iPhone, iPad, Android e Windows<\/p>\n\n\n\n<p><br>Esistono inoltre numerose classi di risorse su cui potrai iniziare a scambiare con MT5, come CFD su azioni, ETF, Forex, materie prime, elenchi, metalli preziosi e criptovalute. Per quanto riguarda l&#039;ultimo, potrai scambiare su MT5, ma non hai bisogno di un portafoglio<\/p>\n\n\n\n<p>motivi per utilizzare MetaTrader 5 per uno scambio efficace<br>Numerosi rivenditori utilizzano MT5 a causa delle capacit\u00e0 di creazione di grafici totali offerte, che ti consentono di scambiare forex con determinate operazioni come i mercati NYSE, ASX e Nasdaq.<\/p>\n\n\n\n<p>Ecco sette motivi fondamentali per utilizzare MetaTrader 5 per la tua attivit\u00e0 di trading<\/p>\n\n\n\n<p>Potrai scambiare su numerose operazioni (come NYSE, ASX e Nasdaq);<br>\u00c8 una fase di scambio gratuita costruita da Metaquotes Computer program Corp; indicatori mt5<br>Le capacit\u00e0 di creazione di grafici sono eccellenti sia sullo scambio desktop che su quello portatile; indicatori mt5<br>C&#039;\u00e8 un&#039;interfaccia semplice da utilizzare, naturale, con scelte di richiesta avanzate; indicatori mt5<br>Sarai in grado di robotizzare le tue procedure di scambio creando Master Advisors ed eseguendoli attraverso l&#039;analizzatore di metodologia; indicatori mt5<br>\u00c8 pi\u00f9 veloce e pi\u00f9 capace di MT4, con un tipo di account per trader moderni o professionisti; E<br>L&#039;app portatile \u00e8 perfetta per gli indicatori frameworks.mt5 di iPhone, iPad, Android e Windows<\/p>\n\n\n\n<p><br>Esistono inoltre numerose classi di risorse su cui potrai iniziare a scambiare con MT5, come CFD su azioni, ETF, Forex, materie prime, elenchi, metalli preziosi e criptovalute. Per quanto riguarda l&#039;ultimo, potrai scambiare su MT5, ma non hai bisogno di un portafoglio<\/p>\n\n\n\n<p>motivi per utilizzare MetaTrader 5 per uno scambio efficace<br>Numerosi rivenditori utilizzano MT5 a causa delle capacit\u00e0 di creazione di grafici totali offerte, che ti consentono di scambiare forex con determinate operazioni come i mercati NYSE, ASX e Nasdaq.<\/p>\n\n\n\n<p>Ecco sette motivi fondamentali per utilizzare MetaTrader 5 per la tua attivit\u00e0 di trading<\/p>\n\n\n\n<p>Potrai scambiare su numerose operazioni (come NYSE, ASX e Nasdaq);<br>\u00c8 una fase di scambio gratuita costruita da Metaquotes Computer program Corp; indicatori mt5<br>Le capacit\u00e0 di creazione di grafici sono eccellenti sia sullo scambio desktop che su quello portatile; indicatori mt5<br>C&#039;\u00e8 un&#039;interfaccia semplice da utilizzare, naturale, con scelte di richiesta avanzate; indicatori mt5<br>Sarai in grado di robotizzare le tue procedure di scambio creando Master Advisors ed eseguendoli attraverso l&#039;analizzatore di metodologia; indicatori mt5<br>\u00c8 pi\u00f9 veloce e pi\u00f9 capace di MT4, con un tipo di account per trader moderni o professionisti; E<br>L&#039;app portatile \u00e8 perfetta per gli indicatori frameworks.mt5 di iPhone, iPad, Android e Windows<\/p>\n\n\n\n<p><br>Esistono inoltre numerose classi di risorse su cui potrai iniziare a scambiare con MT5, come CFD su azioni, ETF, Forex, materie prime, elenchi, metalli preziosi e criptovalute. Per quanto riguarda l&#039;ultimo, potrai scambiare su MT5, ma non hai bisogno di un portafoglio<\/p>\n\n\n\n<p>motivi per utilizzare MetaTrader 5 per uno scambio efficace<br>Numerosi rivenditori utilizzano MT5 a causa delle capacit\u00e0 di creazione di grafici totali offerte, che ti consentono di scambiare forex con determinate operazioni come i mercati NYSE, ASX e Nasdaq.<\/p>\n\n\n\n<p>Ecco sette motivi fondamentali per utilizzare MetaTrader 5 per la tua attivit\u00e0 di trading<\/p>\n\n\n\n<p>Potrai scambiare su numerose operazioni (come NYSE, ASX e Nasdaq);<br>\u00c8 una fase di scambio gratuita costruita da Metaquotes Computer program Corp; indicatori mt5<br>Le capacit\u00e0 di creazione di grafici sono eccellenti sia sullo scambio desktop che su quello portatile; indicatori mt5<br>C&#039;\u00e8 un&#039;interfaccia semplice da utilizzare, naturale, con scelte di richiesta avanzate; indicatori mt5<br>Sarai in grado di robotizzare le tue procedure di scambio creando Master Advisors ed eseguendoli attraverso l&#039;analizzatore di metodologia; indicatori mt5<br>\u00c8 pi\u00f9 veloce e pi\u00f9 capace di MT4, con un tipo di account per trader moderni o professionisti; E<br>L&#039;app portatile \u00e8 perfetta per gli indicatori frameworks.mt5 di iPhone, iPad, Android e Windows<\/p>\n\n\n\n<p><br>Esistono inoltre numerose classi di risorse su cui potrai iniziare a scambiare con MT5, come CFD su azioni, ETF, Forex, materie prime, elenchi, metalli preziosi e criptovalute. Per quanto riguarda l&#039;ultimo, potrai scambiare su MT5, ma non hai bisogno di un portafoglio<\/p>\n\n\n\n<p>motivi per utilizzare MetaTrader 5 per uno scambio efficace<br>Numerosi rivenditori utilizzano MT5 a causa delle capacit\u00e0 di creazione di grafici totali offerte, che ti consentono di scambiare forex con determinate operazioni come i mercati NYSE, ASX e Nasdaq.<\/p>\n\n\n\n<p>Ecco sette motivi fondamentali per utilizzare MetaTrader 5 per la tua attivit\u00e0 di trading<\/p>\n\n\n\n<p>Potrai scambiare su numerose operazioni (come NYSE, ASX e Nasdaq);<br>\u00c8 una fase di scambio gratuita costruita da Metaquotes Computer program Corp; indicatori mt5<br>Le capacit\u00e0 di creazione di grafici sono eccellenti sia sullo scambio desktop che su quello portatile; indicatori mt5<br>C&#039;\u00e8 un&#039;interfaccia semplice da utilizzare, naturale, con scelte di richiesta avanzate; indicatori mt5<br>Sarai in grado di robotizzare le tue procedure di scambio creando Master Advisors ed eseguendoli attraverso l&#039;analizzatore di metodologia; indicatori mt5<br>\u00c8 pi\u00f9 veloce e pi\u00f9 capace di MT4, con un tipo di account per trader moderni o professionisti; E<br>L&#039;app portatile \u00e8 perfetta per gli indicatori frameworks.mt5 di iPhone, iPad, Android e Windows<\/p>\n\n\n\n<p><br>Esistono inoltre numerose classi di risorse su cui potrai iniziare a scambiare con MT5, come CFD su azioni, ETF, Forex, materie prime, elenchi, metalli preziosi e criptovalute. Per quanto riguarda l&#039;ultimo, potrai scambiare su MT5, ma non hai bisogno di un portafoglio<\/p>\n\n\n\n<p>motivi per utilizzare MetaTrader 5 per uno scambio efficace<br>Numerosi rivenditori utilizzano MT5 a causa delle capacit\u00e0 di creazione di grafici totali offerte, che ti consentono di scambiare forex con determinate operazioni come i mercati NYSE, ASX e Nasdaq.<\/p>\n\n\n\n<p>Ecco sette motivi fondamentali per utilizzare MetaTrader 5 per la tua attivit\u00e0 di trading<\/p>\n\n\n\n<p>Potrai scambiare su numerose operazioni (come NYSE, ASX e Nasdaq);<br>\u00c8 una fase di scambio gratuita costruita da Metaquotes Computer program Corp; indicatori mt5<br>Le capacit\u00e0 di creazione di grafici sono eccellenti sia sullo scambio desktop che su quello portatile; indicatori mt5<br>C&#039;\u00e8 un&#039;interfaccia semplice da utilizzare, naturale, con scelte di richiesta avanzate; indicatori mt5<br>Sarai in grado di robotizzare le tue procedure di scambio creando Master Advisors ed eseguendoli attraverso l&#039;analizzatore di metodologia; indicatori mt5<br>\u00c8 pi\u00f9 veloce e pi\u00f9 capace di MT4, con un tipo di account per trader moderni o professionisti; E<br>L&#039;app portatile \u00e8 perfetta per gli indicatori frameworks.mt5 di iPhone, iPad, Android e Windows<\/p>\n\n\n\n<p><br>Esistono inoltre numerose classi di risorse su cui potrai iniziare a scambiare con MT5, come CFD su azioni, ETF, Forex, materie prime, elenchi, metalli preziosi e criptovalute. Per quanto riguarda l&#039;ultimo, potrai scambiare su MT5, ma non hai bisogno di un portafoglio<\/p>\n\n\n\n<p><a href=\"https:\/\/oxshareprime.com\/forex\/\" target=\"_blank\" rel=\"noreferrer noopener\">Forex - OXShare Prime<\/a><\/p>\n\n\n\n<p>indicatori mt4 e mt5\/scarica indicatori forex gratuiti\/indicatori forex metatrader\/indicatori mt5\/indicatori mt5\/Qual \u00e8 l&#039;indicatore migliore per MT5?<\/p>","protected":false},"excerpt":{"rendered":"<p>mt5 indicators reasons to utilize MetaTrader 5 for a effective exchangingNumerous dealers utilize MT5 since of the total charting capabilities on offer, which permits you to exchange forex with certain trades such as NYSE, ASX, and Nasdaq markets. Here are seven vital reasons why to utilize MetaTrader 5 for your trading activity You'll be able [&hellip;]<\/p>\n","protected":false},"author":204281813,"featured_media":216,"parent":0,"menu_order":0,"comment_status":"closed","ping_status":"closed","template":"","meta":{"inline_featured_image":false,"footnotes":""},"class_list":["post-374","page","type-page","status-publish","has-post-thumbnail","hentry"],"acf":[],"a3_pvc":{"activated":false,"total_views":0,"today_views":0},"_links":{"self":[{"href":"https:\/\/oxshare.com\/it\/wp-json\/wp\/v2\/pages\/374","targetHints":{"allow":["GET"]}}],"collection":[{"href":"https:\/\/oxshare.com\/it\/wp-json\/wp\/v2\/pages"}],"about":[{"href":"https:\/\/oxshare.com\/it\/wp-json\/wp\/v2\/types\/page"}],"author":[{"embeddable":true,"href":"https:\/\/oxshare.com\/it\/wp-json\/wp\/v2\/users\/204281813"}],"replies":[{"embeddable":true,"href":"https:\/\/oxshare.com\/it\/wp-json\/wp\/v2\/comments?post=374"}],"version-history":[{"count":0,"href":"https:\/\/oxshare.com\/it\/wp-json\/wp\/v2\/pages\/374\/revisions"}],"wp:featuredmedia":[{"embeddable":true,"href":"https:\/\/oxshare.com\/it\/wp-json\/wp\/v2\/media\/216"}],"wp:attachment":[{"href":"https:\/\/oxshare.com\/it\/wp-json\/wp\/v2\/media?parent=374"}],"curies":[{"name":"wp","href":"https:\/\/api.w.org\/{rel}","templated":true}]}}