{"id":380,"date":"2021-06-10T23:34:19","date_gmt":"2021-06-10T20:34:19","guid":{"rendered":"https:\/\/oxshare.com\/?page_id=380"},"modified":"2024-01-29T16:50:07","modified_gmt":"2024-01-29T14:50:07","slug":"classic-account","status":"publish","type":"page","link":"https:\/\/oxshare.com\/it\/classic-account","title":{"rendered":"Conto Classico"},"content":{"rendered":"<p>iniziare a fare trading sul forex<\/p>\n\n\n\n<h1>iniziare a fare trading sul forex<\/h1>\n<h2>iniziare a fare trading sul forex<\/h2>\n<h3>iniziare a fare trading sul forex<\/h3>\n\n\n\n<p><a href=\"https:\/\/oxshareprime.com\/forex\/\" target=\"_blank\" rel=\"noreferrer noopener\">Forex - OXShare Prime<\/a> quanti soldi ti servono per iniziare a fare trading sul Forex\/quanti soldi ti servono per iniziare a fare trading sul Forex\/come iniziare a fare trading sul Forex <\/p>\n\n\n\n<p>Iniziare a fare trading sul Forex pu\u00f2 essere un&#039;avventura energizzante, ma \u00e8 fondamentale affrontarlo con le informazioni e la mentalit\u00e0 adeguate. Ecco alcuni passaggi per aiutarti a iniziare:<\/p>\n\n\n\n<p>Informati: Lo scambio Forex include l&#039;acquisto e l&#039;offerta di standard monetari nella pubblicit\u00e0 del commercio a distanza mondiale. Prenditi il tempo per memorizzare gli elementi essenziali dello scambio forex, contando come funziona la pubblicit\u00e0, le diverse metodologie di trading, la gestione dei rischi e le indagini specializzate.<\/p>\n\n\n\n<p>Stabilisci obiettivi chiari: decidi cosa devi ottenere attraverso il trading forex. Stabilisci obiettivi ragionevoli e particolari, come un tasso di beneficio target o un certo numero di pips al mese. Questo ti aiuter\u00e0 a rimanere centrato e ad aumentare il tuo progresso.<\/p>\n\n\n\n<p>Seleziona un broker solido: selezionare un broker forex affidabile \u00e8 importante. Cerca broker controllati da legittimi specialisti di bilancio e che offrano una fase di scambio intuitiva, spread competitivi, esecuzione affidabile e ottimo sostegno ai clienti.<\/p>\n\n\n\n<p>Apri un conto di scambio: una volta scelto un broker, dovrai aprire un conto di scambio. Fornisci la documentazione essenziale, completa la richiesta del conto e finanzia il tuo conto con una somma che sei disposto a scommettere.<\/p>\n\n\n\n<p>Affina con un conto demo: la maggior parte dei broker offre conti demo, che ti consentono di effettuare scambi utilizzando denaro virtuale. Utilizza questa opportunit\u00e0 per familiarizzare con la fase di scambio, testare diverse metodologie e ottenere un coinvolgimento fattibile senza rischiare riserve reali. iniziare a fare trading sul Forex<\/p>\n\n\n\n<p>Crea un accordo di scambio: Un accordo di scambio illustra la tua procedura, contando le regole di passaggio e di uscita, le regole di gestione delle probabilit\u00e0 e il tipo di analisi che utilizzerai. Avere un piano ben definito aiuta a rimanere istruiti e rende meno impegnativo fare scelte equilibrate. iniziare a fare trading sul Forex<\/p>\n\n\n\n<p>Inizia poco: Inizia con piccole dimensioni di scambio e aumentale lentamente man mano che raccogli incontro e certezza. Non rischiare pi\u00f9 di quanto sei disposto a perdere. \u00c8 fondamentale monitorare adeguatamente il pericolo e utilizzare procedure di misurazione della posizione adeguate. iniziare a fare trading sul Forex<\/p>\n\n\n\n<p>Esamina i mercati: rimani aggiornato sulle notizie finanziarie mondiali, sugli indicatori monetari e sui modelli di vetrina che potrebbero influire sui costi di cassa. Utilizza strumenti di indagine specializzati per riconoscere potenziali configurazioni di scambio e sviluppare le tue tecniche di scambio. iniziare a fare trading sul Forex<\/p>\n\n\n\n<p>Tieni un diario degli scambi: registra i tuoi scambi, contando le ragioni dietro ogni scambio, la sezione, i focus di uscita e il risultato. Analizzare il tuo diario di scambio pu\u00f2 fornire esperienze vantaggiose sulla tua esecuzione, qualit\u00e0 e intervalli di cambiamento.<\/p>\n\n\n\n<p>Impara e adattati incessantemente: Lo scambio Forex potrebbe essere un metodo di apprendimento persistente. Rimani curioso, cerca risorse istruttive, partecipa a webinar o workshop e impara da rivenditori esperti. Modifica le tue procedure in base alle condizioni della pubblicit\u00e0 e agli incontri di scambio di reclami. iniziare a fare trading sul Forex<\/p>\n\n\n\n<p>Tieni presente che lo scambio di forex prevede possibilit\u00e0 e non vi sono garanzie di vantaggi. \u00c8 fondamentale affrontarlo con una mentalit\u00e0 sobria, un legittimo controllo del rischio e la disponibilit\u00e0 a memorizzare sia i trionfi che le delusioni. iniziare a fare trading sul Forex<\/p>\n\n\n\n<p>Iniziare a fare trading sul Forex pu\u00f2 essere un&#039;avventura energizzante, ma \u00e8 fondamentale affrontarlo con le informazioni e la mentalit\u00e0 adeguate. Ecco alcuni passaggi per aiutarti a iniziare: inizia a fare trading sul Forex<\/p>\n\n\n\n<p>Informati: Lo scambio Forex include l&#039;acquisto e l&#039;offerta di standard monetari nella pubblicit\u00e0 del commercio a distanza mondiale. Prenditi il tempo per memorizzare gli elementi essenziali dello scambio forex, contando come funziona la pubblicit\u00e0, le diverse metodologie di trading, la gestione dei rischi e le indagini specializzate. iniziare a fare trading sul Forex<\/p>\n\n\n\n<p>Stabilisci obiettivi chiari: decidi cosa devi ottenere attraverso il trading forex. Stabilisci obiettivi ragionevoli e particolari, come un tasso di beneficio target o un certo numero di pips al mese. Questo ti aiuter\u00e0 a rimanere centrato e ad aumentare il tuo progresso.<\/p>\n\n\n\n<p>Seleziona un broker solido: selezionare un broker forex affidabile \u00e8 importante. Cerca broker controllati da legittimi specialisti di bilancio e che offrano una fase di scambio intuitiva, spread competitivi, esecuzione affidabile e ottimo sostegno ai clienti.<\/p>\n\n\n\n<p>Apri un conto di scambio: una volta scelto un broker, dovrai aprire un conto di scambio. Fornisci la documentazione essenziale, completa la richiesta del conto e finanzia il tuo conto con una somma che sei disposto a scommettere.<\/p>\n\n\n\n<p>Affina con un conto demo: la maggior parte dei broker offre conti demo, che ti consentono di effettuare scambi utilizzando denaro virtuale. Utilizza questa opportunit\u00e0 per familiarizzare con la fase di scambio, testare diverse metodologie e ottenere un coinvolgimento fattibile senza rischiare riserve reali.<\/p>\n\n\n\n<p>Crea un accordo di scambio: Un accordo di scambio illustra la tua procedura, contando le regole di passaggio e di uscita, le regole di gestione delle probabilit\u00e0 e il tipo di analisi che utilizzerai. Avere un piano ben definito aiuta a rimanere istruiti e rende meno impegnativo fare scelte equilibrate.<\/p>\n\n\n\n<p>Inizia poco: Inizia con piccole dimensioni di scambio e aumentale lentamente man mano che raccogli incontro e certezza. Non rischiare pi\u00f9 di quanto sei disposto a perdere. \u00c8 fondamentale monitorare adeguatamente il pericolo e utilizzare procedure di misurazione della posizione adeguate.<\/p>\n\n\n\n<p>Esamina i mercati: rimani aggiornato sulle notizie finanziarie mondiali, sugli indicatori monetari e sui modelli di vetrina che potrebbero influire sui costi di cassa. Utilizza strumenti di indagine specializzati per riconoscere potenziali configurazioni di scambio e sviluppare le tue tecniche di scambio.<\/p>\n\n\n\n<p>Tieni un diario degli scambi: registra i tuoi scambi, contando le ragioni dietro ogni scambio, la sezione, i focus di uscita e il risultato. Analizzare il tuo diario di scambio pu\u00f2 fornire esperienze vantaggiose sulla tua esecuzione, qualit\u00e0 e intervalli di cambiamento.<\/p>\n\n\n\n<p>Impara e aggiusta incessantemente: Lo scambio Forex potrebbe essere un metodo di apprendimento persistente. Rimani curioso, cerca risorse istruttive, partecipa a webinar o workshop e impara da rivenditori esperti. Modifica le tue procedure in base alle condizioni della pubblicit\u00e0 e agli incontri di scambio di reclami.<\/p>\n\n\n\n<p>Tieni presente che lo scambio di forex prevede possibilit\u00e0 e non vi sono garanzie di vantaggi. \u00c8 fondamentale affrontarlo con una mentalit\u00e0 sobria, un legittimo controllo del rischio e la disponibilit\u00e0 a memorizzare sia i trionfi che le delusioni.<\/p>\n\n\n\n<p>Iniziare a fare trading sul Forex pu\u00f2 essere un&#039;avventura energizzante, ma \u00e8 fondamentale affrontarlo con le informazioni e la mentalit\u00e0 adeguate. Ecco alcuni passaggi per aiutarti a iniziare:<\/p>\n\n\n\n<p>Informati: Lo scambio Forex include l&#039;acquisto e l&#039;offerta di standard monetari nella pubblicit\u00e0 del commercio a distanza mondiale. Prenditi il tempo per memorizzare gli elementi essenziali dello scambio forex, contando come funziona la pubblicit\u00e0, le diverse metodologie di trading, la gestione dei rischi e le indagini specializzate.<\/p>\n\n\n\n<p>Stabilisci obiettivi chiari: decidi cosa devi ottenere attraverso il trading forex. Stabilisci obiettivi ragionevoli e particolari, come un tasso di beneficio target o un certo numero di pips al mese. Questo ti aiuter\u00e0 a rimanere centrato e ad aumentare il tuo progresso.<\/p>\n\n\n\n<p>Seleziona un broker solido: selezionare un broker forex affidabile \u00e8 importante. Cerca broker controllati da legittimi specialisti di bilancio e che offrano una fase di scambio intuitiva, spread competitivi, esecuzione affidabile e ottimo sostegno ai clienti.<\/p>\n\n\n\n<p>Apri un conto di scambio: una volta scelto un broker, dovrai aprire un conto di scambio. Fornisci la documentazione essenziale, completa la richiesta del conto e finanzia il tuo conto con una somma che sei disposto a scommettere.<\/p>\n\n\n\n<p>Affina con un conto demo: la maggior parte dei broker offre conti demo, che ti consentono di effettuare scambi utilizzando denaro virtuale. Utilizza questa opportunit\u00e0 per familiarizzare con la fase di scambio, testare diverse metodologie e ottenere un coinvolgimento fattibile senza rischiare riserve reali.<\/p>\n\n\n\n<p>Crea un accordo di scambio: Un accordo di scambio illustra la tua procedura, contando le regole di passaggio e di uscita, le regole di gestione delle probabilit\u00e0 e il tipo di analisi che utilizzerai. Avere un piano ben definito aiuta a rimanere istruiti e rende meno impegnativo fare scelte equilibrate.<\/p>\n\n\n\n<p>Inizia poco: Inizia con piccole dimensioni di scambio e aumentale lentamente man mano che raccogli incontro e certezza. Non rischiare pi\u00f9 di quanto sei disposto a perdere. \u00c8 fondamentale monitorare adeguatamente il pericolo e utilizzare procedure di misurazione della posizione adeguate.<\/p>\n\n\n\n<p>Esamina i mercati: rimani aggiornato sulle notizie finanziarie mondiali, sugli indicatori monetari e sui modelli di vetrina che potrebbero influire sui costi di cassa. Utilizza strumenti di indagine specializzati per riconoscere potenziali configurazioni di scambio e sviluppare le tue tecniche di scambio.<\/p>\n\n\n\n<p>Tieni un diario degli scambi: registra i tuoi scambi, contando le ragioni dietro ogni scambio, la sezione, i focus di uscita e il risultato. Analizzare il tuo diario di scambio pu\u00f2 fornire esperienze vantaggiose sulla tua esecuzione, qualit\u00e0 e intervalli di cambiamento.<\/p>\n\n\n\n<p>Impara e aggiusta incessantemente: Lo scambio Forex potrebbe essere un metodo di apprendimento persistente. Rimani curioso, cerca risorse istruttive, partecipa a webinar o workshop e impara da rivenditori esperti. Modifica le tue procedure in base alle condizioni della pubblicit\u00e0 e agli incontri di scambio di reclami.<\/p>\n\n\n\n<p>Tieni presente che lo scambio di forex prevede possibilit\u00e0 e non vi sono garanzie di vantaggi. \u00c8 fondamentale affrontarlo con una mentalit\u00e0 sobria, un legittimo controllo del rischio e la disponibilit\u00e0 a memorizzare sia i trionfi che le delusioni.<\/p>\n\n\n\n<p>Iniziare a fare trading sul Forex pu\u00f2 essere un&#039;avventura energizzante, ma \u00e8 fondamentale affrontarlo con le informazioni e la mentalit\u00e0 adeguate. Ecco alcuni passaggi per aiutarti a iniziare:<\/p>\n\n\n\n<p>Informati: Lo scambio Forex include l&#039;acquisto e l&#039;offerta di standard monetari nella pubblicit\u00e0 del commercio a distanza mondiale. Prenditi il tempo per memorizzare gli elementi essenziali dello scambio forex, contando come funziona la pubblicit\u00e0, le diverse metodologie di trading, la gestione dei rischi e le indagini specializzate.<\/p>\n\n\n\n<p>Stabilisci obiettivi chiari: decidi cosa devi ottenere attraverso il trading forex. Stabilisci obiettivi ragionevoli e particolari, come un tasso di beneficio target o un certo numero di pips al mese. Questo ti aiuter\u00e0 a rimanere centrato e ad aumentare il tuo progresso.<\/p>\n\n\n\n<p>Seleziona un broker solido: selezionare un broker forex affidabile \u00e8 importante. Cerca broker controllati da legittimi specialisti di bilancio e che offrano una fase di scambio intuitiva, spread competitivi, esecuzione affidabile e ottimo sostegno ai clienti.<\/p>\n\n\n\n<p>Apri un conto di scambio: una volta scelto un broker, dovrai aprire un conto di scambio. Fornisci la documentazione essenziale, completa la richiesta del conto e finanzia il tuo conto con una somma che sei disposto a scommettere.<\/p>\n\n\n\n<p>Affina con un conto demo: la maggior parte dei broker offre conti demo, che ti consentono di effettuare scambi utilizzando denaro virtuale. Utilizza questa opportunit\u00e0 per familiarizzare con la fase di scambio, testare diverse metodologie e ottenere un coinvolgimento fattibile senza rischiare riserve reali.<\/p>\n\n\n\n<p>Crea un accordo di scambio: Un accordo di scambio illustra la tua procedura, contando le regole di passaggio e di uscita, le regole di gestione delle probabilit\u00e0 e il tipo di analisi che utilizzerai. Avere un piano ben definito aiuta a rimanere istruiti e rende meno impegnativo fare scelte equilibrate.<\/p>\n\n\n\n<p>Inizia poco: Inizia con piccole dimensioni di scambio e aumentale lentamente man mano che raccogli incontro e certezza. Non rischiare pi\u00f9 di quanto sei disposto a perdere. \u00c8 fondamentale monitorare adeguatamente il pericolo e utilizzare procedure di misurazione della posizione adeguate.<\/p>\n\n\n\n<p>Esamina i mercati: rimani aggiornato sulle notizie finanziarie mondiali, sugli indicatori monetari e sui modelli di vetrina che potrebbero influire sui costi di cassa. Utilizza strumenti di indagine specializzati per riconoscere potenziali configurazioni di scambio e sviluppare le tue tecniche di scambio.<\/p>\n\n\n\n<p>Tieni un diario degli scambi: registra i tuoi scambi, contando le ragioni dietro ogni scambio, la sezione, i focus di uscita e il risultato. Analizzare il tuo diario di scambio pu\u00f2 fornire esperienze vantaggiose sulla tua esecuzione, qualit\u00e0 e intervalli di cambiamento.<\/p>\n\n\n\n<p>Impara e aggiusta incessantemente: Lo scambio Forex potrebbe essere un metodo di apprendimento persistente. Rimani curioso, cerca risorse istruttive, partecipa a webinar o workshop e impara da rivenditori esperti. Modifica le tue procedure in base alle condizioni della pubblicit\u00e0 e agli incontri di scambio di reclami.<\/p>\n\n\n\n<p>Tieni presente che lo scambio di forex prevede possibilit\u00e0 e non vi sono garanzie di vantaggi. \u00c8 fondamentale affrontarlo con una mentalit\u00e0 sobria, un legittimo controllo del rischio e la disponibilit\u00e0 a memorizzare sia i trionfi che le delusioni.<\/p>\n\n\n\n<p><\/p>\n\n\n\n<figure class=\"wp-block-image size-full\"><img loading=\"lazy\" decoding=\"async\" width=\"300\" height=\"300\" src=\"https:\/\/oxshare.com\/wp-content\/uploads\/2023\/06\/cropped-Favicon2@1000px-9-300x300-6.png\" alt=\"\" class=\"wp-image-7074\" srcset=\"https:\/\/oxshare.com\/wp-content\/uploads\/2023\/06\/cropped-Favicon2@1000px-9-300x300-6.png 300w, https:\/\/oxshare.com\/wp-content\/uploads\/2023\/06\/cropped-Favicon2@1000px-9-300x300-6-150x150.png 150w, https:\/\/oxshare.com\/wp-content\/uploads\/2023\/06\/cropped-Favicon2@1000px-9-300x300-6-12x12.png 12w\" sizes=\"auto, (max-width: 300px) 100vw, 300px\" \/><\/figure>\n\n\n\n<figure class=\"wp-block-image size-full\"><img loading=\"lazy\" decoding=\"async\" width=\"300\" height=\"300\" src=\"https:\/\/oxshare.com\/wp-content\/uploads\/2023\/06\/cropped-Favicon2@1000px-9-300x300-7.png\" alt=\"\" class=\"wp-image-7076\" srcset=\"https:\/\/oxshare.com\/wp-content\/uploads\/2023\/06\/cropped-Favicon2@1000px-9-300x300-7.png 300w, https:\/\/oxshare.com\/wp-content\/uploads\/2023\/06\/cropped-Favicon2@1000px-9-300x300-7-150x150.png 150w, https:\/\/oxshare.com\/wp-content\/uploads\/2023\/06\/cropped-Favicon2@1000px-9-300x300-7-12x12.png 12w\" sizes=\"auto, (max-width: 300px) 100vw, 300px\" \/><\/figure>","protected":false},"excerpt":{"rendered":"<p>start forex trading start forex trading start forex trading start forex trading Forex - OXShare Prime how much money do you need to start trading forex\/ how much money do you need to start forex trading\/ how do you start forex trading Beginning forex exchanging can be an energizing wander, but it's imperative to approach [&hellip;]<\/p>\n","protected":false},"author":204281813,"featured_media":6459,"parent":0,"menu_order":0,"comment_status":"closed","ping_status":"closed","template":"","meta":{"inline_featured_image":false,"footnotes":""},"class_list":["post-380","page","type-page","status-publish","has-post-thumbnail","hentry"],"acf":[],"a3_pvc":{"activated":false,"total_views":0,"today_views":0},"_links":{"self":[{"href":"https:\/\/oxshare.com\/it\/wp-json\/wp\/v2\/pages\/380","targetHints":{"allow":["GET"]}}],"collection":[{"href":"https:\/\/oxshare.com\/it\/wp-json\/wp\/v2\/pages"}],"about":[{"href":"https:\/\/oxshare.com\/it\/wp-json\/wp\/v2\/types\/page"}],"author":[{"embeddable":true,"href":"https:\/\/oxshare.com\/it\/wp-json\/wp\/v2\/users\/204281813"}],"replies":[{"embeddable":true,"href":"https:\/\/oxshare.com\/it\/wp-json\/wp\/v2\/comments?post=380"}],"version-history":[{"count":2,"href":"https:\/\/oxshare.com\/it\/wp-json\/wp\/v2\/pages\/380\/revisions"}],"predecessor-version":[{"id":9357,"href":"https:\/\/oxshare.com\/it\/wp-json\/wp\/v2\/pages\/380\/revisions\/9357"}],"wp:featuredmedia":[{"embeddable":true,"href":"https:\/\/oxshare.com\/it\/wp-json\/wp\/v2\/media\/6459"}],"wp:attachment":[{"href":"https:\/\/oxshare.com\/it\/wp-json\/wp\/v2\/media?parent=380"}],"curies":[{"name":"wp","href":"https:\/\/api.w.org\/{rel}","templated":true}]}}