{"id":443,"date":"2021-06-13T09:55:10","date_gmt":"2021-06-13T06:55:10","guid":{"rendered":"https:\/\/oxshare.com\/?page_id=443"},"modified":"2024-01-29T16:38:16","modified_gmt":"2024-01-29T14:38:16","slug":"clients-leverage-ratio-margin","status":"publish","type":"page","link":"https:\/\/oxshare.com\/it\/leverage-margin","title":{"rendered":"Rapporto di leva finanziaria e margine"},"content":{"rendered":"<p>rapporto di leva finanziaria e margine<\/p>\n\n\n\n<p>Il rapporto di margine \u00e8 uguale alla leva finanziaria?<\/p>\n\n\n\n<p>L'uso e il margine sono due concetti strettamente correlati nel forex trading. Entrambi svolgono un ruolo fondamentale nel decidere la misura e la pericolosit\u00e0 dei vostri scambi. margine e leva nel trading<\/p>\n\n\n\n<h2>rapporto di leva finanziaria e margine<\/h2>\n<h3>rapporto di leva finanziaria e margine<\/h3>\n\n\n\n<p>Utilizzo: l'utilizzo consente ai dealer di controllare posizioni pi\u00f9 grandi all'interno della pubblicit\u00e0 con una somma di capitale minore. Si tratta sostanzialmente di un credito concesso dal broker al dealer, che gli consente di aprire le proprie posizioni di scambio. L'utilizzo viene comunicato in proporzione, come 1:50, 1:100 o 1:500, indicando la somma di capitale che un dealer pu\u00f2 controllare rispetto al capitale conferito.<br>Per esempio, con una proporzione d'uso di 1:100, un commerciante pu\u00f2 controllare $100.000 di denaro con un capitale di $1.000. Ci\u00f2 implica che per ogni $1 del capitale del commerciante, questi ha la possibilit\u00e0 di scambiare $100 all'interno della pubblicit\u00e0.<\/p>\n\n\n\n<p>L'utilizzo pu\u00f2 incrementare i benefici potenziali, in quanto sviluppi a basso costo possono creare ritorni critici sulla somma utilizzata. In ogni caso, \u00e8 fondamentale notare che l'utilizzo amplifica anche le disgrazie. Nel caso in cui la pubblicit\u00e0 si muova contro la vostra posizione, le disgrazie saranno relativamente amplificate.<\/p>\n\n\n\n<p>Bordo: il bordo \u00e8 la somma di denaro che un commerciante deve tenere sul proprio conto di scambio come riserva di sicurezza per sostenere le proprie posizioni utilizzate. Di solito \u00e8 espresso come un tasso dell'intero valore dello scambio.<br>Dopo aver aperto una borsa, il vostro broker vi chieder\u00e0 di conservare una certa percentuale dell'intero valore della borsa come margine. Di solito \u00e8 noto come requisito di margine. I restanti depositi necessari per l'apertura della borsa vengono dati dal broker come utilizzo.<\/p>\n\n\n\n<p>Per esempio, nel caso in cui dobbiate aprire uno scambio del valore di $10.000 con una necessit\u00e0 di margine di 1%, dovrete immagazzinare $100 come margine e il broker vi dar\u00e0 il restante $9.900 come utilizzo.<\/p>\n\n\n\n<p>L'edge funge anche da cuscinetto per coprire qualsiasi potenziale sfortuna all'interno dello scambio. Nel caso in cui la borsa si muova contro di voi e le vostre disgrazie facciano diminuire il vostro conto fino a un certo livello (noto come livello di edge o livello di edge call), il broker pu\u00f2 emettere un edge call, richiedendovi di accumulare riserve extra per preservare la vostra posizione o per avvicinarvi alla borsa.<\/p>\n\n\n\n<p>\u00c8 fondamentale capire che, se da un lato l'uso pu\u00f2 aumentare i potenziali benefici, dall'altro intensifica i rischi, e lo scambio con un uso elevato comporta un maggior rischio di incidenti degni di nota. I commercianti devono considerare attentamente la loro resistenza al rischio, utilizzare tecniche legittime di gestione del rischio e prestare attenzione ai requisiti di margine e alle proporzioni di utilizzo pubblicizzate dal loro broker.<\/p>\n\n\n\n<p>Utilizzare le proporzioni:<br>Nell'ambito della contribuzione e dello scambio, la proporzione d'uso allude all'entit\u00e0 delle riserve o dei margini presi a prestito utilizzati per controllare una posizione maggiore in uno strumento monetario. Si riferisce al rapporto tra il capitale di credito del trader (valore) e le riserve prese a prestito (utilizzo). Permette ai commercianti di aumentare i loro potenziali benefici o sfortune controllando una posizione pi\u00f9 grande di quella che il loro capitale permetterebbe in altro modo.<\/p>\n\n\n\n<p>Ad esempio, se un dealer ha una proporzione di utilizzo di 1:100, significa che per ogni $1 del capitale in possesso del trader, pu\u00f2 controllare una posizione di $100 all'interno della pubblicit\u00e0. Questo utilizzo permette ai dealer di amplificare i loro guadagni, ma aumenta anche la possibilit\u00e0 di incorrere in disgrazie, poich\u00e9 le disgrazie vengono amplificate.<\/p>\n\n\n\n<p>Bordo:<br>Con il termine bordo, nell'ambito della contribuzione e dello scambio, si intende il deposito iniziale o la garanzia richiesta da un broker o da un operatore commerciale per aprire e mantenere una posizione utilizzata. Pu\u00f2 essere un tasso del valore complessivo della posizione e funge da forma di sicurezza o di protezione per il broker contro potenziali disgrazie.<\/p>\n\n\n\n<p>Quando si scambia sul bordo, i commercianti sono tenuti a conservare un certo tasso dell'intero valore di scambio, che \u00e8 noto come il bordo iniziale. Il requisito del margine iniziale pu\u00f2 variare a seconda dello strumento di bilancio, dell'instabilit\u00e0 e delle disposizioni del broker.<\/p>\n\n\n\n<p>L'edge viene utilizzato per coprire le potenziali sfortune che si verificheranno nel caso in cui la pubblicit\u00e0 si muova contro la posizione del trader. \u00c8 fondamentale notare che lo scambio sul margine include sia il potenziale di maggiori benefici che di maggiori sfortune.<\/p>\n\n\n\n<p>Nel caso in cui la pubblicit\u00e0 si muova in modo sfavorevole e le sfortune sulla posizione superino il margine accessibile, pu\u00f2 essere emesso un edge call. Un edge call richiede che il dealer depositi ulteriori fondi sul conto per riportare il margine a un livello degno. Il mancato rispetto di una edge call pu\u00f2 portare allo scambio della posizione da parte del broker per coprire le sfortune.<\/p>\n\n\n\n<p>Lo scambio di bordi pu\u00f2 essere uno strumento efficace per i commercianti esperti, ma comporta anche notevoli pericoli. \u00c8 fondamentale conoscere il concetto di utilizzo, le necessit\u00e0 del bordo e sorvegliare attentamente i rischi quando si utilizza il bordo negli esercizi di scambio.<\/p>\n\n\n\n<p>Utilizzare le proporzioni:<br>Nell'ambito degli scambi di bilancio, la proporzione di utilizzo allude all'entit\u00e0 delle riserve prese in prestito (o margine) che un commerciante pu\u00f2 utilizzare per aprire posizioni di scambio pi\u00f9 grandi rispetto al capitale che ha nel suo conto. Si tratta del rapporto tra le riserve in possesso del trader e le riserve prese in prestito dal broker. L'utilizzo consente ai dealer di controllare una stima di posizioni pi\u00f9 ampia all'interno della pubblicit\u00e0 con una somma minore di capitale.<\/p>\n\n\n\n<p>L'utilizzo viene regolarmente comunicato come rapporto, ad esempio 1:50, 1:100, 1:500, ecc. Il numero principale si riferisce alle riserve di credito del trader, mentre il numero momentaneo si riferisce alla somma delle riserve che il dealer pu\u00f2 prendere in prestito dal broker. Ad esempio, una proporzione di utilizzo di 1:100 implica che per ogni $1 del capitale del trader, questi pu\u00f2 controllare una posizione di $100.<\/p>\n\n\n\n<p>Se da un lato l'uso pu\u00f2 aumentare i potenziali benefici, dall'altro amplifica i pericoli connessi allo scambio. Nel caso in cui uno scambio si muova contro il commerciante, le disgrazie possono superare l'impresa iniziale. \u00c8 fondamentale conoscere i pericoli legati all'uso e utilizzarli in modo ragionevole.<\/p>\n\n\n\n<p>Bordo:<br>Con il termine \"bordo\", nel mondo degli scambi, si intende la somma dei depositi che un commerciante deve depositare presso il proprio broker per aprire e mantenere una posizione di scambio utilizzata. Pu\u00f2 trattarsi di una cornice di garanzie o di un deposito di \"grande fiducia\" che garantisce al broker di essere assicurato contro potenziali perdite in caso di sviluppi sfavorevoli dei costi.<\/p>\n\n\n\n<p>Il pi\u00f9 delle volte il margine \u00e8 calcolato come percentuale della stima dell'intera posizione. Il margine specificato \u00e8 determinato dalla proporzione di utilizzo e dalla misura della posizione. Proporzioni d'uso pi\u00f9 elevate richiedono una percentuale minore di bordo, mentre proporzioni d'uso inferiori richiedono una percentuale maggiore di bordo.<\/p>\n\n\n\n<p>Per esempio, nel caso in cui un dealer debba aprire una posizione di $10.000 con una proporzione di utilizzo di 1:100, dovrebbe immagazzinare $100 (1% della stima della posizione) come margine. Il restante $9.900 viene dato dal broker come anticipo.<\/p>\n\n\n\n<p>I livelli di margine sono osservati dal broker e, nel caso in cui il valore del conto del trader (il valore attuale del conto) scenda al di sotto di un certo margine, noto come necessit\u00e0 del livello di margine, il broker pu\u00f2 emettere una richiesta di margine, richiedendo al commerciante di immagazzinare riserve extra o di chiudere alcune posizioni per preservare il margine desiderato.<\/p>\n\n\n\n<p>\u00c8 fondamentale che i commercianti siano consapevoli delle necessit\u00e0 di margine e che sorveglino le loro posizioni e i loro rischi in modo da evitare le richieste di margine o la potenziale liquidazione delle loro posizioni.<\/p>\n\n\n\n<p><a href=\"https:\/\/oxshareprime.com\/indices\/\" target=\"_blank\" rel=\"noreferrer noopener\">Indici - OXShare Prime<\/a> \/ <a href=\"https:\/\/oxshare.com\/it\/about-oxshare-forex-trade\/\" target=\"_blank\" rel=\"noreferrer noopener\">OXShare (la migliore piattaforma di trading forex utilizzabile) - Chi siamo<\/a><\/p>","protected":false},"excerpt":{"rendered":"<p>leverage ratio and margin Is margin ratio the same as leverage? Use and edge are two concepts that are closely related in forex exchanging. They both play a critical part in deciding the measure and hazard of your exchanges. margin and leverage in trading leverage ratio and margin leverage ratio and margin Use: Use permits [&hellip;]<\/p>\n","protected":false},"author":204281813,"featured_media":6359,"parent":0,"menu_order":0,"comment_status":"closed","ping_status":"closed","template":"","meta":{"inline_featured_image":false,"footnotes":""},"class_list":["post-443","page","type-page","status-publish","has-post-thumbnail","hentry"],"acf":[],"a3_pvc":{"activated":false,"total_views":0,"today_views":0},"_links":{"self":[{"href":"https:\/\/oxshare.com\/it\/wp-json\/wp\/v2\/pages\/443","targetHints":{"allow":["GET"]}}],"collection":[{"href":"https:\/\/oxshare.com\/it\/wp-json\/wp\/v2\/pages"}],"about":[{"href":"https:\/\/oxshare.com\/it\/wp-json\/wp\/v2\/types\/page"}],"author":[{"embeddable":true,"href":"https:\/\/oxshare.com\/it\/wp-json\/wp\/v2\/users\/204281813"}],"replies":[{"embeddable":true,"href":"https:\/\/oxshare.com\/it\/wp-json\/wp\/v2\/comments?post=443"}],"version-history":[{"count":1,"href":"https:\/\/oxshare.com\/it\/wp-json\/wp\/v2\/pages\/443\/revisions"}],"predecessor-version":[{"id":9354,"href":"https:\/\/oxshare.com\/it\/wp-json\/wp\/v2\/pages\/443\/revisions\/9354"}],"wp:featuredmedia":[{"embeddable":true,"href":"https:\/\/oxshare.com\/it\/wp-json\/wp\/v2\/media\/6359"}],"wp:attachment":[{"href":"https:\/\/oxshare.com\/it\/wp-json\/wp\/v2\/media?parent=443"}],"curies":[{"name":"wp","href":"https:\/\/api.w.org\/{rel}","templated":true}]}}