{"id":8831,"date":"2023-11-25T19:07:21","date_gmt":"2023-11-25T17:07:21","guid":{"rendered":"https:\/\/oxshare.com\/?page_id=8831"},"modified":"2024-01-29T16:32:10","modified_gmt":"2024-01-29T14:32:10","slug":"deposit-bonus","status":"publish","type":"page","link":"https:\/\/oxshare.com\/it\/deposit-bonus","title":{"rendered":"Bonus sul deposito"},"content":{"rendered":"<p>Come viene calcolato il bonus sulle commissioni Forex?<\/p>\n\n\n\n<h1>commissione forex<\/h1>\n<h2>commissione forex<\/h2>\n<h3>commissione forex<\/h3>\n\n\n\n<p><a href=\"https:\/\/oxshareprime.com\/indices\/\" target=\"_blank\" rel=\"noreferrer noopener\">Indici - OXShare Prime<\/a> \/ <a href=\"https:\/\/oxshare.com\/it\/careers\/\" target=\"_blank\" rel=\"noreferrer noopener\">Carriere - OXShare<\/a><\/p>\n\n\n\n<p>La commissione Forex si riferisce a una commissione addebitata da un broker forex per incoraggiare gli scambi all&#039;interno del mercato dei cambi. Potrebbe essere una pratica comune per i broker addebitare una commissione su determinati tipi di conti di scambio forex, comunemente noti come conti &quot;basati su commissione&quot; o &quot;ECN&quot; (Electronic Communication Organize).<\/p>\n\n\n\n<p>La commissione \u00e8 di norma un piccolo tasso dell&#039;intero valore del cambio o una spesa fissa per parte scambiata. La particolare struttura delle commissioni pu\u00f2 cambiare a seconda del broker e del tipo di conto. Ad esempio, un broker pu\u00f2 addebitare $5 per parte scambiata, il che significa che per ogni parte standard (che corrisponde a 100.000 unit\u00e0 di contanti base) acquistata o venduta, il rivenditore pagherebbe un costo come commissione.<\/p>\n\n\n\n<p>\u00c8 fondamentale notare che non tutti i broker forex addebitano commissioni. Alcuni broker offrono conti di scambio &quot;senza commissioni&quot;, dove traggono vantaggio dallo spread, che \u00e8 la differenza tra il costo di acquisto e quello di vendita di una combinazione monetaria.<\/p>\n\n\n\n<p>Quando si considerano le commissioni forex, \u00e8 fondamentale prendere in considerazione anche altri componenti come gli spread, i punti salienti della fase di scambio, il sostegno del cliente, la conformit\u00e0 amministrativa e, in generale, le condizioni di scambio pubblicizzate dal broker. I trader dovrebbero valutare attentamente questi componenti per selezionare un broker che meglio si adatta alle loro esigenze e inclinazioni di scambio<\/p>\n\n\n\n<p>La commissione Forex si riferisce a una commissione addebitata da un broker forex per incoraggiare gli scambi all&#039;interno del mercato dei cambi. Potrebbe essere una pratica comune per i broker addebitare una commissione su determinati tipi di conti di scambio forex, comunemente noti come conti &quot;basati su commissione&quot; o &quot;ECN&quot; (Electronic Communication Organize).<\/p>\n\n\n\n<p>La commissione \u00e8 di norma un piccolo tasso dell&#039;intero valore del cambio o una spesa fissa per parte scambiata. La particolare struttura delle commissioni pu\u00f2 cambiare a seconda del broker e del tipo di conto. Ad esempio, un broker pu\u00f2 addebitare $5 per parte scambiata, il che significa che per ogni parte standard (che corrisponde a 100.000 unit\u00e0 di contanti base) acquistata o venduta, il rivenditore pagherebbe un costo come commissione.<\/p>\n\n\n\n<p>\u00c8 fondamentale notare che non tutti i broker forex addebitano commissioni. Alcuni broker offrono conti di scambio &quot;senza commissioni&quot;, dove traggono vantaggio dallo spread, che \u00e8 la differenza tra il costo di acquisto e quello di vendita di una combinazione monetaria.<\/p>\n\n\n\n<p>Quando si considerano le commissioni forex, \u00e8 fondamentale prendere in considerazione anche altri componenti come gli spread, i punti salienti della fase di scambio, il sostegno del cliente, la conformit\u00e0 amministrativa e, in generale, le condizioni di scambio pubblicizzate dal broker. I trader dovrebbero valutare attentamente questi componenti per selezionare un broker che meglio si adatta alle loro esigenze e inclinazioni di scambio<\/p>\n\n\n\n<p>La commissione Forex si riferisce a una commissione addebitata da un broker forex per incoraggiare gli scambi all&#039;interno del mercato dei cambi. Potrebbe essere una pratica comune per i broker addebitare una commissione su determinati tipi di conti di scambio forex, comunemente noti come conti &quot;basati su commissione&quot; o &quot;ECN&quot; (Electronic Communication Organize).<\/p>\n\n\n\n<p>La commissione \u00e8 di norma un piccolo tasso dell&#039;intero valore del cambio o una spesa fissa per parte scambiata. La particolare struttura delle commissioni pu\u00f2 cambiare a seconda del broker e del tipo di conto. Ad esempio, un broker pu\u00f2 addebitare $5 per parte scambiata, il che significa che per ogni parte standard (che corrisponde a 100.000 unit\u00e0 di contanti base) acquistata o venduta, il rivenditore pagherebbe un costo come commissione.<\/p>\n\n\n\n<p>\u00c8 fondamentale notare che non tutti i broker forex addebitano commissioni. Alcuni broker offrono conti di scambio &quot;senza commissioni&quot;, dove traggono vantaggio dallo spread, che \u00e8 la differenza tra il costo di acquisto e quello di vendita di una combinazione monetaria.<\/p>\n\n\n\n<p>Quando si considerano le commissioni forex, \u00e8 fondamentale prendere in considerazione anche altri componenti come gli spread, i punti salienti della fase di scambio, il sostegno del cliente, la conformit\u00e0 amministrativa e, in generale, le condizioni di scambio pubblicizzate dal broker. I trader dovrebbero valutare attentamente questi componenti per selezionare un broker che meglio si adatta alle loro esigenze e inclinazioni di scambio<\/p>\n\n\n\n<p>La commissione Forex si riferisce a una commissione addebitata da un broker forex per incoraggiare gli scambi all&#039;interno del mercato dei cambi. Potrebbe essere una pratica comune per i broker addebitare una commissione su determinati tipi di conti di scambio forex, comunemente noti come conti &quot;basati su commissione&quot; o &quot;ECN&quot; (Electronic Communication Organize).<\/p>\n\n\n\n<p>La commissione \u00e8 di norma un piccolo tasso dell&#039;intero valore del cambio o una spesa fissa per parte scambiata. La particolare struttura delle commissioni pu\u00f2 cambiare a seconda del broker e del tipo di conto. Ad esempio, un broker pu\u00f2 addebitare $5 per parte scambiata, il che significa che per ogni parte standard (che corrisponde a 100.000 unit\u00e0 di contanti base) acquistata o venduta, il rivenditore pagherebbe un costo come commissione.<\/p>\n\n\n\n<p>\u00c8 fondamentale notare che non tutti i broker forex addebitano commissioni. Alcuni broker offrono conti di scambio &quot;senza commissioni&quot;, dove traggono vantaggio dallo spread, che \u00e8 la differenza tra il costo di acquisto e quello di vendita di una combinazione monetaria.<\/p>\n\n\n\n<p>Quando si considerano le commissioni forex, \u00e8 fondamentale prendere in considerazione anche altri componenti come gli spread, i punti salienti della fase di scambio, il sostegno del cliente, la conformit\u00e0 amministrativa e, in generale, le condizioni di scambio pubblicizzate dal broker. I trader dovrebbero valutare attentamente questi componenti per selezionare un broker che meglio si adatta alle loro esigenze e inclinazioni di scambio<\/p>\n\n\n\n<p>La commissione Forex si riferisce a una commissione addebitata da un broker forex per incoraggiare gli scambi all&#039;interno del mercato dei cambi. Potrebbe essere una pratica comune per i broker addebitare una commissione su determinati tipi di conti di scambio forex, comunemente noti come conti &quot;basati su commissione&quot; o &quot;ECN&quot; (Electronic Communication Organize).<\/p>\n\n\n\n<p>La commissione \u00e8 di norma un piccolo tasso dell&#039;intero valore del cambio o una spesa fissa per parte scambiata. La particolare struttura delle commissioni pu\u00f2 cambiare a seconda del broker e del tipo di conto. Ad esempio, un broker pu\u00f2 addebitare $5 per parte scambiata, il che significa che per ogni parte standard (che corrisponde a 100.000 unit\u00e0 di contanti base) acquistata o venduta, il rivenditore pagherebbe un costo come commissione.<\/p>\n\n\n\n<p>\u00c8 fondamentale notare che non tutti i broker forex addebitano commissioni. Alcuni broker offrono conti di scambio &quot;senza commissioni&quot;, dove traggono vantaggio dallo spread, che \u00e8 la differenza tra il costo di acquisto e quello di vendita di una combinazione monetaria.<\/p>\n\n\n\n<p>Quando si considerano le commissioni forex, \u00e8 fondamentale prendere in considerazione anche altri componenti come gli spread, i punti salienti della fase di scambio, il sostegno del cliente, la conformit\u00e0 amministrativa e, in generale, le condizioni di scambio pubblicizzate dal broker. I trader dovrebbero valutare attentamente questi componenti per selezionare un broker che meglio si adatta alle loro esigenze e inclinazioni di scambio<\/p>\n\n\n\n<p>La commissione Forex si riferisce a una commissione addebitata da un broker forex per incoraggiare gli scambi all&#039;interno del mercato dei cambi. Potrebbe essere una pratica comune per i broker addebitare una commissione su determinati tipi di conti di scambio forex, comunemente noti come conti &quot;basati su commissione&quot; o &quot;ECN&quot; (Electronic Communication Organize).<\/p>\n\n\n\n<p>La commissione \u00e8 di norma un piccolo tasso dell&#039;intero valore del cambio o una spesa fissa per parte scambiata. La particolare struttura delle commissioni pu\u00f2 cambiare a seconda del broker e del tipo di conto. Ad esempio, un broker pu\u00f2 addebitare $5 per parte scambiata, il che significa che per ogni parte standard (che corrisponde a 100.000 unit\u00e0 di contanti base) acquistata o venduta, il rivenditore pagherebbe un costo come commissione.<\/p>\n\n\n\n<p>\u00c8 fondamentale notare che non tutti i broker forex addebitano commissioni. Alcuni broker offrono conti di scambio &quot;senza commissioni&quot;, dove traggono vantaggio dallo spread, che \u00e8 la differenza tra il costo di acquisto e quello di vendita di una combinazione monetaria.<\/p>\n\n\n\n<p>Quando si considerano le commissioni forex, \u00e8 fondamentale prendere in considerazione anche altri componenti come gli spread, i punti salienti della fase di scambio, il sostegno del cliente, la conformit\u00e0 amministrativa e, in generale, le condizioni di scambio pubblicizzate dal broker. I trader dovrebbero valutare attentamente questi componenti per selezionare un broker che meglio si adatta alle loro esigenze e inclinazioni di scambio<\/p>\n\n\n\n<p>La commissione Forex si riferisce a una commissione addebitata da un broker forex per incoraggiare gli scambi all&#039;interno del mercato dei cambi. Potrebbe essere una pratica comune per i broker addebitare una commissione su determinati tipi di conti di scambio forex, comunemente noti come conti &quot;basati su commissione&quot; o &quot;ECN&quot; (Electronic Communication Organize).<\/p>\n\n\n\n<p>La commissione \u00e8 di norma un piccolo tasso dell&#039;intero valore del cambio o una spesa fissa per parte scambiata. La particolare struttura delle commissioni pu\u00f2 cambiare a seconda del broker e del tipo di conto. Ad esempio, un broker pu\u00f2 addebitare $5 per parte scambiata, il che significa che per ogni parte standard (che corrisponde a 100.000 unit\u00e0 di contanti base) acquistata o venduta, il rivenditore pagherebbe un costo come commissione.<\/p>\n\n\n\n<p>\u00c8 fondamentale notare che non tutti i broker forex addebitano commissioni. Alcuni broker offrono conti di scambio &quot;senza commissioni&quot;, dove traggono vantaggio dallo spread, che \u00e8 la differenza tra il costo di acquisto e quello di vendita di una combinazione monetaria.<\/p>\n\n\n\n<p>Quando si considerano le commissioni forex, \u00e8 fondamentale prendere in considerazione anche altri componenti come gli spread, i punti salienti della fase di scambio, il sostegno del cliente, la conformit\u00e0 amministrativa e, in generale, le condizioni di scambio pubblicizzate dal broker. I trader dovrebbero valutare attentamente questi componenti per selezionare un broker che meglio si adatta alle loro esigenze e inclinazioni di scambio<\/p>\n\n\n\n<p>La commissione Forex si riferisce a una commissione addebitata da un broker forex per incoraggiare gli scambi all&#039;interno del mercato dei cambi. Potrebbe essere una pratica comune per i broker addebitare una commissione su determinati tipi di conti di scambio forex, comunemente noti come conti &quot;basati su commissione&quot; o &quot;ECN&quot; (Electronic Communication Organize).<\/p>\n\n\n\n<p>La commissione \u00e8 di norma un piccolo tasso dell&#039;intero valore del cambio o una spesa fissa per parte scambiata. La particolare struttura delle commissioni pu\u00f2 cambiare a seconda del broker e del tipo di conto. Ad esempio, un broker pu\u00f2 addebitare $5 per parte scambiata, il che significa che per ogni parte standard (che corrisponde a 100.000 unit\u00e0 di contanti base) acquistata o venduta, il rivenditore pagherebbe un costo come commissione.<\/p>\n\n\n\n<p>\u00c8 fondamentale notare che non tutti i broker forex addebitano commissioni. Alcuni broker offrono conti di scambio &quot;senza commissioni&quot;, dove traggono vantaggio dallo spread, che \u00e8 la differenza tra il costo di acquisto e quello di vendita di una combinazione monetaria.<\/p>\n\n\n\n<p>Quando si considerano le commissioni forex, \u00e8 fondamentale prendere in considerazione anche altri componenti come gli spread, i punti salienti della fase di scambio, il sostegno del cliente, la conformit\u00e0 amministrativa e, in generale, le condizioni di scambio pubblicizzate dal broker. I trader dovrebbero valutare attentamente questi componenti per selezionare un broker che meglio si adatta alle loro esigenze e inclinazioni di scambio<\/p>\n\n\n\n<p>La commissione Forex si riferisce a una commissione addebitata da un broker forex per incoraggiare gli scambi all&#039;interno del mercato dei cambi. Potrebbe essere una pratica comune per i broker addebitare una commissione su determinati tipi di conti di scambio forex, comunemente noti come conti &quot;basati su commissione&quot; o &quot;ECN&quot; (Electronic Communication Organize).<\/p>\n\n\n\n<p>La commissione \u00e8 di norma un piccolo tasso dell&#039;intero valore del cambio o una spesa fissa per parte scambiata. La particolare struttura delle commissioni pu\u00f2 cambiare a seconda del broker e del tipo di conto. Ad esempio, un broker pu\u00f2 addebitare $5 per parte scambiata, il che significa che per ogni parte standard (che corrisponde a 100.000 unit\u00e0 di contanti base) acquistata o venduta, il rivenditore pagherebbe un costo come commissione.<\/p>\n\n\n\n<p>\u00c8 fondamentale notare che non tutti i broker forex addebitano commissioni. Alcuni broker offrono conti di scambio &quot;senza commissioni&quot;, dove traggono vantaggio dallo spread, che \u00e8 la differenza tra il costo di acquisto e quello di vendita di una combinazione monetaria.<\/p>\n\n\n\n<p>Quando si considerano le commissioni forex, \u00e8 fondamentale prendere in considerazione anche altri componenti come gli spread, i punti salienti della fase di scambio, il sostegno del cliente, la conformit\u00e0 amministrativa e, in generale, le condizioni di scambio pubblicizzate dal broker. I trader dovrebbero valutare attentamente questi componenti per selezionare un broker che meglio si adatta alle loro esigenze e inclinazioni di scambio<\/p>\n\n\n\n<p>La commissione Forex si riferisce a una commissione addebitata da un broker forex per incoraggiare gli scambi all&#039;interno del mercato dei cambi. Potrebbe essere una pratica comune per i broker addebitare una commissione su determinati tipi di conti di scambio forex, comunemente noti come conti &quot;basati su commissione&quot; o &quot;ECN&quot; (Electronic Communication Organize).<\/p>\n\n\n\n<p>La commissione \u00e8 di norma un piccolo tasso dell&#039;intero valore del cambio o una spesa fissa per parte scambiata. La particolare struttura delle commissioni pu\u00f2 cambiare a seconda del broker e del tipo di conto. Ad esempio, un broker pu\u00f2 addebitare $5 per parte scambiata, il che significa che per ogni parte standard (che corrisponde a 100.000 unit\u00e0 di contanti base) acquistata o venduta, il rivenditore pagherebbe un costo come commissione.<\/p>\n\n\n\n<p>\u00c8 fondamentale notare che non tutti i broker forex addebitano commissioni. Alcuni broker offrono conti di scambio &quot;senza commissioni&quot;, dove traggono vantaggio dallo spread, che \u00e8 la differenza tra il costo di acquisto e quello di vendita di una combinazione monetaria.<\/p>\n\n\n\n<p>Quando si considerano le commissioni forex, \u00e8 fondamentale prendere in considerazione anche altri componenti come gli spread, i punti salienti della fase di scambio, il sostegno del cliente, la conformit\u00e0 amministrativa e, in generale, le condizioni di scambio pubblicizzate dal broker. I trader dovrebbero valutare attentamente questi componenti per selezionare un broker che meglio si adatta alle loro esigenze e inclinazioni di scambio<\/p>\n\n\n\n<p>La commissione Forex si riferisce a una commissione addebitata da un broker forex per incoraggiare gli scambi all&#039;interno del mercato dei cambi. Potrebbe essere una pratica comune per i broker addebitare una commissione su determinati tipi di conti di scambio forex, comunemente noti come conti &quot;basati su commissione&quot; o &quot;ECN&quot; (Electronic Communication Organize).<\/p>\n\n\n\n<p>La commissione \u00e8 di norma un piccolo tasso dell&#039;intero valore del cambio o una spesa fissa per parte scambiata. La particolare struttura delle commissioni pu\u00f2 cambiare a seconda del broker e del tipo di conto. Ad esempio, un broker pu\u00f2 addebitare $5 per parte scambiata, il che significa che per ogni parte standard (che corrisponde a 100.000 unit\u00e0 di contanti base) acquistata o venduta, il rivenditore pagherebbe un costo come commissione.<\/p>\n\n\n\n<p>\u00c8 fondamentale notare che non tutti i broker forex addebitano commissioni. Alcuni broker offrono conti di scambio &quot;senza commissioni&quot;, dove traggono vantaggio dallo spread, che \u00e8 la differenza tra il costo di acquisto e quello di vendita di una combinazione monetaria.<\/p>\n\n\n\n<p>Quando si considerano le commissioni forex, \u00e8 fondamentale prendere in considerazione anche altri componenti come gli spread, i punti salienti della fase di scambio, il sostegno del cliente, la conformit\u00e0 amministrativa e, in generale, le condizioni di scambio pubblicizzate dal broker. I trader dovrebbero valutare attentamente questi componenti per selezionare un broker che meglio si adatta alle loro esigenze e inclinazioni di scambio<\/p>\n\n\n\n<p>Commissioni di prelievo su forex.com<\/p>","protected":false},"excerpt":{"rendered":"<p>How is forex commission bonus calculated? forex commission forex commission forex commission Indices - OXShare Prime \/ Careers - OXShare Forex commission alludes to a charge charged by a forex broker for encouraging exchanges within the foreign exchange market. It may be a common hone for brokers to charge a commission on certain sorts of [&hellip;]<\/p>\n","protected":false},"author":204281813,"featured_media":6351,"parent":0,"menu_order":0,"comment_status":"closed","ping_status":"closed","template":"","meta":{"inline_featured_image":false,"footnotes":""},"class_list":["post-8831","page","type-page","status-publish","has-post-thumbnail","hentry"],"acf":[],"a3_pvc":{"activated":false,"total_views":0,"today_views":0},"_links":{"self":[{"href":"https:\/\/oxshare.com\/it\/wp-json\/wp\/v2\/pages\/8831","targetHints":{"allow":["GET"]}}],"collection":[{"href":"https:\/\/oxshare.com\/it\/wp-json\/wp\/v2\/pages"}],"about":[{"href":"https:\/\/oxshare.com\/it\/wp-json\/wp\/v2\/types\/page"}],"author":[{"embeddable":true,"href":"https:\/\/oxshare.com\/it\/wp-json\/wp\/v2\/users\/204281813"}],"replies":[{"embeddable":true,"href":"https:\/\/oxshare.com\/it\/wp-json\/wp\/v2\/comments?post=8831"}],"version-history":[{"count":2,"href":"https:\/\/oxshare.com\/it\/wp-json\/wp\/v2\/pages\/8831\/revisions"}],"predecessor-version":[{"id":9351,"href":"https:\/\/oxshare.com\/it\/wp-json\/wp\/v2\/pages\/8831\/revisions\/9351"}],"wp:featuredmedia":[{"embeddable":true,"href":"https:\/\/oxshare.com\/it\/wp-json\/wp\/v2\/media\/6351"}],"wp:attachment":[{"href":"https:\/\/oxshare.com\/it\/wp-json\/wp\/v2\/media?parent=8831"}],"curies":[{"name":"wp","href":"https:\/\/api.w.org\/{rel}","templated":true}]}}