{"id":9813,"date":"2024-04-21T10:58:05","date_gmt":"2024-04-21T07:58:05","guid":{"rendered":"https:\/\/oxshare.com\/?page_id=9813"},"modified":"2024-04-21T10:58:05","modified_gmt":"2024-04-21T07:58:05","slug":"multi-trading-account-manager-mam-master","status":"publish","type":"page","link":"https:\/\/oxshare.com\/it\/multi-trading-account-manager-mam-master","title":{"rendered":"Multi Trading Account Manager - MAM (Master)"},"content":{"rendered":"<p>migliore piattaforma di Trading Account Manager<\/p>\n\n\n\n<h1>Gestore del conto commerciale<\/h1>\n<h2>Gestore del conto commerciale<\/h2>\n<h3>Gestore del conto commerciale<\/h3>\n<h4>Gestore del conto commerciale<\/h4>\n\n\n\n<p>Esistono varie fasi di scambio accessibili per diversi mercati finanziari. Ecco alcune fasi di scambio ben note:<\/p>\n\n\n\n<p>MetaTrader: MetaTrader pu\u00f2 essere uno stadio ampiamente utilizzato per lo scambio all'interno della vetrina del commercio estero (Forex). Offre una serie completa di dispositivi e funzionalit\u00e0 per l'analisi tecnica, i grafici e lo scambio robotizzato.<\/p>\n\n\n\n<p><br>Questi sono solo un paio di casi, e ci sono numerose altre fasi di scambio accessibili, ognuna con i suoi punti di forza e il suo centro. <\/p>\n\n\n\n<p>\u00c8 fondamentale indagare e considerare variabili come le spese, la sicurezza, i mercati accessibili, il coinvolgimento dei clienti e il loro sostegno, prima di scegliere il sistema di scambio pi\u00f9 adatto alle proprie esigenze..3<\/p>\n\n\n\n<p>Un Multi-Account Manager (MAM) potrebbe essere una fase o un programma di scambio che permette a un singolo dealer o capo cassa di supervisionare numerosi conti di trading allo stesso tempo. \u00c8 comunemente utilizzato nel mercato Forex, ma pu\u00f2 essere pertinente anche ad altri mercati monetari.<\/p>\n\n\n\n<p>Ecco come funziona normalmente un MAM:<\/p>\n\n\n\n<p>Conto Asso: Il croupier o il capo cassa lavora da un conto asso. Questo conto \u00e8 associato al programma o allo stage del computer MAM.<\/p>\n\n\n\n<p>Sottoconti: Il programma informatico MAM unisce diversi sottoconti al conto ace. Questi sottoconti ospitano specialisti finanziari o clienti che hanno bisogno che i loro scambi siano supervisionati dal conto ace.<\/p>\n\n\n\n<p>Strategie di assegnazione: Il programma informatico MAM offre diversi metodi di assegnazione per diffondere gli scambi dal conto asso ai sottoconti. Le strategie pi\u00f9 comuni sono l'assegnazione del tasso, l'assegnazione della misura della parcella o l'assegnazione del valore.<\/p>\n\n\n\n<p>Esistono varie fasi di scambio accessibili per diversi mercati finanziari. Ecco alcune fasi di scambio ben note:<\/p>\n\n\n\n<p>MetaTrader: MetaTrader pu\u00f2 essere uno stadio ampiamente utilizzato per lo scambio all'interno della vetrina del commercio estero (Forex). Offre una serie completa di dispositivi e funzionalit\u00e0 per l'analisi tecnica, i grafici e lo scambio robotizzato.<\/p>\n\n\n\n<p><br>Questi sono solo un paio di casi, e ci sono numerose altre fasi di scambio accessibili, ognuna con i suoi punti di forza e il suo centro. <\/p>\n\n\n\n<h2>piattaforma commerciale<\/h2>\n<h3>piattaforma commerciale<\/h3>\n<h4>piattaforma commerciale<\/h4>\n\n\n\n<p>\u00c8 fondamentale indagare e considerare variabili come le spese, la sicurezza, i mercati accessibili, il coinvolgimento dei clienti e il loro sostegno, prima di scegliere il sistema di scambio pi\u00f9 adatto alle proprie esigenze..3<\/p>\n\n\n\n<p>Un Multi-Account Manager (MAM) potrebbe essere una fase o un programma di scambio che permette a un singolo dealer o capo cassa di supervisionare numerosi conti di trading allo stesso tempo. \u00c8 comunemente utilizzato nel mercato Forex, ma pu\u00f2 essere pertinente anche ad altri mercati monetari.<\/p>\n\n\n\n<p>Ecco come funziona normalmente un MAM:<\/p>\n\n\n\n<p>Conto Asso: Il croupier o il capo cassa lavora da un conto asso. Questo conto \u00e8 associato al programma o allo stage del computer MAM.<\/p>\n\n\n\n<p>Sottoconti: Il programma informatico MAM unisce diversi sottoconti al conto ace. Questi sottoconti ospitano specialisti finanziari o clienti che hanno bisogno che i loro scambi siano supervisionati dal conto ace.<\/p>\n\n\n\n<p>Strategie di assegnazione: Il programma informatico MAM offre diversi metodi di assegnazione per diffondere gli scambi dal conto asso ai sottoconti. Le strategie pi\u00f9 comuni sono l'assegnazione del tasso, l'assegnazione della misura della parcella o l'assegnazione del valore.<\/p>\n\n\n\n<p>Esecuzione dello scambio: Quando il conto asso esegue uno scambio, il programma MAM riproduce naturalmente lo scambio su tutti i sottoconti collegati in base alla strategia di assegnazione scelta. Lo scambio viene eseguito allo stesso costo e con gli stessi parametri su ogni sottoconto.<\/p>\n\n\n\n<p>Esistono varie fasi di scambio accessibili per diversi mercati finanziari. Ecco alcune fasi di scambio ben note:<\/p>\n\n\n\n<p>MetaTrader: MetaTrader pu\u00f2 essere uno stadio ampiamente utilizzato per lo scambio all'interno della vetrina del commercio estero (Forex). Offre una serie completa di dispositivi e funzionalit\u00e0 per l'analisi tecnica, i grafici e lo scambio robotizzato.<\/p>\n\n\n\n<p><br>Questi sono solo un paio di casi, e ci sono numerose altre fasi di scambio accessibili, ognuna con i suoi punti di forza e il suo centro. <\/p>\n\n\n\n<p>\u00c8 fondamentale indagare e considerare variabili come le spese, la sicurezza, i mercati accessibili, il coinvolgimento dei clienti e il loro sostegno, prima di scegliere il sistema di scambio pi\u00f9 adatto alle proprie esigenze..3<\/p>\n\n\n\n<p>Il gestore di un conto di trading, noto anche come gestore di fondi o di portafoglio, \u00e8 una persona o un'entit\u00e0 responsabile della gestione e della supervisione delle attivit\u00e0 di trading all'interno di un conto di trading designato. Il ruolo principale di un gestore di conti di trading \u00e8 quello di prendere decisioni di investimento ed eseguire operazioni per conto del proprietario del conto o degli investitori.<\/p>\n\n\n\n<p>Ecco alcune delle principali responsabilit\u00e0 e funzioni di un account manager di trading:<\/p>\n\n\n\n<ol class=\"wp-block-list\">\n<li>Sviluppo della strategia di investimento: Il gestore del conto formula una strategia di investimento basata sugli obiettivi, sulla tolleranza al rischio e sulle condizioni di mercato del titolare del conto. Per identificare le potenziali opportunit\u00e0 di trading, il gestore pu\u00f2 utilizzare diverse strategie, come l'analisi tecnica, l'analisi fondamentale o una combinazione di entrambe.<\/li>\n\n\n\n<li>Esecuzione delle operazioni: Il gestore del conto esegue le operazioni per conto del titolare del conto, seguendo la strategia di investimento predeterminata. Controlla i mercati, analizza i movimenti dei prezzi e piazza le operazioni di conseguenza.<\/li>\n\n\n\n<li>Gestione del rischio: I gestori del conto sono responsabili della gestione del rischio all'interno del conto di trading. Implementano tecniche di gestione del rischio, come l'impostazione di ordini di stop-loss o l'utilizzo di strategie di copertura, per mitigare le perdite potenziali e proteggere il capitale del conto.<\/li>\n\n\n\n<li>Monitoraggio delle prestazioni: I gestori del conto tengono traccia della performance del conto di trading e forniscono aggiornamenti regolari al proprietario del conto o agli investitori. Analizzano la redditivit\u00e0 del conto, i rendimenti corretti per il rischio e altre metriche di performance per valutare l'efficacia della strategia di investimento.<\/li>\n\n\n\n<li>Reporting e comunicazione: I gestori del conto generano rapporti periodici che illustrano la performance del conto, compresa la cronologia delle operazioni, i guadagni\/perdite realizzati e non realizzati e la composizione del portafoglio. Comunicano con il proprietario del conto o con gli investitori, rispondendo a qualsiasi domanda o dubbio e fornendo approfondimenti sulle condizioni di mercato e sulle decisioni di investimento.<\/li>\n\n\n\n<li>Conformit\u00e0 e regolamentazione: I gestori dei conti operano all'interno del quadro legale e normativo del settore finanziario. Nella gestione del conto di trading assicurano la conformit\u00e0 alle normative vigenti e agli standard etici.<\/li>\n<\/ol>\n\n\n\n<p>\u00c8 importante che gli investitori valutino attentamente le qualifiche, il track record e la reputazione di un gestore di conti di trading prima di affidargli i propri fondi. La due diligence deve essere condotta per valutare l'esperienza del gestore, la sua storia di performance, il suo approccio all'investimento e le sue pratiche di gestione del rischio. Gli investitori devono inoltre essere consapevoli di eventuali commissioni o strutture di compensazione associate all'impiego dei servizi di un gestore di conti di trading.<\/p>\n\n\n\n<p><\/p>\n\n\n\n<h2>piattaforma commerciale<\/h2>\n<h3>piattaforma commerciale<\/h3>\n<h4>piattaforma commerciale<\/h4>\n\n\n\n<p><a href=\"https:\/\/oxshareprime.com\/forex\/\" target=\"_blank\" rel=\"noreferrer noopener\">Forex - OXShare Prime<\/a> \/ <a href=\"https:\/\/oxshare.com\/it\/about-forex-trade\/\" target=\"_blank\" rel=\"noreferrer noopener\">OXShare (la migliore piattaforma di trading forex utilizzabile) - Chi siamo<\/a><\/p>\n\n\n\n<p>la migliore piattaforma di trading\/la migliore piattaforma di paper trading\/Qual \u00e8 la migliore piattaforma per fare trading?<\/p>\n\n\n\n<figure class=\"wp-block-image size-full\"><img loading=\"lazy\" decoding=\"async\" width=\"300\" height=\"300\" src=\"https:\/\/oxshare.com\/wp-content\/uploads\/2023\/06\/cropped-Favicon2@1000px-9-300x300-5.png\" alt=\"\" class=\"wp-image-7072\" srcset=\"https:\/\/oxshare.com\/wp-content\/uploads\/2023\/06\/cropped-Favicon2@1000px-9-300x300-5.png 300w, https:\/\/oxshare.com\/wp-content\/uploads\/2023\/06\/cropped-Favicon2@1000px-9-300x300-5-150x150.png 150w, https:\/\/oxshare.com\/wp-content\/uploads\/2023\/06\/cropped-Favicon2@1000px-9-300x300-5-12x12.png 12w\" sizes=\"auto, (max-width: 300px) 100vw, 300px\" \/><\/figure>","protected":false},"excerpt":{"rendered":"<p>best Trading Account Manager platform Trading Account Manager Trading Account Manager Trading Account Manager Trading Account Manager There are various exchanging stages accessible for different budgetary markets. Here are a few well known exchanging stages: MetaTrader: MetaTrader may be a broadly utilized stage for exchanging within the outside trade (Forex) showcase. It offers a comprehensive [&hellip;]<\/p>\n","protected":false},"author":204281813,"featured_media":6127,"parent":0,"menu_order":0,"comment_status":"closed","ping_status":"closed","template":"","meta":{"inline_featured_image":false,"footnotes":""},"class_list":["post-9813","page","type-page","status-publish","has-post-thumbnail","hentry"],"acf":[],"a3_pvc":{"activated":false,"total_views":0,"today_views":0},"_links":{"self":[{"href":"https:\/\/oxshare.com\/it\/wp-json\/wp\/v2\/pages\/9813","targetHints":{"allow":["GET"]}}],"collection":[{"href":"https:\/\/oxshare.com\/it\/wp-json\/wp\/v2\/pages"}],"about":[{"href":"https:\/\/oxshare.com\/it\/wp-json\/wp\/v2\/types\/page"}],"author":[{"embeddable":true,"href":"https:\/\/oxshare.com\/it\/wp-json\/wp\/v2\/users\/204281813"}],"replies":[{"embeddable":true,"href":"https:\/\/oxshare.com\/it\/wp-json\/wp\/v2\/comments?post=9813"}],"version-history":[{"count":1,"href":"https:\/\/oxshare.com\/it\/wp-json\/wp\/v2\/pages\/9813\/revisions"}],"predecessor-version":[{"id":9814,"href":"https:\/\/oxshare.com\/it\/wp-json\/wp\/v2\/pages\/9813\/revisions\/9814"}],"wp:featuredmedia":[{"embeddable":true,"href":"https:\/\/oxshare.com\/it\/wp-json\/wp\/v2\/media\/6127"}],"wp:attachment":[{"href":"https:\/\/oxshare.com\/it\/wp-json\/wp\/v2\/media?parent=9813"}],"curies":[{"name":"wp","href":"https:\/\/api.w.org\/{rel}","templated":true}]}}