{"id":14525,"date":"2025-11-16T12:40:15","date_gmt":"2025-11-16T10:40:15","guid":{"rendered":"https:\/\/oxshare.com\/?page_id=14525"},"modified":"2025-11-16T12:54:59","modified_gmt":"2025-11-16T10:54:59","slug":"crm-mobile-app","status":"publish","type":"page","link":"https:\/\/oxshare.com\/tr\/crm-mobile-app","title":{"rendered":"CRM Mobile App"},"content":{"rendered":"<p>\u0130\u015finiz s\u00f6z konusu oldu\u011funda masan\u0131za ba\u011fl\u0131 kalmaktan b\u0131kt\u0131n\u0131z m\u0131? <a href=\"https:\/\/www.forex.com\/en\/\" target=\"_blank\" rel=\"noopener\">T\u0130CARET<\/a>? Sizin i\u00e7in heyecan verici haberlerimiz var! Hareket halindeyken yat\u0131r\u0131m yapmak i\u00e7in nihai \u00e7\u00f6z\u00fcm olan OXShare Mobil Uygulamas\u0131 ile tan\u0131\u015f\u0131n. Bu yenilik\u00e7i uygulama ile art\u0131k istedi\u011finiz zaman, istedi\u011finiz yerde i\u015flem yapabilir ve yat\u0131r\u0131mlar\u0131n\u0131z\u0131n kontrol\u00fcn\u00fc daha \u00f6nce hi\u00e7 olmad\u0131\u011f\u0131 gibi elinize alabilirsiniz.<\/p>\n\n\n\n<h3 class=\"wp-block-heading\">Genel Bak\u0131\u015f <a href=\"https:\/\/oxshare.com\/tr\/mobile-app\/\">OXShare Mobil Uygulamas\u0131<\/a><\/h3>\n\n\n\n<p>OXShare Mobil Uygulamas\u0131, ticaret d\u00fcnyas\u0131nda oyunun kurallar\u0131n\u0131 de\u011fi\u015ftiren bir uygulamad\u0131r. Ger\u00e7ek zamanl\u0131 piyasa verilerine eri\u015fmenizi, i\u015flem yapman\u0131z\u0131 ve portf\u00f6y\u00fcn\u00fcz\u00fc do\u011frudan ak\u0131ll\u0131 telefonunuzdan veya tabletinizden y\u00f6netmenizi sa\u011flayan g\u00fc\u00e7l\u00fc bir ara\u00e7t\u0131r. Art\u0131k ofisinize hapsolmak veya hantal bir diz\u00fcst\u00fc bilgisayar ta\u015f\u0131mak zorunda de\u011filsiniz - OXShare Mobil Uygulamas\u0131 ile borsa parmaklar\u0131n\u0131z\u0131n ucunda.<\/p>\n\n\n\n<p>Bu kullan\u0131c\u0131 dostu uygulama, hareket halindeyken yat\u0131r\u0131m yapmay\u0131 sorunsuz bir deneyim haline getirmek i\u00e7in tasarlanm\u0131\u015f bir dizi \u00f6zellik sunar. Hisse senedi fiyatlar\u0131n\u0131 kolayca izleyebilir, piyasa trendlerini takip edebilir ve yat\u0131r\u0131mlar\u0131n\u0131z\u0131 etkileyebilecek \u00f6nemli haberler ve olaylar hakk\u0131nda an\u0131nda bildirim alabilirsiniz. Uygulama ayr\u0131ca kapsaml\u0131 ara\u015ft\u0131rma ara\u00e7lar\u0131 ve analizler sunarak nerede olursan\u0131z olun bilin\u00e7li yat\u0131r\u0131m kararlar\u0131 alman\u0131za olanak tan\u0131r.<\/p>\n\n\n\n<h3 class=\"wp-block-heading\">Kullanman\u0131n faydalar\u0131 <a href=\"https:\/\/oxshare.com\/tr\/mobile-app\/\" data-type=\"link\" data-id=\"https:\/\/oxshare.com\/mobile-app\">OXShare Mobil Uygulamas\u0131<\/a> ticaret i\u00e7in<\/h3>\n\n\n\n<p>OXShare Mobil Uygulamas\u0131n\u0131 kullanmak, ticaret deneyiminizde devrim yaratacak \u00e7ok say\u0131da avantajla birlikte gelir. \u0130\u015fte bunlardan sadece birka\u00e7\u0131:<\/p>\n\n\n\n<p>1.<strong>Rahatl\u0131k:<\/strong>&nbsp;\u0130stedi\u011finiz zaman, istedi\u011finiz yerde i\u015flem yapabilme olana\u011f\u0131, size piyasa f\u0131rsatlar\u0131ndan ortaya \u00e7\u0131kt\u0131k\u00e7a yararlanma \u00f6zg\u00fcrl\u00fc\u011f\u00fc ve esnekli\u011fi verir. Art\u0131k masan\u0131zdan uzakta oldu\u011funuz i\u00e7in potansiyel k\u00e2rlar\u0131 ka\u00e7\u0131rmayacaks\u0131n\u0131z.<\/p>\n\n\n\n<ol class=\"wp-block-list\" start=\"2\">\n<li><strong>Ger\u00e7ek zamanl\u0131 veri:<\/strong>&nbsp;OXShare Mobil Uygulamas\u0131 ile en g\u00fcncel piyasa verilerine eri\u015febilir, bilgi sahibi olman\u0131z\u0131 ve h\u0131zl\u0131, bilin\u00e7li kararlar alman\u0131z\u0131 sa\u011flar. Hisse senedi fiyatlar\u0131n\u0131 kolayca takip edebilir, piyasa trendlerini izleyebilir ve grafikleri ger\u00e7ek zamanl\u0131 olarak analiz edebilirsiniz.<\/li>\n\n\n\n<li><strong>Anl\u0131k bildirimler:<\/strong>&nbsp;Piyasa haberleri, kazan\u00e7 raporlar\u0131 ve yat\u0131r\u0131mlar\u0131n\u0131z\u0131 etkileyebilecek di\u011fer olaylar hakk\u0131nda an\u0131nda bildirimlerle bilgi sahibi olun. Bu, piyasa de\u011fi\u015fikliklerine an\u0131nda tepki vermenize ve yat\u0131r\u0131m stratejinizi buna g\u00f6re ayarlaman\u0131za olanak tan\u0131r.<\/li>\n\n\n\n<li><strong>G\u00fcvenli ve g\u00fcvenilir:<\/strong>&nbsp;OXShare Mobil Uygulamas\u0131, ki\u015fisel ve finansal bilgilerinizin g\u00fcvenli\u011fini sa\u011flamak i\u00e7in sa\u011flam g\u00fcvenlik \u00f6zellikleriyle olu\u015fturulmu\u015ftur. Hassas verilerinizin korundu\u011funu bilerek g\u00fcvenle i\u015flem yapabilirsiniz.<\/li>\n<\/ol>\n\n\n\n<p>Peki, ne i\u00e7in bekliyorsunuz? OXShare Mobil Uygulamas\u0131n\u0131 bug\u00fcn indirin ve hareket halindeyken i\u015flem yapmaya ba\u015flay\u0131n. Nerede olursan\u0131z olun, yat\u0131r\u0131mlar\u0131n\u0131z\u0131n kontrol\u00fcn\u00fc elinize alman\u0131n ve her yat\u0131r\u0131m f\u0131rsat\u0131n\u0131 de\u011ferlendirmenin zaman\u0131 geldi. Mutlu yat\u0131r\u0131mlar!<\/p>\n\n\n\n<h2 class=\"wp-block-heading\">OXShare ile Ba\u015flarken<\/h2>\n\n\n\n<h3 class=\"wp-block-heading\">\u0130ndirme ve y\u00fckleme <a href=\"https:\/\/oxshare.com\/tr\/mobile-app\/\" data-type=\"link\" data-id=\"https:\/\/oxshare.com\/mobile-app\">OXShare Mobil Uygulamas\u0131<\/a><\/h3>\n\n\n\n<p>Her yerde ticaret yapmak i\u00e7in en iyi mobil uygulama olan OXShare'in heyecan verici d\u00fcnyas\u0131na ho\u015f geldiniz! OXShare ile k\u00fcresel piyasalara eri\u015fme, yat\u0131r\u0131mlar\u0131n\u0131z\u0131 y\u00f6netme ve en son piyasa trendlerinden haberdar olma g\u00fcc\u00fcne sahipsiniz, hepsi avucunuzun i\u00e7inde.<\/p>\n\n\n\n<p>Ba\u015flamak i\u00e7in yapman\u0131z gereken ilk \u015fey OXShare Mobil Uygulamas\u0131n\u0131 indirmek ve y\u00fcklemektir. Ak\u0131ll\u0131 telefonunuzda App Store veya Google Play Store'a gidin, OXShare'i aray\u0131n ve indirme d\u00fc\u011fmesine bas\u0131n. \u0130ndirmesi ve y\u00fcklemesi tamamen \u00fccretsizdir, bu nedenle herhangi bir ek maliyet konusunda endi\u015felenmenize gerek yoktur.<\/p>\n\n\n\n<p>Uygulama indirildikten sonra, kurulum dosyas\u0131na t\u0131klay\u0131n ve ekrandaki talimatlar\u0131 izleyin. Sadece birka\u00e7 dakikan\u0131z\u0131 alacak ve k\u0131sa s\u00fcrede \u00e7al\u0131\u015fmaya ba\u015flayacaks\u0131n\u0131z.<\/p>\n\n\n\n<h3 class=\"wp-block-heading\">Bir hesap olu\u015fturma ve profil ayarlama<\/h3>\n\n\n\n<p>OXShare Mobil Uygulamas\u0131n\u0131 y\u00fckledi\u011finiz i\u00e7in tebrikler! \u015eimdi hesab\u0131n\u0131z\u0131 olu\u015fturma ve profilinizi ayarlama zaman\u0131. Bu, deneyiminizi ki\u015fiselle\u015ftirmenize ve uygulaman\u0131n \u00f6zelliklerinden en iyi \u015fekilde yararlanman\u0131za olanak tan\u0131yacakt\u0131r.<\/p>\n\n\n\n<p>Bir hesap olu\u015fturmak i\u00e7in OXShare Mobil Uygulamas\u0131n\u0131 a\u00e7man\u0131z ve \"Kaydol\" d\u00fc\u011fmesine t\u0131klaman\u0131z yeterlidir. E-posta adresiniz ve g\u00fcvenli bir parola da dahil olmak \u00fczere gerekli bilgileri doldurun. Hesab\u0131n\u0131z\u0131 korumak i\u00e7in benzersiz ve g\u00fc\u00e7l\u00fc bir parola se\u00e7ti\u011finizden emin olun.<\/p>\n\n\n\n<p>Hesab\u0131n\u0131z\u0131 olu\u015fturduktan sonra, profilinizi ayarlaman\u0131z istenecektir. Burada bir profil resmi ekleyebilir, kendiniz hakk\u0131nda baz\u0131 temel bilgiler verebilir ve yat\u0131r\u0131m tercihlerinizi ki\u015fiselle\u015ftirebilirsiniz. Profiliniz ne kadar eksiksiz ve do\u011fru olursa, OXShare \u00f6nerilerini ve i\u00e7g\u00f6r\u00fclerini \u00f6zel ihtiya\u00e7lar\u0131n\u0131za g\u00f6re o kadar iyi uyarlayabilir.<\/p>\n\n\n\n<p>Ve i\u015fte bu kadar! OXShare ile her yerde i\u015flem yapmaya haz\u0131rs\u0131n\u0131z. Uygulaman\u0131n \u015f\u0131k ve kullan\u0131c\u0131 dostu aray\u00fcz\u00fc, hem yeni ba\u015flayanlar\u0131n hem de deneyimli yat\u0131r\u0131mc\u0131lar\u0131n g\u00fcvenle gezinmesini ve i\u015flem yapmas\u0131n\u0131 kolayla\u015ft\u0131r\u0131r. Yani ister evde, ister i\u015fte, ister hareket halinde olun, OXShare hi\u00e7bir al\u0131m sat\u0131m f\u0131rsat\u0131n\u0131 ka\u00e7\u0131rmaman\u0131z\u0131 sa\u011flar.<\/p>\n\n\n\n<p>\u00d6yleyse ne bekliyorsunuz? OXShare Mobil Uygulamas\u0131n\u0131 \u015fimdi indirin ve ticaretinizi bir \u00fcst seviyeye ta\u015f\u0131y\u0131n!<\/p>\n\n\n\n<h2 class=\"wp-block-heading\">\u00d6zellikleri <a href=\"https:\/\/oxshare.com\/tr\/mobile-app\/\" data-type=\"link\" data-id=\"https:\/\/oxshare.com\/mobile-app\">OXShare Mobil Uygulamas\u0131<\/a><\/h2>\n\n\n\n<h3 class=\"wp-block-heading\">Ger\u00e7ek zamanl\u0131 piyasa verileri ve al\u0131m sat\u0131m kotasyonlar\u0131<\/h3>\n\n\n\n<p>Her zaman, her yerde i\u015flem yapmaya haz\u0131r m\u0131s\u0131n\u0131z? OXShare mobil uygulamas\u0131ndan ba\u015fkas\u0131na bakmay\u0131n! Ger\u00e7ek zamanl\u0131 piyasa verileri ve al\u0131m sat\u0131m kotasyonlar\u0131 \u00f6zelli\u011fi ile en son piyasa trendlerinden haberdar olabilir ve hareket halindeyken bilin\u00e7li al\u0131m sat\u0131m kararlar\u0131 verebilirsiniz. Art\u0131k masan\u0131za d\u00f6nmek i\u00e7in beklemek veya potansiyel f\u0131rsatlar\u0131 ka\u00e7\u0131rmak yok.<\/p>\n\n\n\n<p>Uygulama size hisse senetleri, endeksler, para birimleri ve emtialar hakk\u0131nda en g\u00fcncel verileri sa\u011flayarak i\u015flemlerinizi ger\u00e7ekle\u015ftirmek i\u00e7in ihtiyac\u0131n\u0131z olan t\u00fcm bilgilere sahip olman\u0131z\u0131 sa\u011flar. \u0130ster g\u00fcnl\u00fck yat\u0131r\u0131mc\u0131 ister uzun vadeli yat\u0131r\u0131mc\u0131 olun, bu \u00f6zellik piyasa hareketlerine h\u0131zl\u0131 bir \u015fekilde yan\u0131t vermenizi ve ba\u015far\u0131 \u015fans\u0131n\u0131z\u0131 en \u00fcst d\u00fczeye \u00e7\u0131karman\u0131z\u0131 sa\u011flar.<\/p>\n\n\n\n<h3 class=\"wp-block-heading\">Grafik ara\u00e7lar\u0131 ve teknik analiz se\u00e7enekleri<\/h3>\n\n\n\n<p>OXShare mobil uygulamas\u0131n\u0131n kapsaml\u0131 grafik ara\u00e7lar\u0131 ve teknik analiz se\u00e7enekleriyle yat\u0131r\u0131m\u0131n\u0131z\u0131 bir \u00fcst seviyeye ta\u015f\u0131y\u0131n. \u00c7izgi, \u00e7ubuk ve \u015famdan gibi \u00e7ok \u00e7e\u015fitli grafik t\u00fcrleriyle fiyat hareketlerini g\u00f6rselle\u015ftirebilir ve temel kal\u0131plar\u0131 ve e\u011filimleri belirleyebilirsiniz.<\/p>\n\n\n\n<p>Hareketli ortalamalar veya Bollinger Bantlar\u0131 gibi g\u00f6stergeleri \u00fcst \u00fcste bindirmek mi istiyorsunuz? Hi\u00e7 sorun de\u011fil! Uygulama, fiyat hareketlerini analiz etmenize ve daha bilin\u00e7li kararlar alman\u0131za yard\u0131mc\u0131 olacak \u00e7e\u015fitli teknik analiz ara\u00e7lar\u0131 sunar. \u0130ster deneyimli bir t\u00fcccar olun ister yeni ba\u015fl\u0131yor olun, bu \u00f6zellikler piyasa davran\u0131\u015f\u0131 hakk\u0131nda de\u011ferli bilgiler sa\u011flar ve ticaret stratejilerinizi b\u00fcy\u00fck \u00f6l\u00e7\u00fcde geli\u015ftirebilir.<\/p>\n\n\n\n<p>Ayr\u0131ca, uygulama belirli piyasa ko\u015fullar\u0131na veya fiyat seviyelerine g\u00f6re ki\u015fiselle\u015ftirilmi\u015f uyar\u0131lar ayarlaman\u0131za olanak tan\u0131r. Bu, hi\u00e7bir f\u0131rsat\u0131 ka\u00e7\u0131rmaman\u0131z\u0131 veya ani piyasa hareketlerine haz\u0131rl\u0131ks\u0131z yakalanmaman\u0131z\u0131 sa\u011flar. Sizi bilgilendiren ve harekete ge\u00e7meye haz\u0131r tutan ger\u00e7ek zamanl\u0131 bildirimlerle i\u015flemlerinizi kontrol alt\u0131nda tutun.<\/p>\n\n\n\n<p>Sonu\u00e7 olarak, OXShare mobil uygulamas\u0131 nihai ticaret arkada\u015f\u0131n\u0131zd\u0131r. Ger\u00e7ek zamanl\u0131 piyasa verileri, al\u0131m sat\u0131m kotasyonlar\u0131, grafik ara\u00e7lar\u0131 ve teknik analiz se\u00e7enekleriyle istedi\u011finiz zaman, istedi\u011finiz yerde g\u00fcvenle al\u0131m sat\u0131m yapabilirsiniz. \u0130ster profesyonel bir t\u00fcccar ister hevesli bir acemi olun, bu uygulama dinamik ticaret d\u00fcnyas\u0131nda ba\u015far\u0131l\u0131 olmak i\u00e7in ihtiyac\u0131n\u0131z olan \u00f6zelliklere sahiptir. Bu y\u00fczden beklemeyin - OXShare mobil uygulamas\u0131n\u0131 \u015fimdi indirin ve bir profesyonel gibi i\u015flem yapmaya ba\u015flay\u0131n!<\/p>\n\n\n\n<h2 class=\"wp-block-heading\">OXShare'de al\u0131m sat\u0131m<\/h2>\n\n\n\n<p>Hareket halindesiniz, her zaman ticaret yapmak ve biraz kar elde etmek i\u00e7in f\u0131rsatlar ar\u0131yorsunuz. Ba\u015fka yere bakman\u0131za gerek yok \u00e7\u00fcnk\u00fc OXShare, her yerde, her zaman i\u015flem yapman\u0131za olanak tan\u0131yan inan\u0131lmaz mobil uygulamas\u0131yla sizi koruyor. Ak\u0131ll\u0131 telefonunuzda sadece birka\u00e7 dokunu\u015fla hisse senedi al\u0131p satma \u00f6zg\u00fcrl\u00fc\u011f\u00fcn\u00fc hayal edin. Heyecan verici, de\u011fil mi? Hadi i\u00e7eri dalal\u0131m ve OXShare Mobil Uygulamas\u0131ndan en iyi \u015fekilde nas\u0131l yararlanabilece\u011finizi ke\u015ffedelim.<\/p>\n\n\n\n<h3 class=\"wp-block-heading\">OXShare Mobil Uygulamas\u0131n\u0131 kullanarak hisse senetleri nas\u0131l al\u0131n\u0131r ve sat\u0131l\u0131r<\/h3>\n\n\n\n<p>OXShare Mobil Uygulamas\u0131 ile hisse senedi almak ve satmak hi\u00e7 bu kadar kolay olmam\u0131\u015ft\u0131. \u0130\u015fte ba\u015flaman\u0131z i\u00e7in basit bir ad\u0131m ad\u0131m k\u0131lavuz:<\/p>\n\n\n\n<ol class=\"wp-block-list\">\n<li>\u0130ndirin ve y\u00fckleyin <a href=\"https:\/\/oxshare.com\/tr\/mobile-app\/\" data-type=\"link\" data-id=\"https:\/\/oxshare.com\/mobile-app\">OXShare Mobil Uygulamas\u0131<\/a> uygulama ma\u011fazan\u0131zdan.<\/li>\n\n\n\n<li>OXShare hesab\u0131n\u0131za kaydolun veya giri\u015f yap\u0131n. Hen\u00fcz bir hesab\u0131n\u0131z yoksa \u00fcz\u00fclmeyin! Do\u011frudan uygulamadan bir hesap olu\u015fturabilirsiniz.<\/li>\n\n\n\n<li>Giri\u015f yapt\u0131ktan sonra al\u0131m sat\u0131m b\u00f6l\u00fcm\u00fcne gidin. Burada al\u0131m sat\u0131m i\u00e7in \u00e7ok \u00e7e\u015fitli hisse senetleri bulacaks\u0131n\u0131z. Belirli hisse senetlerini bulmak i\u00e7in arama i\u015flevini kullan\u0131n veya ilham almak i\u00e7in farkl\u0131 kategorileri ke\u015ffedin.<\/li>\n\n\n\n<li>\u0130lgilendi\u011finiz bir hisse senedi buldu\u011funuzda, ayr\u0131nt\u0131lar\u0131n\u0131 g\u00f6r\u00fcnt\u00fclemek i\u00e7in \u00fczerine dokunun. Burada, ger\u00e7ek zamanl\u0131 piyasa verileri, ge\u00e7mi\u015f grafikler ve sipari\u015f verme se\u00e7ene\u011fi gibi temel bilgileri bulacaks\u0131n\u0131z.<\/li>\n\n\n\n<li>Bir hisse senedi almak veya satmak i\u00e7in, istedi\u011finiz miktar\u0131 ve i\u015flemi ger\u00e7ekle\u015ftirmek istedi\u011finiz fiyat\u0131 girmeniz yeterlidir. \u0130\u015flem stratejinizi \u00f6zelle\u015ftirmek i\u00e7in piyasa emirleri, limit emirleri ve stop emirleri aras\u0131ndan se\u00e7im yapabilirsiniz.<\/li>\n\n\n\n<li>Sipari\u015f ayr\u0131nt\u0131lar\u0131n\u0131z\u0131 g\u00f6zden ge\u00e7irin ve haz\u0131r oldu\u011funuzda \"G\u00f6nder\" d\u00fc\u011fmesine bas\u0131n. Tebrikler! Az \u00f6nce OXShare Mobil Uygulamas\u0131nda bir i\u015flem ger\u00e7ekle\u015ftirdiniz.<\/li>\n<\/ol>\n\n\n\n<h3 class=\"wp-block-heading\">Geli\u015fmi\u015f al\u0131m sat\u0131m se\u00e7eneklerini ve emir t\u00fcrlerini kullanma<\/h3>\n\n\n\n<p>\u0130\u015flemlerinizi bir sonraki seviyeye ta\u015f\u0131mak istiyorsan\u0131z, OXShare Mobil Uygulamas\u0131 i\u015flem deneyiminizi geli\u015ftirmek i\u00e7in bir dizi geli\u015fmi\u015f se\u00e7enek ve emir t\u00fcr\u00fc sunar. \u0130\u015fte birka\u00e7 \u00f6rnek:<\/p>\n\n\n\n<ul class=\"wp-block-list\">\n<li>Geli\u015fmi\u015f emir t\u00fcrleri: Yat\u0131r\u0131m stratejilerinizi otomatikle\u015ftirmek ve riski daha etkili bir \u015fekilde y\u00f6netmek i\u00e7in takip eden stop emirleri, braket emirleri ve bir-di\u011ferini-iptal (OCO) emirleri gibi \u00f6zelliklerden yararlan\u0131n.<\/li>\n\n\n\n<li>Ger\u00e7ek zamanl\u0131 piyasa verileri: En son piyasa trendleri ve haberleri ile g\u00fcncel kal\u0131n. OXShare Mobil Uygulamas\u0131, bilin\u00e7li al\u0131m sat\u0131m kararlar\u0131 vermenize yard\u0131mc\u0131 olmak i\u00e7in fiyat teklifleri, grafikler ve finansal haberler dahil olmak \u00fczere ger\u00e7ek zamanl\u0131 veriler sa\u011flar.<\/li>\n\n\n\n<li>\u00d6zelle\u015ftirilebilir izleme listesi: Performanslar\u0131n\u0131 yak\u0131ndan takip etmek ve \u00f6nemli olaylar meydana geldi\u011finde zaman\u0131nda bildirimler almak i\u00e7in favori hisse senetlerinizden olu\u015fan ki\u015fiselle\u015ftirilmi\u015f bir izleme listesi olu\u015fturun.<\/li>\n\n\n\n<li>Sosyal ticaret: OXShare'in sosyal ticaret \u00f6zelli\u011fi arac\u0131l\u0131\u011f\u0131yla di\u011fer yat\u0131r\u0131mc\u0131larla ba\u011flant\u0131 kurun. \u0130\u00e7g\u00f6r\u00fcleri payla\u015f\u0131n, ba\u015far\u0131l\u0131 yat\u0131r\u0131mc\u0131lar\u0131 takip edin ve hatta stratejilerinden bir \u015feyler \u00f6\u011frenmek i\u00e7in i\u015flemlerini kopyalay\u0131n.<\/li>\n<\/ul>\n\n\n\n<p>OXShare Mobil Uygulamas\u0131 ile ticaret art\u0131k masa\u00fcst\u00fcyle s\u0131n\u0131rl\u0131 de\u011fil. OXShare ile her yerde ticaret yapman\u0131n \u00f6zg\u00fcrl\u00fc\u011f\u00fcn\u00fc ve rahatl\u0131\u011f\u0131n\u0131 kucaklay\u0131n. Uygulamay\u0131 \u015fimdi indirin ve \u00f6n\u00fcn\u00fcze \u00e7\u0131kan ticaret f\u0131rsatlar\u0131n\u0131 yakalamaya haz\u0131r olun. Mutlu ticaretler!<\/p>\n\n\n\n<h2 class=\"wp-block-heading\">Portf\u00f6y\u00fcn\u00fcz\u00fc Y\u00f6netme<\/h2>\n\n\n\n<p>Her yerde ve her zaman i\u015flem yapman\u0131za olanak tan\u0131yan \u00e7\u0131\u011f\u0131r a\u00e7an mobil uygulama OXShare'i duydunuz mu? Peki, bu harika uygulama ile portf\u00f6y y\u00f6netiminizi bir \u00fcst seviyeye ta\u015f\u0131maya haz\u0131r olun!<\/p>\n\n\n\n<h3 class=\"wp-block-heading\">OXShare'de portf\u00f6y y\u00f6netim ara\u00e7lar\u0131<\/h3>\n\n\n\n<p>OXShare ile, bilin\u00e7li kararlar vermenize ve yat\u0131r\u0131mlar\u0131n\u0131z\u0131 daha etkili bir \u015fekilde izlemenize yard\u0131mc\u0131 olacak \u00e7ok \u00e7e\u015fitli portf\u00f6y y\u00f6netim ara\u00e7lar\u0131na eri\u015febileceksiniz. Uygulama, t\u00fcm varl\u0131klar\u0131n\u0131z\u0131 kolayca g\u00f6r\u00fcnt\u00fcleyebilece\u011finiz, performans\u0131 izleyebilece\u011finiz ve portf\u00f6y\u00fcn\u00fcz\u00fcn sa\u011fl\u0131\u011f\u0131n\u0131 analiz edebilece\u011finiz kullan\u0131c\u0131 dostu bir aray\u00fcz sa\u011flar.<\/p>\n\n\n\n<h3 class=\"wp-block-heading\">Yat\u0131r\u0131mlar\u0131n\u0131z\u0131n takibi ve analizi<\/h3>\n\n\n\n<p>Yat\u0131r\u0131m verilerinizi elektronik tablolara manuel olarak girdi\u011finiz veya modas\u0131 ge\u00e7mi\u015f \u00e7evrimi\u00e7i platformlara g\u00fcvendi\u011finiz g\u00fcnler geride kald\u0131. OXShare portf\u00f6y takibini yepyeni bir seviyeye ta\u015f\u0131yor. Ger\u00e7ek zamanl\u0131 g\u00fcncellemeler ve etkile\u015fimli grafikler ile yat\u0131r\u0131mlar\u0131n\u0131z\u0131n performans\u0131n\u0131 h\u0131zl\u0131 bir \u015fekilde de\u011ferlendirebilir ve hareket halindeyken ayarlamalar yapabilirsiniz.<\/p>\n\n\n\n<p>Ancak hepsi bu kadar de\u011fil. OXShare ayr\u0131ca portf\u00f6y\u00fcn\u00fcz\u00fcn risk ve performans \u00f6l\u00e7\u00fctleri hakk\u0131nda i\u00e7g\u00f6r\u00fc sa\u011flayan geli\u015fmi\u015f analitik ara\u00e7lar sunar. Yat\u0131r\u0131mlar\u0131n\u0131z\u0131 k\u0131yaslama \u00f6l\u00e7\u00fctleriyle kar\u015f\u0131la\u015ft\u0131rabilir, varl\u0131k tahsisi stratejilerini de\u011ferlendirebilir ve hatta yeni yat\u0131r\u0131m f\u0131rsatlar\u0131 ke\u015ffedebilirsiniz.<\/p>\n\n\n\n<p>\u0130ster deneyimli bir yat\u0131r\u0131mc\u0131 olun ister yeni ba\u015fl\u0131yor olun, OXShare portf\u00f6y\u00fcn\u00fcz\u00fc takip etmek i\u00e7in ihtiyac\u0131n\u0131z olan ara\u00e7lara sahiptir. Uygulaman\u0131n sezgisel aray\u00fcz\u00fc ve kapsaml\u0131 \u00f6zellikleri, yat\u0131r\u0131mlar\u0131n\u0131z\u0131 verimli bir \u015fekilde gezinmeyi ve y\u00f6netmeyi kolayla\u015ft\u0131r\u0131r.<\/p>\n\n\n\n<p>Peki, ne i\u00e7in bekliyorsunuz? OXShare'i bug\u00fcn indirin ve her yerde yat\u0131r\u0131m yapman\u0131n rahatl\u0131\u011f\u0131n\u0131 ve g\u00fcc\u00fcn\u00fc ya\u015fay\u0131n. Portf\u00f6y y\u00f6netim ara\u00e7lar\u0131 ve geli\u015fmi\u015f analiti\u011fi ile s\u00fcrekli de\u011fi\u015fen yat\u0131r\u0131m d\u00fcnyas\u0131nda ba\u015far\u0131l\u0131 olmak i\u00e7in ihtiyac\u0131n\u0131z olan avantaja sahip olacaks\u0131n\u0131z.<\/p>\n\n\n\n<figure class=\"wp-block-image size-large is-resized\"><img loading=\"lazy\" decoding=\"async\" width=\"576\" height=\"1024\" src=\"https:\/\/oxshare.com\/wp-content\/uploads\/2023\/10\/2f89997ae5ab62e1e767b429c4bb7a82-576x1024.jpg\" alt=\"OXShare Mobile App\" class=\"wp-image-8303\" style=\"aspect-ratio:0.5625;width:140px;height:auto\" srcset=\"https:\/\/oxshare.com\/wp-content\/uploads\/2023\/10\/2f89997ae5ab62e1e767b429c4bb7a82-576x1024.jpg 576w, https:\/\/oxshare.com\/wp-content\/uploads\/2023\/10\/2f89997ae5ab62e1e767b429c4bb7a82-169x300.jpg 169w, https:\/\/oxshare.com\/wp-content\/uploads\/2023\/10\/2f89997ae5ab62e1e767b429c4bb7a82-7x12.jpg 7w, https:\/\/oxshare.com\/wp-content\/uploads\/2023\/10\/2f89997ae5ab62e1e767b429c4bb7a82.jpg 675w\" sizes=\"auto, (max-width: 576px) 100vw, 576px\" \/><\/figure>\n\n\n\n<h2 class=\"wp-block-heading\">G\u00fcvenlik ve Destek<\/h2>\n\n\n\n<h3 class=\"wp-block-heading\">G\u00fcvenlik \u00f6nlemleri ve kimlik do\u011frulama \u00f6zellikleri<\/h3>\n\n\n\n<p>Merhaba, ola\u011fan\u00fcst\u00fc t\u00fcccar! \u0130\u015flem yaparken masan\u0131za ba\u011fl\u0131 kalmaktan s\u0131k\u0131ld\u0131n\u0131z m\u0131? O halde, her yerde ve her zaman al\u0131m sat\u0131m yapmak i\u00e7in nihai \u00e7\u00f6z\u00fcm olan muhte\u015fem OXShare mobil uygulamas\u0131yla al\u0131m sat\u0131m oyununuzu bir \u00fcst seviyeye ta\u015f\u0131maya haz\u0131r olun!<\/p>\n\n\n\n<p>Her \u015feyden \u00f6nce, g\u00fcvenlik hakk\u0131nda konu\u015fal\u0131m. Ticaret s\u00f6z konusu oldu\u011funda, ki\u015fisel ve finansal bilgilerinizin g\u00fcvenli\u011finin son derece \u00f6nemli oldu\u011funu biliyoruz. Bu nedenle OXShare mobil uygulamas\u0131 g\u00fcvenli\u011fi ciddiye al\u0131r ve verilerinizi g\u00fcvende tutmak i\u00e7in birinci s\u0131n\u0131f \u00f6nlemler uygular.<\/p>\n\n\n\n<p>Sa\u011flam \u015fifreleme protokollerinden \u00e7ok fakt\u00f6rl\u00fc kimlik do\u011frulamaya kadar OXShare, hesab\u0131n\u0131za yaln\u0131zca yetkili ki\u015filerin eri\u015fmesini sa\u011flar. Bu g\u00fcvenlik \u00f6nlemleri sayesinde, hassas bilgilerinizin korundu\u011funu bilerek g\u00f6n\u00fcl rahatl\u0131\u011f\u0131yla i\u015flem yapabilirsiniz.<\/p>\n\n\n\n<p>Ancak g\u00fcvenlik sadece ba\u015flang\u0131\u00e7t\u0131r. OXShare ayr\u0131ca ticaret deneyiminizi sorunsuz ve sorunsuz hale getirmek i\u00e7in kapsaml\u0131 destek sunar. \u00d6zel m\u00fc\u015fteri destek ekibi, kar\u015f\u0131la\u015fabilece\u011finiz her t\u00fcrl\u00fc soru veya sorunda size yard\u0131mc\u0131 olmak i\u00e7in g\u00fcn\u00fcn her saati hizmetinizdedir. \u0130ster bir i\u015flem hakk\u0131nda sorunuz olsun ister teknik yard\u0131ma ihtiyac\u0131n\u0131z olsun, bilgili ve g\u00fcler y\u00fczl\u00fc destek personeli sadece bir t\u0131k uza\u011f\u0131n\u0131zda.<\/p>\n\n\n\n<p>OXShare mobil uygulamas\u0131 size her zaman, her yerde i\u015flem yapma \u00f6zg\u00fcrl\u00fc\u011f\u00fc ve esnekli\u011fi sa\u011flamak i\u00e7in tasarlanm\u0131\u015ft\u0131r. Art\u0131k ofis masan\u0131z veya bilgisayar\u0131n\u0131zla s\u0131n\u0131rl\u0131 de\u011filsiniz - ak\u0131ll\u0131 telefonunuzda veya tabletinizde y\u00fckl\u00fc olan uygulama ile ister i\u015fe gidip gelirken, ister keyifli bir kahvenin tad\u0131n\u0131 \u00e7\u0131kar\u0131rken, hatta sahilde uzan\u0131rken hareket halindeyken al\u0131m sat\u0131m yapabilirsiniz.<\/p>\n\n\n\n<p>Portf\u00f6y\u00fcn\u00fcz\u00fc izleyebilmenin, i\u015flem yapabilmenin ve ortaya \u00e7\u0131kt\u0131klar\u0131 her an ve her yerde piyasa f\u0131rsatlar\u0131ndan yararlanabilmenin rahatl\u0131\u011f\u0131n\u0131 hayal edin. OXShare mobil uygulamas\u0131 ile t\u00fcm bunlar\u0131 ve daha fazlas\u0131n\u0131 yapabilirsiniz!<\/p>\n\n\n\n<p>Peki, ne i\u00e7in bekliyorsunuz? Ticaret yolculu\u011funuzun kontrol\u00fcn\u00fc elinize al\u0131n ve OXShare mobil uygulamas\u0131n\u0131 bug\u00fcn indirin. \u0130stedi\u011finiz yerde, istedi\u011finiz zaman ticaret yapman\u0131n heyecan\u0131n\u0131 ya\u015fay\u0131n ve k\u00e2r\u0131n\u0131z\u0131n y\u00fckseli\u015fini izleyin. Masan\u0131z\u0131n zincirlerinden kurtulmaya ve OXShare ile mobil ticaretin g\u00fcc\u00fcn\u00fc kucaklamaya haz\u0131r olun. Mutlu ticaretler!<\/p>","protected":false},"excerpt":{"rendered":"<p>Are you tired of being tied to your desk when it comes to trading? Well, we have some exciting news for you! Introducing the OXShare Mobile App - the ultimate solution for trading on the go. With this innovative app, you can now trade anytime, anywhere, and take control of your investments like never before. [&hellip;]<\/p>\n","protected":false},"author":204281813,"featured_media":0,"parent":0,"menu_order":0,"comment_status":"closed","ping_status":"closed","template":"","meta":{"inline_featured_image":false,"footnotes":""},"class_list":["post-14525","page","type-page","status-publish","hentry"],"acf":[],"a3_pvc":{"activated":false,"total_views":0,"today_views":0},"_links":{"self":[{"href":"https:\/\/oxshare.com\/tr\/wp-json\/wp\/v2\/pages\/14525","targetHints":{"allow":["GET"]}}],"collection":[{"href":"https:\/\/oxshare.com\/tr\/wp-json\/wp\/v2\/pages"}],"about":[{"href":"https:\/\/oxshare.com\/tr\/wp-json\/wp\/v2\/types\/page"}],"author":[{"embeddable":true,"href":"https:\/\/oxshare.com\/tr\/wp-json\/wp\/v2\/users\/204281813"}],"replies":[{"embeddable":true,"href":"https:\/\/oxshare.com\/tr\/wp-json\/wp\/v2\/comments?post=14525"}],"version-history":[{"count":2,"href":"https:\/\/oxshare.com\/tr\/wp-json\/wp\/v2\/pages\/14525\/revisions"}],"predecessor-version":[{"id":14527,"href":"https:\/\/oxshare.com\/tr\/wp-json\/wp\/v2\/pages\/14525\/revisions\/14527"}],"wp:attachment":[{"href":"https:\/\/oxshare.com\/tr\/wp-json\/wp\/v2\/media?parent=14525"}],"curies":[{"name":"wp","href":"https:\/\/api.w.org\/{rel}","templated":true}]}}