{"id":342,"date":"2021-06-02T20:44:49","date_gmt":"2021-06-02T17:44:49","guid":{"rendered":"https:\/\/oxshare.com\/?page_id=342"},"modified":"2023-06-21T10:34:19","modified_gmt":"2023-06-21T07:34:19","slug":"careers","status":"publish","type":"page","link":"https:\/\/oxshare.com\/tr\/careers","title":{"rendered":"kariyer"},"content":{"rendered":"<p>OXShare&#039;de kariyer ve i\u015f teklifleri<\/p>\n\n\n\n<p><\/p>\n\n\n\n<h1>kariyer<\/h1>\n<h2>kariyer<\/h2>\n<h3>kariyer<\/h3>\n\n\n\n<p>list of careers a-z\/ google careers remote\/block stats<\/p>\n\n\n\n<p><a href=\"https:\/\/oxshareprime.com\/\" target=\"_blank\" rel=\"noreferrer noopener\">Home - OXShare Prime<\/a><\/p>\n\n\n\n<p><a href=\"https:\/\/oxshare.com\/tr\/\" target=\"_blank\" rel=\"noreferrer noopener\">Home-forex ticareti - OXShare - Gelece\u011finize Giden K\u00f6pr\u00fc - Forex Ticareti<\/a><\/p>\n\n\n\n<p><\/p>\n\n\n\n<p><a href=\"https:\/\/oxshareprime.com\/forex\/\" target=\"_blank\" rel=\"noopener\">kariyer<\/a><\/p>","protected":false},"excerpt":{"rendered":"<p>OXShare&#039;de kariyer ve i\u015f teklifleri kariyer kariyer kariyer kariyer listesi az\/ google kariyer uzak\/blok istatistikleri Ana Sayfa - OXShare Prime Home-forex ticareti - OXShare - Gelece\u011finize Giden K\u00f6pr\u00fc - Forex Ticareti kariyerleri<\/p>","protected":false},"author":204281811,"featured_media":6450,"parent":0,"menu_order":0,"comment_status":"closed","ping_status":"closed","template":"","meta":{"inline_featured_image":false,"footnotes":""},"class_list":["post-342","page","type-page","status-publish","has-post-thumbnail","hentry"],"acf":[],"a3_pvc":{"activated":false,"total_views":0,"today_views":0},"_links":{"self":[{"href":"https:\/\/oxshare.com\/tr\/wp-json\/wp\/v2\/pages\/342","targetHints":{"allow":["GET"]}}],"collection":[{"href":"https:\/\/oxshare.com\/tr\/wp-json\/wp\/v2\/pages"}],"about":[{"href":"https:\/\/oxshare.com\/tr\/wp-json\/wp\/v2\/types\/page"}],"author":[{"embeddable":true,"href":"https:\/\/oxshare.com\/tr\/wp-json\/wp\/v2\/users\/204281811"}],"replies":[{"embeddable":true,"href":"https:\/\/oxshare.com\/tr\/wp-json\/wp\/v2\/comments?post=342"}],"version-history":[{"count":0,"href":"https:\/\/oxshare.com\/tr\/wp-json\/wp\/v2\/pages\/342\/revisions"}],"wp:featuredmedia":[{"embeddable":true,"href":"https:\/\/oxshare.com\/tr\/wp-json\/wp\/v2\/media\/6450"}],"wp:attachment":[{"href":"https:\/\/oxshare.com\/tr\/wp-json\/wp\/v2\/media?parent=342"}],"curies":[{"name":"wp","href":"https:\/\/api.w.org\/{rel}","templated":true}]}}