{"id":380,"date":"2021-06-10T23:34:19","date_gmt":"2021-06-10T20:34:19","guid":{"rendered":"https:\/\/oxshare.com\/?page_id=380"},"modified":"2024-01-29T16:50:07","modified_gmt":"2024-01-29T14:50:07","slug":"classic-account","status":"publish","type":"page","link":"https:\/\/oxshare.com\/tr\/classic-account","title":{"rendered":"Klasik Hesap"},"content":{"rendered":"<p>forex ticaretine ba\u015fla<\/p>\n\n\n\n<h1>forex ticaretine ba\u015fla<\/h1>\n<h2>forex ticaretine ba\u015fla<\/h2>\n<h3>forex ticaretine ba\u015fla<\/h3>\n\n\n\n<p><a href=\"https:\/\/oxshareprime.com\/forex\/\" target=\"_blank\" rel=\"noreferrer noopener\">Forex - OXShare Prime<\/a> forex ticaretine ba\u015flamak i\u00e7in ne kadar paraya ihtiyac\u0131n\u0131z var\/ forex ticaretine ba\u015flamak i\u00e7in ne kadar paraya ihtiyac\u0131n\u0131z var\/ forex ticaretine nas\u0131l ba\u015flars\u0131n\u0131z <\/p>\n\n\n\n<p>Forex borsas\u0131na ba\u015flamak enerji verici bir yolculuk olabilir, ancak buna do\u011fru bilgi ve zihniyetle yakla\u015fmak zorunludur. \u0130\u015fte ba\u015flaman\u0131za yard\u0131mc\u0131 olacak birka\u00e7 ad\u0131m:<\/p>\n\n\n\n<p>Kendinizi E\u011fitin: Forex de\u011fi\u015fimi, d\u00fcnya \u00e7ap\u0131ndaki uzaktan ticaret reklam\u0131nda parasal standartlar\u0131n sat\u0131n al\u0131nmas\u0131n\u0131 ve sunulmas\u0131n\u0131 i\u00e7erir. Reklam\u0131n nas\u0131l \u00e7al\u0131\u015ft\u0131\u011f\u0131n\u0131, farkl\u0131 ticaret metodolojilerini, tehlike y\u00f6netimini ve \u00f6zel ara\u015ft\u0131rmay\u0131 sayarak forex de\u011fi\u015fiminin temellerini ezberlemek i\u00e7in zaman ay\u0131r\u0131n.<\/p>\n\n\n\n<p>Net Hedefler Belirleyin: Forex ticareti yoluyla neye ula\u015fman\u0131z gerekti\u011fine karar verin. Hedef fayda oran\u0131 veya ayda belirli say\u0131da pip gibi makul ve belirli hedefler belirleyin. Bu, merkezde kalman\u0131za ve ilerlemenizi derecelendirmenize yard\u0131mc\u0131 olacakt\u0131r.<\/p>\n\n\n\n<p>Sa\u011flam Bir Komisyoncu Se\u00e7in: G\u00fcvenilir bir forex brokeri se\u00e7mek \u00f6nemlidir. Me\u015fru b\u00fct\u00e7e uzmanlar\u0131 taraf\u0131ndan kontrol edilen ve kullan\u0131c\u0131 dostu bir de\u011fi\u015fim a\u015famas\u0131, rekabet\u00e7i spreadler, g\u00fcvenilir uygulama ve m\u00fckemmel m\u00fc\u015fteri deste\u011fi sunan brokerleri aray\u0131n.<\/p>\n\n\n\n<p>Bir De\u011fi\u015fim Hesab\u0131 A\u00e7\u0131n: Bir komisyoncu se\u00e7tikten sonra, bir de\u011fi\u015fim hesab\u0131 a\u00e7man\u0131z gerekecektir. Gerekli belgeleri verin, hesap ba\u015fvurusunu tamamlay\u0131n ve hesab\u0131n\u0131z\u0131 rahat\u00e7a kumar oynayabilece\u011finiz bir miktarla finanse edin.<\/p>\n\n\n\n<p>Bir Demo Hesab\u0131 ile Bileyin: \u00c7o\u011fu broker, sanal nakit kullanarak al\u0131\u015fveri\u015f yapman\u0131za izin veren demo hesaplar\u0131 sunar. De\u011fi\u015fim a\u015famas\u0131na a\u015fina olmak, \u00e7e\u015fitli metodolojileri test etmek ve ger\u00e7ek rezervleri riske atmadan uygulanabilir kat\u0131l\u0131m\u0131 almak i\u00e7in bu f\u0131rsat\u0131 kullan\u0131n. forex ticaretine ba\u015flay\u0131n<\/p>\n\n\n\n<p>Bir De\u011fi\u015fim D\u00fczenlemesi Olu\u015fturun: Bir de\u011fi\u015fim d\u00fczenlemesi, prosed\u00fcr\u00fcn\u00fcz\u00fc, say\u0131m ge\u00e7i\u015f ve \u00e7\u0131k\u0131\u015f kurallar\u0131n\u0131, \u015fans y\u00f6netimi kurallar\u0131n\u0131 ve kullanaca\u011f\u0131n\u0131z analiz t\u00fcrlerini \u015femalar. \u0130yi tan\u0131mlanm\u0131\u015f bir d\u00fczenlemeye sahip olmak, \u00f6\u011fretilmeye devam etti\u011finiz bir fark yarat\u0131r ve seviyeli se\u00e7imler olu\u015fturmay\u0131 daha az talepkar hale getirir. forex ticaretine ba\u015flay\u0131n<\/p>\n\n\n\n<p>K\u00fc\u00e7\u00fck Ba\u015flay\u0131n: K\u00fc\u00e7\u00fck de\u011fi\u015fim boyutlar\u0131yla ba\u015flay\u0131n ve kar\u015f\u0131la\u015fma ve kesinlik kazand\u0131k\u00e7a bunlar\u0131 yava\u015f\u00e7a art\u0131r\u0131n. Kaybetmeye katlanabilece\u011finizden daha fazlas\u0131n\u0131 tehlikeye atmay\u0131n. Tehlikenizi uygulanabilir bir \u015fekilde denetlemek ve uygun pozisyon \u00f6l\u00e7\u00fcm prosed\u00fcrlerini kullanmak esast\u0131r. forex ticaretine ba\u015flay\u0131n<\/p>\n\n\n\n<p>Piyasalar\u0131 G\u00f6zden Ge\u00e7irin: Nakit maliyetlerini etkileyebilecek d\u00fcnya \u00e7ap\u0131ndaki finansal haberler, parasal i\u015faret\u00e7iler ve vitrin modellerinde elden ge\u00e7irilmeye devam edin. Potansiyel de\u011fi\u015fim kurulumlar\u0131n\u0131 tan\u0131mak ve de\u011fi\u015fim tekniklerinizi geli\u015ftirmek i\u00e7in \u00f6zel ara\u015ft\u0131rma ara\u00e7lar\u0131n\u0131 kullan\u0131n. forex ticaretine ba\u015flay\u0131n<\/p>\n\n\n\n<p>Bir De\u011fi\u015fim G\u00fcnl\u00fc\u011f\u00fc Tutun: Her bir de\u011fi\u015fimin arkas\u0131ndaki nedenleri, b\u00f6l\u00fcm ve \u00e7\u0131k\u0131\u015f odaklar\u0131n\u0131z\u0131 ve sonucu sayarak de\u011fi\u015fimlerinizi kaydedin. De\u011fi\u015fim g\u00fcnl\u00fc\u011f\u00fcn\u00fcz\u00fc analiz etmek, uygulaman\u0131z, nitelikleriniz ve de\u011fi\u015fim aral\u0131klar\u0131n\u0131z hakk\u0131nda karl\u0131 deneyimler sa\u011flayabilir.<\/p>\n\n\n\n<p>Durmadan \u00d6\u011frenin ve Ayarlay\u0131n: Forex de\u011fi\u015fimi kal\u0131c\u0131 bir \u00f6\u011frenme kolu olabilir. Merakl\u0131 kal\u0131n, \u00f6\u011fretici varl\u0131klar aray\u0131n, web seminerlerine veya at\u00f6lyelere gidin ve deneyimli bayilerden \u00f6\u011frenin. Prosed\u00fcrlerinizi reklam ko\u015fullar\u0131na ve talep al\u0131\u015fveri\u015fi kar\u015f\u0131la\u015fmalar\u0131n\u0131za g\u00f6re ayarlay\u0131n. forex ticaretine ba\u015flay\u0131n<\/p>\n\n\n\n<p>Unutmay\u0131n, forex de\u011fi\u015fimi \u015fans i\u00e7erir ve hi\u00e7bir fayda garantisi yoktur. Buna \u00f6l\u00e7\u00fcl\u00fc bir zihniyet, me\u015fru \u015fans y\u00f6netimi ve hem zaferlerden hem de hayal k\u0131r\u0131kl\u0131klar\u0131ndan ezberlemeye haz\u0131r olma ile yakla\u015fmak \u00e7ok \u00f6nemlidir. forex ticaretine ba\u015flay\u0131n<\/p>\n\n\n\n<p>Forex al\u0131\u015fveri\u015fine ba\u015flamak enerji verici bir yolculuk olabilir, ancak buna do\u011fru bilgi ve zihniyetle yakla\u015fmak zorunludur. \u0130\u015fte ba\u015flaman\u0131za yard\u0131mc\u0131 olacak birka\u00e7 ad\u0131m: forex ticaretine ba\u015flay\u0131n<\/p>\n\n\n\n<p>Kendinizi E\u011fitin: Forex de\u011fi\u015fimi, d\u00fcnya \u00e7ap\u0131ndaki uzaktan ticaret reklam\u0131nda parasal standartlar\u0131n sat\u0131n al\u0131nmas\u0131n\u0131 ve sunulmas\u0131n\u0131 i\u00e7erir. Reklam\u0131n nas\u0131l \u00e7al\u0131\u015ft\u0131\u011f\u0131n\u0131, farkl\u0131 ticaret metodolojilerini, tehlike y\u00f6netimini ve \u00f6zel ara\u015ft\u0131rmay\u0131 sayarak forex de\u011fi\u015fiminin temellerini ezberlemek i\u00e7in zaman ay\u0131r\u0131n. forex ticaretine ba\u015flay\u0131n<\/p>\n\n\n\n<p>Net Hedefler Belirleyin: Forex ticareti yoluyla neye ula\u015fman\u0131z gerekti\u011fine karar verin. Hedef fayda oran\u0131 veya ayda belirli say\u0131da pip gibi makul ve belirli hedefler belirleyin. Bu, merkezde kalman\u0131za ve ilerlemenizi derecelendirmenize yard\u0131mc\u0131 olacakt\u0131r.<\/p>\n\n\n\n<p>Sa\u011flam Bir Komisyoncu Se\u00e7in: G\u00fcvenilir bir forex brokeri se\u00e7mek \u00f6nemlidir. Me\u015fru b\u00fct\u00e7e uzmanlar\u0131 taraf\u0131ndan kontrol edilen ve kullan\u0131c\u0131 dostu bir de\u011fi\u015fim a\u015famas\u0131, rekabet\u00e7i spreadler, g\u00fcvenilir uygulama ve m\u00fckemmel m\u00fc\u015fteri deste\u011fi sunan brokerleri aray\u0131n.<\/p>\n\n\n\n<p>Bir De\u011fi\u015fim Hesab\u0131 A\u00e7\u0131n: Bir komisyoncu se\u00e7tikten sonra, bir de\u011fi\u015fim hesab\u0131 a\u00e7man\u0131z gerekecektir. Gerekli belgeleri verin, hesap ba\u015fvurusunu tamamlay\u0131n ve hesab\u0131n\u0131z\u0131 rahat\u00e7a kumar oynayabilece\u011finiz bir miktarla finanse edin.<\/p>\n\n\n\n<p>Bir Demo Hesab\u0131 ile Bileyin: \u00c7o\u011fu broker, sanal nakit kullanarak de\u011fi\u015fim yapman\u0131za izin veren demo hesaplar sunar. De\u011fi\u015fim a\u015famas\u0131na a\u015fina olmak, \u00e7e\u015fitli metodolojileri test etmek ve ger\u00e7ek rezervleri riske atmadan uygulanabilir kat\u0131l\u0131m\u0131 almak i\u00e7in bu f\u0131rsat\u0131 kullan\u0131n.<\/p>\n\n\n\n<p>Bir De\u011fi\u015fim D\u00fczenlemesi Olu\u015fturun: Bir takas d\u00fczenlemesi, prosed\u00fcr\u00fcn\u00fcz\u00fc, ge\u00e7i\u015f ve \u00e7\u0131k\u0131\u015f kurallar\u0131n\u0131, \u015fans y\u00f6netimi kurallar\u0131n\u0131 ve kullanaca\u011f\u0131n\u0131z analiz t\u00fcrlerini sayarak \u015femalar. \u0130yi tan\u0131mlanm\u0131\u015f bir d\u00fczenlemeye sahip olmak, \u00f6\u011fretilmi\u015f kalman\u0131zda bir fark yarat\u0131r ve seviyeli se\u00e7imler olu\u015fturmay\u0131 daha az talepkar hale getirir.<\/p>\n\n\n\n<p>K\u00fc\u00e7\u00fck Ba\u015flay\u0131n: K\u00fc\u00e7\u00fck de\u011fi\u015fim boyutlar\u0131yla ba\u015flay\u0131n ve kar\u015f\u0131la\u015fma ve kesinlik kazand\u0131k\u00e7a bunlar\u0131 yava\u015f\u00e7a art\u0131r\u0131n. Kaybetmeye katlanabilece\u011finizden daha fazlas\u0131n\u0131 tehlikeye atmay\u0131n. Tehlikenizi uygun bir \u015fekilde denetlemek ve uygun pozisyon \u00f6l\u00e7\u00fcm prosed\u00fcrlerini kullanmak esast\u0131r.<\/p>\n\n\n\n<p>Piyasalar\u0131 G\u00f6zden Ge\u00e7irin: Nakit maliyetlerini etkileyebilecek d\u00fcnya \u00e7ap\u0131ndaki finansal haberler, parasal g\u00f6stergeler ve vitrin modelleri hakk\u0131nda bilgi sahibi olun. Potansiyel de\u011fi\u015fim kurulumlar\u0131n\u0131 tan\u0131mak ve de\u011fi\u015fim tekniklerinizi geli\u015ftirmek i\u00e7in \u00f6zel ara\u015ft\u0131rma ara\u00e7lar\u0131n\u0131 kullan\u0131n.<\/p>\n\n\n\n<p>Bir De\u011fi\u015fim G\u00fcnl\u00fc\u011f\u00fc Tutun: Her bir de\u011fi\u015fimin arkas\u0131ndaki nedenleri, b\u00f6l\u00fcm ve \u00e7\u0131k\u0131\u015f odaklar\u0131n\u0131z\u0131 ve sonucu sayarak de\u011fi\u015fimlerinizi kaydedin. De\u011fi\u015fim g\u00fcnl\u00fc\u011f\u00fcn\u00fcz\u00fc analiz etmek, uygulaman\u0131z, nitelikleriniz ve de\u011fi\u015fim aral\u0131klar\u0131n\u0131z hakk\u0131nda karl\u0131 deneyimler sa\u011flayabilir.<\/p>\n\n\n\n<p>Durmadan \u00d6\u011frenin ve Ayarlay\u0131n: Forex de\u011fi\u015fimi kal\u0131c\u0131 bir \u00f6\u011frenme kolu olabilir. Merakl\u0131 kal\u0131n, \u00f6\u011fretici varl\u0131klar aray\u0131n, web seminerlerine veya at\u00f6lyelere gidin ve deneyimli bayilerden \u00f6\u011frenin. Prosed\u00fcrlerinizi reklam ko\u015fullar\u0131na ve talep al\u0131\u015fveri\u015fi kar\u015f\u0131la\u015fmalar\u0131n\u0131za g\u00f6re ayarlay\u0131n.<\/p>\n\n\n\n<p>Unutmay\u0131n, forex borsas\u0131 \u015fans i\u00e7erir ve hi\u00e7bir fayda garantisi yoktur. Buna \u00f6l\u00e7\u00fcl\u00fc bir zihniyet, me\u015fru \u015fans y\u00f6netimi ve hem zaferlerden hem de hayal k\u0131r\u0131kl\u0131klar\u0131ndan ezberlemeye haz\u0131r olma ile yakla\u015fmak \u00e7ok \u00f6nemlidir.<\/p>\n\n\n\n<p>Forex borsas\u0131na ba\u015flamak enerji verici bir yolculuk olabilir, ancak buna do\u011fru bilgi ve zihniyetle yakla\u015fmak zorunludur. \u0130\u015fte ba\u015flaman\u0131za yard\u0131mc\u0131 olacak birka\u00e7 ad\u0131m:<\/p>\n\n\n\n<p>Kendinizi E\u011fitin: Forex de\u011fi\u015fimi, d\u00fcnya \u00e7ap\u0131ndaki uzaktan ticaret reklam\u0131nda parasal standartlar\u0131n sat\u0131n al\u0131nmas\u0131n\u0131 ve sunulmas\u0131n\u0131 i\u00e7erir. Reklam\u0131n nas\u0131l \u00e7al\u0131\u015ft\u0131\u011f\u0131n\u0131, farkl\u0131 ticaret metodolojilerini, tehlike y\u00f6netimini ve \u00f6zel ara\u015ft\u0131rmay\u0131 sayarak forex de\u011fi\u015fiminin temellerini ezberlemek i\u00e7in zaman ay\u0131r\u0131n.<\/p>\n\n\n\n<p>Net Hedefler Belirleyin: Forex ticareti yoluyla neye ula\u015fman\u0131z gerekti\u011fine karar verin. Hedef fayda oran\u0131 veya ayda belirli say\u0131da pip gibi makul ve belirli hedefler belirleyin. Bu, merkezde kalman\u0131za ve ilerlemenizi derecelendirmenize yard\u0131mc\u0131 olacakt\u0131r.<\/p>\n\n\n\n<p>Sa\u011flam Bir Komisyoncu Se\u00e7in: G\u00fcvenilir bir forex brokeri se\u00e7mek \u00f6nemlidir. Me\u015fru b\u00fct\u00e7e uzmanlar\u0131 taraf\u0131ndan kontrol edilen ve kullan\u0131c\u0131 dostu bir de\u011fi\u015fim a\u015famas\u0131, rekabet\u00e7i spreadler, g\u00fcvenilir uygulama ve m\u00fckemmel m\u00fc\u015fteri deste\u011fi sunan brokerleri aray\u0131n.<\/p>\n\n\n\n<p>Bir De\u011fi\u015fim Hesab\u0131 A\u00e7\u0131n: Bir komisyoncu se\u00e7tikten sonra, bir de\u011fi\u015fim hesab\u0131 a\u00e7man\u0131z gerekecektir. Gerekli belgeleri verin, hesap ba\u015fvurusunu tamamlay\u0131n ve hesab\u0131n\u0131z\u0131 rahat\u00e7a kumar oynayabilece\u011finiz bir miktarla finanse edin.<\/p>\n\n\n\n<p>Bir Demo Hesab\u0131 ile Bileyin: \u00c7o\u011fu broker, sanal nakit kullanarak de\u011fi\u015fim yapman\u0131za izin veren demo hesaplar sunar. De\u011fi\u015fim a\u015famas\u0131na a\u015fina olmak, \u00e7e\u015fitli metodolojileri test etmek ve ger\u00e7ek rezervleri riske atmadan uygulanabilir kat\u0131l\u0131m\u0131 almak i\u00e7in bu f\u0131rsat\u0131 kullan\u0131n.<\/p>\n\n\n\n<p>Bir De\u011fi\u015fim D\u00fczenlemesi Olu\u015fturun: Bir takas d\u00fczenlemesi, prosed\u00fcr\u00fcn\u00fcz\u00fc, ge\u00e7i\u015f ve \u00e7\u0131k\u0131\u015f kurallar\u0131n\u0131, \u015fans y\u00f6netimi kurallar\u0131n\u0131 ve kullanaca\u011f\u0131n\u0131z analiz t\u00fcrlerini sayarak \u015femalar. \u0130yi tan\u0131mlanm\u0131\u015f bir d\u00fczenlemeye sahip olmak, \u00f6\u011fretilmi\u015f kalman\u0131zda bir fark yarat\u0131r ve seviyeli se\u00e7imler olu\u015fturmay\u0131 daha az talepkar hale getirir.<\/p>\n\n\n\n<p>K\u00fc\u00e7\u00fck Ba\u015flay\u0131n: K\u00fc\u00e7\u00fck de\u011fi\u015fim boyutlar\u0131yla ba\u015flay\u0131n ve kar\u015f\u0131la\u015fma ve kesinlik kazand\u0131k\u00e7a bunlar\u0131 yava\u015f\u00e7a art\u0131r\u0131n. Kaybetmeye katlanabilece\u011finizden daha fazlas\u0131n\u0131 tehlikeye atmay\u0131n. Tehlikenizi uygun bir \u015fekilde denetlemek ve uygun pozisyon \u00f6l\u00e7\u00fcm prosed\u00fcrlerini kullanmak esast\u0131r.<\/p>\n\n\n\n<p>Piyasalar\u0131 G\u00f6zden Ge\u00e7irin: Nakit maliyetlerini etkileyebilecek d\u00fcnya \u00e7ap\u0131ndaki finansal haberler, parasal g\u00f6stergeler ve vitrin modelleri hakk\u0131nda bilgi sahibi olun. Potansiyel de\u011fi\u015fim kurulumlar\u0131n\u0131 tan\u0131mak ve de\u011fi\u015fim tekniklerinizi geli\u015ftirmek i\u00e7in \u00f6zel ara\u015ft\u0131rma ara\u00e7lar\u0131n\u0131 kullan\u0131n.<\/p>\n\n\n\n<p>Bir De\u011fi\u015fim G\u00fcnl\u00fc\u011f\u00fc Tutun: Her bir de\u011fi\u015fimin arkas\u0131ndaki nedenleri, b\u00f6l\u00fcm ve \u00e7\u0131k\u0131\u015f odaklar\u0131n\u0131z\u0131 ve sonucu sayarak de\u011fi\u015fimlerinizi kaydedin. De\u011fi\u015fim g\u00fcnl\u00fc\u011f\u00fcn\u00fcz\u00fc analiz etmek, uygulaman\u0131z, nitelikleriniz ve de\u011fi\u015fim aral\u0131klar\u0131n\u0131z hakk\u0131nda karl\u0131 deneyimler sa\u011flayabilir.<\/p>\n\n\n\n<p>Durmadan \u00d6\u011frenin ve Ayarlay\u0131n: Forex de\u011fi\u015fimi kal\u0131c\u0131 bir \u00f6\u011frenme kolu olabilir. Merakl\u0131 kal\u0131n, \u00f6\u011fretici varl\u0131klar aray\u0131n, web seminerlerine veya at\u00f6lyelere gidin ve deneyimli bayilerden \u00f6\u011frenin. Prosed\u00fcrlerinizi reklam ko\u015fullar\u0131na ve talep al\u0131\u015fveri\u015fi kar\u015f\u0131la\u015fmalar\u0131n\u0131za g\u00f6re ayarlay\u0131n.<\/p>\n\n\n\n<p>Unutmay\u0131n, forex borsas\u0131 \u015fans i\u00e7erir ve hi\u00e7bir fayda garantisi yoktur. Buna \u00f6l\u00e7\u00fcl\u00fc bir zihniyet, me\u015fru \u015fans y\u00f6netimi ve hem zaferlerden hem de hayal k\u0131r\u0131kl\u0131klar\u0131ndan ezberlemeye haz\u0131r olma ile yakla\u015fmak \u00e7ok \u00f6nemlidir.<\/p>\n\n\n\n<p>Forex borsas\u0131na ba\u015flamak enerji verici bir yolculuk olabilir, ancak buna do\u011fru bilgi ve zihniyetle yakla\u015fmak zorunludur. \u0130\u015fte ba\u015flaman\u0131za yard\u0131mc\u0131 olacak birka\u00e7 ad\u0131m:<\/p>\n\n\n\n<p>Kendinizi E\u011fitin: Forex de\u011fi\u015fimi, d\u00fcnya \u00e7ap\u0131ndaki uzaktan ticaret reklam\u0131nda parasal standartlar\u0131n sat\u0131n al\u0131nmas\u0131n\u0131 ve sunulmas\u0131n\u0131 i\u00e7erir. Reklam\u0131n nas\u0131l \u00e7al\u0131\u015ft\u0131\u011f\u0131n\u0131, farkl\u0131 ticaret metodolojilerini, tehlike y\u00f6netimini ve \u00f6zel ara\u015ft\u0131rmay\u0131 sayarak forex de\u011fi\u015fiminin temellerini ezberlemek i\u00e7in zaman ay\u0131r\u0131n.<\/p>\n\n\n\n<p>Net Hedefler Belirleyin: Forex ticareti yoluyla neye ula\u015fman\u0131z gerekti\u011fine karar verin. Hedef fayda oran\u0131 veya ayda belirli say\u0131da pip gibi makul ve belirli hedefler belirleyin. Bu, merkezde kalman\u0131za ve ilerlemenizi derecelendirmenize yard\u0131mc\u0131 olacakt\u0131r.<\/p>\n\n\n\n<p>Sa\u011flam Bir Komisyoncu Se\u00e7in: G\u00fcvenilir bir forex brokeri se\u00e7mek \u00f6nemlidir. Me\u015fru b\u00fct\u00e7e uzmanlar\u0131 taraf\u0131ndan kontrol edilen ve kullan\u0131c\u0131 dostu bir de\u011fi\u015fim a\u015famas\u0131, rekabet\u00e7i spreadler, g\u00fcvenilir uygulama ve m\u00fckemmel m\u00fc\u015fteri deste\u011fi sunan brokerleri aray\u0131n.<\/p>\n\n\n\n<p>Bir De\u011fi\u015fim Hesab\u0131 A\u00e7\u0131n: Bir komisyoncu se\u00e7tikten sonra, bir de\u011fi\u015fim hesab\u0131 a\u00e7man\u0131z gerekecektir. Gerekli belgeleri verin, hesap ba\u015fvurusunu tamamlay\u0131n ve hesab\u0131n\u0131z\u0131 rahat\u00e7a kumar oynayabilece\u011finiz bir miktarla finanse edin.<\/p>\n\n\n\n<p>Bir Demo Hesab\u0131 ile Bileyin: \u00c7o\u011fu broker, sanal nakit kullanarak de\u011fi\u015fim yapman\u0131za izin veren demo hesaplar sunar. De\u011fi\u015fim a\u015famas\u0131na a\u015fina olmak, \u00e7e\u015fitli metodolojileri test etmek ve ger\u00e7ek rezervleri riske atmadan uygulanabilir kat\u0131l\u0131m\u0131 almak i\u00e7in bu f\u0131rsat\u0131 kullan\u0131n.<\/p>\n\n\n\n<p>Bir De\u011fi\u015fim D\u00fczenlemesi Olu\u015fturun: Bir takas d\u00fczenlemesi, prosed\u00fcr\u00fcn\u00fcz\u00fc, ge\u00e7i\u015f ve \u00e7\u0131k\u0131\u015f kurallar\u0131n\u0131, \u015fans y\u00f6netimi kurallar\u0131n\u0131 ve kullanaca\u011f\u0131n\u0131z analiz t\u00fcrlerini sayarak \u015femalar. \u0130yi tan\u0131mlanm\u0131\u015f bir d\u00fczenlemeye sahip olmak, \u00f6\u011fretilmi\u015f kalman\u0131zda bir fark yarat\u0131r ve seviyeli se\u00e7imler olu\u015fturmay\u0131 daha az talepkar hale getirir.<\/p>\n\n\n\n<p>K\u00fc\u00e7\u00fck Ba\u015flay\u0131n: K\u00fc\u00e7\u00fck de\u011fi\u015fim boyutlar\u0131yla ba\u015flay\u0131n ve kar\u015f\u0131la\u015fma ve kesinlik kazand\u0131k\u00e7a bunlar\u0131 yava\u015f\u00e7a art\u0131r\u0131n. Kaybetmeye katlanabilece\u011finizden daha fazlas\u0131n\u0131 tehlikeye atmay\u0131n. Tehlikenizi uygun bir \u015fekilde denetlemek ve uygun pozisyon \u00f6l\u00e7\u00fcm prosed\u00fcrlerini kullanmak esast\u0131r.<\/p>\n\n\n\n<p>Piyasalar\u0131 G\u00f6zden Ge\u00e7irin: Nakit maliyetlerini etkileyebilecek d\u00fcnya \u00e7ap\u0131ndaki finansal haberler, parasal g\u00f6stergeler ve vitrin modelleri hakk\u0131nda bilgi sahibi olun. Potansiyel de\u011fi\u015fim kurulumlar\u0131n\u0131 tan\u0131mak ve de\u011fi\u015fim tekniklerinizi geli\u015ftirmek i\u00e7in \u00f6zel ara\u015ft\u0131rma ara\u00e7lar\u0131n\u0131 kullan\u0131n.<\/p>\n\n\n\n<p>Bir De\u011fi\u015fim G\u00fcnl\u00fc\u011f\u00fc Tutun: Her bir de\u011fi\u015fimin arkas\u0131ndaki nedenleri, b\u00f6l\u00fcm ve \u00e7\u0131k\u0131\u015f odaklar\u0131n\u0131z\u0131 ve sonucu sayarak de\u011fi\u015fimlerinizi kaydedin. De\u011fi\u015fim g\u00fcnl\u00fc\u011f\u00fcn\u00fcz\u00fc analiz etmek, uygulaman\u0131z, nitelikleriniz ve de\u011fi\u015fim aral\u0131klar\u0131n\u0131z hakk\u0131nda karl\u0131 deneyimler sa\u011flayabilir.<\/p>\n\n\n\n<p>Durmadan \u00d6\u011frenin ve Ayarlay\u0131n: Forex de\u011fi\u015fimi kal\u0131c\u0131 bir \u00f6\u011frenme kolu olabilir. Merakl\u0131 kal\u0131n, \u00f6\u011fretici varl\u0131klar aray\u0131n, web seminerlerine veya at\u00f6lyelere gidin ve deneyimli bayilerden \u00f6\u011frenin. Prosed\u00fcrlerinizi reklam ko\u015fullar\u0131na ve talep al\u0131\u015fveri\u015fi kar\u015f\u0131la\u015fmalar\u0131n\u0131za g\u00f6re ayarlay\u0131n.<\/p>\n\n\n\n<p>Keep in mind, forex exchanging includes chance, and there are no ensures of benefits. It's vital to approach it with a restrained mentality, legitimate chance administration, and a readiness to memorize from both triumphs and disappointments<\/p>\n\n\n\n<p><\/p>\n\n\n\n<figure class=\"wp-block-image size-full\"><img loading=\"lazy\" decoding=\"async\" width=\"300\" height=\"300\" src=\"https:\/\/oxshare.com\/wp-content\/uploads\/2023\/06\/cropped-Favicon2@1000px-9-300x300-6.png\" alt=\"\" class=\"wp-image-7074\" srcset=\"https:\/\/oxshare.com\/wp-content\/uploads\/2023\/06\/cropped-Favicon2@1000px-9-300x300-6.png 300w, https:\/\/oxshare.com\/wp-content\/uploads\/2023\/06\/cropped-Favicon2@1000px-9-300x300-6-150x150.png 150w, https:\/\/oxshare.com\/wp-content\/uploads\/2023\/06\/cropped-Favicon2@1000px-9-300x300-6-12x12.png 12w\" sizes=\"auto, (max-width: 300px) 100vw, 300px\" \/><\/figure>\n\n\n\n<figure class=\"wp-block-image size-full\"><img loading=\"lazy\" decoding=\"async\" width=\"300\" height=\"300\" src=\"https:\/\/oxshare.com\/wp-content\/uploads\/2023\/06\/cropped-Favicon2@1000px-9-300x300-7.png\" alt=\"\" class=\"wp-image-7076\" srcset=\"https:\/\/oxshare.com\/wp-content\/uploads\/2023\/06\/cropped-Favicon2@1000px-9-300x300-7.png 300w, https:\/\/oxshare.com\/wp-content\/uploads\/2023\/06\/cropped-Favicon2@1000px-9-300x300-7-150x150.png 150w, https:\/\/oxshare.com\/wp-content\/uploads\/2023\/06\/cropped-Favicon2@1000px-9-300x300-7-12x12.png 12w\" sizes=\"auto, (max-width: 300px) 100vw, 300px\" \/><\/figure>","protected":false},"excerpt":{"rendered":"<p>start forex trading start forex trading start forex trading start forex trading Forex - OXShare Prime how much money do you need to start trading forex\/ how much money do you need to start forex trading\/ how do you start forex trading Beginning forex exchanging can be an energizing wander, but it's imperative to approach [&hellip;]<\/p>\n","protected":false},"author":204281813,"featured_media":6459,"parent":0,"menu_order":0,"comment_status":"closed","ping_status":"closed","template":"","meta":{"inline_featured_image":false,"footnotes":""},"class_list":["post-380","page","type-page","status-publish","has-post-thumbnail","hentry"],"acf":[],"a3_pvc":{"activated":false,"total_views":0,"today_views":0},"_links":{"self":[{"href":"https:\/\/oxshare.com\/tr\/wp-json\/wp\/v2\/pages\/380","targetHints":{"allow":["GET"]}}],"collection":[{"href":"https:\/\/oxshare.com\/tr\/wp-json\/wp\/v2\/pages"}],"about":[{"href":"https:\/\/oxshare.com\/tr\/wp-json\/wp\/v2\/types\/page"}],"author":[{"embeddable":true,"href":"https:\/\/oxshare.com\/tr\/wp-json\/wp\/v2\/users\/204281813"}],"replies":[{"embeddable":true,"href":"https:\/\/oxshare.com\/tr\/wp-json\/wp\/v2\/comments?post=380"}],"version-history":[{"count":2,"href":"https:\/\/oxshare.com\/tr\/wp-json\/wp\/v2\/pages\/380\/revisions"}],"predecessor-version":[{"id":9357,"href":"https:\/\/oxshare.com\/tr\/wp-json\/wp\/v2\/pages\/380\/revisions\/9357"}],"wp:featuredmedia":[{"embeddable":true,"href":"https:\/\/oxshare.com\/tr\/wp-json\/wp\/v2\/media\/6459"}],"wp:attachment":[{"href":"https:\/\/oxshare.com\/tr\/wp-json\/wp\/v2\/media?parent=380"}],"curies":[{"name":"wp","href":"https:\/\/api.w.org\/{rel}","templated":true}]}}