{"id":6898,"date":"2023-06-16T13:31:18","date_gmt":"2023-06-16T10:31:18","guid":{"rendered":"https:\/\/oxshare.com\/?page_id=6898"},"modified":"2024-01-29T16:15:59","modified_gmt":"2024-01-29T14:15:59","slug":"privacy-policy-4","status":"publish","type":"page","link":"https:\/\/oxshare.com\/tr\/privacy-policy","title":{"rendered":"OXShare: Gizlilik Politikas\u0131"},"content":{"rendered":"<figure class=\"wp-block-image size-full is-resized\"><img loading=\"lazy\" decoding=\"async\" width=\"512\" height=\"512\" src=\"https:\/\/oxshare.com\/wp-content\/uploads\/2023\/10\/e76c47ea29fb024095f63d9df74fc130.jpg\" alt=\"OXShare privacy policy\" class=\"wp-image-8295\" style=\"aspect-ratio:1;width:109px;height:auto\" srcset=\"https:\/\/oxshare.com\/wp-content\/uploads\/2023\/10\/e76c47ea29fb024095f63d9df74fc130.jpg 512w, https:\/\/oxshare.com\/wp-content\/uploads\/2023\/10\/e76c47ea29fb024095f63d9df74fc130-300x300.jpg 300w, https:\/\/oxshare.com\/wp-content\/uploads\/2023\/10\/e76c47ea29fb024095f63d9df74fc130-150x150.jpg 150w, https:\/\/oxshare.com\/wp-content\/uploads\/2023\/10\/e76c47ea29fb024095f63d9df74fc130-500x500.jpg 500w, https:\/\/oxshare.com\/wp-content\/uploads\/2023\/10\/e76c47ea29fb024095f63d9df74fc130-12x12.jpg 12w\" sizes=\"auto, (max-width: 512px) 100vw, 512px\" \/><\/figure>\n\n\n\n<p><strong>Gizlilik Politikas\u0131 - Bilgilerinizi Koruma <a href=\"https:\/\/oxshare.com\/tr\/\">OXShare<\/a><\/strong><\/p>\n\n\n\n<p>At <a href=\"https:\/\/oxshare.com\/tr\/\">OXShare<\/a>, Gizlili\u011finize de\u011fer veriyoruz ve hizmetlerimizi kullan\u0131rken m\u00fcmk\u00fcn olan en iyi deneyimi ya\u015faman\u0131z\u0131 sa\u011flamak istiyoruz. Ki\u015fisel bilgilerin sa\u011flanmas\u0131n\u0131n hassas bir konu oldu\u011funu anl\u0131yor, bu nedenle verilerinizi korumak i\u00e7in kat\u0131 politikalar ve prosed\u00fcrler uygulad\u0131k.<\/p>\n\n\n\n<p><strong>OXShare Ki\u015fisel Bilgileri Neden Toplar:<\/strong><\/p>\n\n\n\n<p>Size en iyi al\u0131m sat\u0131m hizmetlerini sunabilmek ve y\u00fck\u00fcml\u00fcl\u00fcklerimizi yerine getirebilmek i\u00e7in belirli ki\u015fisel bilgileri toplamak ve saklamak durumunday\u0131z. Bu, ad\u0131n\u0131z, adresiniz, ileti\u015fim bilgileriniz, ge\u00e7mi\u015f \u00e7al\u0131\u015fma bilgileriniz, finansal bilgileriniz ve al\u0131m sat\u0131m deneyiminiz gibi ayr\u0131nt\u0131lar\u0131 i\u00e7erir. Bu bilgileri sa\u011flaman\u0131z iste\u011fe ba\u011fl\u0131d\u0131r, ancak bunu yapmaman\u0131z durumunda size hizmetlerimizi sunamayabilece\u011fimizi l\u00fctfen unutmay\u0131n.<\/p>\n\n\n\n<p><strong>Ki\u015fisel Bilgilerinizi Nas\u0131l Kullan\u0131yoruz:<\/strong><\/p>\n\n\n\n<p>OXShare olarak, ki\u015fisel bilgilerinizi sorumlu bir \u015fekilde ve yaln\u0131zca ama\u00e7lanan nedenlerle kullanmaya kararl\u0131y\u0131z. Bu verileri kimli\u011finizi do\u011frulamak, hesab\u0131n\u0131z\u0131 etkili bir \u015fekilde y\u00f6netmek ve hizmetlerimizden yararland\u0131\u011f\u0131n\u0131zdan emin olmak i\u00e7in kullanabiliriz. Size en iyi \u00fcr\u00fcn ve teklifleri sunmak i\u00e7in ihtiya\u00e7lar\u0131n\u0131z\u0131 periyodik olarak g\u00f6zden ge\u00e7irebiliriz.<\/p>\n\n\n\n<p><strong>Bilgilerinizin Korunmas\u0131:<\/strong><\/p>\n\n\n\n<p>Ki\u015fisel verilerinizin g\u00fcvenli\u011fini ciddiye al\u0131yoruz. Bilgilerinizi yetkisiz eri\u015fim, a\u00e7\u0131klama veya k\u00f6t\u00fcye kullan\u0131mdan korumak i\u00e7in \u00f6nlemler ald\u0131k. G\u00fcvenli sunucular\u0131m\u0131z ve \u015fifrelenmi\u015f parolalar\u0131m\u0131z, yaln\u0131zca yetkili personelin verilerinize eri\u015febilmesini sa\u011flar. Ki\u015fisel bilgilerinizi, yasalar veya d\u00fczenleyici y\u00fck\u00fcml\u00fcl\u00fckler gerektirmedik\u00e7e hi\u00e7bir \u00fc\u00e7\u00fcnc\u00fc tarafa asla a\u00e7\u0131klamayaca\u011f\u0131z.<\/p>\n\n\n\n<p><strong>\u00c7erezler ve \u00c7evrimi\u00e7i Takip:<\/strong><\/p>\n\n\n\n<p>Bir\u00e7ok web sitesi gibi, OXShare de gezinme deneyiminizi geli\u015ftirmek i\u00e7in \u00e7erezleri kullan\u0131r. <a href=\"https:\/\/www.mourant.com\/file-library\/media---2017\/2018-pdfs-and-infographics\/cookie-policy---amended-2-may.pdf\" target=\"_blank\" rel=\"noopener\">Kurabiyeler <\/a>\u00c7erezler, tercihlerimizi ve g\u00f6z atma davran\u0131\u015flar\u0131m\u0131z\u0131 anlamam\u0131za yard\u0131mc\u0131 olan bilgisayar\u0131n\u0131zda saklanan k\u00fc\u00e7\u00fck metin par\u00e7alar\u0131d\u0131r. Bu \u00e7erezler, deneyiminizi ki\u015fiselle\u015ftirmek, web sitesi trafi\u011fini izlemek ve size uygun i\u00e7erikler sunmak i\u00e7in kullan\u0131l\u0131r. Taray\u0131c\u0131 ayarlar\u0131n\u0131z\u0131 de\u011fi\u015ftirerek \u00e7erezleri kabul etme veya reddetme se\u00e7ene\u011finiz vard\u0131r.<\/p>\n\n\n\n<p><strong>\u00dc\u00e7\u00fcnc\u00fc Taraf Web Sitelerine Ba\u011flant\u0131lar:<\/strong><\/p>\n\n\n\n<p>Web sitemiz ba\u015fka web sitelerine veya sosyal medya platformlar\u0131na ba\u011flant\u0131lar i\u00e7erebilir. Ancak, sitemizden ayr\u0131ld\u0131ktan sonra, bu harici sitelerde sa\u011flad\u0131\u011f\u0131n\u0131z bilgilerin korunmas\u0131ndan ve gizlili\u011finden sorumlu de\u011filiz. L\u00fctfen dikkatli olun ve ilgili web sitelerinin gizlilik politikalar\u0131n\u0131 g\u00f6zden ge\u00e7irin.<\/p>\n\n\n\n<p><strong>Veri Saklama ve Payla\u015fma:<\/strong><\/p>\n\n\n\n<p>OXShare, yasal gerekliliklere uygun veri saklama kurallar\u0131na uyar. Hesab\u0131n\u0131z\u0131 kapatt\u0131ktan sonra ki\u015fisel verilerinizi, daha uzun bir s\u00fcre gerektirmedik\u00e7e, en az be\u015f y\u0131l boyunca saklayaca\u011f\u0131z. Hizmetlerimizi etkili bir \u015fekilde sunmak amac\u0131yla ki\u015fisel verilerinizi \u00f6deme hizmeti sa\u011flay\u0131c\u0131lar\u0131 veya d\u00fczenleyici kurumlar gibi g\u00fcvenilir \u00fc\u00e7\u00fcnc\u00fc taraflarla payla\u015fabiliriz.<\/p>\n\n\n\n<p><strong>Pazarlama \u0130leti\u015fimi<\/strong><\/p>\n\n\n\n<p>Onay\u0131n\u0131zla veya me\u015fru menfaatimizin bir par\u00e7as\u0131 olarak, sizi e-posta, telefon veya anla\u015ft\u0131\u011f\u0131m\u0131z di\u011fer ileti\u015fim bi\u00e7imleri arac\u0131l\u0131\u011f\u0131yla pazarlama ileti\u015fimi g\u00f6ndermek i\u00e7in ki\u015fisel bilgilerinizi kullanabiliriz. Bu ileti\u015fimler sizi en son \u00fcr\u00fcn ve hizmetlerimiz hakk\u0131nda g\u00fcncel tutacakt\u0131r.<\/p>\n\n\n\n<p><strong>Gizlilik Politikas\u0131 De\u011fi\u015fiklikleri:<\/strong><\/p>\n\n\n\n<p>Gizlilik politikam\u0131z\u0131 zaman zaman d\u00fczenlemelerdeki de\u011fi\u015fikliklere veya yeni teknolojilerin geli\u015ftirilmesine yan\u0131t olarak g\u00fcncelleyebiliriz. De\u011fi\u015fiklik yapt\u0131\u011f\u0131m\u0131zda, sizi web sitemiz arac\u0131l\u0131\u011f\u0131yla veya e-posta yoluyla bilgilendirece\u011fiz.<\/p>\n\n\n\n<p><strong>\u0130leti\u015fim<\/strong><\/p>\n\n\n\n<p>Gizlilik politikam\u0131zla ilgili herhangi bir sorunuz varsa veya ek bilgiye ihtiyac\u0131n\u0131z varsa, l\u00fctfen \u015fu adresten M\u00fc\u015fteri Hizmetleri Departman\u0131m\u0131zla ileti\u015fime ge\u00e7in:&nbsp;<a href=\"mailto:support@oxshare.com\">support@oxshare.com<\/a>. Gizlili\u011finiz ve memnuniyetiniz OXShare'da en \u00f6nemli \u00f6nceliklerimizdir.<\/p>","protected":false},"excerpt":{"rendered":"<p>Privacy Policy - Protecting Your Information with OXShare At OXShare, we value your privacy and want to ensure that you have the best possible experience while using our services. We understand that providing personal information is a sensitive matter, which is why we have implemented strict policies and procedures to protect your data. Why OXShare [&hellip;]<\/p>\n","protected":false},"author":204281813,"featured_media":0,"parent":0,"menu_order":0,"comment_status":"closed","ping_status":"closed","template":"","meta":{"inline_featured_image":false,"footnotes":""},"class_list":["post-6898","page","type-page","status-publish","hentry"],"acf":[],"a3_pvc":{"activated":false,"total_views":0,"today_views":0},"_links":{"self":[{"href":"https:\/\/oxshare.com\/tr\/wp-json\/wp\/v2\/pages\/6898","targetHints":{"allow":["GET"]}}],"collection":[{"href":"https:\/\/oxshare.com\/tr\/wp-json\/wp\/v2\/pages"}],"about":[{"href":"https:\/\/oxshare.com\/tr\/wp-json\/wp\/v2\/types\/page"}],"author":[{"embeddable":true,"href":"https:\/\/oxshare.com\/tr\/wp-json\/wp\/v2\/users\/204281813"}],"replies":[{"embeddable":true,"href":"https:\/\/oxshare.com\/tr\/wp-json\/wp\/v2\/comments?post=6898"}],"version-history":[{"count":2,"href":"https:\/\/oxshare.com\/tr\/wp-json\/wp\/v2\/pages\/6898\/revisions"}],"predecessor-version":[{"id":9347,"href":"https:\/\/oxshare.com\/tr\/wp-json\/wp\/v2\/pages\/6898\/revisions\/9347"}],"wp:attachment":[{"href":"https:\/\/oxshare.com\/tr\/wp-json\/wp\/v2\/media?parent=6898"}],"curies":[{"name":"wp","href":"https:\/\/api.w.org\/{rel}","templated":true}]}}